{"id":276,"date":"2021-04-27T14:07:02","date_gmt":"2021-04-27T12:07:02","guid":{"rendered":"https:\/\/mernokvagyok.hu\/kozlekedesi\/?page_id=276"},"modified":"2021-05-04T11:41:26","modified_gmt":"2021-05-04T09:41:26","slug":"dokumentumok","status":"publish","type":"page","link":"https:\/\/mernokvagyok.hu\/kozlekedesi\/dokumentumok\/","title":{"rendered":"Dokumentumok"},"content":{"rendered":"\n<div class=\"wp-block-buttons is-layout-flex wp-block-buttons-is-layout-flex\">\n<div class=\"wp-block-button\"><a class=\"wp-block-button__link\" href=\"https:\/\/mernokvagyok.hu\/kozlekedesi\/dokumentumok\/\">Alap dokumentumok: \u00fcgyrend, szervezeti \u00e9s m\u0171k\u00f6d\u00e9si szab\u00e1lyzat<\/a><\/div>\n\n\n\n<div class=\"wp-block-button\"><a class=\"wp-block-button__link\">\u00dcl\u00e9sek jegyz\u0151k\u00f6nyvei<\/a><\/div>\n\n\n\n<div class=\"wp-block-button\"><a class=\"wp-block-button__link\" href=\"https:\/\/mernokvagyok.hu\/kozlekedesi\/az-mmk-es-a-muszaki-tudomanyos-egyesuletek-megerositett-egyuttmukodese\/\">Szakmai \u00e1ll\u00e1sfoglal\u00e1sok<\/a><\/div>\n\n\n\n<div class=\"wp-block-button\"><a class=\"wp-block-button__link\">Szab\u00e1lyoz\u00e1s<\/a><\/div>\n\n\n\n<div class=\"wp-block-button\"><a class=\"wp-block-button__link\">A m\u00e9rn\u00f6k\u00f6ket \u00e9rint\u0151 jogszab\u00e1lyok<\/a><\/div>\n\n\n\n<div class=\"wp-block-button\"><a class=\"wp-block-button__link\">Szabv\u00e1nyok<\/a><\/div>\n\n\n\n<div class=\"wp-block-button\"><a class=\"wp-block-button__link\">Seg\u00e9dletek<\/a><\/div>\n\n\n\n<div class=\"wp-block-button\"><a class=\"wp-block-button__link\">K\u00f6zleked\u00e9si strat\u00e9gi\u00e1k, fejleszt\u00e9si tervek<\/a><\/div>\n\n\n\n<div class=\"wp-block-button\"><a class=\"wp-block-button__link\">Arch\u00edvum<\/a><\/div>\n<\/div>\n\n\n\n<hr class=\"wp-block-separator is-style-wide\" \/>\n\n\n\n<h2 class=\"wp-block-heading\">A k\u00e9s\u0151bbiekben tervezett tartalmak:<\/h2>\n\n\n\n<div class=\"wp-block-buttons is-layout-flex wp-block-buttons-is-layout-flex\">\n<div class=\"wp-block-button\"><a class=\"wp-block-button__link\">Speci\u00e1lis, csak a tagozatot \u00e9rint\u0151 szab\u00e1lyoz\u00e1s<\/a><\/div>\n\n\n\n<div class=\"wp-block-button\"><a class=\"wp-block-button__link\">A tagozatot \u00e9rint\u0151 szabv\u00e1nyok, tervez\u00e9si el\u0151\u00edr\u00e1sok, seg\u00e9dletek<\/a><\/div>\n\n\n\n<div class=\"wp-block-button\"><a class=\"wp-block-button__link\">A szakm\u00e1t \u00e9rint\u0151 \u00e1gazati strat\u00e9giai tervek<\/a><\/div>\n\n\n\n<div class=\"wp-block-button\"><a class=\"wp-block-button__link\">M\u0171szaki el\u0151\u00edr\u00e1sok, jogszab\u00e1lyok tervezetei \u00e9s v\u00e9lem\u00e9nyez\u00e9se<\/a><\/div>\n<\/div>\n","protected":false},"excerpt":{"rendered":"<p>A k\u00e9s\u0151bbiekben tervezett tartalmak:<\/p>\n","protected":false},"author":873,"featured_media":0,"parent":0,"menu_order":0,"comment_status":"closed","ping_status":"closed","template":"","meta":{"footnotes":""},"class_list":["post-276","page","type-page","status-publish","hentry"],"_links":{"self":[{"href":"https:\/\/mernokvagyok.hu\/kozlekedesi\/wp-json\/wp\/v2\/pages\/276","targetHints":{"allow":["GET"]}}],"collection":[{"href":"https:\/\/mernokvagyok.hu\/kozlekedesi\/wp-json\/wp\/v2\/pages"}],"about":[{"href":"https:\/\/mernokvagyok.hu\/kozlekedesi\/wp-json\/wp\/v2\/types\/page"}],"author":[{"embeddable":true,"href":"https:\/\/mernokvagyok.hu\/kozlekedesi\/wp-json\/wp\/v2\/users\/873"}],"replies":[{"embeddable":true,"href":"https:\/\/mernokvagyok.hu\/kozlekedesi\/wp-json\/wp\/v2\/comments?post=276"}],"version-history":[{"count":4,"href":"https:\/\/mernokvagyok.hu\/kozlekedesi\/wp-json\/wp\/v2\/pages\/276\/revisions"}],"predecessor-version":[{"id":661,"href":"https:\/\/mernokvagyok.hu\/kozlekedesi\/wp-json\/wp\/v2\/pages\/276\/revisions\/661"}],"wp:attachment":[{"href":"https:\/\/mernokvagyok.hu\/kozlekedesi\/wp-json\/wp\/v2\/media?parent=276"}],"curies":[{"name":"wp","href":"https:\/\/api.w.org\/{rel}","templated":true}]}}