{"id":2,"date":"2021-04-06T11:59:22","date_gmt":"2021-04-06T11:59:22","guid":{"rendered":"https:\/\/mernokvagyok.hu\/kozlekedesi\/?page_id=2"},"modified":"2022-03-29T14:17:43","modified_gmt":"2022-03-29T12:17:43","slug":"nyitolap","status":"publish","type":"page","link":"https:\/\/mernokvagyok.hu\/kozlekedesi\/","title":{"rendered":"\u00dcdv\u00f6zl\u00fcnk a K\u00f6zleked\u00e9si Tagozat honlapj\u00e1n!"},"content":{"rendered":"\n<div class=\"wp-block-columns is-layout-flex wp-container-core-columns-is-layout-9d6595d7 wp-block-columns-is-layout-flex\">\n<div class=\"wp-block-column is-layout-flow wp-block-column-is-layout-flow\">\n<p>A Magyar M\u00e9rn\u00f6ki Kamara egyik legsz\u00e9lesebb ter\u00fclettel foglalkoz\u00f3 tagozata a K\u00f6zleked\u00e9si tagozat.<\/p>\n\n\n\n<p>A tagozat k\u00f6zel 5000 tagja sz\u00e1mos ter\u00fcleten dolgozik, az \u00fat, vas\u00fat, vizik\u00f6zleked\u00e9s k\u00e9rd\u00e9sei a legik\u00e1bb hangs\u00falyos ter\u00fcletei az \u00e9p\u00edtett k\u00f6rnyezet\u00fcnknek. A m\u00e9rn\u00f6k\u00f6k munk\u00e1ja t\u00f6bb \u00e9vtizedre meghat\u00e1roz\u00f3ak a k\u00f6rnyezet\u00fck sz\u00e1m\u00e1ra, az infrastruktur\u00e1lis beruh\u00e1z\u00e1sok az eg\u00e9sz t\u00e1rsadalom \u00e9let\u00e9re hossz\u00fa t\u00e1v\u00fa hat\u00e1ssal vannak.<br>K\u00fcl\u00f6n\u00f6sen nagy a felel\u0151ss\u00e9ge ez\u00e9rt a szakmai munk\u00e1nak, amely a tagjainkhoz kapcsol\u00f3dik.<\/p>\n\n\n\n<p>A tagozatnak \u00f6t Szakoszt\u00e1lya van:<br>&#8211; Vas\u00fati Szakoszt\u00e1ly<br>&#8211; K\u00f6z\u00fati Biztons\u00e1gi Auditor Szakoszt\u00e1ly<br>&#8211; M\u00e9rn\u00f6k Konzult\u00e1ns Szakoszt\u00e1ly<br>&#8211; Ker\u00e9kp\u00e1ros Szakoszt\u00e1ly<br>&#8211; \u00dczemeltet\u00e9si Szakoszt\u00e1ly<\/p>\n<\/div>\n\n\n\n<div class=\"wp-block-column is-layout-flow wp-block-column-is-layout-flow\">\n<h2 class=\"wp-block-heading\">Legfrissebb h\u00edrek<\/h2>\n\n\n<ul class=\"wp-block-latest-posts__list wp-block-latest-posts\"><li><a class=\"wp-block-latest-posts__post-title\" href=\"https:\/\/mernokvagyok.hu\/kozlekedesi\/nekrolog-dr-katona-andras-1938-2026\/\">Nekrol\u00f3g &#8211; Dr. Katona Andr\u00e1s (1938-2026)<\/a><\/li>\n<li><a class=\"wp-block-latest-posts__post-title\" href=\"https:\/\/mernokvagyok.hu\/kozlekedesi\/jeloltallitasi-felhivas-kozlekedesi-tagozat\/\">Jel\u00f6lt\u00e1ll\u00edt\u00e1si felh\u00edv\u00e1s &#8211; K\u00f6zleked\u00e9si tagozat<\/a><\/li>\n<li><a class=\"wp-block-latest-posts__post-title\" href=\"https:\/\/mernokvagyok.hu\/kozlekedesi\/kozlekedesfejlesztes-magyarorszagon-2026\/\">K\u00f6zleked\u00e9sfejleszt\u00e9s Magyarorsz\u00e1gon 2026<\/a><\/li>\n<li><a class=\"wp-block-latest-posts__post-title\" href=\"https:\/\/mernokvagyok.hu\/kozlekedesi\/felhivas-mmk-kozlekedesi-tagozat-diplomamunka-palyazata-2026\/\">Felh\u00edv\u00e1s &#8211; MMK K\u00f6zleked\u00e9si Tagozat diplomamunka-p\u00e1ly\u00e1zata 2026<\/a><\/li>\n<li><a class=\"wp-block-latest-posts__post-title\" href=\"https:\/\/mernokvagyok.hu\/kozlekedesi\/feladat-alapu-palyazat-fap-2026-palyazati-felhivas-a-benyujtas-hatarideje-2026-marcius-31-kedd-ejfel\/\">Feladat alap\u00fa p\u00e1ly\u00e1zat (FAP) 2026 &#8211; P\u00e1ly\u00e1zati felh\u00edv\u00e1s (A beny\u00fajt\u00e1s hat\u00e1rideje: 2026. m\u00e1rcius 31. kedd, \u00e9jf\u00e9l)<\/a><\/li>\n<\/ul><\/div>\n<\/div>\n","protected":false},"excerpt":{"rendered":"<p>A Magyar M\u00e9rn\u00f6ki Kamara egyik legsz\u00e9lesebb ter\u00fclettel foglalkoz\u00f3 tagozata a K\u00f6zleked\u00e9si tagozat. A tagozat k\u00f6zel 5000 tagja sz\u00e1mos ter\u00fcleten dolgozik, az \u00fat, vas\u00fat, vizik\u00f6zleked\u00e9s k\u00e9rd\u00e9sei a legik\u00e1bb hangs\u00falyos ter\u00fcletei az \u00e9p\u00edtett k\u00f6rnyezet\u00fcnknek. A m\u00e9rn\u00f6k\u00f6k munk\u00e1ja t\u00f6bb \u00e9vtizedre meghat\u00e1roz\u00f3ak a k\u00f6rnyezet\u00fck sz\u00e1m\u00e1ra, az infrastruktur\u00e1lis beruh\u00e1z\u00e1sok az eg\u00e9sz t\u00e1rsadalom \u00e9let\u00e9re hossz\u00fa t\u00e1v\u00fa hat\u00e1ssal vannak.K\u00fcl\u00f6n\u00f6sen nagy a felel\u0151ss\u00e9ge [&hellip;]<\/p>\n","protected":false},"author":873,"featured_media":0,"parent":0,"menu_order":0,"comment_status":"closed","ping_status":"closed","template":"page-templates\/page_fullwidth.php","meta":{"footnotes":""},"class_list":["post-2","page","type-page","status-publish","hentry"],"_links":{"self":[{"href":"https:\/\/mernokvagyok.hu\/kozlekedesi\/wp-json\/wp\/v2\/pages\/2","targetHints":{"allow":["GET"]}}],"collection":[{"href":"https:\/\/mernokvagyok.hu\/kozlekedesi\/wp-json\/wp\/v2\/pages"}],"about":[{"href":"https:\/\/mernokvagyok.hu\/kozlekedesi\/wp-json\/wp\/v2\/types\/page"}],"author":[{"embeddable":true,"href":"https:\/\/mernokvagyok.hu\/kozlekedesi\/wp-json\/wp\/v2\/users\/873"}],"replies":[{"embeddable":true,"href":"https:\/\/mernokvagyok.hu\/kozlekedesi\/wp-json\/wp\/v2\/comments?post=2"}],"version-history":[{"count":35,"href":"https:\/\/mernokvagyok.hu\/kozlekedesi\/wp-json\/wp\/v2\/pages\/2\/revisions"}],"predecessor-version":[{"id":1566,"href":"https:\/\/mernokvagyok.hu\/kozlekedesi\/wp-json\/wp\/v2\/pages\/2\/revisions\/1566"}],"wp:attachment":[{"href":"https:\/\/mernokvagyok.hu\/kozlekedesi\/wp-json\/wp\/v2\/media?parent=2"}],"curies":[{"name":"wp","href":"https:\/\/api.w.org\/{rel}","templated":true}]}}