{"id":1030,"date":"2021-09-21T17:19:50","date_gmt":"2021-09-21T15:19:50","guid":{"rendered":"https:\/\/mernokvagyok.hu\/kozlekedesi\/?page_id=1030"},"modified":"2022-03-29T14:16:53","modified_gmt":"2022-03-29T12:16:53","slug":"muszaki-segedletek-kiadvanyok","status":"publish","type":"page","link":"https:\/\/mernokvagyok.hu\/kozlekedesi\/muszaki-segedletek-kiadvanyok\/","title":{"rendered":"M\u0171szaki seg\u00e9dletek, kiadv\u00e1nyok"},"content":{"rendered":"\n<h3 class=\"has-text-color wp-block-heading\" style=\"color:#0071a1\">\u00dat\u00fcgyi M\u0171szaki Szab\u00e1lyoz\u00e1si Bizotts\u00e1g szakmai \u00e1ll\u00e1sfoglal\u00e1sai<\/h3>\n\n\n\n<p id=\"block-fe739946-f774-4665-a5fd-0ac72fc64a39\">Az \u00fat\u00fcgyi m\u0171szaki el\u0151\u00edr\u00e1sok kidolgoz\u00e1s\u00e1ra, kiad\u00e1s\u00e1ra \u00e9s k\u00f6zz\u00e9t\u00e9tel\u00e9re vonatkoz\u00f3 szab\u00e1lyokr\u00f3l sz\u00f3l\u00f3 16\/2017. (V. 25.) NFM rendelet 9. \u00a7 (1) bekezd\u00e9s, valamint az \u00dat\u00fcgyi M\u0171szaki Szab\u00e1lyoz\u00e1si Bizotts\u00e1gr\u00f3l sz\u00f3l\u00f3 2\/2019. (I. 9.) ITM rendelet 1. \u00a7 (2) bekezd\u00e9s b) pont szerinti felhatalmaz\u00e1s alapj\u00e1n, az \u00dat\u00fcgyi M\u0171szaki Szab\u00e1lyoz\u00e1si Bizotts\u00e1g, b\u00e1rmely az adott k\u00f6z\u00fat tervez\u00e9s\u00e9ben, \u00e9p\u00edt\u00e9s\u00e9ben vagy \u00fczemeltet\u00e9s\u00e9ben \u00e9rintett term\u00e9szetes vagy jogi szem\u00e9ly k\u00e9r\u00e9s\u00e9re szakmai \u00e1ll\u00e1sfoglal\u00e1st ad ki.<\/p>\n\n\n\n<p id=\"block-12de5f4e-354f-4981-a771-45e79ad9d8b7\">Az \u00dat\u00fcgyi M\u0171szaki Szab\u00e1lyoz\u00e1si Bizotts\u00e1g, Koordin\u00e1l\u00f3 szerve, a saj\u00e1t honlapj\u00e1n (<a rel=\"noreferrer noopener\" href=\"http:\/\/www.kozut.hu\/\" target=\"_blank\">www.kozut.hu<\/a>) k\u00f6zz\u00e9teszi, az elfogadott t\u00e1mogat\u00f3 \u00e1ll\u00e1sfoglal\u00e1sokat tartalmaz\u00f3 hat\u00e1rozatokat.<\/p>\n\n\n\n<h3 class=\"has-text-color wp-block-heading\" style=\"color:#0071a1\">MAUT el\u0151\u00edr\u00e1st\u00e1r<\/h3>\n\n\n\n<p><a href=\"https:\/\/maut.hu\/Home\/Index\/1\/4\">https:\/\/maut.hu\/Home\/Index\/1\/4<\/a><\/p>\n\n\n\n<p>A MAUT honlapj\u00e1n az \u201e<a href=\"https:\/\/maut.hu\/Home\/Index\/1\/4\">El\u0151\u00edr\u00e1st\u00e1r<\/a>\u201d kieg\u00e9sz\u00edt\u00e9seket, inform\u00e1ci\u00f3kat tartalmaz az \u201e<a href=\"https:\/\/maut.hu\/Webbolt\/Webbolt\/index\/1\/5\">e-UT Digit\u00e1lis \u00dat\u00fcgyi El\u0151\u00edr\u00e1st\u00e1r<\/a>\u201d \u00e9s az \u201e<a href=\"https:\/\/maut.hu\/Home\/Almenu\/1\/1?almenu=5\">e-VAS\u00daT Digit\u00e1lis Vas\u00fat\u00fcgyi El\u0151\u00edr\u00e1st\u00e1r<\/a>\u201d webboltokban el\u00e9rhet\u0151 tartalmakhoz.<\/p>\n","protected":false},"excerpt":{"rendered":"<p>\u00dat\u00fcgyi M\u0171szaki Szab\u00e1lyoz\u00e1si Bizotts\u00e1g szakmai \u00e1ll\u00e1sfoglal\u00e1sai Az \u00fat\u00fcgyi m\u0171szaki el\u0151\u00edr\u00e1sok kidolgoz\u00e1s\u00e1ra, kiad\u00e1s\u00e1ra \u00e9s k\u00f6zz\u00e9t\u00e9tel\u00e9re vonatkoz\u00f3 szab\u00e1lyokr\u00f3l sz\u00f3l\u00f3 16\/2017. (V. 25.) NFM rendelet 9. \u00a7 (1) bekezd\u00e9s, valamint az \u00dat\u00fcgyi M\u0171szaki Szab\u00e1lyoz\u00e1si Bizotts\u00e1gr\u00f3l sz\u00f3l\u00f3 2\/2019. (I. 9.) ITM rendelet 1. \u00a7 (2) bekezd\u00e9s b) pont szerinti felhatalmaz\u00e1s alapj\u00e1n, az \u00dat\u00fcgyi M\u0171szaki Szab\u00e1lyoz\u00e1si Bizotts\u00e1g, b\u00e1rmely az adott [&hellip;]<\/p>\n","protected":false},"author":873,"featured_media":0,"parent":0,"menu_order":0,"comment_status":"closed","ping_status":"closed","template":"","meta":{"footnotes":""},"class_list":["post-1030","page","type-page","status-publish","hentry"],"_links":{"self":[{"href":"https:\/\/mernokvagyok.hu\/kozlekedesi\/wp-json\/wp\/v2\/pages\/1030","targetHints":{"allow":["GET"]}}],"collection":[{"href":"https:\/\/mernokvagyok.hu\/kozlekedesi\/wp-json\/wp\/v2\/pages"}],"about":[{"href":"https:\/\/mernokvagyok.hu\/kozlekedesi\/wp-json\/wp\/v2\/types\/page"}],"author":[{"embeddable":true,"href":"https:\/\/mernokvagyok.hu\/kozlekedesi\/wp-json\/wp\/v2\/users\/873"}],"replies":[{"embeddable":true,"href":"https:\/\/mernokvagyok.hu\/kozlekedesi\/wp-json\/wp\/v2\/comments?post=1030"}],"version-history":[{"count":2,"href":"https:\/\/mernokvagyok.hu\/kozlekedesi\/wp-json\/wp\/v2\/pages\/1030\/revisions"}],"predecessor-version":[{"id":1142,"href":"https:\/\/mernokvagyok.hu\/kozlekedesi\/wp-json\/wp\/v2\/pages\/1030\/revisions\/1142"}],"wp:attachment":[{"href":"https:\/\/mernokvagyok.hu\/kozlekedesi\/wp-json\/wp\/v2\/media?parent=1030"}],"curies":[{"name":"wp","href":"https:\/\/api.w.org\/{rel}","templated":true}]}}