{"id":8,"date":"2022-08-30T14:42:37","date_gmt":"2022-08-30T14:42:37","guid":{"rendered":"https:\/\/mernokvagyok.hu\/flr\/?page_id=8"},"modified":"2026-03-29T21:30:46","modified_gmt":"2026-03-29T21:30:46","slug":"kotelezo-kepzes","status":"publish","type":"page","link":"https:\/\/mernokvagyok.hu\/flr\/kotelezo-kepzes\/","title":{"rendered":"K\u00f6telez\u0151 k\u00e9pz\u00e9s"},"content":{"rendered":"\n<p class=\"has-text-align-center has-large-font-size\"><strong>T\u00c1J\u00c9KOZTAT\u00d3<br>a fel\u00fclvizsg\u00e1l\u00f3knak szervezett k\u00f6telez\u0151 k\u00e9pz\u00e9sr\u0151l<\/strong><\/p>\n\n\n\n<p>Az energiahat\u00e9konys\u00e1gr\u00f3l sz\u00f3l\u00f3 2015. \u00e9vi LVII. t\u00f6rv\u00e9ny 43\/B. \u00a7. \u00e9rtelm\u00e9ben az energetikai fel\u00fclvizsg\u00e1l\u00f3k tov\u00e1bbk\u00e9pz\u00e9si \u00e9s vizsg\u00e1ztat\u00e1si feladatait a Magyar M\u00e9rn\u00f6ki Kamara l\u00e1tja el. Figyelemmel a t\u00f6rv\u00e9nyi k\u00f6telezetts\u00e9g\u00fcnkre az energetikai fel\u00fclvizsg\u00e1l\u00f3 \u00e1ltal teljes\u00edtend\u0151 <strong>k\u00e9pz\u00e9si, tov\u00e1bbk\u00e9pz\u00e9si \u00e9s vizsgak\u00f6telezetts\u00e9gek<\/strong> tartalm\u00e1r\u00f3l \u00e9s elj\u00e1r\u00e1srendj\u00e9r\u0151l <strong>szab\u00e1lyzat<\/strong>ot k\u00e9sz\u00edtett\u00fcnk, amely el\u00e9rhet\u0151 az al\u00e1bbi <a href=\"https:\/\/mernokvagyok.hu\/flr\/wp-content\/uploads\/2022\/09\/MMK_tanulmanyi_vizsga_211201_vegleges.pdf\"><strong>linken<\/strong><\/a>.<\/p>\n\n\n\n<p>A jogszab\u00e1ly \u00e9rtelm\u00e9ben az energetikai fel\u00fclvizsg\u00e1l\u00f3nak r\u00e9szt kell vennie a Kamara szab\u00e1lyzat\u00e1ban meghat\u00e1rozott k\u00e9pz\u00e9sen.<\/p>\n\n\n\n<p>A k\u00e9pz\u00e9s c\u00e9lja, hogy a r\u00e9sztvev\u0151 t\u00e1mogat\u00e1st kapjon a vizsga teljes\u00edt\u00e9s\u00e9hez:<\/p>\n\n\n\n<ul class=\"wp-block-list\">\n<li>megismerje \u00e9s elsaj\u00e1t\u00edtsa az energetikai fel\u00fclvizsg\u00e1l\u00f3i tev\u00e9kenys\u00e9g v\u00e9gz\u00e9s\u00e9hez sz\u00fcks\u00e9ges aktu\u00e1lis szakmai ismereteket, alkalmaz\u00e1sukban kell\u0151 j\u00e1rtass\u00e1got szerezzen;<\/li>\n\n\n\n<li>megismerje a korszer\u0171 energiahat\u00e9konys\u00e1g n\u00f6vel\u0151 int\u00e9zked\u00e9seket, a vizsg\u00e1lt ter\u00fcletre meg tudja hat\u00e1rozni azok v\u00e1rhat\u00f3 eredm\u00e9ny\u00e9t, m\u0171szaki-, gazdas\u00e1gi- \u00e9s k\u00f6rnyezetv\u00e9delmi krit\u00e9riumok alapj\u00e1n rangsorolni tudja azokat.<br><\/li>\n<\/ul>\n\n\n\n<p class=\"has-medium-font-size\"><strong>A k\u00e9pz\u00e9s tartalma<\/strong><\/p>\n\n\n\n<p>A k\u00e9pz\u00e9s kontakt\u00f3r\u00e1s oktat\u00e1s vagy t\u00e1voktat\u00e1s keret\u00e9ben val\u00f3sul meg, melyr\u0151l a Kamara szem\u00e9lyes megjelen\u00e9sen alapul\u00f3 vagy online m\u00f3don megtartott k\u00e9pz\u00e9sekkel gondoskodik. Amennyiben jogszab\u00e1ly a szem\u00e9lyes megjelen\u00e9ssel t\u00f6rt\u00e9n\u0151 lebonyol\u00edt\u00e1st nem teszi lehet\u0151v\u00e9, a k\u00e9pz\u00e9s kiz\u00e1r\u00f3lag online m\u00f3don teljes\u00edthet\u0151.<\/p>\n\n\n<div class=\"wp-block-image\">\n<figure class=\"aligncenter size-full is-resized\"><img loading=\"lazy\" decoding=\"async\" width=\"406\" height=\"397\" src=\"https:\/\/mernokvagyok.hu\/flr\/wp-content\/uploads\/2022\/09\/image-1.png\" alt=\"\" class=\"wp-image-86\" style=\"width:298px;height:291px\"\/><\/figure>\n<\/div>\n\n\n<p>A k\u00e9pz\u00e9s 2 napos, alkalmank\u00e9nt 7 x 45 perces tan\u00edt\u00e1si \u00f3r\u00e1b\u00f3l \u00e1ll. Indokolt esetben, amennyiben a szakter\u00fcletet \u00e9rint\u0151 \u00faj technol\u00f3gi\u00e1kkal \u00f6sszef\u00fcgg\u0151 ismeretek elsaj\u00e1t\u00edt\u00e1sa azt megk\u00f6veteli a k\u00e9pz\u00e9s \u00f3rasz\u00e1ma ar\u00e1nyosan megemelkedik.<\/p>\n\n\n\n<p>A k\u00e9pz\u00e9s r\u00e9szletes tematik\u00e1j\u00e1t a <a href=\"https:\/\/mernokvagyok.hu\/flr\/wp-content\/uploads\/2022\/09\/MMK_tanulmanyi_vizsga_211201_vegleges.pdf\">Szab\u00e1lyzat<\/a> 1. sz\u00e1m\u00fa mell\u00e9klete tartalmazza.<\/p>\n\n\n\n<p>A k\u00e9pz\u00e9s vizsg\u00e1val z\u00e1rul.<br><\/p>\n\n\n\n<p><\/p>\n\n\n\n<p class=\"has-medium-font-size\"><strong>A k\u00e9pz\u00e9sek tervezett id\u0151pontja 2026. \u00e9vben<\/strong><\/p>\n\n\n\n<p>Az energetikai fel\u00fclvizsg\u00e1l\u00f3i felk\u00e9sz\u00edt\u0151 k\u00e9pz\u00e9st jelentkez\u0151 eset\u00e9n legal\u00e1bb negyed\u00e9vente egy alkalommal meg kell tartani a Szab\u00e1lyzat \u00e9rtelm\u00e9ben. Ig\u00e9ny alapj\u00e1n enn\u00e9l t\u00f6bb alkalommal is tarthat\u00f3 k\u00e9pz\u00e9s. A  k\u00e9pz\u00e9st minimum 15 f\u0151 jelentkez\u00e9se eset\u00e9n ind\u00edtjuk.<\/p>\n\n\n\n<p>A Kamara 2026. \u00e9vben az al\u00e1bbi id\u0151pontokban tervez k\u00e9pz\u00e9st:<\/p>\n\n\n\n<figure class=\"wp-block-table is-style-stripes\"><table><tbody><tr><td><strong>Id\u0151pontok<\/strong><\/td><td><strong>Jelentkez\u00e9si hat\u00e1rid\u0151<\/strong><\/td><\/tr><tr><td>2026. febru\u00e1r 24-25. (megtartva)<\/td><td>febru\u00e1r 19. (lez\u00e1rult)<\/td><\/tr><tr><td>2026. j\u00fanius 4-5.<\/td><td>m\u00e1jus 29.<\/td><\/tr><tr><td>2026. szeptember 1-2.<\/td><td>augusztus 26.<\/td><\/tr><tr><td>2026. november 5-6.<\/td><td>okt\u00f3ber 30.<\/td><\/tr><\/tbody><\/table><\/figure>\n\n\n\n<p>A j\u00e1rv\u00e1nyhelyzet f\u00fcggv\u00e9ny\u00e9ben a tanfolyamokat online m\u00f3don tervezz\u00fck megtartani, de korl\u00e1tozott l\u00e9tsz\u00e1mban helysz\u00edni jelenl\u00e9tre is van lehet\u0151s\u00e9g.<br><\/p>\n\n\n\n<p><\/p>\n\n\n\n<p class=\"has-medium-font-size\"><strong>Jelentkez\u00e9s a k\u00e9pz\u00e9sre<\/strong><\/p>\n\n\n\n<p>A k\u00e9pz\u00e9sre jelentkezni a Hat\u00f3s\u00e1g <a href=\"https:\/\/nemzetiklimavedelmihatosag.kormany.hu\/\">Kl\u00edmag\u00e1z Adatb\u00e1zis<\/a>\u00e1ban t\u00f6rt\u00e9nt regisztr\u00e1ci\u00f3t k\u00f6vet\u0151en, az ott kapott <strong>azonos\u00edt\u00f3<\/strong> birtok\u00e1ban lehet. <strong>Felh\u00edvjuk a figyelmet, hogy a Kl\u00edmag\u00e1z Adatb\u00e1zisba term\u00e9szetes szem\u00e9lyk\u00e9nt kell regisztr\u00e1lni <\/strong>(sikeres regisztr\u00e1ci\u00f3t k\u00f6vet\u0151en az azonos\u00edt\u00f3 <strong>2<\/strong>0000000XXXXX form\u00e1tum\u00fa)<strong>.<\/strong> Regisztr\u00e1ci\u00f3kor ne feledje megadni kamarai azonos\u00edt\u00f3j\u00e1t a megfelel\u0151 mez\u0151ben.<\/p>\n\n\n\n<p>Jelentkezni a Kamara honlapj\u00e1n el\u00e9rhet\u0151 <a href=\"https:\/\/mernokvagyok.hu\/flr\/ugyintezes\/futo-es-legkondicionalo-rendeszerek-energetikai-felulvizsgalata-jelentkezes-kepzesre-es-vizsgara\/\" target=\"_blank\" rel=\"noreferrer noopener\">regisztr\u00e1ci\u00f3s fel\u00fcleten kereszt\u00fcl online<\/a>, vagy a let\u00f6lthet\u0151 <a href=\"https:\/\/mernokvagyok.hu\/flr\/wp-content\/uploads\/2026\/02\/FLR_jelentkezesi_lap_kepzes_2026.pdf\">jelentkez\u00e9si lappal<\/a> szem\u00e9lyesen, illetve postai \u00faton lehet.<\/p>\n\n\n<div class=\"wp-block-image\">\n<figure class=\"aligncenter size-full is-resized\"><img loading=\"lazy\" decoding=\"async\" width=\"939\" height=\"445\" src=\"https:\/\/mernokvagyok.hu\/flr\/wp-content\/uploads\/2022\/09\/image.png\" alt=\"\" class=\"wp-image-84\" style=\"width:703px;height:333px\"\/><\/figure>\n<\/div>\n\n\n<p>A jelentkez\u0151t nyilv\u00e1ntart\u00e1sba vessz\u00fck \u00e9s ellen\u0151rizz\u00fck a r\u00e9szv\u00e9teli d\u00edj befizet\u00e9s\u00e9t. Amennyiben azt nem teljes\u00edtette, a Kamara t\u00f6rli a jelentkez\u00e9s\u00e9t \u00e9s err\u0151l \u00e9rtes\u00edt\u00e9st k\u00fcld\u00fcnk.<\/p>\n\n\n\n<p>A jelentkez\u00e9s hat\u00e1rideje a meghirdetett k\u00e9pz\u00e9st megel\u0151z\u0151 <strong>3. munkanap<\/strong>.<br><\/p>\n\n\n\n<p><\/p>\n\n\n\n<p class=\"has-medium-font-size\"><strong>A k\u00e9pz\u00e9s d\u00edja, \u00e9s befizet\u00e9s\u00e9nek m\u00f3dja<\/strong><\/p>\n\n\n\n<p>Az energetikai fel\u00fclvizsg\u00e1l\u00f3i k\u00e9pz\u00e9s \u00e9s vizsga egy\u00fcttes d\u00edja <strong>brutt\u00f3 76&nbsp;800 Ft (k\u00e9pz\u00e9s 40&nbsp;000 Ft + \u00c1FA, \u00e9s 26 000 Ft vizsgad\u00edj)<\/strong>.<\/p>\n\n\n\n<p>A befizet\u00e9sre \u00e1tutal\u00e1ssal van lehet\u0151s\u00e9g, az OTP Bank 11784009-21124341 sz\u00e1mlasz\u00e1munkra (A k\u00f6zlem\u00e9ny rovatban a jelentkez\u0151 nev\u00e9t, kamarai azonos\u00edt\u00f3j\u00e1t k\u00e9rj\u00fck felt\u00fcntetni!)<\/p>\n\n\n\n<p>A befizetett \u00f6sszegr\u0151l a sz\u00e1ml\u00e1t minden esetben a befizet\u0151 (vev\u0151\/k\u00f6lts\u00e9gvisel\u0151) nev\u00e9re \u00e1ll\u00edtjuk ki. Ez\u00e9rt amennyiben a k\u00e9pz\u00e9s k\u00f6lts\u00e9g\u00e9t egy c\u00e9g \u00e1tv\u00e1llalja, a c\u00e9g kell, hogy a d\u00edjat \u00e1tutalja, \u00e9s a befizet\u0151 adataihoz a c\u00e9g adatait kell \u00edrni.<\/p>\n\n\n\n<p>Felh\u00edvjuk sz\u00edves figyelm\u00e9t, hogy a jelentkez\u00e9s elfogad\u00e1s\u00e1nak \u00e9s v\u00e9gleges\u00edt\u00e9s\u00e9nek felt\u00e9tele a k\u00e9pz\u00e9s d\u00edj\u00e1nak befizet\u00e9se.<br><\/p>\n\n\n\n<p><\/p>\n\n\n\n<p class=\"has-medium-font-size\"><strong>A k\u00e9pz\u00e9s lemond\u00e1s\u00e1nak felt\u00e9telei<\/strong><\/p>\n\n\n\n<p>A jelentkez\u0151 k\u00f6teles \u00e9rtes\u00edteni a Kamar\u00e1t, amennyiben a k\u00e9pz\u00e9sen nem tud r\u00e9szt venni. Az err\u0151l sz\u00f3l\u00f3 \u00e9rtes\u00edt\u00e9st az <a href=\"mailto:flr@mmk.hu\"><strong>flr@mmk.hu<\/strong><\/a> email c\u00edmre k\u00e9rj\u00fck megk\u00fcldeni, <strong>a lev\u00e9l t\u00e1rgy\u00e1ban adja meg:<\/strong> k\u00e9pz\u00e9s lemond\u00e1s, n\u00e9v, kamarai azonos\u00edt\u00f3.<\/p>\n\n\n\n<p>Amennyiben a jelentkez\u0151 <strong>legk\u00e9s\u0151bb a k\u00e9pz\u00e9s napj\u00e1t megel\u0151z\u0151 m\u00e1sodik munkanapig<\/strong> nem tesz eleget \u00e9rtes\u00edt\u00e9si k\u00f6telezetts\u00e9g\u00e9nek, akkor a befizetett d\u00edj \u00f6sszeg\u00e9re nem tarthat ig\u00e9nyt, illetve k\u00f6vetkez\u0151 id\u0151pontban megtartand\u00f3 k\u00e9pz\u00e9sen a d\u00edj ism\u00e9telt befizet\u00e9se ut\u00e1n vehet r\u00e9szt.<br><br><\/p>\n\n\n\n<p><\/p>\n\n\n\n<p><\/p>\n\n\n\n<p>Amennyiben k\u00e9rd\u00e9se lenne, k\u00e9rj\u00fck forduljon hozz\u00e1nk e-mailben az <a href=\"mailto:flr@mmk.hu\"><strong>flr@mmk.hu<\/strong><\/a><strong> <\/strong>c\u00edmen (<strong>a lev\u00e9l t\u00e1rgy\u00e1ban adja meg:<\/strong> k\u00e9pz\u00e9s \u00e9rdekl\u0151d\u00e9s, n\u00e9v, kamarai sz\u00e1m), vagy keressen minket telefonon \u00fcgyf\u00e9lfogad\u00e1si id\u0151ben a +361\/455-7080\/116 sz\u00e1mon.<\/p>\n\n\n\n<p>Telefonos \u00fcgyf\u00e9lfogad\u00e1s: h\u00e9tf\u0151, szerda: 9:00-12:00, kedd-cs\u00fct\u00f6rt\u00f6k 13:00-16:00. Szem\u00e9lyes \u00fcgyint\u00e9z\u00e9sre el\u0151zetes id\u0151pontegyeztet\u00e9s alapj\u00e1n van lehet\u0151s\u00e9g.<\/p>\n\n\n\n<p><\/p>\n","protected":false},"excerpt":{"rendered":"<p>T\u00c1J\u00c9KOZTAT\u00d3a fel\u00fclvizsg\u00e1l\u00f3knak szervezett k\u00f6telez\u0151 k\u00e9pz\u00e9sr\u0151l Az energiahat\u00e9konys\u00e1gr\u00f3l sz\u00f3l\u00f3 2015. \u00e9vi LVII. t\u00f6rv\u00e9ny 43\/B. \u00a7. \u00e9rtelm\u00e9ben az energetikai fel\u00fclvizsg\u00e1l\u00f3k tov\u00e1bbk\u00e9pz\u00e9si \u00e9s vizsg\u00e1ztat\u00e1si feladatait a Magyar M\u00e9rn\u00f6ki Kamara l\u00e1tja el. Figyelemmel a t\u00f6rv\u00e9nyi k\u00f6telezetts\u00e9g\u00fcnkre az energetikai fel\u00fclvizsg\u00e1l\u00f3 \u00e1ltal teljes\u00edtend\u0151 k\u00e9pz\u00e9si, tov\u00e1bbk\u00e9pz\u00e9si \u00e9s vizsgak\u00f6telezetts\u00e9gek tartalm\u00e1r\u00f3l \u00e9s elj\u00e1r\u00e1srendj\u00e9r\u0151l szab\u00e1lyzatot k\u00e9sz\u00edtett\u00fcnk, amely el\u00e9rhet\u0151 az al\u00e1bbi linken. A jogszab\u00e1ly \u00e9rtelm\u00e9ben az [&hellip;]<\/p>\n","protected":false},"author":4,"featured_media":0,"parent":0,"menu_order":0,"comment_status":"closed","ping_status":"closed","template":"page-templates\/page_fullwidth.php","meta":{"footnotes":""},"class_list":["post-8","page","type-page","status-publish","hentry"],"_links":{"self":[{"href":"https:\/\/mernokvagyok.hu\/flr\/wp-json\/wp\/v2\/pages\/8","targetHints":{"allow":["GET"]}}],"collection":[{"href":"https:\/\/mernokvagyok.hu\/flr\/wp-json\/wp\/v2\/pages"}],"about":[{"href":"https:\/\/mernokvagyok.hu\/flr\/wp-json\/wp\/v2\/types\/page"}],"author":[{"embeddable":true,"href":"https:\/\/mernokvagyok.hu\/flr\/wp-json\/wp\/v2\/users\/4"}],"replies":[{"embeddable":true,"href":"https:\/\/mernokvagyok.hu\/flr\/wp-json\/wp\/v2\/comments?post=8"}],"version-history":[{"count":41,"href":"https:\/\/mernokvagyok.hu\/flr\/wp-json\/wp\/v2\/pages\/8\/revisions"}],"predecessor-version":[{"id":529,"href":"https:\/\/mernokvagyok.hu\/flr\/wp-json\/wp\/v2\/pages\/8\/revisions\/529"}],"wp:attachment":[{"href":"https:\/\/mernokvagyok.hu\/flr\/wp-json\/wp\/v2\/media?parent=8"}],"curies":[{"name":"wp","href":"https:\/\/api.w.org\/{rel}","templated":true}]}}