{"id":2,"date":"2022-08-30T13:52:30","date_gmt":"2022-08-30T13:52:30","guid":{"rendered":"https:\/\/mernokvagyok.hu\/flr\/?page_id=2"},"modified":"2023-09-20T10:28:07","modified_gmt":"2023-09-20T10:28:07","slug":"home","status":"publish","type":"page","link":"https:\/\/mernokvagyok.hu\/flr\/","title":{"rendered":""},"content":{"rendered":"\n<p class=\"has-text-align-center has-large-font-size\"><strong>T\u00c1J\u00c9KOZTAT\u00d3<br>a f\u0171t\u0151 \u00e9s l\u00e9gkondicion\u00e1l\u00f3 rendszerek k\u00f6telez\u0151 fel\u00fclvizsg\u00e1lat\u00e1val \u00f6sszef\u00fcgg\u0151 kamarai feladatokr\u00f3l<\/strong><\/p>\n\n\n\n<p class=\"has-normal-font-size\">Az Eur\u00f3pai Parlament \u00e9s a Tan\u00e1cs 2010\/31\/EU ir\u00e1nyelve (2010. m\u00e1jus 19.) az \u00e9p\u00fcletek energiahat\u00e9konys\u00e1g\u00e1r\u00f3l 2010. j\u00fanius 18.-\u00e1n ker\u00fclt kihirdet\u00e9sre, \u00e9s a kor\u00e1bbi azonos t\u00e1rgy\u00fa 2002\/91\/EK ir\u00e1nyelvet v\u00e1ltotta fel. A m\u00f3dos\u00edtott ir\u00e1nyelvet el\u0151bb 2012-ben majd legut\u00f3bb 2018. m\u00e1jus\u00e1ban \u00e1tdolgozt\u00e1k \u00e9s a 2018\/844\/EU ir\u00e1nyelvvel elfogadt\u00e1k annak v\u00e1ltoz\u00e1sait.<\/p>\n\n\n\n<p>A hat\u00e1lyos ir\u00e1nyelv c\u00e9lja t\u00f6bbek k\u00f6z\u00f6tt:<\/p>\n\n\n\n<ul class=\"wp-block-list\">\n<li>el\u0151mozd\u00edtani az \u00e9p\u00fcletek energiahat\u00e9konys\u00e1g\u00e1t;<\/li>\n\n\n\n<li>\u00e1ltal\u00e1nos m\u00f3dszertani keretet adni az \u00e9p\u00fcletek integr\u00e1lt energiahat\u00e9konys\u00e1g\u00e1nak kisz\u00e1m\u00edt\u00e1s\u00e1hoz \u00e9s energetikai tan\u00fas\u00edt\u00e1s\u00e1hoz;<\/li>\n\n\n\n<li>k\u00f6vetelm\u00e9nyeket szabni az \u00e9p\u00fcletekben tal\u00e1lhat\u00f3 f\u0171t\u00e9si \u00e9s l\u00e9gkondicion\u00e1l\u00f3 rendszerek rendszeres helysz\u00edni vizsg\u00e1lat\u00e1ra;<\/li>\n\n\n\n<li>meghat\u00e1rozni az energiahat\u00e9konys\u00e1gi tan\u00fas\u00edtv\u00e1nyok \u00e9s helysz\u00edni vizsg\u00e1lati jelent\u00e9sek f\u00fcggetlen ellen\u0151rz\u00e9si rendszer\u00e9t.<\/li>\n<\/ul>\n\n\n\n<p>A legkor\u00e1bbi 2002\/91\/EK ir\u00e1nyelv alapj\u00e1n ker\u00fclt kiad\u00e1sra a 2021. december 31.-ig hat\u00e1lyos 264\/2008. (XI. 6.) Korm. rendelet <strong>a h\u0151termel\u0151 berendez\u00e9sek \u00e9s l\u00e9gkondicion\u00e1l\u00f3 rendszerek energetikai fel\u00fclvizsg\u00e1lat\u00e1r\u00f3l.<\/strong> A rendelet 2009. okt\u00f3ber 1. \u00f3ta v\u00e1ltozatlan tartalommal szab\u00e1lyozta ezt a ter\u00fcletet, nem k\u00f6vette sem az ir\u00e1nyelv id\u0151k\u00f6zbeni m\u00f3dosul\u00e1sait, sem a szakmagyakorl\u00e1ssal \u00f6sszef\u00fcgg\u0151 hazai szab\u00e1lyoz\u00e1s v\u00e1ltoz\u00e1sait. E szab\u00e1lyt v\u00e1ltja fel a 2022. janu\u00e1r 1.-t\u0151l hat\u00e1lyos \u00faj h\u00e1rom sz\u00ednt\u0171 (t\u00f6rv\u00e9ny &#8211; korm\u00e1nyrendelet &#8211; ITM rendelet) jogszab\u00e1lyi rendszer.<\/p>\n\n\n\n<p>Jelen t\u00e1j\u00e9koztat\u00f3nkkal az \u00e9rintettek sz\u00e1m\u00e1ra k\u00edv\u00e1nunk hasznos seg\u00edts\u00e9get ny\u00fajtani. Az \u00d6nt \u00e9rdekl\u0151 k\u00e9rd\u00e9sekr\u0151l a fenti men\u00fcpontokban r\u00e9szletesebben is olvashat.<br><\/p>\n\n\n\n<p class=\"has-medium-font-size\"><strong>Kire vonatkozik a szab\u00e1lyoz\u00e1s?<\/strong><\/p>\n\n\n\n<p>Az energiahat\u00e9konys\u00e1gr\u00f3l sz\u00f3l\u00f3 2015. \u00e9vi LVII. t\u00f6rv\u00e9ny k\u00f6vetve az ir\u00e1nyelvben foglaltakat az \u00e9p\u00fcletet vagy t\u00f6bb \u00e9p\u00fcletet egy\u00fcttesen ell\u00e1t\u00f3:<\/p>\n\n\n\n<ol type=\"a\"><li><strong>70 kW-n\u00e1l nagyobb effekt\u00edv n\u00e9vleges teljes\u00edtm\u00e9ny\u0171 f\u0171t\u00e9si rendszer<\/strong> vagy kombin\u00e1ltan helyis\u00e9gf\u0171t\u00e9si \u00e9s szell\u0151z\u0151rendszer, valamint<\/li><li><strong>70 kW-n\u00e1l nagyobb effekt\u00edv n\u00e9vleges teljes\u00edtm\u00e9ny\u0171 l\u00e9gkondicion\u00e1l\u00f3 rendszer<\/strong> vagy kombin\u00e1ltan l\u00e9gkondicion\u00e1l\u00f3 \u00e9s szell\u0151z\u0151rendszer<\/li><\/ol>\n\n\n\n<p>hozz\u00e1f\u00e9rhet\u0151 r\u00e9szeinek vonatkoz\u00e1s\u00e1ban \u00edrja el\u0151 a <strong>rendszeres energetikai fel\u00fclvizsg\u00e1latot.<\/strong><br><\/p>\n\n\n\n<p class=\"has-medium-font-size\"><strong>Mikor kell a fel\u00fclvizsg\u00e1latot elv\u00e9geztetni?<\/strong><\/p>\n\n\n\n<p>A fel\u00fclvizsg\u00e1latot energetikai audit\u00e1l\u00e1si k\u00f6telezetts\u00e9g eset\u00e9ben a k\u00f6telez\u0151 audit\u00e1l\u00e1s r\u00e9szek\u00e9nt n\u00e9gy\u00e9vente, egy\u00e9b esetben <strong>nyolc\u00e9vente kell elv\u00e9gezni<\/strong>. Ennek lefolytat\u00e1s\u00e1r\u00f3l az \u00fczemeltet\u0151nek vagy a tulajdonosnak (egy\u00fctt rendszer\u00fczemeltet\u0151) kell gondoskodnia.<\/p>\n\n\n\n<p>Fontos megeml\u00edteni, hogy<\/p>\n\n\n\n<ol type=\"a\"><li>a 2022. janu\u00e1r 1. el\u0151tt \u00fczembe helyezett rendszerek tekintet\u00e9ben az els\u0151 fel\u00fclvizsg\u00e1latot <strong>legk\u00e9s\u0151bb 2025. december 31.-ig<\/strong> kell lefolytatni,<\/li><li>a 2022. janu\u00e1r 1. ut\u00e1n \u00fczembe helyezett rendszerek energetikai fel\u00fclvizsg\u00e1lat\u00e1t az \u00fczembe helyez\u00e9s \u00e9v\u00e9t\u0151l sz\u00e1m\u00edtott <strong>1 \u00e9ven bel\u00fcl<\/strong> el kell v\u00e9geztetni.<\/li><\/ol>\n\n\n\n<p class=\"has-medium-font-size\"><strong>Milyen esetben nem sz\u00fcks\u00e9ges a fel\u00fclvizsg\u00e1lat?<\/strong><\/p>\n\n\n\n<p><strong>Lak\u00f3\u00e9p\u00fcletek eset\u00e9ben<\/strong> akkor nem sz\u00fcks\u00e9ges fel\u00fclvizsg\u00e1latot v\u00e9geztetni, ha az \u00e9p\u00fclet<\/p>\n\n\n\n<ul class=\"wp-block-list\" type=\"a\">\n<li>elektronikus fel\u00fcgyeleti funkci\u00f3val, illetve<\/li>\n\n\n\n<li>hat\u00e9kony ellen\u0151rz\u0151 funkci\u00f3kkal rendelkezik.<\/li>\n<\/ul>\n\n\n\n<p><strong>A nem lak\u00e1s c\u00e9l\u00fa \u00e9p\u00fcletek eset\u00e9ben<\/strong> a fel\u00fclvizsg\u00e1lat al\u00f3li mentess\u00e9g felt\u00e9tele, hogy az \u00e9rintett rendszer \u2013 melynek effekt\u00edv n\u00e9vleges teljes\u00edtm\u00e9nye nagyobb, mint 290 kW, \u2013 rendelkezzen \u00e9p\u00fcletautomatiz\u00e1l\u00e1si \u00e9s -szab\u00e1lyoz\u00e1si rendszerrel, amely alkalmas:<\/p>\n\n\n\n<ol type=\"a\"><li>az energiafelhaszn\u00e1l\u00e1s folyamatos k\u00f6vet\u00e9s\u00e9re, r\u00f6gz\u00edt\u00e9s\u00e9re \u00e9s sz\u00fcks\u00e9g szerint kiigaz\u00edt\u00e1s\u00e1ra;<\/li><li>az energiahat\u00e9konys\u00e1g \u00e9rt\u00e9kel\u00e9s\u00e9re, a hat\u00e9konys\u00e1g roml\u00e1s felt\u00e1r\u00e1s\u00e1ra, a szem\u00e9lyzet t\u00e1j\u00e9koztat\u00e1s\u00e1ra; valamint<\/li><li>m\u00e1s rendszerekkel val\u00f3 kommunik\u00e1ci\u00f3ra, valamint \u00e1tj\u00e1rhat\u00f3s\u00e1gra.<\/li><\/ol>\n\n\n\n<p><strong>Nem sz\u00fcks\u00e9ges tov\u00e1bb\u00e1 <\/strong>energetikai fel\u00fclvizsg\u00e1lat azon \u00e9p\u00fcletek vonatkoz\u00e1s\u00e1ban sem, amelyekben az Ehat. 43. \u00a7 (1) bekezd\u00e9s\u00e9ben meghat\u00e1rozott rendszer \u00fczemel, \u00e9s amelyekben a rendszer m\u0171k\u00f6dtet\u00e9se<\/p>\n\n\n\n<ol type=\"a\"><li>az energiahat\u00e9konys\u00e1gr\u00f3l sz\u00f3l\u00f3 t\u00f6rv\u00e9ny v\u00e9grehajt\u00e1s\u00e1r\u00f3l sz\u00f3l\u00f3 122\/2015. (V. 26.) Korm. rendelet 8. \u00a7-a szerinti tartalmi elemeket r\u00f6gz\u00edt\u0151 energiahat\u00e9konys\u00e1g-alap\u00fa szerz\u0151d\u00e9s vagy;<\/li><li>t\u00e1vh\u0151szolg\u00e1ltat\u00f3val megk\u00f6t\u00f6tt rendszer\u00fczemeltet\u00e9si szerz\u0151d\u00e9s<\/li><\/ol>\n\n\n\n<p>hat\u00e1lya al\u00e1 tartozik.<\/p>\n\n\n\n<p>A mentess\u00e9ggel kapcsolatos inform\u00e1ci\u00f3kr\u00f3l b\u0151vebben a fenti men\u00fcpontban olvashat.<br><\/p>\n\n\n\n<p class=\"has-medium-font-size\"><strong>Mire terjed ki az energetikai fel\u00fclvizsg\u00e1lat?<\/strong><\/p>\n\n\n\n<p>Az <strong>energetikai fel\u00fclvizsg\u00e1lat<\/strong> helysz\u00edni vizsg\u00e1latot k\u00f6vet\u0151en <strong>kiterjed<\/strong> a f\u0171t\u00e9si \u00e9s l\u00e9gkondicion\u00e1l\u00f3 rendszerek hat\u00e9konys\u00e1g\u00e1nak, \u00e9s az \u00e9p\u00fclet k\u00f6vetelm\u00e9nyeihez viszony\u00edtott m\u00e9retez\u00e9s\u00e9nek \u00e9rt\u00e9kel\u00e9s\u00e9re, valamint a rendszer teljes\u00edtm\u00e9ny adott felt\u00e9telek melletti optimaliz\u00e1lhat\u00f3s\u00e1g\u00e1ra. A fel\u00fclvizsg\u00e1lat sor\u00e1n a rendszer\u00fczemeltet\u0151nek biztos\u00edtania kell a rendszer haszn\u00e1lat\u00e1val, \u00fczemeltet\u00e9s\u00e9vel, karbantart\u00e1s\u00e1val kapcsolatos dokumentumokat \u00e9s inform\u00e1ci\u00f3kat. A fel\u00fclvizsg\u00e1l\u00f3nak a rendszerek hozz\u00e1f\u00e9rhet\u0151 r\u00e9szeit helysz\u00edni ellen\u0151rz\u00e9s keret\u00e9ben is meg kell vizsg\u00e1lnia.<\/p>\n\n\n\n<p class=\"has-medium-font-size\"><strong>Mi igazolja a fel\u00fclvizsg\u00e1lat elv\u00e9gz\u00e9s\u00e9t?<\/strong><\/p>\n\n\n\n<p>A fel\u00fclvizsg\u00e1latr\u00f3l elektronikus \u00faton teljes\u00edtett adatszolg\u00e1ltat\u00e1s keret\u00e9ben <strong>fel\u00fclvizsg\u00e1lati jelent\u00e9s<\/strong> k\u00e9sz\u00fcl, melyet a Nemzeti Kl\u00edmav\u00e9delmi Hat\u00f3s\u00e1g (tov\u00e1bbiakban Hat\u00f3s\u00e1g) \u00e1ltal vezetett Kl\u00edmag\u00e1z Adatb\u00e1zis (tov\u00e1bbiakban Adatb\u00e1zis) erre kialak\u00edtott fel\u00fclet\u00e9re kell felt\u00f6lteni. A fel\u00fclvizsg\u00e1lati jelent\u00e9s minim\u00e1lis tartalmi k\u00f6vetelm\u00e9nyeit k\u00fcl\u00f6n-k\u00fcl\u00f6n a f\u0171t\u00e9si rendszerekre, valamint a l\u00e9gkondicion\u00e1l\u00f3 rendszerekre r\u00e9szletesen \u00f6sszefoglalja a 19\/2021. (IV.14.) ITM rendelet 2. sz\u00e1m\u00fa mell\u00e9klete.<br><\/p>\n\n\n\n<p class=\"has-medium-font-size\"><strong>Ki lehet energetikai fel\u00fclvizsg\u00e1l\u00f3?<\/strong><\/p>\n\n\n\n<p>Az energetikai fel\u00fclvizsg\u00e1l\u00f3 olyan szem\u00e9ly lehet, aki:<\/p>\n\n\n\n<ul class=\"wp-block-list\">\n<li>a <strong>Magyar M\u00e9rn\u00f6ki Kamara<\/strong> (tov\u00e1bbiakban Kamara) \u00e1ltal vezetett <strong>n\u00e9vjegyz\u00e9kben szerepel<\/strong> \u00e9s a 19\/2021. (IV.14.) ITM rendelet 1. sz\u00e1m\u00fa mell\u00e9klet\u00e9ben megjel\u00f6lt <strong>szakmagyakorl\u00e1si jogosults\u00e1gok (G, G-\u00c9F, SZ\u00c9S3, SZ\u00c9S6) <\/strong>valamelyik\u00e9vel rendelkezik,<\/li>\n\n\n\n<li>term\u00e9szetes szem\u00e9lyk\u00e9nt <strong>regisztr\u00e1lt <\/strong>a Hat\u00f3s\u00e1g Adatb\u00e1zis\u00e1ba,<\/li>\n\n\n\n<li>a Kamara \u00e1ltal kiadott szab\u00e1lyzat szerint szervezett <strong>k\u00e9pz\u00e9st, <\/strong>mely vizsg\u00e1val z\u00e1rul<strong> sikeresen teljes\u00edtette<\/strong>, valamint<\/li>\n\n\n\n<li>a Hat\u00f3s\u00e1g r\u00e9sz\u00e9re az <strong>\u00e9ves fel\u00fcgyeleti d\u00edjat megfizette <\/strong>(Az \u00e9ves fel\u00fcgyeleti d\u00edj 50 000 Ft).<\/li>\n<\/ul>\n\n\n\n<p>A fel\u00fclvizsg\u00e1l\u00f3nak <strong>a nyilv\u00e1ntart\u00e1sba v\u00e9telt k\u00f6vet\u0151en \u00e9vente<\/strong> a Kamara \u00e1ltal meghat\u00e1rozott <strong>tov\u00e1bbk\u00e9pz\u00e9st<\/strong> kell teljes\u00edtenie.<br><\/p>\n\n\n\n<p class=\"has-medium-font-size\"><strong>Milyen d\u00edjaz\u00e1s mellett v\u00e9gezhet\u0151 a fel\u00fclvizsg\u00e1l\u00f3i tev\u00e9kenys\u00e9g?<\/strong><\/p>\n\n\n\n<p>A fel\u00fclvizsg\u00e1l\u00f3 az elv\u00e9gzett fel\u00fclvizsg\u00e1lat\u00e9rt d\u00edjra jogosult, melynek m\u00e9rt\u00e9k\u00e9re a Kamara aj\u00e1nl\u00e1sa az ir\u00e1nyad\u00f3. B\u0151vebb inform\u00e1ci\u00f3k a fenti men\u00fcben olvashat\u00f3k.<\/p>\n\n\n\n<p class=\"has-medium-font-size\"><strong>Ki jogosult a fel\u00fclvizsg\u00e1lattal kapcsolatos nyilv\u00e1ntart\u00e1sok vezet\u00e9s\u00e9re?<\/strong><\/p>\n\n\n\n<p>A <strong>Hat\u00f3s\u00e1g<\/strong> vezeti az \u00e9rintett rendszerek, az elv\u00e9gzett fel\u00fclvizsg\u00e1latok, a jogosult fel\u00fclvizsg\u00e1l\u00f3k, a teljes\u00edtett k\u00e9pz\u00e9sek \u00e9s tov\u00e1bbk\u00e9pz\u00e9sek, valamint a mentess\u00e9gi felt\u00e9teleket igazolt rendszerek adatait tartalmaz\u00f3 <strong>nyilv\u00e1ntart\u00e1sokat<\/strong>. A fel\u00fclvizsg\u00e1lattal kapcsolatos regisztr\u00e1ci\u00f3s \u00e9s nyilv\u00e1ntart\u00e1si k\u00f6telezetts\u00e9gekr\u0151l, a fel\u00fclvizsg\u00e1lat tartalmi k\u00f6vetelm\u00e9nyeir\u0151l, az ellen\u0151rz\u00e9si feladatokr\u00f3l, illetve jogk\u00f6vetkezm\u00e9nyekr\u0151l r\u00e9szletesebben az energetikai fel\u00fclvizsg\u00e1latr\u00f3l sz\u00f3l\u00f3 666\/2020. (XII.28.) Korm. rendeletben olvashat.<br><\/p>\n\n\n\n<p class=\"has-medium-font-size\"><strong>Ellen\u0151rz\u00e9si feladatok<\/strong><\/p>\n\n\n\n<p>A Hat\u00f3s\u00e1g a Kamara bevon\u00e1s\u00e1val ellen\u0151rzi a k\u00f6telez\u0151 energetikai fel\u00fclvizsg\u00e1lat teljes\u00edt\u00e9s\u00e9t, melyhez a t\u00e1rgy\u00e9vben ki\u00e1ll\u00edtott jelent\u00e9sek sz\u00e1m\u00e1nak statisztikailag jelent\u0151s h\u00e1nyad\u00e1t v\u00e1lasztja ki. Az ellen\u0151rz\u00e9sekr\u0151l minden \u00e9v janu\u00e1r 31.-ig kell jelent\u00e9st k\u00e9sz\u00edteni.<\/p>\n\n\n\n<p>Amennyiben k\u00e9rd\u00e9se lenne, k\u00e9rj\u00fck forduljon hozz\u00e1nk e-mailben az <a href=\"mailto:flr@mmk.hu\"><strong>flr@mmk.hu<\/strong><\/a> c\u00edmen.<br><\/p>\n\n\n\n<p class=\"has-medium-font-size\"><strong>Alkalmazand\u00f3 fontosabb jogszab\u00e1lyok<\/strong><\/p>\n\n\n\n<p><a href=\"https:\/\/njt.hu\/jogszabaly\/2015-57-00-00\">2015. \u00e9vi LVII. t\u00f6rv\u00e9ny<\/a> az energiahat\u00e9konys\u00e1gr\u00f3l<\/p>\n\n\n\n<p><a href=\"https:\/\/njt.hu\/jogszabaly\/1997-78-00-00\">1997. \u00e9vi LXXVIII. t\u00f6rv\u00e9ny<\/a> az \u00e9p\u00edtett k\u00f6rnyezet alak\u00edt\u00e1s\u00e1r\u00f3l \u00e9s v\u00e9delm\u00e9r\u0151l<\/p>\n\n\n\n<p><a href=\"https:\/\/njt.hu\/jogszabaly\/1995-53-00-00\">1995. \u00e9vi LIII. t\u00f6rv\u00e9ny<\/a> a k\u00f6rnyezet v\u00e9delm\u00e9nek \u00e1ltal\u00e1nos szab\u00e1lyair\u00f3l<\/p>\n\n\n\n<p><a href=\"https:\/\/njt.hu\/jogszabaly\/2023-32-20-22\">32\/2023. (II.9.) Korm. rendelet<\/a> a vesz\u00e9lyhelyzet sor\u00e1n az energiahat\u00e9konys\u00e1gr\u00f3l sz\u00f3l\u00f3 2015. \u00e9vi LVII. t\u00f6rv\u00e9ny elt\u00e9r\u0151 alkalmaz\u00e1s\u00e1r\u00f3l<\/p>\n\n\n\n<p><a href=\"https:\/\/njt.hu\/jogszabaly\/2020-666-20-22\">666\/2020. (XII.28.) Korm. rendelet<\/a> az energetikai fel\u00fclvizsg\u00e1latr\u00f3l<\/p>\n\n\n\n<p><a href=\"https:\/\/njt.hu\/jogszabaly\/2015-122-20-22\">122\/2015. (V. 26.) Korm. rendelet<\/a> az energiahat\u00e9konys\u00e1gr\u00f3l sz\u00f3l\u00f3 t\u00f6rv\u00e9ny v\u00e9grehajt\u00e1s\u00e1r\u00f3l<\/p>\n\n\n\n<p><a href=\"https:\/\/njt.hu\/jogszabaly\/2015-14-20-22\">14\/2015. (II. 10.) Korm. rendelet<\/a> a fluortartalm\u00fa \u00fcvegh\u00e1zhat\u00e1s\u00fa g\u00e1zokkal \u00e9s az \u00f3zonr\u00e9teget lebont\u00f3 anyagokkal kapcsolatos tev\u00e9kenys\u00e9gek v\u00e9gz\u00e9s\u00e9nek felt\u00e9teleir\u0151l<\/p>\n\n\n\n<p><a href=\"https:\/\/njt.hu\/jogszabaly\/2013-275-20-22\">275\/2013. (VII. 16.) Korm. rendelet<\/a> az \u00e9p\u00edt\u00e9si term\u00e9k \u00e9p\u00edtm\u00e9nybe t\u00f6rt\u00e9n\u0151 betervez\u00e9s\u00e9nek \u00e9s be\u00e9p\u00edt\u00e9s\u00e9nek, ennek sor\u00e1n a teljes\u00edtm\u00e9ny igazol\u00e1s\u00e1nak r\u00e9szletes szab\u00e1lyair\u00f3l<\/p>\n\n\n\n<p><a href=\"https:\/\/njt.hu\/jogszabaly\/2013-266-20-22\">266\/2013. (VII.11.) Korm. rendelet<\/a> az \u00e9p\u00edt\u00e9s\u00fcgyi \u00e9s az \u00e9p\u00edt\u00e9s\u00fcggyel \u00f6sszef\u00fcgg\u0151 szakmagyakorl\u00e1si tev\u00e9kenys\u00e9gekr\u0151l<\/p>\n\n\n\n<p><a href=\"https:\/\/njt.hu\/jogszabaly\/2008-176-20-22\">176\/2008. (VI. 30.) Korm. rendelet<\/a> az \u00e9p\u00fcletek energetikai jellemz\u0151inek tan\u00fas\u00edt\u00e1s\u00e1r\u00f3l<\/p>\n\n\n\n<p><a href=\"https:\/\/njt.hu\/jogszabaly\/2021-19-20-7Q\">19\/2021. (IV.14.) ITM rendelet<\/a> az energiahat\u00e9konys\u00e1gr\u00f3l sz\u00f3l\u00f3 2015. \u00e9vi LVII. t\u00f6rv\u00e9ny egyes energetikai fel\u00fclvizsg\u00e1latot \u00e9rint\u0151 szab\u00e1lyainak v\u00e9grehajt\u00e1s\u00e1r\u00f3l<\/p>\n\n\n\n<p><a href=\"https:\/\/njt.hu\/jogszabaly\/2006-7-20-6F\">7\/2006. (V. 24.) TNM rendelet<\/a> az \u00e9p\u00fcletek energetikai jellemz\u0151inek meghat\u00e1roz\u00e1s\u00e1r\u00f3l<\/p>\n\n\n\n<p>AZ EUR\u00d3PAI PARLAMENT \u00c9S A TAN\u00c1CS (EU) <a href=\"https:\/\/eur-lex.europa.eu\/legal-content\/HU\/TXT\/HTML\/?uri=CELEX:32018L2002&amp;from=HU\">2018\/2002 IR\u00c1NYELVE<\/a> (2018. december 11.) az energiahat\u00e9konys\u00e1gr\u00f3l sz\u00f3l\u00f3 2012\/27\/EU ir\u00e1nyelv m\u00f3dos\u00edt\u00e1s\u00e1r\u00f3l<\/p>\n\n\n\n<p>AZ EUR\u00d3PAI PARLAMENT \u00c9S A TAN\u00c1CS (EU) <a href=\"https:\/\/eur-lex.europa.eu\/legal-content\/HU\/TXT\/HTML\/?uri=CELEX:32018L0844&amp;from=hu\">2018\/844 IR\u00c1NYELVE<\/a> (2018. m\u00e1jus 30.) az \u00e9p\u00fcletek energiahat\u00e9konys\u00e1g\u00e1r\u00f3l sz\u00f3l\u00f3 2010\/31\/EU ir\u00e1nyelv \u00e9s az energiahat\u00e9konys\u00e1gr\u00f3l sz\u00f3l\u00f3 2012\/27\/EU ir\u00e1nyelv m\u00f3dos\u00edt\u00e1s\u00e1r\u00f3l<\/p>\n\n\n\n<p>AZ EUR\u00d3PAI PARLAMENT \u00c9S A TAN\u00c1CS <a href=\"https:\/\/eur-lex.europa.eu\/legal-content\/HU\/TXT\/HTML\/?uri=CELEX:32012L0027&amp;from=hu\">2012\/27\/EU IR\u00c1NYELVE<\/a> (2012. okt\u00f3ber 25.) az energiahat\u00e9konys\u00e1gr\u00f3l, a 2009\/125\/EK \u00e9s a 2010\/30\/EU ir\u00e1nyelv m\u00f3dos\u00edt\u00e1s\u00e1r\u00f3l, valamint a 2004\/8\/EK \u00e9s a 2006\/32\/EK ir\u00e1nyelv hat\u00e1lyon k\u00edv\u00fcl helyez\u00e9s\u00e9r\u0151l<\/p>\n\n\n\n<p>AZ EUR\u00d3PAI PARLAMENT \u00c9S A TAN\u00c1CS <a href=\"https:\/\/eur-lex.europa.eu\/legal-content\/HU\/TXT\/HTML\/?uri=CELEX:32010L0031&amp;from=HU\">2010\/31\/EU IR\u00c1NYELVE<\/a> (2010. m\u00e1jus 19.) az \u00e9p\u00fcletek energiahat\u00e9konys\u00e1g\u00e1r\u00f3l<\/p>\n\n\n\n<p>A BIZOTTS\u00c1G (EU) <a href=\"https:\/\/eur-lex.europa.eu\/legal-content\/HU\/TXT\/HTML\/?uri=CELEX:32019H1658&amp;from=HU\">2019\/1658 AJ\u00c1NL\u00c1SA<\/a> (2019. szeptember 25.) az energiahat\u00e9konys\u00e1gi ir\u00e1nyelv \u00e9rtelm\u00e9ben el\u0151\u00edrt energiamegtakar\u00edt\u00e1si k\u00f6telezetts\u00e9gek \u00e1t\u00fcltet\u00e9s\u00e9r\u0151l<\/p>\n\n\n\n<p>A BIZOTTS\u00c1G (EU) <a href=\"https:\/\/eur-lex.europa.eu\/legal-content\/HU\/TXT\/HTML\/?uri=CELEX:32019H1019&amp;from=HU\">2019\/1019 AJ\u00c1NL\u00c1SA<\/a> (2019. j\u00fanius 7.) az \u00e9p\u00fcletek korszer\u0171s\u00edt\u00e9s\u00e9r\u0151l<\/p>\n\n\n\n<p><\/p>\n","protected":false},"excerpt":{"rendered":"<p>T\u00c1J\u00c9KOZTAT\u00d3a f\u0171t\u0151 \u00e9s l\u00e9gkondicion\u00e1l\u00f3 rendszerek k\u00f6telez\u0151 fel\u00fclvizsg\u00e1lat\u00e1val \u00f6sszef\u00fcgg\u0151 kamarai feladatokr\u00f3l Az Eur\u00f3pai Parlament \u00e9s a Tan\u00e1cs 2010\/31\/EU ir\u00e1nyelve (2010. m\u00e1jus 19.) az \u00e9p\u00fcletek energiahat\u00e9konys\u00e1g\u00e1r\u00f3l 2010. j\u00fanius 18.-\u00e1n ker\u00fclt kihirdet\u00e9sre, \u00e9s a kor\u00e1bbi azonos t\u00e1rgy\u00fa 2002\/91\/EK ir\u00e1nyelvet v\u00e1ltotta fel. A m\u00f3dos\u00edtott ir\u00e1nyelvet el\u0151bb 2012-ben majd legut\u00f3bb 2018. m\u00e1jus\u00e1ban \u00e1tdolgozt\u00e1k \u00e9s a 2018\/844\/EU ir\u00e1nyelvvel elfogadt\u00e1k annak v\u00e1ltoz\u00e1sait. [&hellip;]<\/p>\n","protected":false},"author":4,"featured_media":0,"parent":0,"menu_order":0,"comment_status":"closed","ping_status":"closed","template":"page-templates\/page_fullwidth.php","meta":{"footnotes":""},"class_list":["post-2","page","type-page","status-publish","hentry"],"_links":{"self":[{"href":"https:\/\/mernokvagyok.hu\/flr\/wp-json\/wp\/v2\/pages\/2","targetHints":{"allow":["GET"]}}],"collection":[{"href":"https:\/\/mernokvagyok.hu\/flr\/wp-json\/wp\/v2\/pages"}],"about":[{"href":"https:\/\/mernokvagyok.hu\/flr\/wp-json\/wp\/v2\/types\/page"}],"author":[{"embeddable":true,"href":"https:\/\/mernokvagyok.hu\/flr\/wp-json\/wp\/v2\/users\/4"}],"replies":[{"embeddable":true,"href":"https:\/\/mernokvagyok.hu\/flr\/wp-json\/wp\/v2\/comments?post=2"}],"version-history":[{"count":5,"href":"https:\/\/mernokvagyok.hu\/flr\/wp-json\/wp\/v2\/pages\/2\/revisions"}],"predecessor-version":[{"id":227,"href":"https:\/\/mernokvagyok.hu\/flr\/wp-json\/wp\/v2\/pages\/2\/revisions\/227"}],"wp:attachment":[{"href":"https:\/\/mernokvagyok.hu\/flr\/wp-json\/wp\/v2\/media?parent=2"}],"curies":[{"name":"wp","href":"https:\/\/api.w.org\/{rel}","templated":true}]}}