{"id":10,"date":"2022-08-30T14:52:42","date_gmt":"2022-08-30T14:52:42","guid":{"rendered":"https:\/\/mernokvagyok.hu\/flr\/?page_id=10"},"modified":"2026-03-29T21:32:57","modified_gmt":"2026-03-29T21:32:57","slug":"kepzes-teljesiteset-igazolo-vizsga","status":"publish","type":"page","link":"https:\/\/mernokvagyok.hu\/flr\/kepzes-teljesiteset-igazolo-vizsga\/","title":{"rendered":"K\u00e9pz\u00e9s teljes\u00edt\u00e9s\u00e9t igazol\u00f3 vizsga"},"content":{"rendered":"\n<p class=\"has-text-align-center has-large-font-size\"><strong>T\u00c1J\u00c9KOZTAT\u00d3<br>a fel\u00fclvizsg\u00e1l\u00f3knak szervezett k\u00f6telez\u0151 k\u00e9pz\u00e9st z\u00e1r\u00f3 vizsg\u00e1r\u00f3l<\/strong><\/p>\n\n\n\n<p>Az energiahat\u00e9konys\u00e1gr\u00f3l sz\u00f3l\u00f3 2015. \u00e9vi LVII. t\u00f6rv\u00e9ny (Ehat.) 43\/B. \u00a7. \u00e9rtelm\u00e9ben az energetikai fel\u00fclvizsg\u00e1l\u00f3k tov\u00e1bbk\u00e9pz\u00e9si \u00e9s vizsg\u00e1ztat\u00e1si feladatait a Magyar M\u00e9rn\u00f6ki Kamara l\u00e1tja el. Figyelemmel a t\u00f6rv\u00e9nyi k\u00f6telezetts\u00e9g\u00fcnkre az energetikai fel\u00fclvizsg\u00e1l\u00f3 \u00e1ltal teljes\u00edtend\u0151 <strong>k\u00e9pz\u00e9si, tov\u00e1bbk\u00e9pz\u00e9si \u00e9s vizsgak\u00f6telezetts\u00e9gek<\/strong> tartalm\u00e1r\u00f3l \u00e9s elj\u00e1r\u00e1srendj\u00e9r\u0151l <strong>szab\u00e1lyzat<\/strong>ot k\u00e9sz\u00edtett\u00fcnk, amely el\u00e9rhet\u0151 az al\u00e1bbi <a href=\"https:\/\/mernokvagyok.hu\/flr\/wp-content\/uploads\/2022\/09\/MMK_tanulmanyi_vizsga_211201_vegleges.pdf\"><strong>linken<\/strong><\/a>.<\/p>\n\n\n\n<p>A Kamara szab\u00e1lyzat\u00e1ban foglaltak \u00e9rtelm\u00e9ben a k\u00e9pz\u00e9s teljes\u00edt\u00e9s\u00e9t vizsga igazolja. A vizsg\u00e1t megel\u0151z\u0151en a vizsg\u00e1z\u00f3k felk\u00e9sz\u00edt\u0151 k\u00e9pz\u00e9sen vesznek r\u00e9szt.<\/p>\n\n\n\n<p>A vizsga c\u00e9lja annak bizony\u00edt\u00e1sa, hogy a vizsg\u00e1z\u00f3:<\/p>\n\n\n\n<ul class=\"wp-block-list\">\n<li>a felk\u00e9sz\u00fcl\u00e9s sor\u00e1n megszerezte \u00e9s ismeri az energetikai fel\u00fclvizsg\u00e1lat v\u00e9gz\u00e9s\u00e9hez sz\u00fcks\u00e9ges szakmai alapismereteket, alkalmaz\u00e1sukban kell\u0151 gyakorlatot szerzett;<\/li>\n\n\n\n<li>ismeri az energiahat\u00e9konys\u00e1g n\u00f6vel\u0151 int\u00e9zked\u00e9seket, a vizsg\u00e1lt ter\u00fcletre meg tudja hat\u00e1rozni azok v\u00e1rhat\u00f3 eredm\u00e9ny\u00e9t, m\u0171szaki-, gazdas\u00e1gi- \u00e9s k\u00f6rnyezetv\u00e9delmi krit\u00e9riumok alapj\u00e1n rangsorolni tudja azokat;<\/li>\n\n\n\n<li>k\u00e9pes a 666\/2020. (XII.28.) Korm. rendeletben (KRendelet) \u00e9s a 19\/2021. (IV.14.) ITM rendeletben (ITM) el\u0151\u00edrt minimum k\u00f6vetelm\u00e9nyeknek megfelel\u0151en energetikai fel\u00fclvizsg\u00e1latot \u00f6n\u00e1ll\u00f3an, vagy a szak\u00e9rt\u0151kkel egy\u00fcttm\u0171k\u00f6dve k\u00e9sz\u00edteni;<\/li>\n\n\n\n<li>k\u00e9pes a jogszab\u00e1lyi rendelkez\u00e9seknek megfelel\u0151 energetikai fel\u00fclvizsg\u00e1l\u00f3i feladatok ell\u00e1t\u00e1s\u00e1ra.<br><\/li>\n<\/ul>\n\n\n\n<p class=\"has-medium-font-size\"><strong>A vizsga tartalma<\/strong><\/p>\n\n\n\n<p>Az Ehat. VIII\/A fejezete, a KRendelet, valamint az ITM rendelet hat\u00e1rozza meg az energetikai fel\u00fclvizsg\u00e1latra vonatkoz\u00f3 legfontosabb szab\u00e1lyokat, k\u00f6zt\u00fck az energetikai fel\u00fclvizsg\u00e1lati jelent\u00e9s minim\u00e1lis tartalmi k\u00f6vetelm\u00e9nyeit.<\/p>\n\n\n\n<p>A vizsga r\u00e9szletes tematik\u00e1j\u00e1t a <a href=\"https:\/\/mernokvagyok.hu\/flr\/wp-content\/uploads\/2022\/09\/MMK_tanulmanyi_vizsga_211201_vegleges.pdf\">Szab\u00e1lyzat<\/a> 1. sz\u00e1m\u00fa mell\u00e9klete tartalmazza.<br><\/p>\n\n\n\n<p class=\"has-medium-font-size\"><strong>Hogyan zajlik a vizsga?<\/strong><\/p>\n\n\n\n<p>A vizsg\u00e1ztat\u00e1s a Kamara \u00e1ltal a <strong>XI. ker\u00fclet, Buda\u00f6rsi \u00fat 125\/A.<\/strong> sz\u00e1m alatt \u00fczemeltetett vizsgaterm\u00e9ben, a vizsg\u00e1z\u00f3k rendelkez\u00e9s\u00e9re bocs\u00e1tott sz\u00e1m\u00edt\u00f3g\u00e9peken t\u00f6rt\u00e9nik.<\/p>\n\n\n\n<p>A vizsg\u00e1z\u00f3k a vizsga alkalm\u00e1val a sz\u00e1m\u00edt\u00f3g\u00e9p \u00e1ltal gener\u00e1lt vizsgalapot kapnak.<\/p>\n\n\n\n<p>A feladatok egy r\u00e9sze tesztjelleg\u0171, vagyis t\u00f6bb lehets\u00e9ges v\u00e1lasz k\u00f6z\u00fcl kell a helyeset kiv\u00e1lasztani; tov\u00e1bb\u00e1 egyszer\u0171 sz\u00e1m\u00edt\u00e1sokb\u00f3l \u00e1ll. A vizsg\u00e1z\u00f3 a helyes v\u00e1laszt jel\u00f6li meg a vizsgalapon.<\/p>\n\n\n\n<p>A vizsga 50 k\u00e9rd\u00e9sb\u0151l \u00e1ll, minden helyes v\u00e1lasz egy pontot \u00e9r. A vizsga r\u00e9szeit k\u00e9pez\u0151 modulok egyenk\u00e9t 10, 20, 20 k\u00e9rd\u00e9st tartalmaznak.<\/p>\n\n\n\n<p>A vizsga id\u0151tartama 120 perc.<\/p>\n\n\n\n<p>A vizsg\u00e1z\u00f3nak a sikeres vizsg\u00e1hoz:<\/p>\n\n\n\n<ul class=\"wp-block-list\">\n<li>az \u00f6sszes vizsgak\u00e9rd\u00e9s legal\u00e1bb 70%-\u00e1ra, valamint<\/li>\n\n\n\n<li>vizsgar\u00e9szenk\u00e9nt a vizsgak\u00e9rd\u00e9sek legal\u00e1bb 45%-\u00e1ra helyesen kell v\u00e1laszolnia.<\/li>\n<\/ul>\n\n\n\n<p>A vizsga teljes\u00edt\u00e9se al\u00f3l felment\u00e9s nem adhat\u00f3. A vizsga sor\u00e1n mobiltelefon \u00e9s saj\u00e1t sz\u00e1m\u00edt\u00f3g\u00e9p kiv\u00e9tel\u00e9vel minden nyomtatott seg\u00e9deszk\u00f6z haszn\u00e1lhat\u00f3 (seg\u00e9dletek, jegyzetek, k\u00f6nyvek). A vizsgafeladatok kidolgoz\u00e1s\u00e1hoz a vizsg\u00e1z\u00f3 seg\u00edts\u00e9get nem kaphat. Ellenkez\u0151 esetben a vizsg\u00e1z\u00f3 kiz\u00e1rhat\u00f3 a vizsg\u00e1b\u00f3l.<\/p>\n\n\n\n<p>A vizsgahelyis\u00e9gbe t\u00f6rt\u00e9n\u0151 bel\u00e9p\u00e9skor vizsg\u00e1z\u00f3 k\u00f6teles a vizsgatev\u00e9kenys\u00e9g megkezd\u00e9se el\u0151tt szem\u00e9lyazonoss\u00e1g\u00e1t igazolni, e n\u00e9lk\u00fcl a vizsg\u00e1t nem kezdheti meg.<\/p>\n\n\n\n<p>A vizsga alapj\u00e1t k\u00e9pez\u0151 r\u00e9szletes tematik\u00e1t a <a href=\"https:\/\/mernokvagyok.hu\/flr\/wp-content\/uploads\/2022\/09\/MMK_tanulmanyi_vizsga_211201_vegleges.pdf\">Szab\u00e1lyzat<\/a> 1. sz\u00e1m\u00fa mell\u00e9klete tartalmazza.<\/p>\n\n\n\n<p>A sikeres vizsg\u00e1r\u00f3l tan\u00fas\u00edtv\u00e1nyt \u00e1ll\u00edtunk ki.<br><\/p>\n\n\n\n<p class=\"has-medium-font-size\"><strong>A vizsg\u00e1k tervezett id\u0151pontja 2026. \u00e9vben<\/strong><\/p>\n\n\n\n<p>Az energetikai fel\u00fclvizsg\u00e1l\u00f3i vizsg\u00e1t jelentkez\u0151 eset\u00e9n legal\u00e1bb negyed\u00e9vente egy alkalommal meg kell tartani a Szab\u00e1lyzat \u00e9rtelm\u00e9ben. Ig\u00e9ny alapj\u00e1n enn\u00e9l t\u00f6bb alkalommal is tarthat\u00f3 vizsga.<\/p>\n\n\n\n<p>A Kamara 2026. \u00e9vben az al\u00e1bbi id\u0151pontokban tervez vizsg\u00e1t:<\/p>\n\n\n\n<figure class=\"wp-block-table is-style-stripes\"><table><tbody><tr><td><strong>Id\u0151pontok<\/strong><\/td><td><strong>Jelentkez\u00e9si hat\u00e1rid\u0151<\/strong><\/td><\/tr><tr><td>2026. m\u00e1rcius 9., 9:00 <\/td><td>m\u00e1rcius 2. (lez\u00e1rult)<\/td><\/tr><tr><td>2026. m\u00e1rcius 19., 9:00 <\/td><td>m\u00e1rcius 12. (lez\u00e1rult)<\/td><\/tr><tr><td>2026. j\u00fanius 15., 9:00<\/td><td>j\u00fanius 8.<\/td><\/tr><tr><td>2026. j\u00fanius 22., 9:00<\/td><td>j\u00fanius 15.<\/td><\/tr><tr><td>2026. szeptember 14., 9:00<\/td><td>szeptember 7.<\/td><\/tr><tr><td>2026. szeptember 21., 9:00<\/td><td>szeptember 14.<\/td><\/tr><tr><td>2026. november 18., 9:00<\/td><td>november 11.<\/td><\/tr><tr><td>2026. november 25., 9:00<\/td><td>november 18.<\/td><\/tr><\/tbody><\/table><\/figure>\n\n\n\n<p>A vizsga alap esetben szem\u00e9lyes megjelen\u00e9st k\u00edv\u00e1n, online megtart\u00e1s\u00e1r\u00f3l a vesz\u00e9lyhelyzeti korl\u00e1toz\u00e1sokt\u00f3l f\u00fcgg\u0151en sz\u00fcletik d\u00f6nt\u00e9s.<\/p>\n\n\n\n<p>A regisztr\u00e1ci\u00f3 a jelentkez\u00e9sek sorrendj\u00e9ben t\u00f6rt\u00e9nik. Sz\u00fcks\u00e9g szerint meghirdet\u00fcnk \u00faj id\u0151pontokat is.<br><\/p>\n\n\n\n<p class=\"has-medium-font-size\"><strong>Jelentkez\u00e9s a vizsg\u00e1ra<\/strong><\/p>\n\n\n\n<p>A vizsg\u00e1ra jelentkezni a Kamara \u00e1ltal szervezett k\u00e9pz\u00e9sre t\u00f6rt\u00e9n\u0151 jelentkez\u00e9ssel egy id\u0151ben lehets\u00e9ges. A jelentkez\u00e9s a k\u00e9pz\u00e9sen val\u00f3 r\u00e9szv\u00e9telt k\u00f6vet\u0151en v\u00e1lik v\u00e9glegess\u00e9.<\/p>\n\n\n\n<p>Jelentkezni a Kamara honlapj\u00e1n el\u00e9rhet\u0151 <a href=\"https:\/\/mernokvagyok.hu\/flr\/ugyintezes\/futo-es-legkondicionalo-rendeszerek-energetikai-felulvizsgalata-jelentkezes-kepzesre-es-vizsgara\/\" target=\"_blank\" rel=\"noreferrer noopener\">regisztr\u00e1ci\u00f3s fel\u00fcleten kereszt\u00fcl online<\/a>, vagy a let\u00f6lthet\u0151 <a href=\"https:\/\/mernokvagyok.hu\/flr\/wp-content\/uploads\/2022\/09\/FLR_jelentkezesi_lap_vizsga_2022.pdf\">jelentkez\u00e9si lappal<\/a> szem\u00e9lyesen, illetve postai \u00faton lehet.<\/p>\n\n\n\n<p>A jelentkez\u0151t nyilv\u00e1ntart\u00e1sba vessz\u00fck \u00e9s ellen\u0151rizz\u00fck a k\u00e9pz\u00e9s teljes\u00edt\u00e9s\u00e9t. Amennyiben azt nem teljes\u00edtette, a Kamara t\u00f6rli a jelentkez\u00e9s\u00e9t \u00e9s err\u0151l \u00e9rtes\u00edt\u00e9st k\u00fcld\u00fcnk.<\/p>\n\n\n\n<p>A jelentkez\u00e9s hat\u00e1rideje a meghirdetett vizsg\u00e1t megel\u0151z\u0151 <strong>7. nap<\/strong>.<br><\/p>\n\n\n\n<p class=\"has-medium-font-size\"><strong>A vizsga d\u00edja, \u00e9s befizet\u00e9s\u00e9nek m\u00f3dja<\/strong><\/p>\n\n\n\n<p>Az energetikai fel\u00fclvizsg\u00e1l\u00f3i k\u00e9pz\u00e9s \u00e9s vizsga egy\u00fcttes d\u00edja: <strong>brutt\u00f3 76&nbsp;800 Ft (k\u00e9pz\u00e9s 40&nbsp;000 Ft + \u00c1FA, \u00e9s 26 000 Ft vizsgad\u00edj)<\/strong>. <\/p>\n\n\n\n<p>A befizet\u00e9sre \u00e1tutal\u00e1ssal van lehet\u0151s\u00e9g, az OTP Bank 11784009-21124341 sz\u00e1mlasz\u00e1munkra (A k\u00f6zlem\u00e9ny rovatban a jelentkez\u0151 nev\u00e9t, kamarai azonos\u00edt\u00f3j\u00e1t k\u00e9rj\u00fck felt\u00fcntetni!)<\/p>\n\n\n\n<p>A befizetett \u00f6sszegr\u0151l a sz\u00e1ml\u00e1t minden esetben a befizet\u0151 (vev\u0151\/k\u00f6lts\u00e9gvisel\u0151) nev\u00e9re \u00e1ll\u00edtjuk ki. Ez\u00e9rt amennyiben a k\u00e9pz\u00e9s \u00e9s vizsga k\u00f6lts\u00e9g\u00e9t egy c\u00e9g \u00e1tv\u00e1llalja, a c\u00e9g kell, hogy a d\u00edjat \u00e1tutalja, \u00e9s a befizet\u0151 adataihoz a c\u00e9g adatait kell \u00edrni.<\/p>\n\n\n\n<p>Felh\u00edvjuk sz\u00edves figyelm\u00e9t, hogy a jelentkez\u00e9s elfogad\u00e1s\u00e1nak \u00e9s v\u00e9gleges\u00edt\u00e9s\u00e9nek felt\u00e9tele a k\u00e9pz\u00e9s \u00e9s vizsga d\u00edj\u00e1nak befizet\u00e9se.<br><\/p>\n\n\n\n<p class=\"has-medium-font-size\"><strong>A vizsga jelentkez\u00e9s lemond\u00e1s\u00e1nak felt\u00e9telei<\/strong><\/p>\n\n\n\n<p>A jelentkez\u0151 k\u00f6teles \u00e9rtes\u00edteni a Kamar\u00e1t, amennyiben a vizsg\u00e1n nem tud r\u00e9szt venni. Az err\u0151l sz\u00f3l\u00f3 \u00e9rtes\u00edt\u00e9st az <a href=\"mailto:flr@mmk.hu\"><strong>flr@mmk.hu<\/strong><\/a> email c\u00edmre k\u00e9rj\u00fck megk\u00fcldeni, <strong>a lev\u00e9l t\u00e1rgy\u00e1ban adja meg: <\/strong>vizsga lemond\u00e1s, n\u00e9v, kamarai azonos\u00edt\u00f3.<\/p>\n\n\n\n<p>Amennyiben a jelentkez\u0151 <strong>legk\u00e9s\u0151bb a vizsga napj\u00e1t megel\u0151z\u0151 m\u00e1sodik munkanapig<\/strong> nem tesz eleget \u00e9rtes\u00edt\u00e9si k\u00f6telezetts\u00e9g\u00e9nek, akkor a befizetett d\u00edj \u00f6sszeg\u00e9re nem tarthat ig\u00e9nyt, illetve k\u00f6vetkez\u0151 id\u0151pontban megtartand\u00f3 vizsg\u00e1n a d\u00edj ism\u00e9telt befizet\u00e9se ut\u00e1n vehet r\u00e9szt.<br><br><\/p>\n\n\n\n<p>Amennyiben k\u00e9rd\u00e9se lenne, k\u00e9rj\u00fck forduljon hozz\u00e1nk e-mailben az <a href=\"mailto:flr@mmk.hu\"><strong>flr@mmk.hu<\/strong><\/a> c\u00edmen (<strong>a lev\u00e9l t\u00e1rgy\u00e1ban adja meg<\/strong>: vizsga \u00e9rdekl\u0151d\u00e9s, n\u00e9v, kamarai sz\u00e1m), vagy keressen minket telefonon \u00fcgyf\u00e9lfogad\u00e1si id\u0151ben a +361\/455-7080\/110 sz\u00e1mon.<\/p>\n\n\n\n<p>Telefonos \u00fcgyf\u00e9lfogad\u00e1s: h\u00e9tf\u0151, szerda: 9:00-12:00, kedd-cs\u00fct\u00f6rt\u00f6k 13:00-16:00. Szem\u00e9lyes \u00fcgyint\u00e9z\u00e9sre el\u0151zetes id\u0151pontegyeztet\u00e9s alapj\u00e1n van lehet\u0151s\u00e9g.<\/p>\n","protected":false},"excerpt":{"rendered":"<p>T\u00c1J\u00c9KOZTAT\u00d3a fel\u00fclvizsg\u00e1l\u00f3knak szervezett k\u00f6telez\u0151 k\u00e9pz\u00e9st z\u00e1r\u00f3 vizsg\u00e1r\u00f3l Az energiahat\u00e9konys\u00e1gr\u00f3l sz\u00f3l\u00f3 2015. \u00e9vi LVII. t\u00f6rv\u00e9ny (Ehat.) 43\/B. \u00a7. \u00e9rtelm\u00e9ben az energetikai fel\u00fclvizsg\u00e1l\u00f3k tov\u00e1bbk\u00e9pz\u00e9si \u00e9s vizsg\u00e1ztat\u00e1si feladatait a Magyar M\u00e9rn\u00f6ki Kamara l\u00e1tja el. Figyelemmel a t\u00f6rv\u00e9nyi k\u00f6telezetts\u00e9g\u00fcnkre az energetikai fel\u00fclvizsg\u00e1l\u00f3 \u00e1ltal teljes\u00edtend\u0151 k\u00e9pz\u00e9si, tov\u00e1bbk\u00e9pz\u00e9si \u00e9s vizsgak\u00f6telezetts\u00e9gek tartalm\u00e1r\u00f3l \u00e9s elj\u00e1r\u00e1srendj\u00e9r\u0151l szab\u00e1lyzatot k\u00e9sz\u00edtett\u00fcnk, amely el\u00e9rhet\u0151 az al\u00e1bbi linken. A [&hellip;]<\/p>\n","protected":false},"author":4,"featured_media":0,"parent":0,"menu_order":0,"comment_status":"closed","ping_status":"closed","template":"page-templates\/page_fullwidth.php","meta":{"footnotes":""},"class_list":["post-10","page","type-page","status-publish","hentry"],"_links":{"self":[{"href":"https:\/\/mernokvagyok.hu\/flr\/wp-json\/wp\/v2\/pages\/10","targetHints":{"allow":["GET"]}}],"collection":[{"href":"https:\/\/mernokvagyok.hu\/flr\/wp-json\/wp\/v2\/pages"}],"about":[{"href":"https:\/\/mernokvagyok.hu\/flr\/wp-json\/wp\/v2\/types\/page"}],"author":[{"embeddable":true,"href":"https:\/\/mernokvagyok.hu\/flr\/wp-json\/wp\/v2\/users\/4"}],"replies":[{"embeddable":true,"href":"https:\/\/mernokvagyok.hu\/flr\/wp-json\/wp\/v2\/comments?post=10"}],"version-history":[{"count":28,"href":"https:\/\/mernokvagyok.hu\/flr\/wp-json\/wp\/v2\/pages\/10\/revisions"}],"predecessor-version":[{"id":531,"href":"https:\/\/mernokvagyok.hu\/flr\/wp-json\/wp\/v2\/pages\/10\/revisions\/531"}],"wp:attachment":[{"href":"https:\/\/mernokvagyok.hu\/flr\/wp-json\/wp\/v2\/media?parent=10"}],"curies":[{"name":"wp","href":"https:\/\/api.w.org\/{rel}","templated":true}]}}