{"id":89,"date":"2021-01-13T20:34:24","date_gmt":"2021-01-13T20:34:24","guid":{"rendered":"https:\/\/mernokvagyok.hu\/epitesi\/?page_id=89"},"modified":"2021-04-24T14:01:13","modified_gmt":"2021-04-24T14:01:13","slug":"egyeb-szakmai-kiadvanyok-elerhetosege","status":"publish","type":"page","link":"https:\/\/mernokvagyok.hu\/epitesi\/egyeb-szakmai-kiadvanyok-elerhetosege\/","title":{"rendered":"Egy\u00e9b szakmai kiadv\u00e1nyok el\u00e9rhet\u0151s\u00e9ge"},"content":{"rendered":"<p><strong>Min\u0151s\u00edtett Magyar \u00c9p\u00fcletek, Adatb\u00e1zis\u00a0 <\/strong><a href=\"https:\/\/mernokvagyok.hu\/epitesi\/wp-content\/uploads\/2021\/04\/Min\u0151s\u00edtett-Magyar-\u00c9p\u00fcletek-Adatb\u00e1zis.pdf\" target=\"_blank\" rel=\"noopener noreferrer\">link<\/a><\/p>\n","protected":false},"excerpt":{"rendered":"<p>Min\u0151s\u00edtett Magyar \u00c9p\u00fcletek, Adatb\u00e1zis\u00a0 link<\/p>\n","protected":false},"author":871,"featured_media":0,"parent":0,"menu_order":0,"comment_status":"closed","ping_status":"closed","template":"","meta":{"footnotes":""},"class_list":["post-89","page","type-page","status-publish","hentry"],"_links":{"self":[{"href":"https:\/\/mernokvagyok.hu\/epitesi\/wp-json\/wp\/v2\/pages\/89","targetHints":{"allow":["GET"]}}],"collection":[{"href":"https:\/\/mernokvagyok.hu\/epitesi\/wp-json\/wp\/v2\/pages"}],"about":[{"href":"https:\/\/mernokvagyok.hu\/epitesi\/wp-json\/wp\/v2\/types\/page"}],"author":[{"embeddable":true,"href":"https:\/\/mernokvagyok.hu\/epitesi\/wp-json\/wp\/v2\/users\/871"}],"replies":[{"embeddable":true,"href":"https:\/\/mernokvagyok.hu\/epitesi\/wp-json\/wp\/v2\/comments?post=89"}],"version-history":[{"count":4,"href":"https:\/\/mernokvagyok.hu\/epitesi\/wp-json\/wp\/v2\/pages\/89\/revisions"}],"predecessor-version":[{"id":1053,"href":"https:\/\/mernokvagyok.hu\/epitesi\/wp-json\/wp\/v2\/pages\/89\/revisions\/1053"}],"wp:attachment":[{"href":"https:\/\/mernokvagyok.hu\/epitesi\/wp-json\/wp\/v2\/media?parent=89"}],"curies":[{"name":"wp","href":"https:\/\/api.w.org\/{rel}","templated":true}]}}