{"id":88,"date":"2021-01-13T20:34:24","date_gmt":"2021-01-13T20:34:24","guid":{"rendered":"https:\/\/mernokvagyok.hu\/epitesi\/?page_id=88"},"modified":"2021-03-28T18:00:40","modified_gmt":"2021-03-28T18:00:40","slug":"hasznos-linkek","status":"publish","type":"page","link":"https:\/\/mernokvagyok.hu\/epitesi\/hasznos-linkek\/","title":{"rendered":"Hasznos inform\u00e1ci\u00f3k"},"content":{"rendered":"\n<p><strong>El\u00e9rhet\u0151s\u00e9gek<\/strong><\/p>\n\n\n\n<p><br>Orsz\u00e1ggy\u0171l\u00e9s <a rel=\"noreferrer noopener\" href=\"http:\/\/www.parlament.hu\" target=\"_blank\">www.parlament.hu<\/a><br>Korm\u00e1nyport\u00e1l <a rel=\"noreferrer noopener\" href=\"http:\/\/www.kormany.hu\" target=\"_blank\">www.kormany.hu<\/a><br>Igazs\u00e1g\u00fcgyi Miniszt\u00e9rium <a rel=\"noreferrer noopener\" href=\"http:\/\/www.kormany.hu\/hu\/igazsagugyi-miniszterium\" target=\"_blank\">www.kormany.hu\/hu\/igazsagugyi-miniszterium<\/a><br>Bel\u00fcgyminiszt\u00e9rium <a rel=\"noreferrer noopener\" href=\"http:\/\/www.kormany.hu\/hu\/belugyminiszterium\" target=\"_blank\">www.kormany.hu\/hu\/belugyminiszterium<\/a><br>Alkotm\u00e1nyb\u00edr\u00f3s\u00e1g <a rel=\"noreferrer noopener\" href=\"http:\/\/www.alkotmanybirosag.hu\" target=\"_blank\">www.alkotmanybirosag.hu<\/a><br>Nemzeti Ad\u00f3- \u00e9s V\u00e1mhivatal <a rel=\"noreferrer noopener\" href=\"http:\/\/www.nav.gov.hu\" target=\"_blank\">www.nav.gov.hu<\/a><br>\u00c1llami Sz\u00e1mvev\u0151sz\u00e9k <a rel=\"noreferrer noopener\" href=\"http:\/\/www.asz.hu\" target=\"_blank\">www.asz.hu<\/a><br>Magyar Szabv\u00e1ny\u00fcgyi Test\u00fclet <a rel=\"noreferrer noopener\" href=\"http:\/\/www.mszt.hu\" target=\"_blank\">www.mszt.hu<\/a><br>Magyar K\u00f6zl\u00f6ny Lap- \u00e9s K\u00f6nyvkiad\u00f3 <a rel=\"noreferrer noopener\" href=\"http:\/\/www.kozlonykiado.hu\" target=\"_blank\">www.kozlonykiado.hu<\/a><br>Jogi oldalak gy\u0171jt\u0151helye <a rel=\"noreferrer noopener\" href=\"http:\/\/www.jog.lap.hu\" target=\"_blank\">www.jog.lap.hu<\/a><br>Eur\u00f3pai Uni\u00f3 <a rel=\"noreferrer noopener\" href=\"http:\/\/www.europa.eu\/index_hu.htm\" target=\"_blank\">www.europa.eu\/index_hu.htm<\/a><br>Teljes\u00edt\u00e9sigazol\u00e1si Szak\u00e9rt\u0151i Test\u00fclet <a rel=\"noreferrer noopener\" href=\"http:\/\/www.mkik.hu\" target=\"_blank\">www.mkik.hu<\/a><br>E-besz\u00e1mol\u00f3: <a rel=\"noreferrer noopener\" href=\"http:\/\/e-beszamolo.im.gov.hu\/oldal\/kezdolap\" target=\"_blank\">http:\/\/e-beszamolo.im.gov.hu\/oldal\/kezdolap<\/a><br>Egy\u00e9ni v\u00e1llalkoz\u00f3k lek\u00e9rdez\u00e9s: <a rel=\"noreferrer noopener\" href=\"https:\/\/www.nyilvantarto.hu\/evny-lekerdezo\/\" target=\"_blank\">https:\/\/www.nyilvantarto.hu\/evny-lekerdezo\/<\/a><br>NAV k\u00f6ztartoz\u00e1s-mentes adatb\u00e1zis:<a rel=\"noreferrer noopener\" href=\"https:\/\/nav.gov.hu\/nav\/adatbazisok\" target=\"_blank\"> https:\/\/nav.gov.hu\/nav\/adatbazisok\/koztartozasmentes\/egyszeru_lekerdezes<\/a><br>E-c\u00e9gjegyz\u00e9k: <a rel=\"noreferrer noopener\" href=\"https:\/\/www.e-cegjegyzek.hu\/\" target=\"_blank\">https:\/\/www.e-cegjegyzek.hu\/<\/a><br>\u00dcgyf\u00e9lkapu: <a rel=\"noreferrer noopener\" href=\"https:\/\/ugyfelkapu.magyarorszag.hu\/\" target=\"_blank\">https:\/\/ugyfelkapu.magyarorszag.hu\/<\/a><br>Rendezett munka\u00fcgyi kapcsolatok:<a rel=\"noreferrer noopener\" href=\"http:\/\/www.ommf.gov.hu\/index.html?akt_menu=191\" target=\"_blank\"> http:\/\/www.ommf.gov.hu\/index.html?akt_menu=191<\/a><br>K\u00f6zbeszerz\u00e9s: <a rel=\"noreferrer noopener\" href=\"https:\/\/www.kozbeszerzes.hu\/\" target=\"_blank\">https:\/\/www.kozbeszerzes.hu\/<\/a><br>K\u00f6lts\u00e9gn\u00f6vekm\u00e9ny t\u00e1mogathat\u00f3s\u00e1ga: <a rel=\"noreferrer noopener\" href=\"https:\/\/net.jogtar.hu\/jogszabaly?docid=A1700017.KOR\" target=\"_blank\">https:\/\/net.jogtar.hu\/jogszabaly?docid=A1700017.KOR<\/a><br>MVH: <a rel=\"noreferrer noopener\" href=\"https:\/\/www.mvh.allamkincstar.gov.hu\/\" target=\"_blank\">https:\/\/www.mvh.allamkincstar.gov.hu\/<\/a><br>IFKA: <a rel=\"noreferrer noopener\" href=\"https:\/\/ifka.hu\/\" target=\"_blank\">https:\/\/ifka.hu\/<\/a><br>NKFIH: <a rel=\"noreferrer noopener\" href=\"https:\/\/nkfih.gov.hu\/\" target=\"_blank\">https:\/\/nkfih.gov.hu\/<\/a><br>Ginop.hu: <a rel=\"noreferrer noopener\" href=\"https:\/\/www.ginop.hu\/\" target=\"_blank\">https:\/\/www.ginop.hu\/<\/a><br>Gazdas\u00e1gfejleszt\u00e9s: <a rel=\"noreferrer noopener\" href=\"http:\/\/gazdasagfejlesztes.gov.hu\/\" target=\"_blank\">http:\/\/gazdasagfejlesztes.gov.hu\/<\/a><br>Korm\u00e1ny: h<a rel=\"noreferrer noopener\" href=\"\/\/www.kormany.hu\/hu\" target=\"_blank\">ttp:\/\/www.kormany.hu\/hu<\/a><br>NFSI: <a rel=\"noreferrer noopener\" href=\"http:\/\/www.nfsi.hu\/\" target=\"_blank\">http:\/\/www.nfsi.hu\/<\/a><br>MFB: <a rel=\"noreferrer noopener\" href=\"https:\/\/www.mfb.hu\/mfb-pont-kereso\" target=\"_blank\">https:\/\/www.mfb.hu\/mfb-pont-kereso<\/a><\/p>\n","protected":false},"excerpt":{"rendered":"<p>El\u00e9rhet\u0151s\u00e9gek Orsz\u00e1ggy\u0171l\u00e9s www.parlament.huKorm\u00e1nyport\u00e1l www.kormany.huIgazs\u00e1g\u00fcgyi Miniszt\u00e9rium www.kormany.hu\/hu\/igazsagugyi-miniszteriumBel\u00fcgyminiszt\u00e9rium www.kormany.hu\/hu\/belugyminiszteriumAlkotm\u00e1nyb\u00edr\u00f3s\u00e1g www.alkotmanybirosag.huNemzeti Ad\u00f3- \u00e9s V\u00e1mhivatal www.nav.gov.hu\u00c1llami Sz\u00e1mvev\u0151sz\u00e9k www.asz.huMagyar Szabv\u00e1ny\u00fcgyi Test\u00fclet www.mszt.huMagyar K\u00f6zl\u00f6ny Lap- \u00e9s K\u00f6nyvkiad\u00f3 www.kozlonykiado.huJogi oldalak gy\u0171jt\u0151helye www.jog.lap.huEur\u00f3pai Uni\u00f3 www.europa.eu\/index_hu.htmTeljes\u00edt\u00e9sigazol\u00e1si Szak\u00e9rt\u0151i Test\u00fclet www.mkik.huE-besz\u00e1mol\u00f3: http:\/\/e-beszamolo.im.gov.hu\/oldal\/kezdolapEgy\u00e9ni v\u00e1llalkoz\u00f3k lek\u00e9rdez\u00e9s: https:\/\/www.nyilvantarto.hu\/evny-lekerdezo\/NAV k\u00f6ztartoz\u00e1s-mentes adatb\u00e1zis: https:\/\/nav.gov.hu\/nav\/adatbazisok\/koztartozasmentes\/egyszeru_lekerdezesE-c\u00e9gjegyz\u00e9k: https:\/\/www.e-cegjegyzek.hu\/\u00dcgyf\u00e9lkapu: https:\/\/ugyfelkapu.magyarorszag.hu\/Rendezett munka\u00fcgyi kapcsolatok: http:\/\/www.ommf.gov.hu\/index.html?akt_menu=191K\u00f6zbeszerz\u00e9s: https:\/\/www.kozbeszerzes.hu\/K\u00f6lts\u00e9gn\u00f6vekm\u00e9ny t\u00e1mogathat\u00f3s\u00e1ga: https:\/\/net.jogtar.hu\/jogszabaly?docid=A1700017.KORMVH: https:\/\/www.mvh.allamkincstar.gov.hu\/IFKA: https:\/\/ifka.hu\/NKFIH: https:\/\/nkfih.gov.hu\/Ginop.hu: https:\/\/www.ginop.hu\/Gazdas\u00e1gfejleszt\u00e9s: http:\/\/gazdasagfejlesztes.gov.hu\/Korm\u00e1ny: http:\/\/www.kormany.hu\/huNFSI: http:\/\/www.nfsi.hu\/MFB: https:\/\/www.mfb.hu\/mfb-pont-kereso<\/p>\n","protected":false},"author":871,"featured_media":0,"parent":0,"menu_order":0,"comment_status":"closed","ping_status":"closed","template":"","meta":{"footnotes":""},"class_list":["post-88","page","type-page","status-publish","hentry"],"_links":{"self":[{"href":"https:\/\/mernokvagyok.hu\/epitesi\/wp-json\/wp\/v2\/pages\/88","targetHints":{"allow":["GET"]}}],"collection":[{"href":"https:\/\/mernokvagyok.hu\/epitesi\/wp-json\/wp\/v2\/pages"}],"about":[{"href":"https:\/\/mernokvagyok.hu\/epitesi\/wp-json\/wp\/v2\/types\/page"}],"author":[{"embeddable":true,"href":"https:\/\/mernokvagyok.hu\/epitesi\/wp-json\/wp\/v2\/users\/871"}],"replies":[{"embeddable":true,"href":"https:\/\/mernokvagyok.hu\/epitesi\/wp-json\/wp\/v2\/comments?post=88"}],"version-history":[{"count":17,"href":"https:\/\/mernokvagyok.hu\/epitesi\/wp-json\/wp\/v2\/pages\/88\/revisions"}],"predecessor-version":[{"id":750,"href":"https:\/\/mernokvagyok.hu\/epitesi\/wp-json\/wp\/v2\/pages\/88\/revisions\/750"}],"wp:attachment":[{"href":"https:\/\/mernokvagyok.hu\/epitesi\/wp-json\/wp\/v2\/media?parent=88"}],"curies":[{"name":"wp","href":"https:\/\/api.w.org\/{rel}","templated":true}]}}