{"id":85,"date":"2021-01-13T20:34:23","date_gmt":"2021-01-13T20:34:23","guid":{"rendered":"https:\/\/mernokvagyok.hu\/epitesi\/?page_id=85"},"modified":"2024-06-14T12:58:53","modified_gmt":"2024-06-14T12:58:53","slug":"hirek-hirlevel-hirlevel-archivum","status":"publish","type":"page","link":"https:\/\/mernokvagyok.hu\/epitesi\/hirek-hirlevel-hirlevel-archivum\/","title":{"rendered":"H\u00edrek, H\u00edrlevelek"},"content":{"rendered":"<p>\u00a0<\/p>\n<p><strong>FELH\u00cdV\u00c1S <\/strong><\/p>\n<p>Felh\u00edvjuk sz\u00edves figyelm\u00fcket, hogy az \u00c9p\u00edt\u00e9si V\u00e1llalkoz\u00f3k Orsz\u00e1gos Szaksz\u00f6vets\u00e9ge, az \u00c9p\u00edt\u00e9studom\u00e1nyi Egyes\u00fclet, mint alap\u00edt\u00f3k \u00e9s az \u00c9p\u00edt\u0151ipari Mesterd\u00edj Alap\u00edtv\u00e1ny valamint a K\u00f6zleked\u00e9studom\u00e1nyi Egyes\u00fclet, a Magyar \u00c9p\u00edt\u00e9sz Kamara, a Magyar \u00c9p\u00edt\u0151m\u0171v\u00e9szek Sz\u00f6vets\u00e9ge, a Magyar \u00c9p\u00fcletg\u00e9p\u00e9szeti Koordin\u00e1ci\u00f3s Sz\u00f6vets\u00e9g, a Magyar M\u00e9rn\u00f6ki Kamara \u00c9p\u00edt\u00e9si Tagozata, a Magyar M\u0171v\u00e9szeti Akad\u00e9mia \u00c9p\u00edt\u0151m\u0171v\u00e9szeti Tagozata, az MTF K\u00f6zm\u0171technol\u00f3gi\u00e1k\u00e9rt Egyes\u00fclet \u00e9s a Magyar \u00dat- \u00e9s Vas\u00fat\u00fcgyi T\u00e1rsas\u00e1g meghirdeti a<\/p>\n<ol start=\"2024\">\n<li><strong> \u00c9VI \u00c9P\u00cdT\u0150IPARI N\u00cdV\u00d3D\u00cdJ P\u00c1LY\u00c1ZATOT. <\/strong><\/li>\n<\/ol>\n<p>T\u00f6bb kateg\u00f3ri\u00e1ba sorolhat\u00f3 \u00e9p\u00edtm\u00e9nnyel lehet p\u00e1ly\u00e1zni. Ezek: t\u00f6bblak\u00e1sos lak\u00f3\u00e9p\u00fclet, k\u00f6z\u00e9p\u00fclet (iroda\u00e9p\u00fclet, kereskedelmi \u00e9s vend\u00e9gl\u00e1t\u00f3 \u00e9p\u00edtm\u00e9ny, sport- \u00e9s szabadid\u0151s \u00e9p\u00edtm\u00e9ny, eg\u00e9szs\u00e9g\u00fcgyi \u00e9s egy\u00e9b \u00e9p\u00edtm\u00e9ny) ipari \u00e9s energetikai \u00e9p\u00edtm\u00e9ny, mez\u0151gazdas\u00e1gi \u00e9p\u00edtm\u00e9ny, m\u0171eml\u00e9k helyre\u00e1ll\u00edt\u00e1s, \u00e9p\u00edtm\u00e9ny rehabilit\u00e1ci\u00f3, k\u00f6zleked\u00e9si l\u00e9tes\u00edtm\u00e9ny, komplex infrastruktur\u00e1lis l\u00e9tes\u00edtm\u00e9ny, k\u00f6rnyezetv\u00e9delmi \u00e9s v\u00edz\u00fcgyi l\u00e9tes\u00edtm\u00e9ny.<\/p>\n<p><strong>R\u00e9szletes t\u00e1j\u00e9koztat\u00e1s \u00e9s let\u00f6lthet\u0151 jelentkez\u00e9si lap az \u00c9p\u00edt\u0151ipari Mesterd\u00edj Alap\u00edtv\u00e1ny honlapj\u00e1n (<\/strong><a href=\"http:\/\/www.mesterdij.hu\" target=\"_blank\" rel=\"noopener\"><strong>www.mesterdij.hu<\/strong><\/a><strong>) a \u201eN\u00edv\u00f3d\u00edjr\u00f3l\u201d rovatban <\/strong><\/p>\n<p><strong>Telefonon: 06-30-525-1300 <\/strong>(Hollai P\u00e1l)<\/p>\n<p><strong>06-30-584-2299 (<\/strong>B\u00fckk\u00f6si Raymond)<\/p>\n<p><strong>E-mail: <\/strong><a href=\"mailto:mesterdij@mesterdij.hu\" target=\"_blank\" rel=\"noopener\"><strong>mesterdij@mesterdij.hu <\/strong><\/a><\/p>\n<p><strong>Bead\u00e1si hat\u00e1rid\u0151<\/strong>: <strong>2024. szeptember 13-\u00e1n, p\u00e9ntek 16 \u00f3ra<\/strong>.<\/p>\n<p>Budapest, 2024. m\u00e1jus 27.<\/p>\n<p>W\u00e9ber L\u00e1szl\u00f3<\/p>\n<p>az \u00c9p\u00edt\u0151ipari Mesterd\u00edj Alap\u00edtv\u00e1ny <a href=\"https:\/\/mernokvagyok.hu\/epitesi\/wp-content\/uploads\/2024\/06\/JELENTKEZESI-LAP-ADATLAP-ES-KOTELEZO-MELLEKLETEK-EPITOIPARI-NIVODIJ-2024.pdf\" target=\"_blank\" rel=\"noopener\">Kurat\u00f3rium\u00e1nak<\/a><\/p>\n<p>eln\u00f6ke<\/p>\n<p>Felh\u00edv\u00e1s a 2024. \u00e9vi \u00c9p\u00edt\u0151ipari N\u00edv\u00f3d\u00edj p\u00e1ly\u00e1zatra <a href=\"https:\/\/mernokvagyok.hu\/epitesi\/wp-content\/uploads\/2024\/06\/FELHIVAS-A-2024-EVI-EPITOIPARI-NIVODIJ-PALYAZATRA.pdf\" target=\"_blank\" rel=\"noopener\">Link<\/a><br \/>Jelentkez\u00e9si lap, adatlap \u00e9s k\u00f6telez\u0151 mell\u00e9kletek, \u00c9p\u00edt\u0151ipari N\u00edv\u00f3d\u00edj 2024 <a href=\"https:\/\/mernokvagyok.hu\/epitesi\/wp-content\/uploads\/2024\/06\/JELENTKEZESI-LAP-ADATLAP-ES-KOTELEZO-MELLEKLETEK-EPITOIPARI-NIVODIJ-2024.pdf\" target=\"_blank\" rel=\"noopener\">Link<\/a><br \/>K\u00f6telez\u0151en kit\u00f6ltend\u0151 excel t\u00e1bla <a href=\"https:\/\/mernokvagyok.hu\/epitesi\/wp-content\/uploads\/2024\/06\/KOTELEZOEN-KITOLTENDO-EXCEL-TABLA.xlsx\" target=\"_blank\" rel=\"noopener\">Link<\/a><br \/>Kieg\u00e9sz\u00edt\u0151 magyar\u00e1zat <a href=\"https:\/\/mernokvagyok.hu\/epitesi\/wp-content\/uploads\/2024\/06\/KIEGESZITO-MAGYARAZAT-EPITOIPARI-NIVODIJ-2024.pdf\" target=\"_blank\" rel=\"noopener\">Link<\/a><\/p>\n<p>\u00a0<\/p>\n<p><b>Kihirdett\u00e9k \u00e9s meg\u00fcnnepelt\u00e9k a 2023. \u00e9vi \u00c9V Irod\u00e1ja verseny gy\u0151zteseit<\/b> <a href=\"https:\/\/azevirodaja.hu\/verseny\/2022?utm_source=Az+%C3%89v+Irod%C3%A1ja+%2F+ingatlan.com+rendezv%C3%A9ny+%C3%BCzlet%C3%A1g&amp;utm_campaign=9859a81685-EMAIL_CAMPAIGN_2021_11_11_01_49_COPY_01&amp;utm_medium=email&amp;utm_term=0_879b6739c3-9859a81685-143684133&amp;mc_cid=9859a81685&amp;mc_eid=60ca31b5bb\" target=\"_blank\" rel=\"noopener\">Link<\/a>\u00a0<\/p>\n<p>Interj\u00fa L\u00e1nszki Reg\u0151vel \u00e9p\u00edt\u00e9szeti \u00e1llamtitk\u00e1rral, az \u00faj orsz\u00e1gos f\u0151\u00e9p\u00edt\u00e9sszel: <a href=\"https:\/\/epiteszforum.us4.list-manage.com\/track\/click?u=8e7b5b1f5e0ed71ee08a2b8ac&amp;id=ba84f5daac&amp;e=dc528ab49d\" target=\"_blank\" rel=\"noopener\">Link<\/a><\/p>\n<p>\u00a0<\/p>\n<p>A 2022. \u00e9vi \u00c9p\u00edt\u0151k Napj\u00e1n a Magyar M\u00e9rn\u00f6ki Kamara k\u00e9pviselet\u00e9ben Zsigmondi Andr\u00e1s besz\u00e9de: <a href=\"https:\/\/mernokvagyok.hu\/epitesi\/wp-content\/uploads\/2022\/06\/epitok_napja_2022.mp4\" target=\"_blank\" rel=\"noopener\">Link<\/a><\/p>\n<hr \/>\n<p><strong>T\u00e1j\u00e9koztat\u00f3 az MMK k\u00fcld\u00f6ttgy\u0171l\u00e9s\u00e9r\u0151l, ahol elfogad\u00e1sra ker\u00fclt az MMK \u00faj Alapszab\u00e1lya,<\/strong> Kiss Jen\u0151 cikke <a href=\"https:\/\/mernokvagyok.hu\/epitesi\/wp-content\/uploads\/2021\/12\/E-L-F-O-G-A-D-T-U-K-A-Z-U-J-A-L-A-P-S-Z-A-B-A-L-Y-U-N-K-A-T-2.pdf\" target=\"_blank\" rel=\"noopener\">link<\/a><\/p>\n<p><strong>Egy k\u00fcl\u00f6nleges h\u00edd K\u00edn\u00e1b\u00f3l.<\/strong> <a href=\"https:\/\/mernokvagyok.hu\/epitesi\/wp-content\/uploads\/2021\/06\/Egy-kulonleges-hid-Kinabol-VID-20210305-WA0000.mp4\" target=\"_blank\" rel=\"noopener\">Link<\/a><\/p>\n<p><strong>\u00c9VOSZ felm\u00e9r\u00e9s<\/strong>: Hol tart \u00e9s hova juthat 2021-ben a magyar \u00e9p\u00edt\u0151ipar?<br \/><a href=\"https:\/\/mernokvagyok.hu\/epitesi\/wp-content\/uploads\/2021\/05\/Hol-tart-\u00e9s-hova-juthat-2021-ben-a-magyar-\u00e9p\u00edt\u0151ipar.pdf\" target=\"_blank\" rel=\"noopener noreferrer\">Link<\/a><\/p>\n\n\n<p><\/p>\n","protected":false},"excerpt":{"rendered":"<p>\u00a0 FELH\u00cdV\u00c1S Felh\u00edvjuk sz\u00edves figyelm\u00fcket, hogy az \u00c9p\u00edt\u00e9si V\u00e1llalkoz\u00f3k Orsz\u00e1gos Szaksz\u00f6vets\u00e9ge, az \u00c9p\u00edt\u00e9studom\u00e1nyi Egyes\u00fclet, mint alap\u00edt\u00f3k \u00e9s az \u00c9p\u00edt\u0151ipari Mesterd\u00edj Alap\u00edtv\u00e1ny valamint a K\u00f6zleked\u00e9studom\u00e1nyi Egyes\u00fclet, a Magyar \u00c9p\u00edt\u00e9sz Kamara, a Magyar \u00c9p\u00edt\u0151m\u0171v\u00e9szek Sz\u00f6vets\u00e9ge, a Magyar \u00c9p\u00fcletg\u00e9p\u00e9szeti Koordin\u00e1ci\u00f3s Sz\u00f6vets\u00e9g, a Magyar M\u00e9rn\u00f6ki Kamara \u00c9p\u00edt\u00e9si Tagozata, a Magyar M\u0171v\u00e9szeti Akad\u00e9mia \u00c9p\u00edt\u0151m\u0171v\u00e9szeti Tagozata, az MTF K\u00f6zm\u0171technol\u00f3gi\u00e1k\u00e9rt Egyes\u00fclet \u00e9s [&hellip;]<\/p>\n","protected":false},"author":871,"featured_media":0,"parent":0,"menu_order":0,"comment_status":"closed","ping_status":"closed","template":"","meta":{"footnotes":""},"class_list":["post-85","page","type-page","status-publish","hentry"],"_links":{"self":[{"href":"https:\/\/mernokvagyok.hu\/epitesi\/wp-json\/wp\/v2\/pages\/85","targetHints":{"allow":["GET"]}}],"collection":[{"href":"https:\/\/mernokvagyok.hu\/epitesi\/wp-json\/wp\/v2\/pages"}],"about":[{"href":"https:\/\/mernokvagyok.hu\/epitesi\/wp-json\/wp\/v2\/types\/page"}],"author":[{"embeddable":true,"href":"https:\/\/mernokvagyok.hu\/epitesi\/wp-json\/wp\/v2\/users\/871"}],"replies":[{"embeddable":true,"href":"https:\/\/mernokvagyok.hu\/epitesi\/wp-json\/wp\/v2\/comments?post=85"}],"version-history":[{"count":57,"href":"https:\/\/mernokvagyok.hu\/epitesi\/wp-json\/wp\/v2\/pages\/85\/revisions"}],"predecessor-version":[{"id":2335,"href":"https:\/\/mernokvagyok.hu\/epitesi\/wp-json\/wp\/v2\/pages\/85\/revisions\/2335"}],"wp:attachment":[{"href":"https:\/\/mernokvagyok.hu\/epitesi\/wp-json\/wp\/v2\/media?parent=85"}],"curies":[{"name":"wp","href":"https:\/\/api.w.org\/{rel}","templated":true}]}}