{"id":84,"date":"2021-01-13T20:34:23","date_gmt":"2021-01-13T20:34:23","guid":{"rendered":"https:\/\/mernokvagyok.hu\/epitesi\/?page_id=84"},"modified":"2021-10-12T06:48:46","modified_gmt":"2021-10-12T06:48:46","slug":"forum","status":"publish","type":"page","link":"https:\/\/mernokvagyok.hu\/epitesi\/forum\/","title":{"rendered":"F\u00f3rum"},"content":{"rendered":"<p><em>A Magyar \u00c9p\u00edt\u00e9sz Kamara \u201eMagyar \u00c9p\u00edt\u00e9szet 10 \u2013 20\u201d c\u00edmmel nagyon tartalmas \u00e9s sz\u00e9p kiadv\u00e1nyt k\u00e9sz\u00edtett a 2010 \u2013 2020. k\u00f6z\u00f6tti id\u0151szakban megval\u00f3sult \u00e9p\u00fcletekr\u0151l. A csaknem 500 (!) oldalas \u00f6ssze\u00e1ll\u00edt\u00e1s valamennyi \u00e9p\u00fclett\u00edpusra kiterjed\u0151en mutat \u00e1tfog\u00f3 k\u00e9pet \u2212 hat\u00e1ron innen \u00e9s t\u00fal \u2212 a kort\u00e1rs magyar \u00e9p\u00edt\u00e9szeti alkot\u00e1sokr\u00f3l \u00e9s alkot\u00f3kr\u00f3l. \u00dagy v\u00e9lj\u00fck, hogy az online form\u00e1ban el\u00e9rhet\u0151 k\u00f6tetet \u00e9rdemes megismernie a hazai \u00e9p\u00edt\u00e9si szakembereknek \u2013 egy\u00e9rtelm\u0171en van mire b\u00fcszk\u00e9nek lennie tervez\u0151nek \u00e9s kivitelez\u0151nek egyar\u00e1nt.<\/em><\/p>\n<p><em>A k\u00f6tet a M\u00c9K honlapj\u00e1n kereszt\u00fcl nyithat\u00f3 meg a k\u00f6vetkez\u0151 el\u00e9r\u00e9si \u00faton: <a href=\"https:\/\/mek.hu\/index.php?menu=magyar_epiteszet_10_20\" target=\"_blank\" rel=\"noopener\" data-saferedirecturl=\"https:\/\/www.google.com\/url?q=https:\/\/mek.hu\/index.php?menu%3Dmagyar_epiteszet_10_20&amp;source=gmail&amp;ust=1634107526190000&amp;usg=AFQjCNGBwbwtBVse3W4nIHJtOS5ChPnT5A\">https:\/\/mek.hu\/index.php?menu=magyar_epiteszet_10_20<\/a> , ahol a lap alj\u00e1ra klikkelve ny\u00edlik meg lapozhat\u00f3 form\u00e1ban a k\u00f6nyv.<\/em><\/p>\n<p><a href=\"https:\/\/wmn.hu\/wmn-pwr\/53777-lazado-mernoklanyok--akik-szamok-es-tervek-segitsegevel-forgatjak-fel-a-vilagot?fbclid=IwAR0jSYFvE8GvEpFR3olHWOQvccWColM9jkq5hc0_86DDCH6-GdLTNs4n2pQ\" target=\"_blank\" rel=\"noopener noreferrer\">M\u00e9rn\u00f6kl\u00e1nyok<\/a><\/p>\n","protected":false},"excerpt":{"rendered":"<p>A Magyar \u00c9p\u00edt\u00e9sz Kamara \u201eMagyar \u00c9p\u00edt\u00e9szet 10 \u2013 20\u201d c\u00edmmel nagyon tartalmas \u00e9s sz\u00e9p kiadv\u00e1nyt k\u00e9sz\u00edtett a 2010 \u2013 2020. k\u00f6z\u00f6tti id\u0151szakban megval\u00f3sult \u00e9p\u00fcletekr\u0151l. A csaknem 500 (!) oldalas \u00f6ssze\u00e1ll\u00edt\u00e1s valamennyi \u00e9p\u00fclett\u00edpusra kiterjed\u0151en mutat \u00e1tfog\u00f3 k\u00e9pet \u2212 hat\u00e1ron innen \u00e9s t\u00fal \u2212 a kort\u00e1rs magyar \u00e9p\u00edt\u00e9szeti alkot\u00e1sokr\u00f3l \u00e9s alkot\u00f3kr\u00f3l. \u00dagy v\u00e9lj\u00fck, hogy az online form\u00e1ban [&hellip;]<\/p>\n","protected":false},"author":871,"featured_media":0,"parent":0,"menu_order":0,"comment_status":"closed","ping_status":"closed","template":"","meta":{"footnotes":""},"class_list":["post-84","page","type-page","status-publish","hentry"],"_links":{"self":[{"href":"https:\/\/mernokvagyok.hu\/epitesi\/wp-json\/wp\/v2\/pages\/84","targetHints":{"allow":["GET"]}}],"collection":[{"href":"https:\/\/mernokvagyok.hu\/epitesi\/wp-json\/wp\/v2\/pages"}],"about":[{"href":"https:\/\/mernokvagyok.hu\/epitesi\/wp-json\/wp\/v2\/types\/page"}],"author":[{"embeddable":true,"href":"https:\/\/mernokvagyok.hu\/epitesi\/wp-json\/wp\/v2\/users\/871"}],"replies":[{"embeddable":true,"href":"https:\/\/mernokvagyok.hu\/epitesi\/wp-json\/wp\/v2\/comments?post=84"}],"version-history":[{"count":6,"href":"https:\/\/mernokvagyok.hu\/epitesi\/wp-json\/wp\/v2\/pages\/84\/revisions"}],"predecessor-version":[{"id":1319,"href":"https:\/\/mernokvagyok.hu\/epitesi\/wp-json\/wp\/v2\/pages\/84\/revisions\/1319"}],"wp:attachment":[{"href":"https:\/\/mernokvagyok.hu\/epitesi\/wp-json\/wp\/v2\/media?parent=84"}],"curies":[{"name":"wp","href":"https:\/\/api.w.org\/{rel}","templated":true}]}}