{"id":83,"date":"2021-01-13T20:34:23","date_gmt":"2021-01-13T20:34:23","guid":{"rendered":"https:\/\/mernokvagyok.hu\/epitesi\/?page_id=83"},"modified":"2021-06-04T05:44:53","modified_gmt":"2021-06-04T05:44:53","slug":"szakagi-egyetemek-kozepiskolak-elerhetosege","status":"publish","type":"page","link":"https:\/\/mernokvagyok.hu\/epitesi\/szakagi-egyetemek-kozepiskolak-elerhetosege\/","title":{"rendered":"Szak\u00e1gi egyetemek, k\u00f6z\u00e9piskol\u00e1k el\u00e9rhet\u0151s\u00e9ge"},"content":{"rendered":"<h4 style=\"text-align: justify\">Magyarorsz\u00e1gi Egyetemek \u00c9p\u00edt\u00e9ssel Foglalkoz\u00f3 Karai<\/h4>\n<hr \/>\n<p style=\"text-align: justify\"><strong>Budapesti M\u0171szaki \u00e9s Gazdas\u00e1gtudom\u00e1nyi Egyetem,<\/strong>(<a href=\"http:\/\/bme.hu\" target=\"_blank\" rel=\"noopener noreferrer\">http:\/\/bme.hu<\/a>)<\/p>\n<ul style=\"text-align: justify\">\n<li>\u00c9p\u00edt\u0151m\u00e9rn\u00f6ki Kar (\u00c9MK); (<a href=\"http:\/\/epito.bme.hu\" target=\"_blank\" rel=\"noopener noreferrer\">http:\/\/epito.bme.hu<\/a>)\n<div>\n<p><strong>L\u00e9gy te is \u00c9P\u00cdT\u0150M\u00c9RN\u00d6K!<\/strong><br \/>\n<a href=\"https:\/\/www.youtube.com\/watch?v=qvrxWuhjI8k\" target=\"_blank\" rel=\"noopener\" data-saferedirecturl=\"https:\/\/www.google.com\/url?q=https:\/\/www.youtube.com\/watch?v%3DqvrxWuhjI8k&amp;source=gmail&amp;ust=1622829280619000&amp;usg=AFQjCNEaFyem-UxTg4_o2KzRPDIsXTcUvg\"><b>https:\/\/www.youtube.com\/watch?v=qvrxWuhjI8k<\/b><\/a><\/p>\n<\/div>\n<div>\n<p><b>Az \u00c9p\u00edt\u0151m\u00e9rn\u00f6ki Kar t\u00e1j\u00e9koztat\u00f3 kiadv\u00e1nya \u00e9s plak\u00e1tja p\u00e1lyav\u00e1laszt\u00e1s el\u0151tt \u00e1ll\u00f3knak <\/b><br \/>\n<a href=\"https:\/\/epito.bme.hu\/sites\/default\/files\/page\/2020_karikiadvany_teljes_web_0.pdf\" target=\"_blank\" rel=\"noopener\" data-saferedirecturl=\"https:\/\/www.google.com\/url?q=https:\/\/epito.bme.hu\/sites\/default\/files\/page\/2020_karikiadvany_teljes_web_0.pdf&amp;source=gmail&amp;ust=1622829280619000&amp;usg=AFQjCNEvth1QwQTWZVwXu1ek9MzUoiEt5w\">https:\/\/epito.bme.hu\/sites\/default\/files\/page\/2020_karikiadvany_teljes_web_0.pdf<\/a><br \/>\n<a href=\"http:\/\/www.bme.hu\/sites\/default\/files\/pictures2\/BME_Mernok_Leszek_Epitomernok.jpg\" target=\"_blank\" rel=\"noopener\" data-saferedirecturl=\"https:\/\/www.google.com\/url?q=http:\/\/www.bme.hu\/sites\/default\/files\/pictures2\/BME_Mernok_Leszek_Epitomernok.jpg&amp;source=gmail&amp;ust=1622829280619000&amp;usg=AFQjCNFN9c5TzUAVFu4ATDzaPilgDeWoFQ\">http:\/\/www.bme.hu\/sites\/default\/files\/pictures2\/BME_Mernok_Leszek_Epitomernok.jpg<\/a><\/p>\n<\/div>\n<div>\n<p><b>TANULJ N\u00c1LUNK!<\/b><\/p>\n<p><a href=\"https:\/\/www.youtube.com\/watch?v=P8eyLcii0SM\" target=\"_blank\" rel=\"noopener\" data-saferedirecturl=\"https:\/\/www.google.com\/url?q=https:\/\/www.youtube.com\/watch?v%3DP8eyLcii0SM&amp;source=gmail&amp;ust=1622829280619000&amp;usg=AFQjCNEWmeObtiPcEvIRk7vl63zo9KZklg\"><b>https:\/\/www.youtube.com\/watch?v=P8eyLcii0SM<\/b><\/a><u><\/u><u><\/u><\/p>\n<p><u><\/u><u><\/u><b>GEOD\u00c9ZIA? IGEN!\u00a0<\/b><u><\/u><u><\/u><\/p>\n<p><a href=\"https:\/\/www.youtube.com\/watch?v=jxD7j39yRYo&amp;feature=youtu.be\" target=\"_blank\" rel=\"noopener\" data-saferedirecturl=\"https:\/\/www.google.com\/url?q=https:\/\/www.youtube.com\/watch?v%3DjxD7j39yRYo%26feature%3Dyoutu.be&amp;source=gmail&amp;ust=1622829280619000&amp;usg=AFQjCNGa6LakUUt0XkfPq5Fd__20tnzi3w\"><b>https:\/\/www.youtube.com\/watch?v=jxD7j39yRYo&amp;feature=youtu.be<\/b><\/a><u><\/u><u><\/u><\/p>\n<p><u><\/u><u><\/u><b>KUTATUNK MI IS!\u00a0<\/b><u><\/u><u><\/u><\/p>\n<p><a href=\"https:\/\/www.youtube.com\/watch?v=k5nUlDeNHCI&amp;feature=emb_logo&amp;ab_channel=BME%C3%89p%C3%ADt%C5%91m%C3%A9rn%C3%B6kiKar\" target=\"_blank\" rel=\"noopener\" data-saferedirecturl=\"https:\/\/www.google.com\/url?q=https:\/\/www.youtube.com\/watch?v%3Dk5nUlDeNHCI%26feature%3Demb_logo%26ab_channel%3DBME%25C3%2589p%25C3%25ADt%25C5%2591m%25C3%25A9rn%25C3%25B6kiKar&amp;source=gmail&amp;ust=1622829280619000&amp;usg=AFQjCNHLOK3YfmYC9kXvVVlgqcdllvY9TQ\"><b>https:\/\/www.youtube.com\/watch?v=k5nUlDeNHCI&amp;feature=emb_logo&amp;ab_channel=BME%C3%89p%C3%ADt%C5%91m%C3%A9rn%C3%B6kiKar<\/b><\/a><u><\/u><u><\/u><\/p>\n<p><b>B\u0151vebben az \u00c9p\u00edt\u0151m\u00e9rn\u00f6ki Kar k\u00e9pz\u00e9seir\u0151l, sz\u00f3ban \u00e9s \u00edr\u00e1sban\u00a0 \u00a0<\/b><\/p>\n<div>\n<div>\n<p>a)\u00a0<a href=\"http:\/\/epito.bme.hu\/oktatas\" target=\"_blank\" rel=\"noopener\" data-saferedirecturl=\"https:\/\/www.google.com\/url?q=http:\/\/epito.bme.hu\/oktatas&amp;source=gmail&amp;ust=1622829280619000&amp;usg=AFQjCNEWeS8YwCZt9OSDQTTlDgcO0CspEQ\">http:\/\/epito.bme.hu\/oktatas<\/a><u><\/u><u><\/u><\/p>\n<\/div>\n<div>\n<p>\u00a0b) \u00daj korszak az \u00e9p\u00edt\u0151m\u00e9rn\u00f6k-k\u00e9pz\u00e9sben \u2013 Lovas Tam\u00e1s d\u00e9k\u00e1nhelyettes el\u0151ad\u00e1sa<br \/>\n<a href=\"https:\/\/www.youtube.com\/watch?v=LBwKKi_LiZc\" target=\"_blank\" rel=\"noopener\" data-saferedirecturl=\"https:\/\/www.google.com\/url?q=https:\/\/www.youtube.com\/watch?v%3DLBwKKi_LiZc&amp;source=gmail&amp;ust=1622829280619000&amp;usg=AFQjCNGjlIfASHteY35OnMfdi40y2wwbDA\"><b>https:\/\/www.youtube.com\/watch?v=LBwKKi_LiZc<\/b><\/a><\/p>\n<\/div>\n<p><b>Az MMK \u00c9p\u00edt\u00e9si Tagozat\u00e1nak \u00e9s a BME \u00c9p\u00edt\u0151m\u00e9rn\u00f6ki Kar\u00e1nak t\u00e1j\u00e9koztat\u00f3ja szakembereknek<br \/>\n<\/b><a href=\"https:\/\/mernokvagyok.hu\/epitesi\/wp-content\/uploads\/2021\/06\/A-MAGYAR-MERNOKI-KAMARA-EPITESI-TAGOZATA-ES-A-BME-EMK-TAJEKOZTATOJA_2021.pdf\" target=\"_blank\" rel=\"noopener\">Link<\/a><b><br \/>\n<\/b><\/p>\n<\/div>\n<\/div>\n<\/li>\n<li>\u00c9p\u00edt\u00e9szm\u00e9rn\u00f6ki Kar (\u00c9PK); (<a href=\"http:\/\/epitesz.hu\" target=\"_blank\" rel=\"noopener noreferrer\">http:\/\/epitesz.hu<\/a>)<\/li>\n<\/ul>\n<hr \/>\n<p style=\"text-align: justify\"><strong>Sz\u00e9chenyi Istv\u00e1n Egyetem<\/strong> (SZE), (<a href=\"http:\/\/uni.sze.hu\" target=\"_blank\" rel=\"noopener noreferrer\">http:\/\/uni.sze.hu<\/a>)<\/p>\n<ul style=\"text-align: justify\">\n<li>\u00c9p\u00edt\u00e9sz-, \u00c9p\u00edt\u0151- \u00e9s K\u00f6zleked\u00e9sm\u00e9rn\u00f6ki Kar; (<a href=\"http:\/\/eekk.sze.hu\" target=\"_blank\" rel=\"noopener noreferrer\">http:\/\/eekk.sze.hu<\/a>)<\/li>\n<\/ul>\n<hr \/>\n<p style=\"text-align: justify\"><strong>P\u00e9csi Tudom\u00e1nyegyetem<\/strong> (<a href=\"http:\/\/pte.hu\" target=\"_blank\" rel=\"noopener noreferrer\">http:\/\/pte.hu<\/a>)<\/p>\n<ul style=\"text-align: justify\">\n<li>P\u00e9csi Tudom\u00e1nyegyetem M\u0171szaki \u00e9s Informatikai Kar (PTE MIK), (<a href=\"http:\/\/pte.hu\" target=\"_blank\" rel=\"noopener noreferrer\">http:\/\/pte.hu<\/a>, <a href=\"http:\/\/mik.pte.hu\" target=\"_blank\" rel=\"noopener noreferrer\">http:\/\/mik.pte.hu<\/a>)<\/li>\n<\/ul>\n<ol>\n<li style=\"text-align: justify\">A <strong>PTE M\u0171szaki \u00e9s Informatikai Kar<\/strong> k\u00e9pz\u00e9si palett\u00e1j\u00e1n a m\u0171szaki tudom\u00e1nyok szinte teljes sk\u00e1l\u00e1ja megmutatkozik. 2.500 hallgat\u00f3, t\u00f6bb \u00e9vtizedes tapasztalat, meg\u00faj\u00edtott \u00e9s kib\u0151v\u00edtett egyetemi campus jellemzi a MIK-et.<br \/>\n<img decoding=\"async\" src=\"https:\/\/mernokvagyok.hu\/epitesi\/wp-content\/uploads\/2021\/04\/pte.jpg\" alt=\"A k\u00e9phez tartoz\u00f3 alt jellemz\u0151 \u00fcres; pte.jpg a f\u00e1jln\u00e9v\" \/><br \/>\n<strong>A Nyolc alapk\u00e9pz\u00e9s<\/strong> lefedi a m\u0171szaki \u00e9s m\u0171v\u00e9szeti tudom\u00e1nyter\u00fcleteket az \u00e9p\u00edt\u00e9szm\u00e9rn\u00f6k, \u00e9p\u00edt\u0151m\u00e9rn\u00f6k, g\u00e9p\u00e9szm\u00e9rn\u00f6k, k\u00f6rnyezetm\u00e9rn\u00f6k, villamosm\u00e9rn\u00f6k, informatika, \u00e9p\u00edt\u0151m\u0171v\u00e9szet \u00e9s ipari formatervez\u0151 tudom\u00e1ny\u00e1gakban. A <strong>Mesterk\u00e9pz\u00e9seken<\/strong> \u00e9p\u00edt\u00e9sz, bels\u0151\u00e9p\u00edt\u00e9sz, \u00e9p\u00edt\u0151m\u0171v\u00e9sz, g\u00e9p\u00e9szm\u00e9rn\u00f6k, m\u00e9rn\u00f6kinformatikus, \u00e9p\u00edt\u0151m\u00e9rn\u00f6k \u00e9s telep\u00fcl\u00e9sm\u00e9rn\u00f6k szakter\u00fcleten folyik szakember k\u00e9pz\u00e9s, magyar \u00e9s angol nyelven.<\/li>\n<li><strong>Az EFOP 3.4.3 p\u00e1ly\u00e1zat keret\u00e9ben k\u00e9sz\u00fcltek az al\u00e1bbi im\u00e1zs filmek, melyek egyik c\u00e9lja volt a l\u00e1nyok sz\u00e1m\u00e1ra is vonz\u00f3v\u00e1 tenni a m\u0171szaki p\u00e1ly\u00e1t.<\/strong><br \/>\n<strong>Kari im\u00e1zs film:<\/strong> <a href=\"https:\/\/www.youtube.com\/watch?v=sVBAGI0ppy4\" target=\"_blank\" rel=\"noopener noreferrer\">https:\/\/www.youtube.com\/watch?v=sVBAGI0ppy4<\/a><br \/>\n<strong>Hallgat\u00f3i film:<\/strong> <a href=\"https:\/\/www.youtube.com\/watch?v=EdQB0QvuFCI\" target=\"_blank\" rel=\"noopener noreferrer\">https:\/\/www.youtube.com\/watch?v=EdQB0QvuFCI<\/a><br \/>\n<strong>\u00c9p\u00edt\u0151m\u00e9rn\u00f6k film:<\/strong> <a href=\"https:\/\/www.youtube.com\/watch?v=rKADqY3zfQY\" target=\"_blank\" rel=\"noopener noreferrer\">https:\/\/www.youtube.com\/watch?v=rKADqY3zfQY<\/a><br \/>\n<strong>\u00c9p\u00edt\u00e9szm\u00e9rn\u00f6k film:<\/strong> <a href=\"https:\/\/www.youtube.co\/watch?v=C1YVscZW7ak\" target=\"_blank\" rel=\"noopener noreferrer\">https:\/\/www.youtube.co\/watch?v=C1YVscZW7ak<\/a><\/li>\n<li><strong>Az EFOP 3.4.3 p\u00e1ly\u00e1zat keret\u00e9ben ker\u00fclt sor egy fot\u00f3-, poszter- \u00e9s vide\u00f3p\u00e1ly\u00e1zat ki\u00edr\u00e1s\u00e1ra, melyre mintegy 50 p\u00e1lyam\u0171 \u00e9rkezett be. Itt tekinthet\u0151k meg a r\u00e9szletek:<br \/>\n<\/strong><a href=\"https:\/\/mik.pte.hu\/mernoknonek-lenni-mernoknove-valni-palyazat\" target=\"_blank\" rel=\"noopener noreferrer\">https:\/\/mik.pte.hu\/mernoknonek-lenni-mernoknove-valni-palyazat<\/a><br \/>\n<img decoding=\"async\" src=\"https:\/\/mernokvagyok.hu\/epitesi\/wp-content\/uploads\/2021\/04\/nok.jpg\" alt=\"A k\u00e9phez tartoz\u00f3 alt jellemz\u0151 \u00fcres; nok.jpg a f\u00e1jln\u00e9v\" \/><br \/>\nPTE_MIK M\u00e9rn\u00f6kn\u0151k: <a href=\"https:\/\/mernokvagyok.hu\/epitesi\/wp-content\/uploads\/2021\/04\/PTE_MIK_M\u00e9rn\u00f6kn\u0151k.pdf\" target=\"_blank\" rel=\"noopener noreferrer\">Link<\/a><\/li>\n<li><strong>PTE-MIK &#8211; Aktu\u00e1lis h\u00edreink<br \/>\n<\/strong>Katasztr\u00f3f\u00e1k megel\u0151z\u00e9s\u00e9t is szolg\u00e1lj\u00e1k a PTE MIK-en v\u00e9gzett anyag- \u00e9s szerkezetanalitikai kutat\u00e1sok<strong>.<br \/>\n<img decoding=\"async\" src=\"https:\/\/mernokvagyok.hu\/epitesi\/wp-content\/uploads\/2021\/04\/PTE_MIK_Anyag_szerkezetkutat\u00e1s.jpg\" alt=\"A k\u00e9phez tartoz\u00f3 alt jellemz\u0151 \u00fcres; PTE_MIK_Anyag_szerkezetkutat\u00e1s.jpg a f\u00e1jln\u00e9v\" \/><br \/>\n<\/strong>PTE_MIK Anyagszerkezet kutat\u00e1s<strong>:<\/strong><a href=\"https:\/\/mernokvagyok.hu\/epitesi\/wp-content\/uploads\/2021\/04\/PTE_MIK_Anyag_szerkezet_kutat\u00e1s.pdf\" target=\"_blank\" rel=\"noopener noreferrer\"> Link<\/a><\/p>\n<p><strong>A P\u00e9csi Tudom\u00e1nyegyetem \u00e9p\u00edt\u00e9szhallgat\u00f3i tervezt\u00e9k meg a p\u00e9csi v\u00e1s\u00e1rt\u00e9r \u00faj arculat\u00e1t<br \/>\n<img decoding=\"async\" src=\"https:\/\/mernokvagyok.hu\/epitesi\/wp-content\/uploads\/2021\/04\/PTE_MIK_V\u00e1s\u00e1rt\u00e9r_Pavkovics-Lili_Sipos-\u00c9va.jpg\" alt=\"A k\u00e9phez tartoz\u00f3 alt jellemz\u0151 \u00fcres; PTE_MIK_V\u00e1s\u00e1rt\u00e9r_Pavkovics-Lili_Sipos-\u00c9va.jpg a f\u00e1jln\u00e9v\" \/><br \/>\nPTE_MIK_V\u00e1s\u00e1rt\u00e9r <a href=\"https:\/\/mernokvagyok.hu\/epitesi\/wp-content\/uploads\/2021\/04\/PTE_MIK_V\u00e1s\u00e1rt\u00e9r.docx.pdf\" target=\"_blank\" rel=\"noopener noreferrer\">Link<\/a><\/strong><\/p>\n<p>A Dubai Expo is \u00e9rdekl\u0151dik a p\u00e9csi egyetemist\u00e1k \u00e1ltal fejlesztett MAGYAR F\u00c9SZEK+ k\u00f6rnyezettudatos otthon ir\u00e1nt<br \/>\n<img decoding=\"async\" src=\"https:\/\/mernokvagyok.hu\/epitesi\/wp-content\/uploads\/2021\/04\/PTE_MIK_Solar_Decathlon.jpeg\" alt=\"A k\u00e9phez tartoz\u00f3 alt jellemz\u0151 \u00fcres; PTE_MIK_Solar_Decathlon.jpeg a f\u00e1jln\u00e9v\" \/><br \/>\nPTE_MIK_Solar_Decathlon. <a href=\"https:\/\/mernokvagyok.hu\/epitesi\/wp-content\/uploads\/2021\/04\/PTE_MIK_Solar_Decathlon.pdf\" target=\"_blank\" rel=\"noopener noreferrer\">Link<\/a><\/li>\n<\/ol>\n<hr \/>\n<p style=\"text-align: justify\"><strong>Soproni Egyetem<\/strong> (SE), (<a href=\"http:\/\/uni-sporon.hu\" target=\"_blank\" rel=\"noopener noreferrer\">http:\/\/uni-sporon.hu<\/a>)<\/p>\n<ul style=\"text-align: justify\">\n<li>Simonyi K\u00e1roly M\u0171szaki, Faanyagtudom\u00e1nyi \u00e9s M\u0171v\u00e9szeti Kar<\/li>\n<\/ul>\n<hr \/>\n<p style=\"text-align: justify\"><strong>\u00d3budai Egyetem<\/strong> (\u00d3E), (<a href=\"http:\/\/uni-obuda.hu\" target=\"_blank\" rel=\"noopener noreferrer\">http:\/\/uni-obuda.hu<\/a>)<\/p>\n<ul style=\"text-align: justify\">\n<li>Ybl Mikl\u00f3s \u00c9p\u00edt\u00e9studom\u00e1nyi Kar (<a href=\"http:\/\/ybl.hu\" target=\"_blank\" rel=\"noopener noreferrer\">http:\/\/ybl.hu<\/a>)<\/li>\n<\/ul>\n<hr \/>\n<p style=\"text-align: justify\"><strong>Debreceni Egyetem<\/strong> (DE), (<a href=\"http:\/\/unideb.hu\" target=\"_blank\" rel=\"noopener noreferrer\">http:\/\/unideb.hu<\/a>)<\/p>\n<ul>\n<li>M\u0171szaki Kar \u00c9p\u00edt\u00e9sz \u00e9s \u00c9p\u00edt\u0151m\u00e9rn\u00f6ki Int\u00e9zet (<a href=\"http:\/\/eng.unideb.hu\" target=\"_blank\" rel=\"noopener noreferrer\">http:\/\/eng.unideb.hu<\/a>)<\/li>\n<\/ul>\n<hr \/>\n","protected":false},"excerpt":{"rendered":"<p>Magyarorsz\u00e1gi Egyetemek \u00c9p\u00edt\u00e9ssel Foglalkoz\u00f3 Karai Budapesti M\u0171szaki \u00e9s Gazdas\u00e1gtudom\u00e1nyi Egyetem,(http:\/\/bme.hu) \u00c9p\u00edt\u0151m\u00e9rn\u00f6ki Kar (\u00c9MK); (http:\/\/epito.bme.hu) L\u00e9gy te is \u00c9P\u00cdT\u0150M\u00c9RN\u00d6K! https:\/\/www.youtube.com\/watch?v=qvrxWuhjI8k Az \u00c9p\u00edt\u0151m\u00e9rn\u00f6ki Kar t\u00e1j\u00e9koztat\u00f3 kiadv\u00e1nya \u00e9s plak\u00e1tja p\u00e1lyav\u00e1laszt\u00e1s el\u0151tt \u00e1ll\u00f3knak https:\/\/epito.bme.hu\/sites\/default\/files\/page\/2020_karikiadvany_teljes_web_0.pdf http:\/\/www.bme.hu\/sites\/default\/files\/pictures2\/BME_Mernok_Leszek_Epitomernok.jpg TANULJ N\u00c1LUNK! https:\/\/www.youtube.com\/watch?v=P8eyLcii0SM GEOD\u00c9ZIA? IGEN!\u00a0 https:\/\/www.youtube.com\/watch?v=jxD7j39yRYo&amp;feature=youtu.be KUTATUNK MI IS!\u00a0 https:\/\/www.youtube.com\/watch?v=k5nUlDeNHCI&amp;feature=emb_logo&amp;ab_channel=BME%C3%89p%C3%ADt%C5%91m%C3%A9rn%C3%B6kiKar B\u0151vebben az \u00c9p\u00edt\u0151m\u00e9rn\u00f6ki Kar k\u00e9pz\u00e9seir\u0151l, sz\u00f3ban \u00e9s \u00edr\u00e1sban\u00a0 \u00a0 a)\u00a0http:\/\/epito.bme.hu\/oktatas \u00a0b) \u00daj korszak az [&hellip;]<\/p>\n","protected":false},"author":871,"featured_media":0,"parent":0,"menu_order":0,"comment_status":"closed","ping_status":"closed","template":"","meta":{"footnotes":""},"class_list":["post-83","page","type-page","status-publish","hentry"],"_links":{"self":[{"href":"https:\/\/mernokvagyok.hu\/epitesi\/wp-json\/wp\/v2\/pages\/83","targetHints":{"allow":["GET"]}}],"collection":[{"href":"https:\/\/mernokvagyok.hu\/epitesi\/wp-json\/wp\/v2\/pages"}],"about":[{"href":"https:\/\/mernokvagyok.hu\/epitesi\/wp-json\/wp\/v2\/types\/page"}],"author":[{"embeddable":true,"href":"https:\/\/mernokvagyok.hu\/epitesi\/wp-json\/wp\/v2\/users\/871"}],"replies":[{"embeddable":true,"href":"https:\/\/mernokvagyok.hu\/epitesi\/wp-json\/wp\/v2\/comments?post=83"}],"version-history":[{"count":25,"href":"https:\/\/mernokvagyok.hu\/epitesi\/wp-json\/wp\/v2\/pages\/83\/revisions"}],"predecessor-version":[{"id":1176,"href":"https:\/\/mernokvagyok.hu\/epitesi\/wp-json\/wp\/v2\/pages\/83\/revisions\/1176"}],"wp:attachment":[{"href":"https:\/\/mernokvagyok.hu\/epitesi\/wp-json\/wp\/v2\/media?parent=83"}],"curies":[{"name":"wp","href":"https:\/\/api.w.org\/{rel}","templated":true}]}}