{"id":75,"date":"2021-01-13T20:34:23","date_gmt":"2021-01-13T20:34:23","guid":{"rendered":"https:\/\/mernokvagyok.hu\/epitesi\/?page_id=75"},"modified":"2021-03-25T19:10:31","modified_gmt":"2021-03-25T19:10:31","slug":"fap-anyagok-elerhetosege","status":"publish","type":"page","link":"https:\/\/mernokvagyok.hu\/epitesi\/fap-anyagok-elerhetosege\/","title":{"rendered":"FAP anyagok el\u00e9rhet\u0151s\u00e9ge"},"content":{"rendered":"<p><a href=\"https:\/\/www.mmk.hu\/tagjainknak\/segedletek\" target=\"_blank\" rel=\"noopener noreferrer\">https:\/\/www.mmk.hu\/tagjainknak\/segedletek<\/a><\/p>\n","protected":false},"excerpt":{"rendered":"<p>https:\/\/www.mmk.hu\/tagjainknak\/segedletek<\/p>\n","protected":false},"author":871,"featured_media":0,"parent":0,"menu_order":0,"comment_status":"closed","ping_status":"closed","template":"","meta":{"footnotes":""},"class_list":["post-75","page","type-page","status-publish","hentry"],"_links":{"self":[{"href":"https:\/\/mernokvagyok.hu\/epitesi\/wp-json\/wp\/v2\/pages\/75","targetHints":{"allow":["GET"]}}],"collection":[{"href":"https:\/\/mernokvagyok.hu\/epitesi\/wp-json\/wp\/v2\/pages"}],"about":[{"href":"https:\/\/mernokvagyok.hu\/epitesi\/wp-json\/wp\/v2\/types\/page"}],"author":[{"embeddable":true,"href":"https:\/\/mernokvagyok.hu\/epitesi\/wp-json\/wp\/v2\/users\/871"}],"replies":[{"embeddable":true,"href":"https:\/\/mernokvagyok.hu\/epitesi\/wp-json\/wp\/v2\/comments?post=75"}],"version-history":[{"count":2,"href":"https:\/\/mernokvagyok.hu\/epitesi\/wp-json\/wp\/v2\/pages\/75\/revisions"}],"predecessor-version":[{"id":582,"href":"https:\/\/mernokvagyok.hu\/epitesi\/wp-json\/wp\/v2\/pages\/75\/revisions\/582"}],"wp:attachment":[{"href":"https:\/\/mernokvagyok.hu\/epitesi\/wp-json\/wp\/v2\/media?parent=75"}],"curies":[{"name":"wp","href":"https:\/\/api.w.org\/{rel}","templated":true}]}}