{"id":72,"date":"2021-01-13T20:34:23","date_gmt":"2021-01-13T20:34:23","guid":{"rendered":"https:\/\/mernokvagyok.hu\/epitesi\/?page_id=72"},"modified":"2025-11-24T16:37:56","modified_gmt":"2025-11-24T16:37:56","slug":"mesteriskola","status":"publish","type":"page","link":"https:\/\/mernokvagyok.hu\/epitesi\/mesteriskola\/","title":{"rendered":"Mesteriskol\u00e1k"},"content":{"rendered":"\n<p style=\"text-align: justify\">A Magyar M\u00e9rn\u00f6ki Kamara nyolc \u00e9ve kezdett mesteriskolai jelleg\u0171 k\u00e9pz\u00e9sekkel foglalkozni, melyek k\u00f6z\u00fcl kiemelkednek az \u00c9p\u00edt\u00e9si Tagozat szakmai kompetenci\u00e1j\u00e1ba tartoz\u00f3 al\u00e1bbi kurzusok: Beruh\u00e1z\u00e1slebonyol\u00edt\u00f3i Mesteriskola (BLMI) \u00e9s az \u00c9p\u00edt\u00e9si K\u00f6lts\u00e9gszak\u00e9rt\u0151i K\u00e9pz\u00e9s \u00c9KK). Mindk\u00e9t k\u00e9pz\u00e9s szakmai vezet\u0151je W\u00e9ber L\u00e1szl\u00f3, tagozatunk eln\u00f6ks\u00e9gi tagja. B\u00fcszk\u00e9k vagyunk arra, hogy a BLMI nyom\u00e1n, annak tapasztataira \u00e9p\u00edtve tov\u00e1bbi n\u00e9gy mesteriskola indult \/ indul az MMK szervez\u00e9s\u00e9ben.&nbsp;<\/p>\n\n\n\n<p><strong>BERUH\u00c1Z\u00c1SLEBONYOL\u00cdT\u00d3I MESTERISKOLA<\/strong><\/p>\n\n\n\n<p style=\"text-align: justify\">A mesteriskol\u00e1k sor\u00e1ban \u00fatt\u00f6r\u0151k\u00e9nt, 2018. nyar\u00e1n kezd\u0151d\u00f6tt a Beruh\u00e1z\u00e1slebonyol\u00edt\u00f3i Mesteriskola szervez\u00e9se a Magyar M\u00e9rn\u00f6ki Kamara \u00e9gisze alatt, szoros egy\u00fcttm\u0171k\u00f6d\u00e9sben a Magyar \u00c9p\u00edt\u00e9sz Kamar\u00e1val, az \u00c9p\u00edt\u00e9si V\u00e1llalkoz\u00f3k Orsz\u00e1gos Szaksz\u00f6vets\u00e9g\u00e9vel, a Magyar Tan\u00e1csad\u00f3 M\u00e9rn\u00f6k\u00f6k \u00e9s \u00c9p\u00edt\u00e9szek Sz\u00f6vets\u00e9g\u00e9vel, a Magyar Projektmenedzsment Sz\u00f6vets\u00e9ggel, valamint az \u00c9p\u00edt\u00e9s\u00fcgyi Min\u0151s\u00e9gellen\u0151rz\u0151 Innov\u00e1ci\u00f3s Nonprofit Kft-vel. A felsorolt szervezetekkel k\u00f6z\u00f6sen kidolgozott tematika alapj\u00e1n felk\u00e9rt oktat\u00f3k, el\u0151ad\u00f3k \u00e1ltal kidolgozott oktat\u00e1si anyag h\u00e1rom nagy egys\u00e9gre \u00e9p\u00fcl:<\/p>\n\n\n\n<ul class=\"wp-block-list\">\n<li>\u00e1ltal\u00e1nos beruh\u00e1z\u00e1si ismeretek, a beruh\u00e1z\u00e1slebonyol\u00edt\u00f3 m\u0171k\u00f6d\u00e9s\u00e9nek keretei, lehet\u0151s\u00e9gei, eszk\u00f6zei,<\/li>\n\n\n\n<li>a beruh\u00e1z\u00e1slebonyol\u00edt\u00f3i szerepk\u00f6rre vonatkoz\u00f3 szakmai ismeretek,<\/li>\n\n\n\n<li>konkr\u00e9t projektismertet\u00e9sek, esettanulm\u00e1nyok.<\/li>\n<\/ul>\n\n\n\n<p style=\"text-align: justify\">A k\u00e9pz\u00e9s id\u0151tartama jellemz\u0151en 90 &#8211; 100 tan\u00f3ra, melynek v\u00e9g\u00e9n a hallgat\u00f3k a saj\u00e1t praxisuk alapj\u00e1n z\u00e1r\u00f3dolgozatot k\u00e9sz\u00edtenek; ennek eredm\u00e9nyess\u00e9ge eset\u00e9n a MMK \u2013 az \u00c9p\u00edt\u00e9si Tagozat keretein bel\u00fcl \u2013 tan\u00fas\u00edtv\u00e1nyt ad a sikeres hallgat\u00f3nak. A k\u00e9pz\u00e9s sor\u00e1n jellemz\u0151en 50 -55 el\u0151ad\u00f3 szakember m\u0171k\u00f6dik k\u00f6zre, az \u00e9p\u00edt\u00e9si ipar\u00e1g sikeres szakmagyakorl\u00f3it\u00f3l neves egyetemi oktat\u00f3kig.<\/p>\n\n\n\n<p style=\"text-align: justify\">Az indul\u00e1s \u00f3ta m\u00e1r 6 sikeres \u00e9vadot tud maga m\u00f6g\u00f6tt a BLMI; a v\u00e9gzett hallgat\u00f3k sz\u00e1ma 498 f\u0151, akik k\u00f6z\u00fcl 349 hallgat\u00f3 kapott tan\u00fas\u00edtv\u00e1nyt. A k\u00f6vetkez\u0151, azaz a 7. \u00e9vadot 2026. \u00e9v sor\u00e1n tervezz\u00fck ind\u00edtani.<\/p>\n\n\n\n<p><strong>\u00c9P\u00cdT\u00c9SI K\u00d6LTS\u00c9GSZAK\u00c9RT\u0150I K\u00c9PZ\u00c9S \/ TOV\u00c1BBK\u00c9PZ\u00c9S<\/strong><\/p>\n\n\n\n<p style=\"text-align: justify\">Ez a k\u00e9pz\u00e9s a 2023\/2024-es tan\u00e9vben indult, szint\u00e9n az MMK \u00e9gisze alatt; az egy\u00fcttm\u0171k\u00f6d\u0151 szakmai partnerek Magyar \u00c9p\u00edt\u00e9sz Kamara, az \u00c9p\u00edt\u00e9si V\u00e1llalkoz\u00f3k Orsz\u00e1gos Szaksz\u00f6vets\u00e9ge, az \u00c9p\u00edt\u00e9s\u00fcgyi Min\u0151s\u00e9gellen\u0151rz\u0151 Innov\u00e1ci\u00f3s Nonprofit Kft. \u00e9s a Magyar K\u00f6z\u00fat Nonprofit Zrt. A vel\u00fck k\u00f6z\u00f6sen kidolgozott oktat\u00e1si program h\u00e1rom pill\u00e9ren \u00e1ll:<\/p>\n\n\n\n<ul class=\"wp-block-list\">\n<li>\u00e1ltal\u00e1nos beruh\u00e1z\u00e1si ismeretek,<\/li>\n\n\n\n<li>az \u00e9p\u00edt\u00e9si k\u00f6lts\u00e9gszak\u00e9rt\u0151i szerepk\u00f6rre vonatkoz\u00f3 szakmai ismeretek,<\/li>\n\n\n\n<li>konkr\u00e9t projektismertet\u00e9sek, esettanulm\u00e1nyok.<\/li>\n<\/ul>\n\n\n\n<p style=\"text-align: justify\">A k\u00e9pz\u00e9s id\u0151tartama jellemz\u0151en 90 &#8211; 100 tan\u00f3ra; a hallgat\u00f3k a megszerzett tud\u00e1sukr\u00f3l tesztk\u00e9rd\u00e9sekre adott v\u00e1laszaikkal adnak sz\u00e1mot; ennek eredm\u00e9nyess\u00e9ge eset\u00e9n a MMK \u2013 az \u00c9p\u00edt\u00e9si Tagozat keretein bel\u00fcl \u2013 \u00e9s a Magyar \u00c9p\u00edt\u00e9sz Kamara tan\u00fas\u00edtv\u00e1nyt adnak a sikeres hallgat\u00f3nak. A k\u00e9pz\u00e9s sor\u00e1n jellemz\u0151en 45- 50 el\u0151ad\u00f3 szakember m\u0171k\u00f6dik k\u00f6zre, az \u00e9p\u00edt\u00e9si ipar\u00e1g sikeres szakmagyakorl\u00f3it\u00f3l neves egyetemi oktat\u00f3kig.<\/p>\n\n\n\n<p style=\"text-align: justify\">Az els\u0151 \u00e9vad sor\u00e1n 97 hallgat\u00f3 v\u00e9gzett, akik k\u00f6z\u00fcl 68 hallgat\u00f3 kapott tan\u00fas\u00edtv\u00e1nyt. A m\u00e1sodik \u00e9vad nyit\u00f3napja: 2025. november 27.<\/p>\n\n\n\n<p> Mindk\u00e9t mesteriskolai k\u00e9pz\u00e9sr\u0151l a legaktu\u00e1lisabb inform\u00e1ci\u00f3k a <a href=\"https:\/\/mernokvagyok.hu\/epitesi\/mesteriskolak\/\" target=\"_blank\" rel=\"noreferrer noopener\">https:\/\/mernokvagyok.hu\/epitesi\/mesteriskolak\/<\/a> honlapon tal\u00e1lhat\u00f3k.<\/p>\n","protected":false},"excerpt":{"rendered":"<p>A Magyar M\u00e9rn\u00f6ki Kamara nyolc \u00e9ve kezdett mesteriskolai jelleg\u0171 k\u00e9pz\u00e9sekkel foglalkozni, melyek k\u00f6z\u00fcl kiemelkednek az \u00c9p\u00edt\u00e9si Tagozat szakmai kompetenci\u00e1j\u00e1ba tartoz\u00f3 al\u00e1bbi kurzusok: Beruh\u00e1z\u00e1slebonyol\u00edt\u00f3i Mesteriskola (BLMI) \u00e9s az \u00c9p\u00edt\u00e9si K\u00f6lts\u00e9gszak\u00e9rt\u0151i K\u00e9pz\u00e9s \u00c9KK). Mindk\u00e9t k\u00e9pz\u00e9s szakmai vezet\u0151je W\u00e9ber L\u00e1szl\u00f3, tagozatunk eln\u00f6ks\u00e9gi tagja. B\u00fcszk\u00e9k vagyunk arra, hogy a BLMI nyom\u00e1n, annak tapasztataira \u00e9p\u00edtve tov\u00e1bbi n\u00e9gy mesteriskola indult \/ [&hellip;]<\/p>\n","protected":false},"author":871,"featured_media":0,"parent":0,"menu_order":0,"comment_status":"closed","ping_status":"closed","template":"","meta":{"footnotes":""},"class_list":["post-72","page","type-page","status-publish","hentry"],"_links":{"self":[{"href":"https:\/\/mernokvagyok.hu\/epitesi\/wp-json\/wp\/v2\/pages\/72","targetHints":{"allow":["GET"]}}],"collection":[{"href":"https:\/\/mernokvagyok.hu\/epitesi\/wp-json\/wp\/v2\/pages"}],"about":[{"href":"https:\/\/mernokvagyok.hu\/epitesi\/wp-json\/wp\/v2\/types\/page"}],"author":[{"embeddable":true,"href":"https:\/\/mernokvagyok.hu\/epitesi\/wp-json\/wp\/v2\/users\/871"}],"replies":[{"embeddable":true,"href":"https:\/\/mernokvagyok.hu\/epitesi\/wp-json\/wp\/v2\/comments?post=72"}],"version-history":[{"count":14,"href":"https:\/\/mernokvagyok.hu\/epitesi\/wp-json\/wp\/v2\/pages\/72\/revisions"}],"predecessor-version":[{"id":2918,"href":"https:\/\/mernokvagyok.hu\/epitesi\/wp-json\/wp\/v2\/pages\/72\/revisions\/2918"}],"wp:attachment":[{"href":"https:\/\/mernokvagyok.hu\/epitesi\/wp-json\/wp\/v2\/media?parent=72"}],"curies":[{"name":"wp","href":"https:\/\/api.w.org\/{rel}","templated":true}]}}