{"id":70,"date":"2021-01-13T20:34:23","date_gmt":"2021-01-13T20:34:23","guid":{"rendered":"https:\/\/mernokvagyok.hu\/epitesi\/?page_id=70"},"modified":"2021-03-26T19:44:48","modified_gmt":"2021-03-26T19:44:48","slug":"jogi-kepzes-tananyag-idopontok","status":"publish","type":"page","link":"https:\/\/mernokvagyok.hu\/epitesi\/jogi-kepzes-tananyag-idopontok\/","title":{"rendered":"Jogi k\u00e9pz\u00e9s, tananyag, id\u0151pontok"},"content":{"rendered":"\n<p><strong>Jogi tov\u00e1bbk\u00e9pz\u00e9s<\/strong> (<a href=\"https:\/\/www.mmk.hu\/kepzesek\/online\" target=\"_blank\" rel=\"noreferrer noopener\">Link<\/a>)<\/p>\n","protected":false},"excerpt":{"rendered":"<p>Jogi tov\u00e1bbk\u00e9pz\u00e9s (Link)<\/p>\n","protected":false},"author":871,"featured_media":0,"parent":0,"menu_order":0,"comment_status":"closed","ping_status":"closed","template":"","meta":{"footnotes":""},"class_list":["post-70","page","type-page","status-publish","hentry"],"_links":{"self":[{"href":"https:\/\/mernokvagyok.hu\/epitesi\/wp-json\/wp\/v2\/pages\/70","targetHints":{"allow":["GET"]}}],"collection":[{"href":"https:\/\/mernokvagyok.hu\/epitesi\/wp-json\/wp\/v2\/pages"}],"about":[{"href":"https:\/\/mernokvagyok.hu\/epitesi\/wp-json\/wp\/v2\/types\/page"}],"author":[{"embeddable":true,"href":"https:\/\/mernokvagyok.hu\/epitesi\/wp-json\/wp\/v2\/users\/871"}],"replies":[{"embeddable":true,"href":"https:\/\/mernokvagyok.hu\/epitesi\/wp-json\/wp\/v2\/comments?post=70"}],"version-history":[{"count":3,"href":"https:\/\/mernokvagyok.hu\/epitesi\/wp-json\/wp\/v2\/pages\/70\/revisions"}],"predecessor-version":[{"id":689,"href":"https:\/\/mernokvagyok.hu\/epitesi\/wp-json\/wp\/v2\/pages\/70\/revisions\/689"}],"wp:attachment":[{"href":"https:\/\/mernokvagyok.hu\/epitesi\/wp-json\/wp\/v2\/media?parent=70"}],"curies":[{"name":"wp","href":"https:\/\/api.w.org\/{rel}","templated":true}]}}