{"id":69,"date":"2021-01-13T20:34:23","date_gmt":"2021-01-13T20:34:23","guid":{"rendered":"https:\/\/mernokvagyok.hu\/epitesi\/?page_id=69"},"modified":"2021-12-10T17:26:33","modified_gmt":"2021-12-10T17:26:33","slug":"szakmai-kepzes-temakorok-esemenynaptar-link","status":"publish","type":"page","link":"https:\/\/mernokvagyok.hu\/epitesi\/szakmai-kepzes-temakorok-esemenynaptar-link\/","title":{"rendered":"Szakmai k\u00e9pz\u00e9s, t\u00e9mak\u00f6r\u00f6k, esem\u00e9nynapt\u00e1r"},"content":{"rendered":"<p><strong>Lovas Tam\u00e1s \u2013 Dr. Nagy Bal\u00e1zs: Kutat\u00e1sok, fejleszt\u00e9sek a BME \u00c9p\u00edt\u0151m\u00e9rn\u00f6ki Kar\u00e1n a digitaliz\u00e1ci\u00f3 jegy\u00e9ben<br \/>\n<\/strong><strong>(Magyar \u00c9p\u00edt\u00e9stechnika 2021. 11 \u2013 12. sz\u00e1m) <\/strong><a href=\"https:\/\/mernokvagyok.hu\/epitesi\/wp-content\/uploads\/2021\/12\/Magyar_Epitestechnika_2021_11-12_Lovas.pdf\" target=\"_blank\" rel=\"noopener\">I. Link<\/a><\/p>\n<p><strong>Lovas Tam\u00e1s BME \u00c9p\u00edt\u0151m\u00e9rn\u00f6ki Kar oktat\u00e1si d\u00e9k\u00e1nhelyettes: \u00daj k\u00e9pz\u00e9sek a BME \u00c9p\u00edt\u0151m\u00e9rn\u00f6ki Kar\u00e1n (Magyar \u00c9p\u00edt\u00e9stechnika 2021. 8.-9. sz\u00e1m) \u00a0<\/strong><a href=\"https:\/\/mernokvagyok.hu\/epitesi\/wp-content\/uploads\/2021\/11\/epitestechnika-2021.08-09.pdf\" target=\"_blank\" rel=\"noopener\">Link<\/a><\/p>\n<p><strong>Szakmai tov\u00e1bbk\u00e9pz\u00e9s, esem\u00e9nynapt\u00e1r<\/strong> (<a href=\"https:\/\/www.mmk.hu\/kepzesek\/szakmai-tovabbkepzes\" target=\"_blank\" rel=\"noopener noreferrer\">Link<\/a>)<\/p>\n<p><strong>2021. \u00e9vi tov\u00e1bbk\u00e9pz\u00e9si t\u00e9mak\u00f6r\u00f6k<\/strong><\/p>\n<ul>\n<li style=\"text-align: justify\">Egyszer\u0171 bejelent\u00e9s\u0171 lak\u00f3\u00e9p\u00fcletek megval\u00f3s\u00edt\u00e1s m\u00f3dszere<\/li>\n<li style=\"text-align: justify\">A korszer\u0171, modern beton<\/li>\n<li style=\"text-align: justify\">Padl\u00f3- \u00e9s homlokzatburkolatok<\/li>\n<li style=\"text-align: justify\">Beton, vasbeton szerkezetek, k\u00fcl\u00f6n\u00f6s figyelemmel a min\u0151s\u00e9gre<\/li>\n<li style=\"text-align: justify\">Tet\u0151szigetel\u00e9sek, csarnoktet\u0151k, erk\u00e9lyek teraszok szigetel\u00e9se, vizes \u00fczem\u0171 terek szigetel\u00e9se<\/li>\n<li style=\"text-align: justify\">\u00dcvegszerkezetek<\/li>\n<li style=\"text-align: justify\">\u00c9p\u00edteni, bontani enged\u00e9llyel vagy enged\u00e9ly n\u00e9lk\u00fcl ?<\/li>\n<\/ul>\n","protected":false},"excerpt":{"rendered":"<p>Lovas Tam\u00e1s \u2013 Dr. Nagy Bal\u00e1zs: Kutat\u00e1sok, fejleszt\u00e9sek a BME \u00c9p\u00edt\u0151m\u00e9rn\u00f6ki Kar\u00e1n a digitaliz\u00e1ci\u00f3 jegy\u00e9ben (Magyar \u00c9p\u00edt\u00e9stechnika 2021. 11 \u2013 12. sz\u00e1m) I. Link Lovas Tam\u00e1s BME \u00c9p\u00edt\u0151m\u00e9rn\u00f6ki Kar oktat\u00e1si d\u00e9k\u00e1nhelyettes: \u00daj k\u00e9pz\u00e9sek a BME \u00c9p\u00edt\u0151m\u00e9rn\u00f6ki Kar\u00e1n (Magyar \u00c9p\u00edt\u00e9stechnika 2021. 8.-9. sz\u00e1m) \u00a0Link Szakmai tov\u00e1bbk\u00e9pz\u00e9s, esem\u00e9nynapt\u00e1r (Link) 2021. \u00e9vi tov\u00e1bbk\u00e9pz\u00e9si t\u00e9mak\u00f6r\u00f6k Egyszer\u0171 bejelent\u00e9s\u0171 lak\u00f3\u00e9p\u00fcletek megval\u00f3s\u00edt\u00e1s [&hellip;]<\/p>\n","protected":false},"author":871,"featured_media":0,"parent":0,"menu_order":0,"comment_status":"closed","ping_status":"closed","template":"","meta":{"footnotes":""},"class_list":["post-69","page","type-page","status-publish","hentry"],"_links":{"self":[{"href":"https:\/\/mernokvagyok.hu\/epitesi\/wp-json\/wp\/v2\/pages\/69","targetHints":{"allow":["GET"]}}],"collection":[{"href":"https:\/\/mernokvagyok.hu\/epitesi\/wp-json\/wp\/v2\/pages"}],"about":[{"href":"https:\/\/mernokvagyok.hu\/epitesi\/wp-json\/wp\/v2\/types\/page"}],"author":[{"embeddable":true,"href":"https:\/\/mernokvagyok.hu\/epitesi\/wp-json\/wp\/v2\/users\/871"}],"replies":[{"embeddable":true,"href":"https:\/\/mernokvagyok.hu\/epitesi\/wp-json\/wp\/v2\/comments?post=69"}],"version-history":[{"count":14,"href":"https:\/\/mernokvagyok.hu\/epitesi\/wp-json\/wp\/v2\/pages\/69\/revisions"}],"predecessor-version":[{"id":1412,"href":"https:\/\/mernokvagyok.hu\/epitesi\/wp-json\/wp\/v2\/pages\/69\/revisions\/1412"}],"wp:attachment":[{"href":"https:\/\/mernokvagyok.hu\/epitesi\/wp-json\/wp\/v2\/media?parent=69"}],"curies":[{"name":"wp","href":"https:\/\/api.w.org\/{rel}","templated":true}]}}