{"id":68,"date":"2021-01-13T20:34:23","date_gmt":"2021-01-13T20:34:23","guid":{"rendered":"https:\/\/mernokvagyok.hu\/epitesi\/?page_id=68"},"modified":"2021-04-08T15:46:25","modified_gmt":"2021-04-08T15:46:25","slug":"kepzesi-rend","status":"publish","type":"page","link":"https:\/\/mernokvagyok.hu\/epitesi\/kepzesi-rend\/","title":{"rendered":"K\u00e9pz\u00e9si rend"},"content":{"rendered":"<p style=\"text-align: justify\"><strong>K \u00d6 T E L E Z \u0150\u00a0 T O V \u00c1 B B K \u00c9 P Z \u00c9 S<\/strong><\/p>\n<p style=\"text-align: justify\"><strong>A MAGYAR M\u00c9RN\u00d6KI KAMARA<\/strong> Alapszab\u00e1lya szerint a Megyei \/ter\u00fcleti\/ Kamar\u00e1k felel\u0151sek tagjainak k\u00f6telez\u0151 tov\u00e1bbk\u00e9pz\u00e9s\u00e9nek lebonyol\u00edt\u00e1s\u00e1\u00e9rt, v\u00e9grehajt\u00e1s\u00e1\u00e9rt, a tov\u00e1bbk\u00e9pz\u00e9sek tartalmi r\u00e9sz\u00e9nek biztos\u00edt\u00e1sa a Szakmai Tagozatok feladata.<\/p>\n<p style=\"text-align: justify\">A Szakmai Tagozatok, k\u00f6zt\u00fck az \u00c9p\u00edt\u00e9si Tagozat is, a hozz\u00e1juk tartoz\u00f3 jogosults\u00e1ggal rendelkez\u0151 tervez\u0151k, szak\u00e9rt\u0151k, felel\u0151s m\u0171szaki vezet\u0151k, \u00e9p\u00edt\u00e9si m\u0171szaki ellen\u0151r\u00f6k, \u00e9s a csak nyilv\u00e1ntartott felel\u0151s m\u0171szaki vezet\u0151k, \u00e9p\u00edt\u00e9si m\u0171szaki ellen\u0151r\u00f6k, valamint a tan\u00fas\u00edtv\u00e1nnyal rendelkez\u0151k r\u00e9sz\u00e9re biztos\u00edtanak szakmai anyagot \u00e9s oktat\u00e1st tart\u00f3 szakembereket. Az oktat\u00e1sban k\u00fcl\u00f6nb\u00f6z\u0151 felk\u00e9sz\u00fclts\u00e9g\u0171 \u00e9s gyakorlati id\u0151vel rendelkez\u0151 szakemberek vesznek r\u00e9szt, vannak k\u00f6zt\u00fck okleveles m\u00e9rn\u00f6k\u00f6k, m\u00e9rn\u00f6k\u00f6k, vagy kor\u00e1bbi jogszab\u00e1lyok alapj\u00e1n meg\u00e1llap\u00edtott jogosults\u00e1gokkal \u00e9s tev\u00e9kenys\u00e9gekkel rendelkez\u0151 szakemberek. Ennek k\u00f6vetkezt\u00e9ben az oktat\u00e1snak \u00e1t kell fogni a m\u0171szaki szakmai, jogi \u00e9s gyakorlati ter\u00fcleteket egyar\u00e1nt.<\/p>\n<p style=\"text-align: justify\">Az el\u0151ad\u00e1sok sor\u00e1n megismertetj\u00fck a leg\u00fajabb anyagokat, szerkezeteket, technol\u00f3gi\u00e1kat, amelyekr\u0151l az el\u0151ad\u00e1sokat egyetemi tan\u00e1rok, egyetemi oktat\u00f3k \u00e9s a szakma legjobban felk\u00e9sz\u00fclt szakemberei tartj\u00e1k. \u00c1ltal\u00e1ban hazai szakemberekkel oldjuk meg az oktat\u00e1st, de az oktat\u00f3k k\u00f6z\u00f6tt megfordult a magas h\u00e1zak tervez\u00e9s\u00e9ben j\u00e1rtas, Kanad\u00e1ban dolgoz\u00f3 m\u00e9rn\u00f6k, vagy a b\u00e9csi m\u0171szaki egyetemen oktat\u00f3 tan\u00e1r is.<\/p>\n<p style=\"text-align: justify\">Eredetileg oktat\u00e1sunkat el\u0151ad\u00f3termi el\u0151ad\u00e1sokkal szervezt\u00fck meg, de a korona v\u00edrus miatt \u00e1tt\u00e9rt\u00fcnk az on-line el\u0151ad\u00e1sok tart\u00e1s\u00e1ra. Az el\u0151ad\u00f3teremben egyidej\u0171leg 200 &#8211; 250 f\u0151 r\u00e9sz\u00e9re tartottunk oktat\u00e1sokat, ez az on-line oktat\u00e1sba esetenk\u00e9nt 120-150 f\u0151 kapcsol\u00f3dik be. Az oktat\u00e1sokon, melyeket a Budapesti \u00e9s Pest Megyei M\u00e9rn\u00f6k Kamara bonyol\u00edt, a budapestieken k\u00edv\u00fcl r\u00e9sz vesznek a ter\u00fcleti Kamar\u00e1k tagjai is.<\/p>\n<p style=\"text-align: justify\">Az \u00c9p\u00edt\u00e9si Tagozat \u00e1ltal kezdem\u00e9nyezett tov\u00e1bbk\u00e9pz\u00e9s l\u00e9tsz\u00e1ma \u00e9vente 5-6000 f\u0151, e jelent\u0151s l\u00e9tsz\u00e1m szakmailag megfelel\u0151 kiszolg\u00e1l\u00e1sa nagy felel\u0151ss\u00e9get r\u00f3 a szervez\u0151kre.<\/p>\n<p style=\"text-align: justify\">A Magyar M\u00e9rn\u00f6ki Kamara ezut\u00e1n is az eddig szok\u00e1sos m\u00f3don hirdeti meg oktat\u00e1si programj\u00e1t, de a programok megtal\u00e1lhat\u00f3k lesznek az \u00c9p\u00edt\u00e9si Tagozat honlapj\u00e1n is.<\/p>\n<p style=\"text-align: justify\"><strong>K\u00d6TELEZ\u0150 TOV\u00c1BBK\u00c9PZ\u00c9S PROGRAMJAI:<\/strong> <a href=\"https:\/\/www.mmk.hu\/kepzesek\/szakmai-tovabbkepzes\" target=\"_blank\" rel=\"noopener noreferrer\">https:\/\/www.mmk.hu\/kepzesek\/szakmai-tovabbkepzes<\/a><\/p>\n<hr \/>\n<p style=\"text-align: justify\"><strong>T\u00e1j\u00e9koztat\u00f3 a BPMK online szakmai tov\u00e1bbk\u00e9pz\u00e9seir\u0151l<\/strong><\/p>\n<p style=\"text-align: justify\">1.) Az online szakmai tov\u00e1bbk\u00e9pz\u00e9si lehet\u0151s\u00e9gekr\u0151l a BPMK oktat\u00e1sszervez\u0151i a kor\u00e1bbiakhoz hasonl\u00f3an e-mailben t\u00e1j\u00e9koztatj\u00e1k az egy-egy szakter\u00fcleten jogosults\u00e1ggal rendelkez\u0151 szakmagyakorl\u00f3kat, illetve ezekr\u0151l a meghirdetett lehet\u0151s\u00e9gekr\u0151l minden inform\u00e1ci\u00f3 megtal\u00e1lhat\u00f3 a www.bpmk.hu honlapon, a K\u00e9pz\u00e9sek men\u00fcpontban.<\/p>\n<p style=\"text-align: justify\">2.) A jelentkez\u0151 kiv\u00e1lasztja a kurzust \u00e9s az online jelentkez\u00e9si \u0171rlap kit\u00f6lt\u00e9s\u00e9vel bejelentkezik r\u00e1. A jelentkez\u00e9s be\u00e9rkez\u00e9s\u00e9r\u0151l automatikus visszaigazol\u00e1st kap a megadott e-mailc\u00edmre.<\/p>\n<p style=\"text-align: justify\">3.) A oktat\u00e1sszervez\u0151 hamarosan visszaigazolja a jelentkez\u00e9st \u00e9s a p\u00e9nz\u00fcgyi oszt\u00e1ly p\u00e1r napon bel\u00fcl d\u00edjbek\u00e9r\u0151t k\u00fcld a jelentkez\u00e9skor megadott adatok szerint ki\u00e1ll\u00edtva, e-mailben. Az online tov\u00e1bbk\u00e9pz\u00e9sen is kiz\u00e1r\u00f3lag el\u0151re megfizetett tov\u00e1bbk\u00e9pz\u00e9si d\u00edj ellen\u00e9ben lehet r\u00e9szt venni!<\/p>\n<p style=\"text-align: justify\">4.) Amennyiben a tov\u00e1bbk\u00e9pz\u00e9s d\u00edja kiegyenl\u00edt\u00e9sre ker\u00fclt, a jelentkez\u0151 a k\u00e9pz\u00e9st megel\u0151z\u0151 napon 15.00 \u00f3r\u00e1ig e-mailben megkapja a r\u00e9szv\u00e9telhez sz\u00fcks\u00e9ges technikai inform\u00e1ci\u00f3kat. A bel\u00e9p\u00e9shez sz\u00fcks\u00e9ges link a kurzus napj\u00e1n, az el\u0151ad\u00e1s indul\u00e1sa el\u0151tt 30 perccel meg fog meg\u00e9rkezni a megadott e-mailc\u00edmre.<\/p>\n<p style=\"text-align: justify\">5.) A jelenl\u00e9t igazol\u00e1s\u00e1nak m\u00f3dja: A tov\u00e1bbk\u00e9pz\u00e9s reggel\u00e9n kik\u00fcld\u00f6tt regisztr\u00e1ci\u00f3s linken kereszt\u00fcl t\u00f6rt\u00e9n\u0151 bejelentkez\u00e9s \u00e9s az eg\u00e9sz napos online r\u00e9szv\u00e9tel (minimum a k\u00e9pz\u00e9s id\u0151tartam\u00e1nak 75 %-ban).<\/p>\n<p style=\"text-align: justify\">6.) A k\u00e9pz\u00e9s napj\u00e1n val\u00f3 min\u00e9l g\u00f6rd\u00fcl\u00e9kenyebb megval\u00f3s\u00edt\u00e1s \u00e9rdek\u00e9ben a tov\u00e1bbk\u00e9pz\u00e9si d\u00edj megfizet\u00e9s\u00e9nek v\u00e9gs\u0151 hat\u00e1rideje minden alkalommal a k\u00e9pz\u00e9s id\u0151pontja el\u0151tt k\u00e9t nappal van. A hat\u00e1rid\u0151ig meg\u00e9rkez\u0151 befizet\u00e9s hi\u00e1ny\u00e1ban a jelentkez\u0151 m\u00e1r csak a k\u00f6vetkez\u0151 alkalommal vehet r\u00e9szt a tov\u00e1bbk\u00e9pz\u00e9sen.<\/p>\n<p style=\"text-align: justify\">7.) Az oktat\u00e1sszervez\u0151k a k\u00e9pz\u00e9st\u0151l sz\u00e1m\u00edtott harmadik munkanap v\u00e9g\u00e9ig r\u00f6gz\u00edtik a teljes\u00edt\u00e9s t\u00e9ny\u00e9t az e-m\u00e9rn\u00f6k rendszerben.<\/p>\n<p style=\"text-align: justify\"><strong>K\u00e9rd\u00e9seivel kapcsolatban k\u00e9rj\u00fck, keresse a BPMK oktat\u00e1sszervez\u0151it<\/strong><br \/>\n<strong>a 455-8865\/2 telefonsz\u00e1mon vagy az <\/strong><a href=\"mailto:oktatas@bpmk.hu\" target=\"_blank\" rel=\"noopener noreferrer\">oktatas@bpmk.hu<\/a><strong> e-mailc\u00edmen!<\/strong><\/p>\n<p>A BPMK tov\u00e1bbi szakmai k\u00e9pz\u00e9sei: <a href=\"https:\/\/bpmkkepzesek.hu\/naptar\/search-result.html?search=%C3%A9p%C3%ADt%C3%A9si&amp;layout=table\" target=\"_blank\" rel=\"noopener noreferrer\">https:\/\/bpmkkepzesek.hu\/naptar\/epitesi_kepzesek_elso_felev<\/a><\/p>\n","protected":false},"excerpt":{"rendered":"<p>K \u00d6 T E L E Z \u0150\u00a0 T O V \u00c1 B B K \u00c9 P Z \u00c9 S A MAGYAR M\u00c9RN\u00d6KI KAMARA Alapszab\u00e1lya szerint a Megyei \/ter\u00fcleti\/ Kamar\u00e1k felel\u0151sek tagjainak k\u00f6telez\u0151 tov\u00e1bbk\u00e9pz\u00e9s\u00e9nek lebonyol\u00edt\u00e1s\u00e1\u00e9rt, v\u00e9grehajt\u00e1s\u00e1\u00e9rt, a tov\u00e1bbk\u00e9pz\u00e9sek tartalmi r\u00e9sz\u00e9nek biztos\u00edt\u00e1sa a Szakmai Tagozatok feladata. A Szakmai Tagozatok, k\u00f6zt\u00fck az \u00c9p\u00edt\u00e9si Tagozat is, a hozz\u00e1juk [&hellip;]<\/p>\n","protected":false},"author":871,"featured_media":0,"parent":0,"menu_order":0,"comment_status":"closed","ping_status":"closed","template":"","meta":{"footnotes":""},"class_list":["post-68","page","type-page","status-publish","hentry"],"_links":{"self":[{"href":"https:\/\/mernokvagyok.hu\/epitesi\/wp-json\/wp\/v2\/pages\/68","targetHints":{"allow":["GET"]}}],"collection":[{"href":"https:\/\/mernokvagyok.hu\/epitesi\/wp-json\/wp\/v2\/pages"}],"about":[{"href":"https:\/\/mernokvagyok.hu\/epitesi\/wp-json\/wp\/v2\/types\/page"}],"author":[{"embeddable":true,"href":"https:\/\/mernokvagyok.hu\/epitesi\/wp-json\/wp\/v2\/users\/871"}],"replies":[{"embeddable":true,"href":"https:\/\/mernokvagyok.hu\/epitesi\/wp-json\/wp\/v2\/comments?post=68"}],"version-history":[{"count":12,"href":"https:\/\/mernokvagyok.hu\/epitesi\/wp-json\/wp\/v2\/pages\/68\/revisions"}],"predecessor-version":[{"id":947,"href":"https:\/\/mernokvagyok.hu\/epitesi\/wp-json\/wp\/v2\/pages\/68\/revisions\/947"}],"wp:attachment":[{"href":"https:\/\/mernokvagyok.hu\/epitesi\/wp-json\/wp\/v2\/media?parent=68"}],"curies":[{"name":"wp","href":"https:\/\/api.w.org\/{rel}","templated":true}]}}