{"id":66,"date":"2021-01-13T20:34:23","date_gmt":"2021-01-13T20:34:23","guid":{"rendered":"https:\/\/mernokvagyok.hu\/epitesi\/?page_id=66"},"modified":"2026-01-14T13:20:22","modified_gmt":"2026-01-14T13:20:22","slug":"archivum","status":"publish","type":"page","link":"https:\/\/mernokvagyok.hu\/epitesi\/archivum\/","title":{"rendered":"Arch\u00edvum"},"content":{"rendered":"\n<p><strong>R\u00c9SZLETES TEMATIKA A BERUH\u00c1Z\u00c1SLEBONYOL\u00cdT\u00d3I MESTERISKOL\u00c1HOZ &#8211; BLMI3 KURZUS<\/strong> <a href=\"https:\/\/mernokvagyok.hu\/epitesi\/wp-content\/uploads\/2021\/03\/BLMI3-R\u00c9SZLETES-TEMATIKA-2020.-\u0151szi-t\u00e9li-kurzus.pdf\" target=\"_blank\" rel=\"noreferrer noopener\">let\u00f6lt\u00e9se<\/a><\/p>\n\n\n\n<p><strong>A BLMI 3 (2020-2021. \u0150SZI &#8211; T\u00c9LI KURZUS) EL\u0150AD\u00d3<\/strong> <a href=\"https:\/\/mernokvagyok.hu\/epitesi\/wp-content\/uploads\/2021\/03\/A-BLMI-3-oktat\u00f3i-el\u0151ad\u00f3i.pdf\" target=\"_blank\" rel=\"noreferrer noopener\">let\u00f6lt\u00e9se<\/a><\/p>\n\n\n\n<p><strong>Az MMK \u00c9p\u00edt\u00e9si Tagozat\u00e1nak 2022-ben j\u00f3v\u00e1hagyott \u00fcgyrendje:<\/strong> <a href=\"https:\/\/mernokvagyok.hu\/epitesi\/wp-content\/uploads\/2025\/11\/Az-MMK-Epitesi-Tagozatanak-2022-1.pdf\" target=\"_blank\" rel=\"noreferrer noopener\">Link<\/a><\/p>\n\n\n\n<p><\/p>\n\n\n\n<p>2022-es \u00fcgyrend: <a href=\"https:\/\/mernokvagyok.hu\/epitesi\/wp-content\/uploads\/2022\/06\/BB-2022.-Ugyrend.pdf\" target=\"_blank\" rel=\"noreferrer noopener\">Link<\/a><\/p>\n\n\n\n<p>Az \u00c9p\u00edt\u00e9si Tagozat 2024 . \u00e9vi k\u00fcld\u00f6ttgy\u0171l\u00e9s\u00e9n elhangzott el\u0151ad\u00e1sok (eln\u00f6ki besz\u00e1mol\u00f3 <a href=\"https:\/\/mernokvagyok.hu\/epitesi\/wp-content\/uploads\/2024\/11\/Beszamolo-23-24-m.pdf\" target=\"_blank\" rel=\"noreferrer noopener\">link<\/a>, szak\u00e9rt\u0151i test\u00fclet besz\u00e1mol\u00f3ja <a href=\"https:\/\/mernokvagyok.hu\/epitesi\/wp-content\/uploads\/2024\/11\/2024_Beszamolo_ET_szakertoi.pptx-Irasvedett.pdf\" target=\"_blank\" rel=\"noreferrer noopener\">link<\/a>, 2024-2027 \u00e9vi tagozati c\u00e9lkit\u0171z\u00e9sek <a href=\"https:\/\/mernokvagyok.hu\/epitesi\/wp-content\/uploads\/2024\/11\/Celok-2024-27.pdf\" target=\"_blank\" rel=\"noreferrer noopener\">link<\/a>)<\/p>\n\n\n\n<p>Az \u00c9p\u00edt\u00e9si Tagozat jel\u00f6ltjei a 2024. \u00e9vi kamarai tiszts\u00e9gvisel\u0151 v\u00e1laszt\u00e1sra <a href=\"https:\/\/mernokvagyok.hu\/epitesi\/epitesi-tagozat-jeloltjei-a-2024-evi-kamarai-tisztsegviselo-valasztasra\/\">link<\/a><\/p>\n\n\n\n<div class=\"wp-block-columns is-layout-flex wp-container-core-columns-is-layout-9d6595d7 wp-block-columns-is-layout-flex\"><\/div>\n\n\n<p><strong>Az \u00c9p\u00edt\u00e9si Tagozat kor\u00e1bbi eln\u00f6ks\u00e9gi \u00fcl\u00e9seinek jegyz\u0151k\u00f6nyvei: <\/strong><strong><br \/><\/strong><\/p>\n<p style=\"text-align: justify;\"><a href=\"https:\/\/mernokvagyok.hu\/epitesi\/wp-content\/uploads\/2021\/03\/Eml\u00e9keztet\u0151-2019.06.17..pdf\" target=\"_blank\" rel=\"noopener noreferrer\">2019.06.17<\/a>., <a href=\"https:\/\/mernokvagyok.hu\/epitesi\/wp-content\/uploads\/2021\/03\/Eml\u00e9keztet\u0151-2019.02.11..pdf\" target=\"_blank\" rel=\"noopener noreferrer\">2019.02.11<\/a>., <a href=\"https:\/\/mernokvagyok.hu\/epitesi\/wp-content\/uploads\/2021\/03\/Eml\u00e9keztet\u0151-2019.01.14..pdf\" target=\"_blank\" rel=\"noopener noreferrer\">2019.01.14<\/a>., <a href=\"https:\/\/mernokvagyok.hu\/epitesi\/wp-content\/uploads\/2021\/03\/Eml\u00e9keztet\u0151-2018.12.03..pdf\" target=\"_blank\" rel=\"noopener noreferrer\">2018.12.03<\/a>., <a href=\"https:\/\/mernokvagyok.hu\/epitesi\/wp-content\/uploads\/2021\/03\/Eml\u00e9keztet\u0151-2018.11.12..pdf\" target=\"_blank\" rel=\"noopener noreferrer\">2018.11.12<\/a>., <a href=\"https:\/\/mernokvagyok.hu\/epitesi\/wp-content\/uploads\/2021\/03\/Eml\u00e9keztet\u0151-2016.02.23..docx.pdf\" target=\"_blank\" rel=\"noopener noreferrer\">2018.10.08<\/a>., <a href=\"https:\/\/mernokvagyok.hu\/epitesi\/wp-content\/uploads\/2021\/03\/Eml\u00e9keztet\u0151-2018.09.17..pdf\" target=\"_blank\" rel=\"noopener noreferrer\">2018.09.17<\/a>., <a href=\"https:\/\/mernokvagyok.hu\/epitesi\/wp-content\/uploads\/2021\/03\/Eml\u00e9keztet\u0151-2018.06..pdf\" target=\"_blank\" rel=\"noopener noreferrer\">2018.06<\/a>., <a href=\"https:\/\/mernokvagyok.hu\/epitesi\/wp-content\/uploads\/2021\/03\/Eml\u00e9keztet\u0151-2018.03.12..pdf\" target=\"_blank\" rel=\"noopener noreferrer\">2018.03.12<\/a>., <a href=\"https:\/\/mernokvagyok.hu\/epitesi\/wp-content\/uploads\/2021\/03\/Eml\u00e9keztet\u0151-2018.02.12..pdf\" target=\"_blank\" rel=\"noopener noreferrer\">2018.02.12<\/a>., <a href=\"https:\/\/mernokvagyok.hu\/epitesi\/wp-content\/uploads\/2021\/03\/Eml\u00e9keztet\u0151-2018.01.18..pdf\" target=\"_blank\" rel=\"noopener noreferrer\">2018.01.18<\/a>., <a href=\"https:\/\/mernokvagyok.hu\/epitesi\/wp-content\/uploads\/2021\/03\/Eml\u00e9keztet\u0151-2017.12.11..pdf\" target=\"_blank\" rel=\"noopener noreferrer\">2017.12.11<\/a>., <a href=\"https:\/\/mernokvagyok.hu\/epitesi\/wp-content\/uploads\/2021\/03\/Eml\u00e9keztet\u0151-2017.11.13..pdf\" target=\"_blank\" rel=\"noopener noreferrer\">2017.11.13<\/a>., <a href=\"https:\/\/mernokvagyok.hu\/epitesi\/wp-content\/uploads\/2021\/03\/Eml\u00e9keztet\u0151-2017.10.16..pdf\" target=\"_blank\" rel=\"noopener noreferrer\">2017.10.16<\/a>., <a href=\"https:\/\/mernokvagyok.hu\/epitesi\/wp-content\/uploads\/2021\/03\/Eml\u00e9keztet\u0151-2017.09.11..pdf\" target=\"_blank\" rel=\"noopener noreferrer\">2017.09.11<\/a>., <a href=\"https:\/\/mernokvagyok.hu\/epitesi\/wp-content\/uploads\/2021\/03\/Eml\u00e9keztet\u0151-2017.06.12..pdf\" target=\"_blank\" rel=\"noopener noreferrer\">2017.06.12<\/a>., <a href=\"https:\/\/mernokvagyok.hu\/epitesi\/wp-content\/uploads\/2021\/03\/Eml\u00e9keztet\u0151-2017.03.20..pdf\" target=\"_blank\" rel=\"noopener noreferrer\">2017.03.20<\/a>., <a href=\"https:\/\/mernokvagyok.hu\/epitesi\/wp-content\/uploads\/2021\/03\/Eml\u00e9keztet\u0151-2017.02.13..pdf\" target=\"_blank\" rel=\"noopener noreferrer\">2017.02.13<\/a>., <a href=\"https:\/\/mernokvagyok.hu\/epitesi\/wp-content\/uploads\/2021\/03\/Eml\u00e9keztet\u0151-2017.01.16..pdf\" target=\"_blank\" rel=\"noopener noreferrer\">2017.01.16<\/a>., <a href=\"https:\/\/mernokvagyok.hu\/epitesi\/wp-content\/uploads\/2021\/03\/Eml\u00e9keztet\u0151-2016.12.12..pdf\" target=\"_blank\" rel=\"noopener noreferrer\">2016.12.12<\/a>., <a href=\"https:\/\/mernokvagyok.hu\/epitesi\/wp-content\/uploads\/2021\/03\/Eml\u00e9keztet\u0151-2016.11.14..pdf\" target=\"_blank\" rel=\"noopener noreferrer\">2016.11.14<\/a>., <a href=\"https:\/\/mernokvagyok.hu\/epitesi\/wp-content\/uploads\/2021\/03\/Eml\u00e9keztet\u0151-2016.10.16..pdf\" target=\"_blank\" rel=\"noopener noreferrer\">2016.10.16<\/a>., <a href=\"https:\/\/mernokvagyok.hu\/epitesi\/wp-content\/uploads\/2021\/03\/Eml\u00e9keztet\u0151-2016.09.12..pdf\" target=\"_blank\" rel=\"noopener noreferrer\">2016.09.12<\/a>., <a href=\"https:\/\/mernokvagyok.hu\/epitesi\/wp-content\/uploads\/2021\/03\/Eml\u00e9keztet\u0151-2016.06.20..pdf\" target=\"_blank\" rel=\"noopener noreferrer\">2016.06.20<\/a>., <a href=\"https:\/\/mernokvagyok.hu\/epitesi\/wp-content\/uploads\/2021\/03\/Eml\u00e9keztet\u0151-2016.05.23..pdf\" target=\"_blank\" rel=\"noopener noreferrer\">2016.05.23<\/a>., <a href=\"https:\/\/mernokvagyok.hu\/epitesi\/wp-content\/uploads\/2021\/03\/Eml\u00e9keztet\u0151-2016.04.25..pdf\" target=\"_blank\" rel=\"noopener noreferrer\">2016.04.25<\/a>., <a href=\"https:\/\/mernokvagyok.hu\/epitesi\/wp-content\/uploads\/2021\/03\/Eml\u00e9keztet\u0151-2016.03.21..pdf\" target=\"_blank\" rel=\"noopener noreferrer\">2016.03.21<\/a>., <a href=\"https:\/\/mernokvagyok.hu\/epitesi\/wp-content\/uploads\/2021\/03\/Eml\u00e9keztet\u0151-2016.02.23..pdf\" target=\"_blank\" rel=\"noopener noreferrer\">2016.02.23<\/a>., <a href=\"https:\/\/mernokvagyok.hu\/epitesi\/wp-content\/uploads\/2021\/03\/Eml\u00e9keztet\u0151-2016.02.22..pdf\" target=\"_blank\" rel=\"noopener noreferrer\">2016.02.22<\/a>., <a href=\"https:\/\/mernokvagyok.hu\/epitesi\/wp-content\/uploads\/2021\/03\/Eml\u00e9keztet\u0151-2016.01.25..pdf\" target=\"_blank\" rel=\"noopener noreferrer\">2016.01.25<\/a>.<\/p>\n\n\n<p><\/p>\n","protected":false},"excerpt":{"rendered":"<p>R\u00c9SZLETES TEMATIKA A BERUH\u00c1Z\u00c1SLEBONYOL\u00cdT\u00d3I MESTERISKOL\u00c1HOZ &#8211; BLMI3 KURZUS let\u00f6lt\u00e9se A BLMI 3 (2020-2021. \u0150SZI &#8211; T\u00c9LI KURZUS) EL\u0150AD\u00d3 let\u00f6lt\u00e9se Az MMK \u00c9p\u00edt\u00e9si Tagozat\u00e1nak 2022-ben j\u00f3v\u00e1hagyott \u00fcgyrendje: Link 2022-es \u00fcgyrend: Link Az \u00c9p\u00edt\u00e9si Tagozat 2024 . \u00e9vi k\u00fcld\u00f6ttgy\u0171l\u00e9s\u00e9n elhangzott el\u0151ad\u00e1sok (eln\u00f6ki besz\u00e1mol\u00f3 link, szak\u00e9rt\u0151i test\u00fclet besz\u00e1mol\u00f3ja link, 2024-2027 \u00e9vi tagozati c\u00e9lkit\u0171z\u00e9sek link) Az \u00c9p\u00edt\u00e9si Tagozat jel\u00f6ltjei [&hellip;]<\/p>\n","protected":false},"author":871,"featured_media":0,"parent":0,"menu_order":0,"comment_status":"closed","ping_status":"closed","template":"","meta":{"footnotes":""},"class_list":["post-66","page","type-page","status-publish","hentry"],"_links":{"self":[{"href":"https:\/\/mernokvagyok.hu\/epitesi\/wp-json\/wp\/v2\/pages\/66","targetHints":{"allow":["GET"]}}],"collection":[{"href":"https:\/\/mernokvagyok.hu\/epitesi\/wp-json\/wp\/v2\/pages"}],"about":[{"href":"https:\/\/mernokvagyok.hu\/epitesi\/wp-json\/wp\/v2\/types\/page"}],"author":[{"embeddable":true,"href":"https:\/\/mernokvagyok.hu\/epitesi\/wp-json\/wp\/v2\/users\/871"}],"replies":[{"embeddable":true,"href":"https:\/\/mernokvagyok.hu\/epitesi\/wp-json\/wp\/v2\/comments?post=66"}],"version-history":[{"count":50,"href":"https:\/\/mernokvagyok.hu\/epitesi\/wp-json\/wp\/v2\/pages\/66\/revisions"}],"predecessor-version":[{"id":2974,"href":"https:\/\/mernokvagyok.hu\/epitesi\/wp-json\/wp\/v2\/pages\/66\/revisions\/2974"}],"wp:attachment":[{"href":"https:\/\/mernokvagyok.hu\/epitesi\/wp-json\/wp\/v2\/media?parent=66"}],"curies":[{"name":"wp","href":"https:\/\/api.w.org\/{rel}","templated":true}]}}