{"id":62,"date":"2021-01-13T20:34:22","date_gmt":"2021-01-13T20:34:22","guid":{"rendered":"https:\/\/mernokvagyok.hu\/epitesi\/?page_id=62"},"modified":"2025-12-07T09:31:29","modified_gmt":"2025-12-07T09:31:29","slug":"specialis-csak-a-tagozatot-erinto-jogszabalyok-listaja","status":"publish","type":"page","link":"https:\/\/mernokvagyok.hu\/epitesi\/specialis-csak-a-tagozatot-erinto-jogszabalyok-listaja\/","title":{"rendered":"Az \u00e9p\u00edt\u0151ipart \u00e9rint\u0151 jogszab\u00e1lyok list\u00e1ja"},"content":{"rendered":"\n<p>Az \u00c9p\u00edt\u00e9si \u00e9s K\u00f6zleked\u00e9si Miniszt\u00e9rium \u00e1ltal m\u0171k\u00f6dtetett <a href=\"http:\/\/www.e-epites.hu\" target=\"_blank\" rel=\"noreferrer noopener\">www.e-epites.hu<\/a> oldalon sok hasznos inform\u00e1ci\u00f3 (korm\u00e1nyhivatalok, \u00e9p\u00edt\u00e9s\u00fcgyi hat\u00f3s\u00e1gok, kamarai nyilv\u00e1ntart\u00e1s stb.) el\u00e9rhet\u0151, t\u00f6bbek k\u00f6zt folyamatosan friss\u00edtve a t\u00f6rv\u00e9nyek, rendeletek is:\u00a0<\/p>\n\n\n\n<p><a href=\"https:\/\/www.e-epites.hu\/jogszabalyok#main-content\" target=\"_blank\" rel=\"noreferrer noopener\">Az \u00e9p\u00edt\u00e9s\u00fcggyel \u00f6sszef\u00fcgg\u0151 jogszab\u00e1lyok list\u00e1ja<\/a><\/p>\n\n\n\n<p>A jogszab\u00e1lyok magyar\u00e1zat\u00e1t, a friss v\u00e1ltoz\u00e1sokat \u00e9rdemes nyomon k\u00f6vetni a <a href=\"http:\/\/www.epitesijog.hu\" target=\"_blank\" rel=\"noreferrer noopener\">www.epitesijog.hu<\/a>\u00a0 oldalon.<\/p>\n","protected":false},"excerpt":{"rendered":"<p>Az \u00c9p\u00edt\u00e9si \u00e9s K\u00f6zleked\u00e9si Miniszt\u00e9rium \u00e1ltal m\u0171k\u00f6dtetett www.e-epites.hu oldalon sok hasznos inform\u00e1ci\u00f3 (korm\u00e1nyhivatalok, \u00e9p\u00edt\u00e9s\u00fcgyi hat\u00f3s\u00e1gok, kamarai nyilv\u00e1ntart\u00e1s stb.) el\u00e9rhet\u0151, t\u00f6bbek k\u00f6zt folyamatosan friss\u00edtve a t\u00f6rv\u00e9nyek, rendeletek is:\u00a0 Az \u00e9p\u00edt\u00e9s\u00fcggyel \u00f6sszef\u00fcgg\u0151 jogszab\u00e1lyok list\u00e1ja A jogszab\u00e1lyok magyar\u00e1zat\u00e1t, a friss v\u00e1ltoz\u00e1sokat \u00e9rdemes nyomon k\u00f6vetni a www.epitesijog.hu\u00a0 oldalon.<\/p>\n","protected":false},"author":871,"featured_media":0,"parent":0,"menu_order":0,"comment_status":"closed","ping_status":"closed","template":"","meta":{"footnotes":""},"class_list":["post-62","page","type-page","status-publish","hentry"],"_links":{"self":[{"href":"https:\/\/mernokvagyok.hu\/epitesi\/wp-json\/wp\/v2\/pages\/62","targetHints":{"allow":["GET"]}}],"collection":[{"href":"https:\/\/mernokvagyok.hu\/epitesi\/wp-json\/wp\/v2\/pages"}],"about":[{"href":"https:\/\/mernokvagyok.hu\/epitesi\/wp-json\/wp\/v2\/types\/page"}],"author":[{"embeddable":true,"href":"https:\/\/mernokvagyok.hu\/epitesi\/wp-json\/wp\/v2\/users\/871"}],"replies":[{"embeddable":true,"href":"https:\/\/mernokvagyok.hu\/epitesi\/wp-json\/wp\/v2\/comments?post=62"}],"version-history":[{"count":14,"href":"https:\/\/mernokvagyok.hu\/epitesi\/wp-json\/wp\/v2\/pages\/62\/revisions"}],"predecessor-version":[{"id":2926,"href":"https:\/\/mernokvagyok.hu\/epitesi\/wp-json\/wp\/v2\/pages\/62\/revisions\/2926"}],"wp:attachment":[{"href":"https:\/\/mernokvagyok.hu\/epitesi\/wp-json\/wp\/v2\/media?parent=62"}],"curies":[{"name":"wp","href":"https:\/\/api.w.org\/{rel}","templated":true}]}}