{"id":617,"date":"2021-03-25T20:18:09","date_gmt":"2021-03-25T20:18:09","guid":{"rendered":"https:\/\/mernokvagyok.hu\/epitesi\/?page_id=617"},"modified":"2025-11-20T19:51:48","modified_gmt":"2025-11-20T19:51:48","slug":"kapcsolat","status":"publish","type":"page","link":"https:\/\/mernokvagyok.hu\/epitesi\/forum\/kapcsolat\/","title":{"rendered":"Kapcsolat"},"content":{"rendered":"\n<div class=\"wp-block-columns is-layout-flex wp-container-core-columns-is-layout-9d6595d7 wp-block-columns-is-layout-flex\">\n<div class=\"wp-block-column is-layout-flow wp-block-column-is-layout-flow\">\n<p><strong>Tisztelt Olvas\u00f3!<\/strong><\/p>\n\n\n\n<p>\u00c9szrev\u00e9teleiket, v\u00e9lem\u00e9ny\u00fcket, megjelentetni sz\u00e1nt anyagaikat k\u00e9rj\u00fck, hogy e-mailen vagy postai levelez\u00e9s \u00fatj\u00e1n sz\u00edveskedjenek hozz\u00e1nk eljuttatni:<\/p>\n\n\n\n<p><strong>Lev\u00e9lc\u00edm\u00fcnk:<\/strong>\u00a0 Magyar M\u00e9rn\u00f6ki Kamara \u00c9p\u00edt\u00e9si Tagozata,<br>1118 Budapest, Buda\u00f6rsi \u00fat 125\/A<\/p>\n\n\n\n<p>e-mail:&nbsp;<br><a href=\"mailto:epitesi.tagozat@mmk.hu\">epitesi.tagozat@mmk.hu<\/a><br><a rel=\"noreferrer noopener\" href=\"mailto:info@mmk.hu\" target=\"_blank\">info@mmk.hu<\/a><\/p>\n\n\n\n<p>A levelekre \u00e9s az e-mailekben is minden esetben sz\u00edveskedjenek oda\u00edrni:<br><strong>MMK \u00c9p\u00edt\u00e9si Tagozat<\/strong><\/p>\n<\/div>\n\n\n\n<div class=\"wp-block-column is-layout-flow wp-block-column-is-layout-flow\">\n\n\n\n\n<p><\/p>\n<\/div>\n<\/div>\n","protected":false},"excerpt":{"rendered":"<p>Tisztelt Olvas\u00f3! \u00c9szrev\u00e9teleiket, v\u00e9lem\u00e9ny\u00fcket, megjelentetni sz\u00e1nt anyagaikat k\u00e9rj\u00fck, hogy e-mailen vagy postai levelez\u00e9s \u00fatj\u00e1n sz\u00edveskedjenek hozz\u00e1nk eljuttatni: Lev\u00e9lc\u00edm\u00fcnk:\u00a0 Magyar M\u00e9rn\u00f6ki Kamara \u00c9p\u00edt\u00e9si Tagozata,1118 Budapest, Buda\u00f6rsi \u00fat 125\/A e-mail:&nbsp;epitesi.tagozat@mmk.huinfo@mmk.hu A levelekre \u00e9s az e-mailekben is minden esetben sz\u00edveskedjenek oda\u00edrni:MMK \u00c9p\u00edt\u00e9si Tagozat<\/p>\n","protected":false},"author":871,"featured_media":0,"parent":84,"menu_order":0,"comment_status":"closed","ping_status":"closed","template":"","meta":{"footnotes":""},"class_list":["post-617","page","type-page","status-publish","hentry"],"_links":{"self":[{"href":"https:\/\/mernokvagyok.hu\/epitesi\/wp-json\/wp\/v2\/pages\/617","targetHints":{"allow":["GET"]}}],"collection":[{"href":"https:\/\/mernokvagyok.hu\/epitesi\/wp-json\/wp\/v2\/pages"}],"about":[{"href":"https:\/\/mernokvagyok.hu\/epitesi\/wp-json\/wp\/v2\/types\/page"}],"author":[{"embeddable":true,"href":"https:\/\/mernokvagyok.hu\/epitesi\/wp-json\/wp\/v2\/users\/871"}],"replies":[{"embeddable":true,"href":"https:\/\/mernokvagyok.hu\/epitesi\/wp-json\/wp\/v2\/comments?post=617"}],"version-history":[{"count":26,"href":"https:\/\/mernokvagyok.hu\/epitesi\/wp-json\/wp\/v2\/pages\/617\/revisions"}],"predecessor-version":[{"id":2904,"href":"https:\/\/mernokvagyok.hu\/epitesi\/wp-json\/wp\/v2\/pages\/617\/revisions\/2904"}],"up":[{"embeddable":true,"href":"https:\/\/mernokvagyok.hu\/epitesi\/wp-json\/wp\/v2\/pages\/84"}],"wp:attachment":[{"href":"https:\/\/mernokvagyok.hu\/epitesi\/wp-json\/wp\/v2\/media?parent=617"}],"curies":[{"name":"wp","href":"https:\/\/api.w.org\/{rel}","templated":true}]}}