{"id":61,"date":"2021-01-13T20:34:22","date_gmt":"2021-01-13T20:34:22","guid":{"rendered":"https:\/\/mernokvagyok.hu\/epitesi\/?page_id=61"},"modified":"2021-05-06T09:49:44","modified_gmt":"2021-05-06T09:49:44","slug":"szabalyozas","status":"publish","type":"page","link":"https:\/\/mernokvagyok.hu\/epitesi\/szabalyozas\/","title":{"rendered":"Szab\u00e1lyoz\u00e1s"},"content":{"rendered":"\n<p><strong>Az \u00e1talakult hat\u00f3s\u00e1gi rendszer<\/strong><\/p>\n\n\n\n<p>R\u00e9szletszab\u00e1lyok az \u00e9p\u00edt\u00e9s\u00fcgyi \u00e9s az \u00e9p\u00edt\u00e9sfel\u00fcgyeleti hat\u00f3s\u00e1gok kijel\u00f6l\u00e9s\u00e9r\u0151l \u00e9s m\u0171k\u00f6d\u00e9si felt\u00e9teleir\u0151l sz\u00f3l\u00f3 343\/2006. (XII. 23.) Korm. rendeletben<\/p>\n\n\n\n<p>Megsz\u0171ntek az \u00f6nkorm\u00e1nyzati \u00e9p\u00edt\u00e9s\u00fcgyi hat\u00f3s\u00e1gok \u00e9s egyes\u00fcltek szervezetileg az \u00e9p\u00edt\u00e9sfel\u00fcgyelettel az<strong> \u00c1ltal\u00e1nos \u00c9p\u00edt\u00e9s\u00fcgyi Hat\u00f3s\u00e1g &#8211; <\/strong>a<strong> F\u0151v\u00e1rosi \u00e9s Megyei Korm\u00e1nyhivatalok <\/strong>keretein bel\u00fcl, kiv\u00e9ve:<\/p>\n\n\n\n<ul class=\"wp-block-list\"><li>a saj\u00e1tos \u00e9p\u00edtm\u00e9nyfajt\u00e1k,<\/li><li>a rep\u00fcl\u0151t\u00e9r l\u00e9tes\u00edt\u00e9s\u00e9nek, fejleszt\u00e9s\u00e9nek \u00e9s megsz\u00fcntet\u00e9s\u00e9nek, valamint a lesz\u00e1ll\u00f3hely l\u00e9tes\u00edt\u00e9s\u00e9nek \u00e9s megsz\u00fcntet\u00e9s\u00e9nek szab\u00e1lyair\u00f3l sz\u00f3l\u00f3 korm\u00e1nyrendeletben meghat\u00e1rozott hat\u00f3s\u00e1gi \u00fcgyek,<\/li><li>a vas\u00fati \u00e9p\u00edtm\u00e9nyek \u00e9p\u00edt\u00e9s\u00fcgyi hat\u00f3s\u00e1gi enged\u00e9lyez\u00e9si elj\u00e1r\u00e1sainak r\u00e9szletes szab\u00e1lyair\u00f3l sz\u00f3l\u00f3 289\/2012. (X. 11.) Korm. rendelet 1. \u00a7 (1) bekezd\u00e9s <em>d)<\/em> pontj\u00e1ban meghat\u00e1rozott \u00e9p\u00edtm\u00e9nyek hat\u00f3s\u00e1gi \u00fcgyei,<\/li><li>az Orsz\u00e1gos Atomenergia Hivatal nukle\u00e1ris energi\u00e1val kapcsolatos eur\u00f3pai uni\u00f3s, valamint nemzetk\u00f6zi k\u00f6telezetts\u00e9gekkel \u00f6sszef\u00fcgg\u0151 feladatk\u00f6r\u00e9r\u0151l, az Orsz\u00e1gos Atomenergia Hivatal hat\u00f3s\u00e1gi elj\u00e1r\u00e1saiban k\u00f6zrem\u0171k\u00f6d\u0151 szakhat\u00f3s\u00e1gok kijel\u00f6l\u00e9s\u00e9r\u0151l, a kiszabhat\u00f3 b\u00edrs\u00e1g m\u00e9rt\u00e9k\u00e9r\u0151l, valamint az Orsz\u00e1gos Atomenergia Hivatal munk\u00e1j\u00e1t seg\u00edt\u0151 tudom\u00e1nyos tan\u00e1csr\u00f3l sz\u00f3l\u00f3 112\/2011. (VII. 4.) Korm. rendeletben meghat\u00e1rozott \u00e9p\u00edt\u00e9s\u00fcgyi hat\u00f3s\u00e1gi \u00fcgyek, valamint<\/li><li>m\u0171eml\u00e9k karbantart\u00e1si \u00fcgyek<\/li><\/ul>\n\n\n\n<p>Az \u00e9p\u00edtm\u00e9ny l\u00e9tes\u00edt\u00e9si c\u00e9lj\u00e1nak megfelel\u0151 f\u0151 rendeltet\u00e9se szerinti \u00e9p\u00edt\u00e9s\u00fcgyi hat\u00f3s\u00e1g j\u00e1r el enged\u00e9lyez\u0151 hat\u00f3s\u00e1gk\u00e9nt \u2013 az atomenergia alkalmaz\u00e1s\u00e1ra szolg\u00e1l\u00f3 saj\u00e1tos technol\u00f3gi\u00e1j\u00fa \u00e9p\u00edtm\u00e9nyek kiv\u00e9tel\u00e9vel \u2013,<\/p>\n\n\n\n<ul class=\"wp-block-list\"><li>ha t\u00f6bbc\u00e9l\u00fa felhaszn\u00e1l\u00e1s c\u00e9lj\u00e1ra \u00faj \u00e9p\u00edtm\u00e9ny \u00e9p\u00fcl \u00e9s az ezen \u00e9p\u00edtm\u00e9nyben l\u00e9tes\u00fcl\u0151 \u00f6n\u00e1ll\u00f3 rendeltet\u00e9si egys\u00e9gek enged\u00e9lyez\u00e9s\u00e9re t\u00f6bb \u2013 nem \u00e9p\u00edt\u00e9s\u00fcgyi f\u0151hat\u00f3s\u00e1gnak min\u0151s\u00fcl\u0151 \u2013 \u00e9p\u00edt\u00e9s\u00fcgyi hat\u00f3s\u00e1g is hat\u00e1sk\u00f6rrel rendelkezik, vagy<\/li><li>ha a megl\u00e9v\u0151 \u00e9p\u00edtm\u00e9ny t\u00f6bbc\u00e9l\u00fa felhaszn\u00e1l\u00e1sa \u00e9rdek\u00e9ben az \u00e9p\u00edtm\u00e9ny vagy annak r\u00e9szek\u00e9nt l\u00e9tes\u00fcl\u0151 \u00f6n\u00e1ll\u00f3 rendeltet\u00e9si egys\u00e9g \u00e9p\u00edt\u00e9s\u00e9nek, kialak\u00edt\u00e1s\u00e1nak enged\u00e9lyez\u00e9s\u00e9re t\u00f6bb \u00e9p\u00edt\u00e9s\u00fcgyi hat\u00f3s\u00e1g is hat\u00e1sk\u00f6rrel rendelkezik<\/li><\/ul>\n\n\n\n<p>Az<strong> \u00c1ltal\u00e1nos \u00c9p\u00edt\u00e9sfel\u00fcgyeleti Hat\u00f3s\u00e1g &#8211; <\/strong>a<strong> F\u0151v\u00e1rosi \u00e9s Megyei Korm\u00e1nyhivatalok<\/strong><strong> &#8211; <\/strong>kiv\u00e9ve: a saj\u00e1tos \u00e9p\u00edtm\u00e9nyfajt\u00e1k \u00e9p\u00edt\u00e9sfel\u00fcgyelete. <strong>Az els\u0151fok\u00fa \u00e9p\u00edt\u00e9s\u00fcgyi \u00e9s \u00e9p\u00edt\u00e9sfel\u00fcgyeleti hat\u00f3s\u00e1gi feladatokat a F\u0151v\u00e1rosi \u00e9s a Megyei Korm\u00e1nyhivatalok j\u00e1r\u00e1si hivatalainak \u00c9p\u00edt\u00e9s\u00fcgyi Oszt\u00e1ly\u00e1n l\u00e1tj\u00e1k el, a m\u00e1sodfok\u00fa \u00e9p\u00edt\u00e9s\u00fcgyi \u00e9s \u00e9p\u00edt\u00e9sfel\u00fcgyeleti hat\u00f3s\u00e1gi feladatokat a F\u0151v\u00e1rosi \u00e9s a Megyei Korm\u00e1nyhivatalok \u00c9p\u00edt\u00e9s\u00fcgyi \u00e9s \u00d6r\u00f6ks\u00e9gv\u00e9delmi F\u0151oszt\u00e1ly\u00e1n l\u00e1tj\u00e1k el. <\/strong>A hat\u00e1sk\u00f6r c\u00edmzettje a korm\u00e1nymegb\u00edzott.<\/p>\n\n\n\n<p>Az egyes korm\u00e1nyhivatalok, \u00e9p\u00edt\u00e9s\u00fcgyi \u00e9s \u00e9p\u00edt\u00e9sfel\u00fcgyeleti szervezeti egys\u00e9gek c\u00edme, el\u00e9rhet\u0151s\u00e9ge, illet\u00e9kess\u00e9gi ter\u00fclete \u00e9s feladatai r\u00e9szletesen a <a href=\"http:\/\/www.kormanyhivatal.hu\" target=\"_blank\" rel=\"noreferrer noopener\"><strong>www.kormanyhivatal.hu<\/strong><\/a><strong> <\/strong>oldalon tal\u00e1lhat\u00f3ak meg megyei \u00e9s j\u00e1r\u00e1si lebont\u00e1sban.<\/p>\n\n\n\n<p><strong>Szakhat\u00f3s\u00e1gi elj\u00e1r\u00e1s helyett szakk\u00e9rd\u00e9s vizsg\u00e1lata<\/strong><\/p>\n\n\n\n<p>Az esetek t\u00f6bbs\u00e9g\u00e9ben megsz\u0171ntek az \u00f6n\u00e1ll\u00f3 szakhat\u00f3s\u00e1gi szervek, a szakhat\u00f3s\u00e1gi feladatok nagy r\u00e9sze szint\u00e9n beintegr\u00e1l\u00f3dott a megyei korm\u00e1nyhivatalokba, a hat\u00e1sk\u00f6r c\u00edmzettje szint\u00e9n a korm\u00e1nymegb\u00edzott. \u00cdgy a tov\u00e1bbiakban szakk\u00e9rd\u00e9st vizsg\u00e1l\u00f3 szervezeti egys\u00e9gek alakultak a korm\u00e1nyhivatalokon bel\u00fcl.<\/p>\n\n\n\n<p>Csak kiv\u00e9telesen fordul el\u0151 szakhat\u00f3s\u00e1gi vizsg\u00e1lat \u00e9s elj\u00e1r\u00e1s korm\u00e1nyhivatalon k\u00edv\u00fcli szakhat\u00f3s\u00e1ggal, ilyen pl. a katasztr\u00f3fav\u00e9delem \u00e9s a t\u0171zv\u00e9delem. [r\u00e9szletszab\u00e1lyok az egyes k\u00f6z\u00e9rdeken alapul\u00f3 k\u00e9nyszer\u00edt\u0151 indok alapj\u00e1n elj\u00e1r\u00f3 szakhat\u00f3s\u00e1gok kijel\u00f6l\u00e9s\u00e9r\u0151l sz\u00f3l\u00f3 531\/2017. (XII. 29.) Korm. Rendeletben]<\/p>\n\n\n\n<p>Az a jelenlegi f\u0151szab\u00e1ly, hogy bizonyos szakk\u00e9rd\u00e9seket maga az elj\u00e1r\u00f3 \u00e9p\u00edt\u00e9s\u00fcgyi hat\u00f3s\u00e1g vizsg\u00e1l meg (teh\u00e1t ezekn\u00e9l a szakk\u00e9rd\u00e9sekn\u00e9l nincs k\u00fcl\u00f6n szakhat\u00f3s\u00e1g). Ez \u00fagy lehets\u00e9ges, hogy az \u00e9p\u00edt\u00e9s\u00fcgyi hat\u00f3s\u00e1gi jogk\u00f6r \u00e9s az egyes, \u00fagynevezett szakk\u00e9rd\u00e9seket vizsg\u00e1l\u00f3 hat\u00f3s\u00e1gok hat\u00f3s\u00e1gi jogk\u00f6re is ugyanazon szervezetre, a Megyei Korm\u00e1nyhivatalra van telep\u00edtve.<\/p>\n\n\n\n<p>Az \u00e9p\u00edt\u00e9s\u00fcgyi \u00e9s az \u00e9p\u00edt\u00e9sfel\u00fcgyeleti hat\u00f3s\u00e1gok kijel\u00f6l\u00e9s\u00e9r\u0151l \u00e9s m\u0171k\u00f6d\u00e9si felt\u00e9teleir\u0151l sz\u00f3l\u00f3 343\/2006. (XII. 23.) Korm. rendelet 1. \u00a7-a az \u00e9p\u00edt\u00e9s\u00fcgyi hat\u00f3s\u00e1gi feladatokat ell\u00e1t\u00f3 \u00e1ltal\u00e1nos \u00e9p\u00edt\u00e9s\u00fcgyi hat\u00f3s\u00e1gk\u00e9nt az \u00e9p\u00edtm\u00e9nyek, \u00e9p\u00edt\u00e9si tev\u00e9kenys\u00e9gek tekintet\u00e9ben a f\u0151v\u00e1rosi \u00e9s megyei korm\u00e1nyhivatalt jel\u00f6li ki. \u00cdgy ugyanazon hat\u00f3s\u00e1g az elj\u00e1r\u00f3 hat\u00f3s\u00e1g \u00e9s a bizonyos szakk\u00e9rd\u00e9seket vizsg\u00e1l\u00f3 hat\u00f3s\u00e1g is. Ez\u00e9rt ezekben a szakk\u00e9rd\u00e9sekben nincs sz\u00fcks\u00e9g k\u00fcl\u00f6n szakhat\u00f3s\u00e1gok megkeres\u00e9s\u00e9re, mert a Korm\u00e1nyhivatal \u00e9p\u00edt\u00e9s\u00fcgyi hat\u00f3s\u00e1gi feladatokat ell\u00e1t\u00f3 szervezeti egys\u00e9ge kik\u00e9ri a vizsg\u00e1land\u00f3 szakk\u00e9rd\u00e9sekben illet\u00e9kes m\u00e1sik szervezeti egys\u00e9geinek v\u00e9lem\u00e9ny\u00e9t \u00e9s mindezeket \u00e9rt\u00e9kelve egy \u00e9p\u00edt\u00e9s\u00fcgyi hat\u00f3s\u00e1gi d\u00f6nt\u00e9sben hat\u00e1roz.<\/p>\n\n\n\n<p>Azt, hogy milyen szakk\u00e9rd\u00e9seket vizsg\u00e1l az elj\u00e1r\u00f3 \u00e9p\u00edt\u00e9s\u00fcgyi hat\u00f3s\u00e1g, azt a<strong>z \u00e9p\u00edt\u00e9s\u00fcgyi \u00e9s \u00e9p\u00edt\u00e9sfel\u00fcgyeleti hat\u00f3s\u00e1gi elj\u00e1r\u00e1sokr\u00f3l \u00e9s ellen\u0151rz\u00e9sekr\u0151l, valamint az \u00e9p\u00edt\u00e9s\u00fcgyi hat\u00f3s\u00e1gi szolg\u00e1ltat\u00e1sr\u00f3l sz\u00f3l\u00f3 312\/2012. (XI. 8.) Korm. rendelet <\/strong><em>6. sz\u00e1m\u00fa mell\u00e9klete<\/em> tartalmazza.<\/p>\n\n\n\n<p>Teh\u00e1t az \u00e9p\u00edt\u00e9s\u00fcgyi hat\u00f3s\u00e1ghoz kell beadni azt a dokument\u00e1ci\u00f3t is, mely ezen szakk\u00e9rd\u00e9sek vizsg\u00e1lat\u00e1hoz sz\u00fcks\u00e9ges. Ezt szint\u00e9n a<strong>z \u00e9p\u00edt\u00e9s\u00fcgyi \u00e9s \u00e9p\u00edt\u00e9sfel\u00fcgyeleti hat\u00f3s\u00e1gi elj\u00e1r\u00e1sokr\u00f3l \u00e9s ellen\u0151rz\u00e9sekr\u0151l, valamint az \u00e9p\u00edt\u00e9s\u00fcgyi hat\u00f3s\u00e1gi szolg\u00e1ltat\u00e1sr\u00f3l sz\u00f3l\u00f3 312\/2012. (XI. 8.) Korm. rendelet <\/strong><em>5. sz\u00e1m\u00fa mell\u00e9klete<\/em> hat\u00e1rozza meg.<\/p>\n\n\n\n<p>Az olyan \u00e9p\u00edt\u00e9si \u00e9s haszn\u00e1latbav\u00e9teli enged\u00e9lyez\u00e9si elj\u00e1r\u00e1sokban, amelyekben a szakhat\u00f3s\u00e1gk\u00e9nt kijel\u00f6lt f\u0151v\u00e1rosi \u00e9s megyei korm\u00e1nyhivatal j\u00e1r el els\u0151 fokon, elj\u00e1r\u00e1s\u00e1ban maga vizsg\u00e1lja a szakk\u00e9rd\u00e9st. Ha az \u00e9p\u00edt\u00e9s\u00fcgyi hat\u00f3s\u00e1g enged\u00e9lyez\u00e9si elj\u00e1r\u00e1s\u00e1ban valamely szakk\u00e9rd\u00e9s vizsg\u00e1lat\u00e1nak van helye, a k\u00e9relemhez csatolni kell az adott szakk\u00e9rd\u00e9ssel \u00f6sszef\u00fcgg\u00e9sben meghat\u00e1rozott dokument\u00e1ci\u00f3t, \u00e9s ez alapj\u00e1n az \u00e9p\u00edt\u00e9s\u00fcgyi hat\u00f3s\u00e1g (f\u0151hat\u00f3s\u00e1gk\u00e9nt) az enged\u00e9lyez\u00e9si elj\u00e1r\u00e1sban vizsg\u00e1lja az ott megjel\u00f6lt szakk\u00e9rd\u00e9st.<\/p>\n\n\n\n<p>Az \u00e9p\u00edt\u00e9s\u00fcgyi f\u0151hat\u00f3s\u00e1g elj\u00e1r\u00e1s\u00e1ban szakhat\u00f3s\u00e1gk\u00e9nt m\u0171k\u00f6dnek k\u00f6zre<\/p>\n\n\n\n<p><em>a)<\/em> az \u00e9p\u00edtm\u00e9nyfajt\u00e1ra vonatkoz\u00f3 \u00e9p\u00edt\u00e9s\u00fcgyi k\u00f6vetelm\u00e9nyek \u00e9rv\u00e9nyre juttat\u00e1s\u00e1val kapcsolatos szakk\u00e9rd\u00e9sben a nem \u00e9p\u00edt\u00e9s\u00fcgyi f\u0151hat\u00f3s\u00e1gnak min\u0151s\u00fcl\u0151 \u00e9p\u00edt\u00e9s\u00fcgyi hat\u00f3s\u00e1gok, valamint<\/p>\n\n\n\n<p><em>b)<\/em> azok a hat\u00f3s\u00e1gok, amelyek az <em>a)<\/em> pont szerinti \u00e9p\u00edt\u00e9s\u00fcgyi hat\u00f3s\u00e1g elj\u00e1r\u00e1s\u00e1ban szakhat\u00f3s\u00e1gk\u00e9nt j\u00e1rtak volna el.<\/p>\n\n\n\n<p>Azok a \u2013 szakmai szakk\u00e9rd\u00e9seket vizsg\u00e1l\u00f3 &#8211; szakhat\u00f3s\u00e1gok, melyek nem a Korm\u00e1nyhivatal szervezeti keretei k\u00f6z\u00f6tt m\u0171k\u00f6dnek, szakhat\u00f3s\u00e1gi v\u00e9lem\u00e9nyez\u00e9st folytatnak le, melyet k\u00e9tf\u00e9le k\u00e9pen lehet megtenni.<\/p>\n\n\n\n<ul class=\"wp-block-list\"><li>Vagy az \u00e9p\u00edt\u00e9si enged\u00e9lyk\u00e9relem beny\u00fajt\u00e1sa el\u0151tt \u2013 ekkor az \u00e9p\u00edttet\u0151\/tervez\u0151 keresi meg a szakhat\u00f3s\u00e1got el\u0151zetes v\u00e9lem\u00e9nyez\u00e9s c\u00e9lj\u00e1b\u00f3l.<\/li><li>Vagy az \u00e9p\u00edt\u00e9si enged\u00e9lyk\u00e9relem beny\u00fajt\u00e1s\u00e1t k\u00f6vet\u0151en (beny\u00fajtva a szakhat\u00f3s\u00e1gokhoz el\u0151\u00edrt dokumentumokat is) \u2013 ekkor az \u00e9p\u00edt\u00e9s\u00fcgyi hat\u00f3s\u00e1g keresi meg a szakhat\u00f3s\u00e1gk\u00e9nt elj\u00e1r\u00f3 k\u00fcls\u0151 hat\u00f3s\u00e1got.<\/li><\/ul>\n\n\n\n<p>Azt, hogy melyek azok a szakhat\u00f3s\u00e1gok, amelyek a Korm\u00e1nyhivatalon k\u00edv\u00fcl m\u0171k\u00f6dnek, az <strong>egyes k\u00f6z\u00e9rdeken alapul\u00f3 k\u00e9nyszer\u00edt\u0151 indok alapj\u00e1n elj\u00e1r\u00f3 szakhat\u00f3s\u00e1gok kijel\u00f6l\u00e9s\u00e9r\u0151l sz\u00f3l\u00f3 531\/2017. (XII. 29.) Korm. rendelet <\/strong><em>1. sz\u00e1m\u00fa mell\u00e9klet\u00e9ben <\/em>mutatja meg oly m\u00f3don, hogy a nemzetgazdas\u00e1gi szempontb\u00f3l korm\u00e1nyrendelettel kiemelt \u00e9p\u00edt\u00e9si beruh\u00e1z\u00e1sok \u00fcgy\u00e9ben elt\u00e9r\u0151 szab\u00e1lyokat is meg\u00e1llap\u00edt.<\/p>\n","protected":false},"excerpt":{"rendered":"<p>Az \u00e1talakult hat\u00f3s\u00e1gi rendszer R\u00e9szletszab\u00e1lyok az \u00e9p\u00edt\u00e9s\u00fcgyi \u00e9s az \u00e9p\u00edt\u00e9sfel\u00fcgyeleti hat\u00f3s\u00e1gok kijel\u00f6l\u00e9s\u00e9r\u0151l \u00e9s m\u0171k\u00f6d\u00e9si felt\u00e9teleir\u0151l sz\u00f3l\u00f3 343\/2006. (XII. 23.) Korm. rendeletben Megsz\u0171ntek az \u00f6nkorm\u00e1nyzati \u00e9p\u00edt\u00e9s\u00fcgyi hat\u00f3s\u00e1gok \u00e9s egyes\u00fcltek szervezetileg az \u00e9p\u00edt\u00e9sfel\u00fcgyelettel az \u00c1ltal\u00e1nos \u00c9p\u00edt\u00e9s\u00fcgyi Hat\u00f3s\u00e1g &#8211; a F\u0151v\u00e1rosi \u00e9s Megyei Korm\u00e1nyhivatalok keretein bel\u00fcl, kiv\u00e9ve: a saj\u00e1tos \u00e9p\u00edtm\u00e9nyfajt\u00e1k, a rep\u00fcl\u0151t\u00e9r l\u00e9tes\u00edt\u00e9s\u00e9nek, fejleszt\u00e9s\u00e9nek \u00e9s megsz\u00fcntet\u00e9s\u00e9nek, valamint a [&hellip;]<\/p>\n","protected":false},"author":871,"featured_media":0,"parent":0,"menu_order":0,"comment_status":"closed","ping_status":"closed","template":"","meta":{"footnotes":""},"class_list":["post-61","page","type-page","status-publish","hentry"],"_links":{"self":[{"href":"https:\/\/mernokvagyok.hu\/epitesi\/wp-json\/wp\/v2\/pages\/61","targetHints":{"allow":["GET"]}}],"collection":[{"href":"https:\/\/mernokvagyok.hu\/epitesi\/wp-json\/wp\/v2\/pages"}],"about":[{"href":"https:\/\/mernokvagyok.hu\/epitesi\/wp-json\/wp\/v2\/types\/page"}],"author":[{"embeddable":true,"href":"https:\/\/mernokvagyok.hu\/epitesi\/wp-json\/wp\/v2\/users\/871"}],"replies":[{"embeddable":true,"href":"https:\/\/mernokvagyok.hu\/epitesi\/wp-json\/wp\/v2\/comments?post=61"}],"version-history":[{"count":3,"href":"https:\/\/mernokvagyok.hu\/epitesi\/wp-json\/wp\/v2\/pages\/61\/revisions"}],"predecessor-version":[{"id":1082,"href":"https:\/\/mernokvagyok.hu\/epitesi\/wp-json\/wp\/v2\/pages\/61\/revisions\/1082"}],"wp:attachment":[{"href":"https:\/\/mernokvagyok.hu\/epitesi\/wp-json\/wp\/v2\/media?parent=61"}],"curies":[{"name":"wp","href":"https:\/\/api.w.org\/{rel}","templated":true}]}}