{"id":60,"date":"2021-01-13T20:34:22","date_gmt":"2021-01-13T20:34:22","guid":{"rendered":"https:\/\/mernokvagyok.hu\/epitesi\/?page_id=60"},"modified":"2023-12-20T05:39:06","modified_gmt":"2023-12-20T05:39:06","slug":"szakmai-allasfoglalasok","status":"publish","type":"page","link":"https:\/\/mernokvagyok.hu\/epitesi\/szakmai-allasfoglalasok\/","title":{"rendered":"Szakmai \u00e1ll\u00e1sfoglal\u00e1sok"},"content":{"rendered":"\n<p>\u2022<strong>Aj\u00e1nl\u00e1sok a z \u00e9p\u00fcletek kivitelez\u00e9s\u00e9nek szerz\u0151d\u00e9sk\u00f6t\u00e9s\u00e9hez \u00e9s megval\u00f3s\u00edt\u00e1s\u00e1hoz. \u00c9VOSZ 2023<\/strong>. <a href=\"https:\/\/mernokvagyok.hu\/epitesi\/wp-content\/uploads\/2023\/12\/AJANLASOK-EVOSZ-KIADVANY-2023-fin.pdf\" target=\"_blank\" rel=\"noreferrer noopener\">link<\/a><\/p>\n\n\n\n<p>\u2022 <strong>Az \u201e\u00dcvegkapu\u201d (510\/2021 (IX.3.) korm\u00e1nyrendelet jogszab\u00e1lyi k\u00f6rnyezete<\/strong>. <a rel=\"noreferrer noopener\" href=\"https:\/\/mernokvagyok.hu\/epitesi\/wp-content\/uploads\/2021\/12\/Az-Uvegkapu-rendelet-jogszabalyi-kornyezete.pdf\" data-type=\"URL\" data-id=\"https:\/\/mernokvagyok.hu\/epitesi\/wp-content\/uploads\/2021\/12\/Az-Uvegkapu-rendelet-jogszabalyi-kornyezete.pdf\" target=\"_blank\">link<\/a><\/p>\n\n\n\n<p>\u2022<strong>Javaslat az egyszeri bejelent\u00e9s\u0171 lak\u00f3\u00e9p\u00fcletek megval\u00f3s\u00edt\u00e1s\u00e1nak m\u00f3dszer\u00e9re.<\/strong><a rel=\"noreferrer noopener\" href=\"https:\/\/mernokvagyok.hu\/epitesi\/wp-content\/uploads\/2021\/04\/Javaslat-az-egyszeri-bejelent\u00e9s\u0171-lak\u00f3\u00e9p\u00fcletek-megval\u00f3s\u00edt\u00e1s\u00e1nak-m\u00f3dszer\u00e9r....pdf\" target=\"_blank\"> link<\/a> <\/p>\n\n\n\n<p>\u2022<strong>Javaslat az egys\u00e9ges ter\u00fclet- \u00e9s telep\u00fcl\u00e9srendez\u00e9si oktat\u00e1s visszavezet\u00e9s\u00e9re.<\/strong> <a rel=\"noreferrer noopener\" href=\"https:\/\/mernokvagyok.hu\/epitesi\/wp-content\/uploads\/2021\/04\/Javaslat-az-egys\u00e9ges-ter\u00fclet-\u00e9s-telep\u00fcl\u00e9srendez\u00e9si-oktat\u00e1s-visszavezet\u00e9....pdf\" target=\"_blank\">link<\/a> <\/p>\n","protected":false},"excerpt":{"rendered":"<p>\u2022Aj\u00e1nl\u00e1sok a z \u00e9p\u00fcletek kivitelez\u00e9s\u00e9nek szerz\u0151d\u00e9sk\u00f6t\u00e9s\u00e9hez \u00e9s megval\u00f3s\u00edt\u00e1s\u00e1hoz. \u00c9VOSZ 2023. link \u2022 Az \u201e\u00dcvegkapu\u201d (510\/2021 (IX.3.) korm\u00e1nyrendelet jogszab\u00e1lyi k\u00f6rnyezete. link \u2022Javaslat az egyszeri bejelent\u00e9s\u0171 lak\u00f3\u00e9p\u00fcletek megval\u00f3s\u00edt\u00e1s\u00e1nak m\u00f3dszer\u00e9re. link \u2022Javaslat az egys\u00e9ges ter\u00fclet- \u00e9s telep\u00fcl\u00e9srendez\u00e9si oktat\u00e1s visszavezet\u00e9s\u00e9re. link<\/p>\n","protected":false},"author":871,"featured_media":0,"parent":0,"menu_order":0,"comment_status":"closed","ping_status":"closed","template":"","meta":{"footnotes":""},"class_list":["post-60","page","type-page","status-publish","hentry"],"_links":{"self":[{"href":"https:\/\/mernokvagyok.hu\/epitesi\/wp-json\/wp\/v2\/pages\/60","targetHints":{"allow":["GET"]}}],"collection":[{"href":"https:\/\/mernokvagyok.hu\/epitesi\/wp-json\/wp\/v2\/pages"}],"about":[{"href":"https:\/\/mernokvagyok.hu\/epitesi\/wp-json\/wp\/v2\/types\/page"}],"author":[{"embeddable":true,"href":"https:\/\/mernokvagyok.hu\/epitesi\/wp-json\/wp\/v2\/users\/871"}],"replies":[{"embeddable":true,"href":"https:\/\/mernokvagyok.hu\/epitesi\/wp-json\/wp\/v2\/comments?post=60"}],"version-history":[{"count":15,"href":"https:\/\/mernokvagyok.hu\/epitesi\/wp-json\/wp\/v2\/pages\/60\/revisions"}],"predecessor-version":[{"id":2078,"href":"https:\/\/mernokvagyok.hu\/epitesi\/wp-json\/wp\/v2\/pages\/60\/revisions\/2078"}],"wp:attachment":[{"href":"https:\/\/mernokvagyok.hu\/epitesi\/wp-json\/wp\/v2\/media?parent=60"}],"curies":[{"name":"wp","href":"https:\/\/api.w.org\/{rel}","templated":true}]}}