{"id":59,"date":"2021-01-13T20:34:22","date_gmt":"2021-01-13T20:34:22","guid":{"rendered":"https:\/\/mernokvagyok.hu\/epitesi\/?page_id=59"},"modified":"2026-03-20T13:27:12","modified_gmt":"2026-03-20T13:27:12","slug":"ulesek-jegyzokonyvei","status":"publish","type":"page","link":"https:\/\/mernokvagyok.hu\/epitesi\/ulesek-jegyzokonyvei\/","title":{"rendered":"Aktu\u00e1lis eln\u00f6ks\u00e9gi \u00fcl\u00e9sek jegyz\u0151k\u00f6nyvei"},"content":{"rendered":"\n<ul class=\"wp-block-list\">\n<li><a href=\"https:\/\/mernokvagyok.hu\/epitesi\/wp-content\/uploads\/2026\/03\/Epitesi-Tagozat-elnoksegi-ules-emlekezteto-2026.01.02.pdf\">2026.01.12<\/a><\/li>\n\n\n\n<li><a href=\"https:\/\/mernokvagyok.hu\/epitesi\/wp-content\/uploads\/2026\/03\/ET_emlekezteto_1208.pdf\">2025.12.08<\/a><\/li>\n\n\n\n<li><a href=\"https:\/\/mernokvagyok.hu\/epitesi\/wp-content\/uploads\/2026\/03\/mmk-ept-11.10.pdf\">2025.11.10<\/a><\/li>\n\n\n\n<li><a href=\"https:\/\/mernokvagyok.hu\/epitesi\/wp-content\/uploads\/2025\/10\/Emlekezteto-2025.-06.16.pdf\" target=\"_blank\" rel=\"noreferrer noopener\">2025.06.16<\/a><\/li>\n\n\n\n<li><a href=\"https:\/\/mernokvagyok.hu\/epitesi\/wp-content\/uploads\/2025\/11\/Emlekezteto-2025.05.19-elnoksegi-ules.pdf\" target=\"_blank\" rel=\"noreferrer noopener\">2025.05.19<\/a><\/li>\n\n\n\n<li><a href=\"https:\/\/mernokvagyok.hu\/epitesi\/wp-content\/uploads\/2025\/04\/Emlekezteto-2025.04.14.-elnoksegi-ules.pdf\" target=\"_blank\" rel=\"noreferrer noopener\">2025.04.14<\/a><\/li>\n\n\n\n<li><a href=\"https:\/\/mernokvagyok.hu\/epitesi\/wp-content\/uploads\/2025\/04\/Emlekezteto-2025.03.10.-elnoksegi-ules.pdf\" target=\"_blank\" rel=\"noreferrer noopener\">2025.03.10<\/a><\/li>\n\n\n\n<li><a href=\"https:\/\/mernokvagyok.hu\/epitesi\/wp-content\/uploads\/2025\/05\/Emlekezteto-2025.02.10.-elnoksegi-ules-003.pdf\" target=\"_blank\" rel=\"noreferrer noopener\">2025.02.10<\/a><\/li>\n\n\n\n<li><a href=\"https:\/\/mernokvagyok.hu\/epitesi\/wp-content\/uploads\/2025\/10\/Emlekezteto-2025.01.13.-elnoksegi-ules.pdf\" target=\"_blank\" rel=\"noreferrer noopener\">2025.01.13<\/a><\/li>\n\n\n\n<li><a href=\"https:\/\/mernokvagyok.hu\/epitesi\/wp-content\/uploads\/2024\/11\/ET-ELNOKSEGI-EMLEKEZTETO-2024.-oktober-14..pdf\" target=\"_blank\" rel=\"noreferrer noopener\">2024.10.14<\/a><\/li>\n\n\n\n<li><a href=\"https:\/\/mernokvagyok.hu\/epitesi\/wp-content\/uploads\/2024\/06\/MMK-ET-EMLEKEZTETO.pdf\" target=\"_blank\" rel=\"noreferrer noopener\">2024.06.10<\/a><\/li>\n\n\n\n<li><a href=\"https:\/\/mernokvagyok.hu\/epitesi\/wp-content\/uploads\/2024\/03\/Emlekezteto-2024.02.12.-elnoksegi-ules-WL-javaslataval.pdf\" target=\"_blank\" rel=\"noreferrer noopener\">2024.02.12<\/a><\/li>\n\n\n\n<li><a href=\"https:\/\/mernokvagyok.hu\/epitesi\/wp-content\/uploads\/2024\/02\/Emlekezteto-2024.01.08.-elnoksegi-ules.pdf\" target=\"_blank\" rel=\"noreferrer noopener\">2024.01.08<\/a><\/li>\n\n\n\n<li><a href=\"https:\/\/mernokvagyok.hu\/epitesi\/wp-content\/uploads\/2024\/01\/Emlekezteto-2023.12.11.-elnoksegi-ules.pdf\" target=\"_blank\" rel=\"noreferrer noopener\">2023.12.11<\/a><\/li>\n\n\n\n<li><a href=\"https:\/\/mernokvagyok.hu\/epitesi\/wp-content\/uploads\/2024\/01\/Emlekezteto-2023.11.13.-elnoksegi-ules.pdf\" target=\"_blank\" rel=\"noreferrer noopener\">2023.11.13<\/a><\/li>\n\n\n\n<li><a href=\"https:\/\/mernokvagyok.hu\/epitesi\/wp-content\/uploads\/2024\/01\/Emlekezteto-2023.10.09.-elnoksegi-ules.pdf\" target=\"_blank\" rel=\"noreferrer noopener\">2023.10.09<\/a><\/li>\n\n\n\n<li><a href=\"https:\/\/mernokvagyok.hu\/epitesi\/wp-content\/uploads\/2024\/01\/Emlekezteto-2023.09.11.-elnoksegi-ules.pdf\" target=\"_blank\" rel=\"noreferrer noopener\">2023.09.11<\/a><\/li>\n\n\n\n<li><a href=\"https:\/\/mernokvagyok.hu\/epitesi\/wp-content\/uploads\/2023\/10\/Emlekezteto-2023.06.-elnoksegi-ules-002.pdf\" target=\"_blank\" rel=\"noreferrer noopener\">2023.06.12<\/a><\/li>\n\n\n\n<li><a href=\"https:\/\/mernokvagyok.hu\/epitesi\/wp-content\/uploads\/2023\/06\/Emlekezteto-2023.05.15.-elnoksegi-ules.pdf\" target=\"_blank\" rel=\"noreferrer noopener\">2023.05.15<\/a><\/li>\n\n\n\n<li><a href=\"https:\/\/mernokvagyok.hu\/epitesi\/wp-content\/uploads\/2023\/11\/Emlekezteto-2023.04.17.-elnoksegi-ules.pdf\" target=\"_blank\" rel=\"noreferrer noopener\">2023.04.17<\/a><\/li>\n\n\n\n<li><a href=\"https:\/\/mernokvagyok.hu\/epitesi\/wp-content\/uploads\/2023\/06\/Emlekezteto-2023.03.13.-elnoksegi-ules.pdf\" target=\"_blank\" rel=\"noreferrer noopener\">2023.03.13<\/a><\/li>\n\n\n\n<li><a href=\"https:\/\/mernokvagyok.hu\/epitesi\/wp-content\/uploads\/2023\/03\/Emlekezteto-2023.02.13.-elnoksegi-ules.pdf\" target=\"_blank\" rel=\"noreferrer noopener\">2023.02.13<\/a><\/li>\n\n\n\n<li><a href=\"https:\/\/mernokvagyok.hu\/epitesi\/wp-content\/uploads\/2023\/02\/Emlekezteto-2023.01.09.-elnoksegi-ules.pdf\" target=\"_blank\" rel=\"noreferrer noopener\">2023.01.09<\/a><\/li>\n\n\n\n<li><a href=\"https:\/\/mernokvagyok.hu\/epitesi\/wp-content\/uploads\/2023\/02\/Emlekezteto-2022.12.-elnoksegi-ules.pdf\" target=\"_blank\" rel=\"noreferrer noopener\">2022.12.12<\/a><\/li>\n\n\n\n<li><a href=\"https:\/\/mernokvagyok.hu\/epitesi\/wp-content\/uploads\/2023\/02\/Emlekezteto-2022.11.14.-elnoksegi-ules.pdf\" target=\"_blank\" rel=\"noreferrer noopener\">2022.11.14<\/a><\/li>\n\n\n\n<li><a href=\"https:\/\/mernokvagyok.hu\/epitesi\/wp-content\/uploads\/2022\/12\/Emlekezteto-2022.10.10.-elnoksegi-ules-jav.pdf\" target=\"_blank\" rel=\"noreferrer noopener\">2022.10.10<\/a><\/li>\n\n\n\n<li><a href=\"https:\/\/mernokvagyok.hu\/epitesi\/wp-content\/uploads\/2022\/09\/Emlekezteto-2022.09.12.-elnoksegi-ules.pdf\" target=\"_blank\" rel=\"noreferrer noopener\">2022.09.12<\/a><\/li>\n\n\n\n<li><a href=\"https:\/\/mernokvagyok.hu\/epitesi\/wp-content\/uploads\/2022\/09\/Emlekezteto-2022.-junius-002.pdf\" target=\"_blank\" rel=\"noreferrer noopener\">2022.06.13<\/a><\/li>\n\n\n\n<li><a href=\"https:\/\/mernokvagyok.hu\/epitesi\/wp-content\/uploads\/2022\/06\/MAGYAR-MERNOKI-KAMA14.docx22.-maj.9.-i-emlek.pdf\" target=\"_blank\" rel=\"noreferrer noopener\">2022.05.09<\/a><\/li>\n\n\n\n<li><a href=\"https:\/\/mernokvagyok.hu\/epitesi\/wp-content\/uploads\/2022\/01\/MMK-Epitesi-Tagozat-2022-.jan-17-elnoksegi-ulese-l.pdf\" target=\"_blank\" rel=\"noreferrer noopener\">2022.01.17<\/a><\/li>\n\n\n\n<li><a href=\"https:\/\/mernokvagyok.hu\/epitesi\/wp-content\/uploads\/2021\/12\/MMK-ET-elnoksegi-ules-2021.12.-06-i-jegyzokonyve.pdf\" target=\"_blank\" rel=\"noreferrer noopener\">2021.12.06<\/a><\/li>\n\n\n\n<li><a href=\"https:\/\/mernokvagyok.hu\/epitesi\/wp-content\/uploads\/2021\/11\/MMK-Epitesi-Tagozat-2021.11.08-i-elnoksegi-ulesenek-jegyzokonyve.pdf\" target=\"_blank\" rel=\"noreferrer noopener\">2021.11.08<\/a><\/li>\n\n\n\n<li><a href=\"https:\/\/mernokvagyok.hu\/epitesi\/wp-content\/uploads\/2021\/10\/ET-elnoksegi-ules-2021.10.11.pdf\" target=\"_blank\" rel=\"noreferrer noopener\">2021.10.11<\/a><\/li>\n\n\n\n<li><a href=\"https:\/\/mernokvagyok.hu\/epitesi\/wp-content\/uploads\/2021\/09\/M-M-K-13.docx2021.-szept.-13.-i-eln.-ul.-emlekez..pdf\" target=\"_blank\" rel=\"noreferrer noopener\">2021.09.14<\/a><\/li>\n\n\n\n<li><a href=\"https:\/\/mernokvagyok.hu\/epitesi\/wp-content\/uploads\/2021\/09\/MAGYAR-MERNOKI-KAMA-eln.-ules2021-jun.-14.-emlek.pdf\" target=\"_blank\" rel=\"noreferrer noopener\">2021.06.14<\/a><\/li>\n\n\n\n<li><a href=\"https:\/\/mernokvagyok.hu\/epitesi\/wp-content\/uploads\/2021\/09\/M-M-K-2021.maj-17.-i-tag.-eln.ules12.pdf\" target=\"_blank\" rel=\"noreferrer noopener\">2021.05.17<\/a><\/li>\n\n\n\n<li><a href=\"https:\/\/mernokvagyok.hu\/epitesi\/wp-content\/uploads\/2021\/09\/M-M-K12.docx2021.-apr.14.-eln-ules-emlekezteto.pdf\" target=\"_blank\" rel=\"noreferrer noopener\">2021.04.14<\/a><\/li>\n\n\n\n<li><a href=\"https:\/\/mernokvagyok.hu\/epitesi\/wp-content\/uploads\/2021\/03\/Eln\u00f6ks\u00e9gi-\u00fcl\u00e9s-2021.03.13.pdf\" target=\"_blank\" rel=\"noreferrer noopener\">2021.03.13<\/a><\/li>\n\n\n\n<li><a href=\"https:\/\/mernokvagyok.hu\/epitesi\/wp-content\/uploads\/2021\/03\/Eln\u00f6ks\u00e9gi-\u00fcl\u00e9s-2020.02.15.pdf\" target=\"_blank\" rel=\"noreferrer noopener\">2021.02.15<\/a><\/li>\n\n\n\n<li><a href=\"https:\/\/mernokvagyok.hu\/epitesi\/wp-content\/uploads\/2021\/03\/Eln\u00f6ks\u00e9gi-\u00fcl\u00e9s-2021.01.11.pdf\" target=\"_blank\" rel=\"noreferrer noopener\">2021.01.11<\/a><\/li>\n\n\n\n<li><a href=\"https:\/\/mernokvagyok.hu\/epitesi\/wp-content\/uploads\/2021\/03\/Eln\u00f6ks\u00e9gi-\u00fcl\u00e9s-2020.12.07.pdf\" target=\"_blank\" rel=\"noreferrer noopener\">2020.12.07<\/a><\/li>\n\n\n\n<li><a href=\"https:\/\/mernokvagyok.hu\/epitesi\/wp-content\/uploads\/2021\/03\/Eln\u00f6ks\u00e9gi-\u00fcl\u00e9s-2020.11.18..pdf\" target=\"_blank\" rel=\"noreferrer noopener\">2020.11.08<\/a><\/li>\n\n\n\n<li><a href=\"https:\/\/mernokvagyok.hu\/epitesi\/wp-content\/uploads\/2021\/03\/Eln\u00f6ks\u00e9gi-\u00fcl\u00e9s-2020.10.12.pdf\" target=\"_blank\" rel=\"noreferrer noopener\">2020.10.12<\/a><\/li>\n\n\n\n<li><a href=\"https:\/\/mernokvagyok.hu\/epitesi\/wp-content\/uploads\/2021\/03\/Eln\u00f6ks\u00e9gi-\u00fcl\u00e9s-2020.09.07.pdf\" target=\"_blank\" rel=\"noreferrer noopener\">2020.09.07<\/a><\/li>\n\n\n\n<li><a href=\"https:\/\/mernokvagyok.hu\/epitesi\/wp-content\/uploads\/2021\/03\/Eln\u00f6ks\u00e9gi-\u00fcl\u00e9s-2020.07.06.pdf\" target=\"_blank\" rel=\"noreferrer noopener\">2020.07.06<\/a><\/li>\n\n\n\n<li><a href=\"https:\/\/mernokvagyok.hu\/epitesi\/wp-content\/uploads\/2021\/03\/Eln\u00f6ks\u00e9gi-\u00fcl\u00e9s-2020.02.15.pdf\" target=\"_blank\" rel=\"noreferrer noopener\">2020.02.15<\/a><\/li>\n\n\n\n<li><a href=\"https:\/\/mernokvagyok.hu\/epitesi\/wp-content\/uploads\/2021\/03\/Eln\u00f6ks\u00e9gi-\u00fcl\u00e9s-2020.01.13.pdf\" target=\"_blank\" rel=\"noreferrer noopener\">2020.01.13<\/a><\/li>\n<\/ul>\n\n\n\n<p><\/p>\n","protected":false},"excerpt":{"rendered":"","protected":false},"author":871,"featured_media":0,"parent":0,"menu_order":0,"comment_status":"closed","ping_status":"closed","template":"","meta":{"footnotes":""},"class_list":["post-59","page","type-page","status-publish","hentry"],"_links":{"self":[{"href":"https:\/\/mernokvagyok.hu\/epitesi\/wp-json\/wp\/v2\/pages\/59","targetHints":{"allow":["GET"]}}],"collection":[{"href":"https:\/\/mernokvagyok.hu\/epitesi\/wp-json\/wp\/v2\/pages"}],"about":[{"href":"https:\/\/mernokvagyok.hu\/epitesi\/wp-json\/wp\/v2\/types\/page"}],"author":[{"embeddable":true,"href":"https:\/\/mernokvagyok.hu\/epitesi\/wp-json\/wp\/v2\/users\/871"}],"replies":[{"embeddable":true,"href":"https:\/\/mernokvagyok.hu\/epitesi\/wp-json\/wp\/v2\/comments?post=59"}],"version-history":[{"count":15,"href":"https:\/\/mernokvagyok.hu\/epitesi\/wp-json\/wp\/v2\/pages\/59\/revisions"}],"predecessor-version":[{"id":3031,"href":"https:\/\/mernokvagyok.hu\/epitesi\/wp-json\/wp\/v2\/pages\/59\/revisions\/3031"}],"wp:attachment":[{"href":"https:\/\/mernokvagyok.hu\/epitesi\/wp-json\/wp\/v2\/media?parent=59"}],"curies":[{"name":"wp","href":"https:\/\/api.w.org\/{rel}","templated":true}]}}