{"id":58,"date":"2021-01-13T20:34:22","date_gmt":"2021-01-13T20:34:22","guid":{"rendered":"https:\/\/mernokvagyok.hu\/epitesi\/?page_id=58"},"modified":"2025-10-30T17:07:45","modified_gmt":"2025-10-30T17:07:45","slug":"ugyrend-szervezeti-es-mukodesi-szabalyzat-jogosultsagi-szabalyok","status":"publish","type":"page","link":"https:\/\/mernokvagyok.hu\/epitesi\/ugyrend-szervezeti-es-mukodesi-szabalyzat-jogosultsagi-szabalyok\/","title":{"rendered":"\u00dcgyrend,  szervezeti \u00e9s m\u0171k\u00f6d\u00e9si szab\u00e1lyzat  jogosults\u00e1gi szab\u00e1lyok"},"content":{"rendered":"<h4>Az \u00c9p\u00edt\u00e9si Tagozat 2025 \u00e9vben j\u00f3v\u00e1hagyott \u00fcgyrendje<\/h4>\n<p><a href=\"https:\/\/mernokvagyok.hu\/epitesi\/wp-content\/uploads\/2025\/10\/Az-Epitesi-Tagozat-2025-evben-jovahagyott-ugyrendje-1_compressed-compressed.pdf\" target=\"_blank\" rel=\"noopener\">Link<\/a><\/p>\n<hr \/>\n","protected":false},"excerpt":{"rendered":"<p>Az \u00c9p\u00edt\u00e9si Tagozat 2025 \u00e9vben j\u00f3v\u00e1hagyott \u00fcgyrendje Link<\/p>\n","protected":false},"author":871,"featured_media":0,"parent":0,"menu_order":0,"comment_status":"closed","ping_status":"closed","template":"","meta":{"footnotes":""},"class_list":["post-58","page","type-page","status-publish","hentry"],"_links":{"self":[{"href":"https:\/\/mernokvagyok.hu\/epitesi\/wp-json\/wp\/v2\/pages\/58","targetHints":{"allow":["GET"]}}],"collection":[{"href":"https:\/\/mernokvagyok.hu\/epitesi\/wp-json\/wp\/v2\/pages"}],"about":[{"href":"https:\/\/mernokvagyok.hu\/epitesi\/wp-json\/wp\/v2\/types\/page"}],"author":[{"embeddable":true,"href":"https:\/\/mernokvagyok.hu\/epitesi\/wp-json\/wp\/v2\/users\/871"}],"replies":[{"embeddable":true,"href":"https:\/\/mernokvagyok.hu\/epitesi\/wp-json\/wp\/v2\/comments?post=58"}],"version-history":[{"count":18,"href":"https:\/\/mernokvagyok.hu\/epitesi\/wp-json\/wp\/v2\/pages\/58\/revisions"}],"predecessor-version":[{"id":2881,"href":"https:\/\/mernokvagyok.hu\/epitesi\/wp-json\/wp\/v2\/pages\/58\/revisions\/2881"}],"wp:attachment":[{"href":"https:\/\/mernokvagyok.hu\/epitesi\/wp-json\/wp\/v2\/media?parent=58"}],"curies":[{"name":"wp","href":"https:\/\/api.w.org\/{rel}","templated":true}]}}