{"id":39,"date":"2021-01-13T20:26:39","date_gmt":"2021-01-13T20:26:39","guid":{"rendered":"https:\/\/mernokvagyok.hu\/epitesi\/?page_id=39"},"modified":"2026-03-23T09:03:03","modified_gmt":"2026-03-23T09:03:03","slug":"a-tagozathoz-tartozo-jogosultsagok-tanusitvanyok-szabalyzatok","status":"publish","type":"page","link":"https:\/\/mernokvagyok.hu\/epitesi\/a-tagozathoz-tartozo-jogosultsagok-tanusitvanyok-szabalyzatok\/","title":{"rendered":"A tagozathoz tartoz\u00f3 jogosults\u00e1gok, tan\u00fas\u00edtv\u00e1nyok (szab\u00e1lyzatok)"},"content":{"rendered":"<p><strong>A Magyar M\u00e9rn\u00f6ki Kamara \u00c9p\u00edt\u00e9si Tagozat\u00e1nak t\u00e1j\u00e9koztat\u00f3ja <\/strong><a href=\"https:\/\/mernokvagyok.hu\/epitesi\/wp-content\/uploads\/2021\/04\/A-MAGYAR-M\u00c9RN\u00d6KI-KAMARA-\u00c9P\u00cdT\u00c9SI-TAGOZAT\u00c1NAK-T\u00c1J\u00c9KOZTAT\u00d3JA_2021.pdf\" target=\"_blank\" rel=\"noopener noreferrer\">link<\/a><strong><br \/><\/strong><\/p>\n<p><strong>Szakmagyakorl\u00e1si-szab\u00e1lyzat, jogosults\u00e1gok: l\u00e1sd az <a href=\"https:\/\/www.mmk.hu\/\" target=\"_blank\" rel=\"noopener\">mmk<\/a> honlapj\u00e1n.<\/strong><\/p>\n<p><strong>Az \u00c9p\u00edt\u00e9si Tagozathoz tartoz\u00f3 jogosults\u00e1gok<\/strong><\/p>\n<p><strong>I. Tervez\u00e9si szakter\u00fclet<br \/><\/strong><\/p>\n<ul>\n<li>\u00c9p\u00edt\u00e9stechnol\u00f3giai tervez\u0151 <b>\u00c9PT<\/b><\/li>\n<\/ul>\n<p><strong>II. Telep\u00fcl\u00e9stervez\u00e9si szakter\u00fcletek<\/strong><\/p>\n<ul>\n<li>telep\u00fcl\u00e9stervez\u00e9si szakter\u00fclet: <strong>TT<\/strong><\/li>\n<li>z\u00f6ldter\u00fcleti \u00e9s t\u00e1jrendez\u00e9si szakter\u00fclet: <strong>TK<\/strong><\/li>\n<li>k\u00f6zleked\u00e9si szakter\u00fclet: <strong>TK\u00f6<\/strong><\/li>\n<li>vizik\u00f6zm\u0171 szakter\u00fclet:<strong> TV<\/strong><\/li>\n<li>energiak\u00f6zm\u0171 szakter\u00fclet:<strong> TE<\/strong><\/li>\n<li>h\u00edrk\u00f6zl\u00e9si szakter\u00fclet: <strong>TH<\/strong><\/li>\n<\/ul>\n<p><strong>III. Telep\u00fcl\u00e9srendez\u00e9si szak\u00e9rt\u00e9s<\/strong><\/p>\n<ul>\n<li>telep\u00fcl\u00e9srendez\u00e9si szak\u00e9rt\u0151i szakter\u00fclet: <strong>SzTT<\/strong><\/li>\n<li>z\u00f6ldter\u00fcleti \u00e9s t\u00e1jrendez\u00e9si szak\u00e9rt\u0151i szakter\u00fclet: <strong>SzT<\/strong><\/li>\n<li>k\u00f6zleked\u00e9si szak\u00e9rt\u0151i szakter\u00fclet: <strong>SzK\u00f6<\/strong><\/li>\n<li>vizik\u00f6zm\u0171 szak\u00e9rt\u0151i szakter\u00fclet: <strong>SzV<\/strong><\/li>\n<li>energiak\u00f6zm\u0171 szak\u00e9rt\u0151i szakter\u00fclet: <strong>SzE<\/strong><\/li>\n<li>h\u00edrk\u00f6zl\u00e9si szakter\u00fclet: <strong>SzH<\/strong><\/li>\n<\/ul>\n<p><strong>IV. \u00c9p\u00edt\u00e9s\u00fcgyi m\u0171szaki szak\u00e9rt\u00e9s<\/strong><\/p>\n<p><strong>Szak\u00e1gi \u00e9p\u00edt\u00e9s\u00fcgyi m\u0171szaki szak\u00e9rt\u0151i szakter\u00fclet<\/strong><\/p>\n<ul>\n<li>Szak\u00e1gi \u00e9p\u00edt\u00e9s\u00fcgyi m\u0171szaki szak\u00e9rt\u0151i szakter\u00fclet \u00e9p\u00fcletszerkezeti szak\u00e9rt\u0151i r\u00e9szszakter\u00fclet, jel\u00f6l\u00e9se: <strong>SZ\u00c9S2<\/strong><\/li>\n<li>Szak\u00e1gi \u00e9p\u00edt\u00e9s\u00fcgyi m\u0171szaki szak\u00e9rt\u0151i szakter\u00fclet \u00e9p\u00edtm\u00e9nyek \u00e9p\u00fcletfizikai szak\u00e9rt\u0151i r\u00e9szszakter\u00fclet, jel\u00f6l\u00e9se: <strong>SZ\u00c9S4<\/strong><\/li>\n<li>Szak\u00e1gi \u00e9p\u00edt\u00e9s\u00fcgyi m\u0171szaki szak\u00e9rt\u0151i szakter\u00fclet \u00e9p\u00edt\u00e9si szakipari szak\u00e9rt\u0151i r\u00e9szszakter\u00fclet, jel\u00f6l\u00e9se: <strong>SZ\u00c9S9<\/strong><\/li>\n<li>Szak\u00e1gi \u00e9p\u00edt\u00e9s\u00fcgyi m\u0171szaki szak\u00e9rt\u0151i szakter\u00fclet \u00e9p\u00edt\u00e9si szerel\u0151ipari szak\u00e9rt\u0151i r\u00e9szszakter\u00fclet, jel\u00f6l\u00e9se: <strong>SZ\u00c9S10<\/strong><\/li>\n<li>Szak\u00e1gi \u00e9p\u00edt\u00e9s\u00fcgyi m\u0171szaki szak\u00e9rt\u0151i szakter\u00fclet \u00e9p\u00edt\u0151anyagipari szak\u00e9rt\u0151i r\u00e9szszakter\u00fclet, jel\u00f6l\u00e9se: <strong>SZ\u00c9S11<\/strong><\/li>\n<li>\u00c9p\u00edt\u00e9si beruh\u00e1z\u00e1si szak\u00e9rt\u0151i szakter\u00fclet, jel\u00f6l\u00e9se: <strong>SZB<\/strong><\/li>\n<\/ul>\n<p><strong>V. \u00c9p\u00edt\u00e9si m\u0171szaki ellen\u0151rz\u00e9s<\/strong><\/p>\n<ul>\n<li>\u00c1ltal\u00e1nos \u00e9p\u00edtm\u00e9nyek \u00e9p\u00edt\u00e9si m\u0171szaki ellen\u0151ri szakter\u00fcletek, magas\u00e9p\u00edt\u00e9si szakter\u00fclet, jel\u00f6l\u00e9se: <strong>ME-\u00c9<\/strong><\/li>\n<li>Szak\u00e1gi \u00e9p\u00edt\u00e9si m\u0171szaki ellen\u0151ri szakter\u00fclet, m\u00e9ly\u00e9p\u00edt\u00e9si \u00e9s m\u00e9ly\u00e9p\u00edt\u00e9si m\u0171t\u00e1rgyak szakter\u00fclet, jel\u00f6l\u00e9se: <strong>ME-M<\/strong><\/li>\n<li>A saj\u00e1tos \u00e9p\u00edtm\u00e9nyfajt\u00e1k \u00e9p\u00edt\u00e9si m\u0171szaki ellen\u0151ri szakter\u00fcletei, energiaell\u00e1t\u00e1si \u00e9p\u00edtm\u00e9nyek szakter\u00fclet atomenergia \u00e9p\u00edtm\u00e9nyek r\u00e9szszakter\u00fclet, jel\u00f6l\u00e9se: <strong>ME-EN-A<\/strong><\/li>\n<li>Egy\u00e9b \u00e9p\u00edtm\u00e9nyek \u00e9p\u00edt\u00e9si m\u0171szaki ellen\u0151ri szakter\u00fcletek, magas\u00e9p\u00edt\u00e9s szakter\u00fclet (\u00c9-II.), jel\u00f6l\u00e9se: <strong>ME-\u00c9-II.<\/strong><\/li>\n<li>Egy\u00e9b \u00e9p\u00edtm\u00e9nyek \u00e9p\u00edt\u00e9si m\u0171szaki ellen\u0151ri szakter\u00fcletek, m\u00e9ly\u00e9p\u00edt\u00e9s \u00e9s m\u00e9ly\u00e9p\u00edt\u00e9si m\u0171t\u00e1rgyak <strong>(\u00c9M-II)<\/strong> szakter\u00fclet, jel\u00f6l\u00e9se: <strong>ME-\u00c9M-II.<\/strong><\/li>\n<\/ul>\n<p><strong>VI. Felel\u0151s m\u0171szaki vezet\u00e9s<\/strong><\/p>\n<ul>\n<li><strong>\u00c1ltal\u00e1nos \u00e9p\u00edtm\u00e9nyek felel\u0151s m\u0171szaki vezet\u0151i szakter\u00fcletek<\/strong><\/li>\n<li>\u00c9p\u00edt\u00e9si szakter\u00fclet, jel\u00f6l\u00e9se: <strong>MV-\u00c9<\/strong><\/li>\n<li>\u00c9p\u00edt\u00e9si szakter\u00fclet r\u00e9szszakter\u00fclete, jel\u00f6l\u00e9se: <strong>MV-\u00c9-R<\/strong><\/li>\n<li><strong>Szak\u00e1gi felel\u0151s m\u0171szaki vezet\u0151i szakter\u00fcletek<\/strong><\/li>\n<li>M\u00e9ly\u00e9p\u00edt\u00e9si \u00e9s m\u00e9ly\u00e9p\u00edt\u00e9si m\u0171t\u00e1rgyak szakter\u00fclet, jel\u00f6l\u00e9se: <strong>MV-M<\/strong><\/li>\n<li><strong>A saj\u00e1tos \u00e9p\u00edtm\u00e9nyfajt\u00e1k felel\u0151s m\u0171szaki vezet\u0151i szakter\u00fcletek,<\/strong><\/li>\n<li>Energiaell\u00e1t\u00e1si \u00e9p\u00edtm\u00e9nyek szakter\u00fclet atomenergia \u00e9p\u00edtm\u00e9nyek r\u00e9szszakter\u00fclet, jel\u00f6l\u00e9se: <strong>MV-EN-A<\/strong><\/li>\n<li><strong>\u201eB\u201d kateg\u00f3ria, <\/strong>jel\u00f6l\u00e9se: <strong>MV-\u00c9p\/B<\/strong><\/li>\n<li><strong>\u201eC\u201d kateg\u00f3ria, <\/strong>jel\u00f6l\u00e9se: <strong>MV-\u00c9p\/C<\/strong><\/li>\n<\/ul>\n<p><strong>Szakmagyakorl\u00e1si-szab\u00e1lyzat mell\u00e9klet<\/strong> <a href=\"https:\/\/www.mmk.hu\/informaciok\/dokumentumok\/szabalyzatok\/szakmagyakorlasi-szabalyzat-2melleklet.pdf\" target=\"_blank\" rel=\"noopener noreferrer\">link<\/a><\/p>\n<hr \/>\n<p class=\"p2\"><b>TAN\u00daS\u00cdT\u00c1SI \u00dcGYREND <\/b><\/p>\n<p class=\"p2\"><b>1. Az \u00e9p\u00edt\u00e9skivitelez\u00e9si &#8211; \u00e9p\u00edt\u00e9stechnol\u00f3giai szakter\u00fclet <\/b><b><\/b><\/p>\n<p class=\"p2\"><b><i>\u00c9p\u00edt\u00e9stechnol\u00f3giai szak\u00e9rt\u0151 (\u00c9TSZ) <\/i><\/b><b><i><\/i><\/b><\/p>\n<p class=\"p2\"><b>Szakter\u00fcleten v\u00e9gezhet\u0151 tev\u00e9kenys\u00e9gek felsorol\u00e1sa<\/b>:<br \/>\u2022 T\u00e9rbeli \u00e9s id\u0151beli organiz\u00e1ci\u00f3s tervek \u00e9s \u00e9p\u00edt\u00e9shelyi berendez\u00e9sek szak\u00e9rt\u00e9se<br \/>\u2022 \u00c9p\u00edt\u0151g\u00e9pek telep\u00edt\u00e9s\u00e9nek, a megfelel\u0151 emel\u0151g\u00e9pek kiv\u00e1laszt\u00e1s\u00e1nak szak\u00e9rt\u00e9se<br \/><span class=\"s1\">\u2022 <\/span>Zsaluz\u00e1stechnol\u00f3giai tervek \u00e9s a helysz\u00edni kivitelez\u00e9s szak\u00e9rt\u00e9se<br \/><span class=\"s1\">\u2022 <\/span>Emel\u00e9si \u00e9s szerel\u00e9stechnol\u00f3giai tervek \u00e9s a megval\u00f3s\u00edt\u00e1s szak\u00e9rt\u00e9se<br \/>\u2022 Bont\u00e1si munk\u00e1k technol\u00f3giai tervei \u00e9s a bont\u00e1si munk\u00e1k szak\u00e9rt\u00e9se<br \/>\u2022 Egy\u00e9b \u00e9p\u00edt\u00e9stechnol\u00f3giai szak\u00e9rt\u00e9sek<\/p>\n<p class=\"p2\"><b>A sz\u00fcks\u00e9ges k\u00e9pzetts\u00e9g a tan\u00fas\u00edt\u00e1s megszerz\u00e9s\u00e9hez: <br \/><\/b><b><\/b>Okleveles \u00e9p\u00edt\u0151m\u00e9rn\u00f6k, okl. \u00e9p\u00edt\u00e9szm\u00e9rn\u00f6k (MSc)<\/p>\n<p class=\"p2\"><b>Tan\u00fas\u00edt\u00e1s megszerz\u00e9s\u00e9hez sz\u00fcks\u00e9ges szakmai gyakorlat: <br \/><\/b><b><\/b>A szakter\u00fcleten, kivitelez\u00e9sben szerzett legal\u00e1bb 8 \u00e9ves szakmai gyakorlat.<\/p>\n<p>\u00a0<\/p>\n<p class=\"p2\"><b>2. Betontechnol\u00f3gia szakter\u00fclet: <\/b><b><\/b><\/p>\n<p class=\"p2\"><b><i>2.1. A gy\u00e1rt\u00f3b\u00e1zis betontechnol\u00f3giai tervez\u0151je (BTT) <\/i><\/b><b><i><\/i><\/b><\/p>\n<p class=\"p2\"><b>A sz\u00fcks\u00e9ges k\u00e9pzetts\u00e9g a tan\u00fas\u00edt\u00e1s megszerz\u00e9s\u00e9hez: <br \/><\/b><b><\/b>Okleveles \u00e9p\u00edt\u0151m\u00e9rn\u00f6k, okleveles \u00e9p\u00edt\u00e9szm\u00e9rn\u00f6k (MSc+ szakir\u00e1ny\u00fa tov\u00e1bbk\u00e9pz\u00e9sen szerzett oklev\u00e9l)<br \/>\u00c9p\u00edt\u0151m\u00e9rn\u00f6k, \u00e9p\u00edt\u00e9szm\u00e9rn\u00f6k (BSc + szakir\u00e1ny\u00fa tov\u00e1bbk\u00e9pz\u00e9sen szerzett oklev\u00e9l)<\/p>\n<p class=\"p2\"><b>Tan\u00fas\u00edt\u00e1s megszerz\u00e9s\u00e9hez sz\u00fcks\u00e9ges szakmai gyakorlat<\/b>:<br \/>A szakter\u00fcleten szerzett legal\u00e1bb 5 \u00e9ves szakmai gyakorlat.<\/p>\n<p class=\"p2\"><b><i>2.2. A helysz\u00edni beton bedolgoz\u00e1s technol\u00f3gusa (BBT) <\/i><\/b><b><i><\/i><\/b><\/p>\n<p class=\"p2\"><b>A sz\u00fcks\u00e9ges k\u00e9pzetts\u00e9g a tan\u00fas\u00edt\u00e1s megszerz\u00e9s\u00e9hez: <\/b>Okleveles \u00e9p\u00edt\u0151m\u00e9rn\u00f6k, okleveles \u00e9p\u00edt\u00e9szm\u00e9rn\u00f6k (MSc) \u00c9p\u00edt\u0151m\u00e9rn\u00f6k, \u00e9p\u00edt\u00e9szm\u00e9rn\u00f6k (BSc)<\/p>\n<p class=\"p2\"><b>Tan\u00fas\u00edt\u00e1s megszerz\u00e9s\u00e9hez sz\u00fcks\u00e9ges szakmai gyakorlat: <br \/><\/b><b><\/b>A szakter\u00fcleten szerzett legal\u00e1bb 5 \u00e9ves szakmai gyakorlat.<\/p>\n<p>\u00a0<\/p>\n<p class=\"p2\"><b>3. Beruh\u00e1z\u00e1slebonyol\u00edt\u00e1s (BL) <\/b><b><\/b><\/p>\n<p class=\"p2\"><b>A sz\u00fcks\u00e9ges k\u00e9pzetts\u00e9g \u00e9s szakmai gyakorlat a tan\u00fas\u00edt\u00e1s megszerz\u00e9s\u00e9hez: <br \/><\/b><b><\/b>Beruh\u00e1z\u00e1slebonyol\u00edt\u00f3i tan\u00fas\u00edtv\u00e1ny kiz\u00e1r\u00f3lag az \u00e1llami \u00e9p\u00edt\u00e9si beruh\u00e1z\u00e1sokban r\u00e9szt vev\u0151k szakmai tov\u00e1bbk\u00e9pz\u00e9s\u00e9nek form\u00e1ir\u00f3l \u00e9s felt\u00e9teleir\u0151l sz\u00f3l\u00f3 26\/2025. (VIII. 21.) \u00c9KM rendelet szerinti k\u00e9pz\u00e9s \/ tov\u00e1bbk\u00e9pz\u00e9s sikeres elv\u00e9gz\u00e9se ut\u00e1n adhat\u00f3.<\/p>\n<p class=\"p2\"><b>Szakter\u00fcleten v\u00e9gezhet\u0151 tev\u00e9kenys\u00e9gek felsorol\u00e1sa: <\/b><b><\/b><\/p>\n<p>a) az \u00e9p\u00edttet\u0151 megb\u00edz\u00e1s\u00e1b\u00f3l<br \/><span class=\"s1\">\u2022 <\/span>az enged\u00e9lyez\u00e9si \u00e9s kivitelez\u00e9si terv tervez\u0151j\u00e9nek, az \u00e9p\u00edt\u00e9si m\u0171szaki ellen\u0151r, valamint a kivitelez\u0151 kiv\u00e1laszt\u00e1sa,<br \/><span class=\"s1\">\u2022 az \u00e9p\u00edt\u00e9s\u00fcgyi hat\u00f3s\u00e1gi enged\u00e9ly, tudom\u00e1sulv\u00e9tel megszerz\u00e9se, <br \/>\u2022 <\/span>az \u00e9p\u00edt\u0151ipari kivitelez\u00e9si tev\u00e9kenys\u00e9g megkezd\u00e9s\u00e9nek az \u00e9p\u00edt\u00e9sfel\u00fcgyeleti hat\u00f3s\u00e1ghoz t\u00f6rt\u00e9n\u0151, jogszab\u00e1lyban el\u0151\u00edrt bejelent\u00e9se \u00e9s az ehhez sz\u00fcks\u00e9ges mell\u00e9kletek megl\u00e9te, az ezzel kapcsolatos v\u00e1ltoz\u00e1sok bejelent\u00e9se, <br \/><span class=\"s1\">\u2022 <\/span>az \u00e9p\u00edt\u00e9si napl\u00f3 a hat\u00f3s\u00e1gi ellen\u0151rz\u00e9sek \u00e9s elj\u00e1r\u00e1sok sor\u00e1n az \u00e9p\u00edt\u00e9s\u00fcgyi \u00e9s \u00e9p\u00edt\u00e9sfel\u00fcgyeleti hat\u00f3s\u00e1g rendelkez\u00e9s\u00e9re \u00e1ll\u00e1s\u00e1nak biztos\u00edt\u00e1sa, tov\u00e1bb\u00e1 amennyiben jogszab\u00e1ly el\u0151\u00edrja az \u00e9p\u00edt\u00e9si napl\u00f3 elektronikus vezet\u00e9se, az elektronikus \u00e9p\u00edt\u00e9si napl\u00f3 aktiv\u00e1l\u00e1sa,<br \/><span class=\"s1\">\u2022 <\/span>meghat\u00e1rozott esetekben szem\u00e9lyes adatok k\u00f6zl\u00e9se \u00e9s meghat\u00e1rozott esetekben a megjel\u00f6lt adatok bejelent\u00e9se,<\/p>\n<p>b) szerz\u0151d\u00e9sek megk\u00f6t\u00e9se az \u00e9p\u00edttet\u0151 nev\u00e9ben,<\/p>\n<p>c) sz\u00fcks\u00e9g szerint el\u0151tanulm\u00e1nyok, \u00edgy k\u00fcl\u00f6n\u00f6sen v\u00e1zlatterv, tanulm\u00e1nyterv, megval\u00f3s\u00edthat\u00f3s\u00e1gi tanulm\u00e1ny k\u00e9sz\u00edttet\u00e9se,<\/p>\n<p>d) a beruh\u00e1z\u00e1s gazdas\u00e1gi sz\u00e1m\u00edt\u00e1sainak el\u0151k\u00e9sz\u00edt\u00e9se,<\/p>\n<p>e) a megb\u00edz\u00e1s t\u00e1rgy\u00e1ra vonatkoz\u00f3 k\u00f6lts\u00e9gbecsl\u00e9s k\u00e9sz\u00edttet\u00e9se, el\u0151- \u00e9s ut\u00f3kalkul\u00e1ci\u00f3s elemz\u00e9sek k\u00e9sz\u00edttet\u00e9se,<\/p>\n<p>f) az \u00e9p\u00edt\u00e9si beruh\u00e1z\u00e1s aj\u00e1nlati, r\u00e9szv\u00e9teli vagy aj\u00e1nlatt\u00e9teli felh\u00edv\u00e1s\u00e1nak, dokument\u00e1ci\u00f3j\u00e1nak \u00f6ssze\u00e1ll\u00edt\u00e1s\u00e1ban, kieg\u00e9sz\u00edt\u0151 t\u00e1j\u00e9koztat\u00e1s megad\u00e1s\u00e1ban, tov\u00e1bb\u00e1 az aj\u00e1nlatok \u00e9rt\u00e9kel\u00e9s\u00e9ben t\u00f6rt\u00e9n\u0151 k\u00f6zrem\u0171k\u00f6d\u00e9s,<\/p>\n<p>g) az \u00e9p\u00edttet\u0151 \u00e1ltal v\u00e1llalt szolg\u00e1ltat\u00e1sok biztos\u00edt\u00e1sa,<\/p>\n<p>h) az \u00e1rvit\u00e1k rendez\u00e9se,<\/p>\n<p>i) az \u00e9p\u00edt\u00e9si munkater\u00fclet kiv\u00e1laszt\u00e1sa, biztos\u00edt\u00e1sa \u00e9s \u00e1tad\u00e1sa a kivitelez\u0151 r\u00e9sz\u00e9re, valamint<\/p>\n<p>j) a beruh\u00e1z\u00e1slebonyol\u00edt\u00f3 az \u00e9p\u00edttet\u0151vel k\u00f6t\u00f6tt meg\u00e1llapod\u00e1s alapj\u00e1n minden olyan feladatot vagy tev\u00e9kenys\u00e9get ell\u00e1that, ami az \u00e9p\u00edt\u00e9si tev\u00e9kenys\u00e9g szakszer\u0171 megval\u00f3s\u00edt\u00e1s\u00e1nak ellen\u0151rz\u00e9s\u00e9vel vagy ir\u00e1ny\u00edt\u00e1s\u00e1val kapcsolatos.<\/p>\n<p>\u00a0<\/p>\n<p><b>4. \u00c9p\u00edt\u00e9si k\u00f6lts\u00e9gszak\u00e9rt\u0151 (\u00c9K) <\/b><b><\/b><\/p>\n<p class=\"p2\">A kor\u00e1bbi tan\u00fas\u00edt\u00e1si szab\u00e1lyzatban szerepl\u0151 \u00c9p\u00edt\u00e9si K\u00f6lts\u00e9gtervez\u0151 megnevez\u00e9s\u0171 tan\u00fas\u00edt\u00e1si ter\u00fclet hely\u00e9be az \u00c9p\u00edt\u00e9si K\u00f6lts\u00e9gszak\u00e9rt\u0151 (\u00c9K) tan\u00fas\u00edt\u00e1si ter\u00fclet l\u00e9p.<\/p>\n<p class=\"p2\"><b>A sz\u00fcks\u00e9ges k\u00e9pzetts\u00e9g \u00e9s szakmai gyakorlat a tan\u00fas\u00edt\u00e1s megszerz\u00e9s\u00e9hez: <br \/><\/b><b><\/b>\u00c9p\u00edt\u00e9si k\u00f6lts\u00e9gszak\u00e9rt\u0151i tan\u00fas\u00edtv\u00e1ny kiz\u00e1r\u00f3lag az \u00e1llami \u00e9p\u00edt\u00e9si beruh\u00e1z\u00e1sokban r\u00e9szt vev\u0151k szakmai tov\u00e1bbk\u00e9pz\u00e9s\u00e9nek form\u00e1ir\u00f3l \u00e9s felt\u00e9teleir\u0151l sz\u00f3l\u00f3 26\/2025. (VIII. 21.) \u00c9KM rendelet szerinti k\u00e9pz\u00e9s \/ tov\u00e1bbk\u00e9pz\u00e9s sikeres elv\u00e9gz\u00e9se ut\u00e1n adhat\u00f3.<\/p>\n<p class=\"p2\"><b>Szakter\u00fcleten v\u00e9gezhet\u0151 tev\u00e9kenys\u00e9gek felsorol\u00e1sa: <br \/><\/b><b><\/b>\u00c9p\u00edt\u00e9si beruh\u00e1z\u00e1sok k\u00f6lts\u00e9geinek tervez\u00e9se, elemz\u00e9se, ellen\u0151rz\u00e9se, k\u00f6lts\u00e9gvet\u00e9sek k\u00e9sz\u00edt\u00e9se, ezen bel\u00fcl k\u00fcl\u00f6n\u00f6sen<\/p>\n<p>a) az \u00e1r-\u00e9rt\u00e9k ar\u00e1ny meg\u00e1llap\u00edt\u00e1sa,<br \/>b) a k\u00f6lts\u00e9g- \u00e9s \u00e1relemz\u00e9s, el\u0151kalkul\u00e1ci\u00f3 k\u00e9sz\u00edt\u00e9se,<br \/>c) k\u00f6lts\u00e9gbecsl\u00e9s,<br \/>d) k\u00f6lts\u00e9gellen\u0151rz\u00e9s,<br \/>e) a k\u00f6lts\u00e9gv\u00e1ltoz\u00e1si kock\u00e1zat elemz\u00e9se,<br \/>f) a k\u00f6lts\u00e9g\u00e9rz\u00e9kenys\u00e9gi vizsg\u00e1lat.<\/p>\n<p>\u00a0<\/p>\n<p class=\"p6\"><b>5. Z\u00e1r\u00f3 rendelkez\u00e9sek <\/b><b><\/b><\/p>\n<p class=\"p2\">R\u00e9szlegesen szakir\u00e1ny\u00fa v\u00e9gzetts\u00e9g eset\u00e9n, m\u00e9rlegel\u00e9s alapj\u00e1n a szakter\u00fcletre tan\u00fas\u00edt\u00e1s akkor adhat\u00f3, ha a k\u00e9rt ter\u00fcleteken a k\u00e9relmez\u0151 szakmai gyakorlati ideje meghaladja a tan\u00fas\u00edt\u00e1s megszerz\u00e9s\u00e9hez sz\u00fcks\u00e9ges szakmai gyakorlati id\u0151t \u00e9s az addigi szakmai tev\u00e9kenys\u00e9ge egy\u00e9rtelm\u0171en bizony\u00edtja, hogy a szakir\u00e1ny\u00fa v\u00e9gzetts\u00e9ghez tartoz\u00f3 ismereteket birtokolja.<\/p>\n<p class=\"p2\">Azon tervez\u0151 \u00e9s szak\u00e9rt\u0151 m\u00e9rn\u00f6k\u00f6k sz\u00e1m\u00e1ra, akik a kor\u00e1bbi jogszab\u00e1lyi rendelkez\u00e9sek alapj\u00e1n rendelkeztek a jelen tan\u00fas\u00edt\u00e1si rendszer szerint felsorolt szakter\u00fcleteken jogosults\u00e1gokkal, de azok az elm\u00falt id\u0151szakban<br \/><span class=\"s1\">\u2022 <\/span>megsz\u00fcntet\u00e9sre ker\u00fcltek \u00e9s azok meghosszabb\u00edt\u00e1s\u00e1ra m\u00e1r nincs m\u00f3d, vagy<br \/>\u2022 lej\u00e1rtak,<br \/>az orsz\u00e1gos kamara a tan\u00fas\u00edtv\u00e1nyok megszerz\u00e9s\u00e9hez egyszer\u0171s\u00edtett elb\u00edr\u00e1l\u00e1si elj\u00e1r\u00e1st biztos\u00edt.<\/p>\n<p class=\"p2\">A kor\u00e1bbi tan\u00fas\u00edt\u00e1si \u00fcgyrendben meghat\u00e1rozott \u00c9p\u00edt\u00e9si K\u00f6lts\u00e9gtervez\u0151, illetve \u00c9p\u00edt\u00e9si K\u00f6lts\u00e9gelemz\u0151 megnevez\u00e9s\u0171 tan\u00fas\u00edtv\u00e1ny minden szempontb\u00f3l egyen\u00e9rt\u00e9k\u0171 a jelen szab\u00e1lyzat szerint \u00c9p\u00edt\u00e9si K\u00f6lts\u00e9gszak\u00e9rt\u0151 (\u00c9K) tan\u00fas\u00edtv\u00e1nnyal.<\/p>\n<p class=\"p2\">Ezen tan\u00fas\u00edt\u00e1si \u00fcgyrendet elfogadta a Magyar M\u00e9rn\u00f6ki Kamara eln\u00f6ks\u00e9ge a 15\/2026. (III. 11. MMK Eln\u00f6ks\u00e9gi hat\u00e1rozat\u00e1val.<\/p>\n\n\n<p><\/p>\n","protected":false},"excerpt":{"rendered":"<p>A Magyar M\u00e9rn\u00f6ki Kamara \u00c9p\u00edt\u00e9si Tagozat\u00e1nak t\u00e1j\u00e9koztat\u00f3ja link Szakmagyakorl\u00e1si-szab\u00e1lyzat, jogosults\u00e1gok: l\u00e1sd az mmk honlapj\u00e1n. Az \u00c9p\u00edt\u00e9si Tagozathoz tartoz\u00f3 jogosults\u00e1gok I. Tervez\u00e9si szakter\u00fclet \u00c9p\u00edt\u00e9stechnol\u00f3giai tervez\u0151 \u00c9PT II. Telep\u00fcl\u00e9stervez\u00e9si szakter\u00fcletek telep\u00fcl\u00e9stervez\u00e9si szakter\u00fclet: TT z\u00f6ldter\u00fcleti \u00e9s t\u00e1jrendez\u00e9si szakter\u00fclet: TK k\u00f6zleked\u00e9si szakter\u00fclet: TK\u00f6 vizik\u00f6zm\u0171 szakter\u00fclet: TV energiak\u00f6zm\u0171 szakter\u00fclet: TE h\u00edrk\u00f6zl\u00e9si szakter\u00fclet: TH III. Telep\u00fcl\u00e9srendez\u00e9si szak\u00e9rt\u00e9s telep\u00fcl\u00e9srendez\u00e9si szak\u00e9rt\u0151i szakter\u00fclet: SzTT [&hellip;]<\/p>\n","protected":false},"author":871,"featured_media":0,"parent":0,"menu_order":0,"comment_status":"closed","ping_status":"closed","template":"","meta":{"footnotes":""},"class_list":["post-39","page","type-page","status-publish","hentry"],"_links":{"self":[{"href":"https:\/\/mernokvagyok.hu\/epitesi\/wp-json\/wp\/v2\/pages\/39","targetHints":{"allow":["GET"]}}],"collection":[{"href":"https:\/\/mernokvagyok.hu\/epitesi\/wp-json\/wp\/v2\/pages"}],"about":[{"href":"https:\/\/mernokvagyok.hu\/epitesi\/wp-json\/wp\/v2\/types\/page"}],"author":[{"embeddable":true,"href":"https:\/\/mernokvagyok.hu\/epitesi\/wp-json\/wp\/v2\/users\/871"}],"replies":[{"embeddable":true,"href":"https:\/\/mernokvagyok.hu\/epitesi\/wp-json\/wp\/v2\/comments?post=39"}],"version-history":[{"count":41,"href":"https:\/\/mernokvagyok.hu\/epitesi\/wp-json\/wp\/v2\/pages\/39\/revisions"}],"predecessor-version":[{"id":3043,"href":"https:\/\/mernokvagyok.hu\/epitesi\/wp-json\/wp\/v2\/pages\/39\/revisions\/3043"}],"wp:attachment":[{"href":"https:\/\/mernokvagyok.hu\/epitesi\/wp-json\/wp\/v2\/media?parent=39"}],"curies":[{"name":"wp","href":"https:\/\/api.w.org\/{rel}","templated":true}]}}