{"id":36,"date":"2021-01-13T20:26:39","date_gmt":"2021-01-13T20:26:39","guid":{"rendered":"https:\/\/mernokvagyok.hu\/epitesi\/?page_id=36"},"modified":"2025-12-07T09:16:19","modified_gmt":"2025-12-07T09:16:19","slug":"etikai-ugyek-es-tanulsagok","status":"publish","type":"page","link":"https:\/\/mernokvagyok.hu\/epitesi\/etikai-ugyek-es-tanulsagok\/","title":{"rendered":"Etikai szab\u00e1lyzatok, elj\u00e1r\u00e1sok \u00e9s tanuls\u00e1gok"},"content":{"rendered":"\n<p><strong>Az MMK I. \u00e9s II. fok\u00fa Etikai-Fegyelmi Bizotts\u00e1ga<\/strong><\/p>\n\n\n\n<p>A magyar \u00e9p\u00edt\u00e9szetr\u0151l sz\u00f3l\u00f3 2023. \u00e9vi C. t\u00f6rv\u00e9ny alapj\u00e1n 2025-t\u0151l az els\u0151fok\u00fa etikai-fegyelmi bizotts\u00e1g imm\u00e1r orsz\u00e1gos feladatk\u00f6rrel m\u0171k\u00f6dik, teh\u00e1t nem a ter\u00fcleti kamar\u00e1k szintj\u00e9n, hanem k\u00f6zpontilag. A ter\u00fcleti kamar\u00e1k deleg\u00e1lnak ragokat az orsz\u00e1gos els\u0151fok\u00fa bizotts\u00e1gba.<\/p>\n\n\n\n<p>&nbsp;A Magyar M\u00e9rn\u00f6ki Kamara II. fok\u00fa Etikai-fegyelmi Bizotts\u00e1ga a 2025-\u00f6s tiszt\u00faj\u00edt\u00e1s sor\u00e1n \u00fajj\u00e1alakult, az \u00c9p\u00edt\u00e9si Tagozat javaslat\u00e1ra az eln\u00f6ks\u00e9gi tagjaink k\u00f6z\u00fcl Dr. Szab\u00f3 \u00c9va Ibolya \u00e9s F\u00fcl\u00f6p Kinga Melinda megv\u00e1laszt\u00e1sra ker\u00fclt.<\/p>\n\n\n\n<p><a href=\"https:\/\/mernokvagyok.hu\/epitesi\/etikai-fegyelmi-elsofoku-bizottsag-tagjai\/\" target=\"_blank\" rel=\"noreferrer noopener\">Az I. fok\u00fa Bizotts\u00e1g tagjai<\/a><\/p>\n\n\n\n<p><a href=\"https:\/\/www.mmk.hu\/szervezet\/tisztsegviselok\" target=\"_blank\" rel=\"noreferrer noopener\">A II. fok\u00fa Bizotts\u00e1g tagjai<\/a><\/p>\n\n\n\n<p>A Magyar M\u00e9rn\u00f6ki Kamara Etikai-fegyelmi elj\u00e1r\u00e1sainak hat\u00e1rozatai anonimiz\u00e1lt m\u00f3don publikusak, az elj\u00e1r\u00e1s r\u00e9szletes t\u00e1j\u00e9koztat\u00f3ja is olvashat\u00f3.<\/p>\n\n\n\n<p><a href=\"https:\/\/mernokvagyok.hu\/epitesi\/etikai-fegyelmi-eljaras-2025\/\" target=\"_blank\" rel=\"noreferrer noopener\">Etikai-fegyelmi elj\u00e1r\u00e1s kezdem\u00e9nyez\u00e9se<\/a><\/p>\n\n\n\n<p><strong>A Magyar M\u00e9rn\u00f6ki Kamara Etikai-Fegyelmi Szab\u00e1lyzata\u00a0\u00a0\u00a0\u00a0\u00a0<br><\/strong><a href=\"https:\/\/www.mmk.hu\/informaciok\/dokumentumok\/szabalyzatok\/Hatalyos-szabalyzatok\" target=\"_blank\" rel=\"noreferrer noopener\">ITT<\/a> \u00e9rhet\u0151 el az 2024-ben elfogadott MMK Etikai-fegyelmi Szab\u00e1lyzata, az MMK Etikai-fegyelmi szab\u00e1lyzata egys\u00e9ges szerkezetben az egy\u00e9b relev\u00e1ns t\u00f6rv\u00e9nyek, rendeletek sz\u00f6veg\u00e9vel, valamint az \u00d6n\u00e1ll\u00f3 jogosults\u00e1g\u00fa eur\u00f3pai m\u00e9rn\u00f6k Etikai Szab\u00e1lyzata angol \u00e9s magyar nyelv\u0171 sz\u00f6veggel.<\/p>\n\n\n\n<p>A 2024 el\u0151tt t\u00f6rt\u00e9nt v\u00e9ts\u00e9gek eset\u00e9ben a kor\u00e1bbi szab\u00e1lyzat sz\u00f6vege \u00e9rv\u00e9nyes, ez <a href=\"https:\/\/www.mmk.hu\/informaciok\/dokumentumok\/szabalyzatok\/korabbi\" target=\"_blank\" rel=\"noreferrer noopener\">ITT<\/a> olvashat\u00f3.<\/p>\n\n\n\n<p><strong>Etikaoktat\u00e1s a m\u00e9rn\u00f6kk\u00e9pz\u00e9sben<\/strong><\/p>\n\n\n\n<p>2019-ben \u00e1ttekintett\u00fck, milyen sz\u00e9les k\u00f6rben oktatj\u00e1k a magyar m\u0171szaki fels\u0151oktat\u00e1sban a m\u00e9rn\u00f6ki etik\u00e1t, \u00e9s mennyire terjedt el a v\u00e9gz\u0151s\u00f6k m\u00e9rn\u00f6ki esk\u00fct\u00e9tele. Dr. Szab\u00f3 \u00c9va egyetemi docens (EFB tag) cikke err\u0151l ad \u00e1ttekint\u00e9st. (M\u00e9rn\u00f6k \u00dajs\u00e1g \u2013 2019. novemberi sz\u00e1m, 54.-55.oldal) <a href=\"https:\/\/mernokvagyok.hu\/epitesi\/wp-content\/uploads\/2019\/12\/Mernok-Ujsag-1911.pdf\" target=\"_blank\" rel=\"noreferrer noopener\">ITT<\/a> olvashat\u00f3.<\/p>\n\n\n\n<p>2017-ben Bujalosn\u00e9 Dr. K\u00f3cz\u00e1n \u00c9va egyetemi tan\u00e1r \u00e9rdekes felm\u00e9r\u00e9st \u00e9s tanulm\u00e1nyt k\u00e9sz\u00edtett a m\u00e9rn\u00f6khallgat\u00f3k szakmai erk\u00f6lcsr\u0151l alkotott v\u00e9lem\u00e9nye t\u00e1rgy\u00e1ban, <a href=\"https:\/\/ojs.lib.unideb.hu\/IJEMS\/article\/view\/4925\/4652\" target=\"_blank\" rel=\"noreferrer noopener\">ITT<\/a> \u00e9s <a href=\"https:\/\/ojs.lib.unideb.hu\/IJEMS\/article\/view\/5041\/4772\" target=\"_blank\" rel=\"noreferrer noopener\">ITT is<\/a> olvashat\u00f3 \u00edr\u00e1s.<\/p>\n\n\n\n<p><strong>Mit\u0151l j\u00f3 m\u00e9rn\u00f6k a m\u00e9rn\u00f6k?<\/strong><\/p>\n\n\n\n<p>A jogszab\u00e1lyok, el\u0151\u00edr\u00e1sok betart\u00e1sa a m\u00e9rn\u00f6ki munka sor\u00e1n alap elv\u00e1r\u00e1s, hisz ezek szabj\u00e1k meg az \u00e1ltal\u00e1nosan elfogadott t\u00e1rsadalmi norm\u00e1kat. Van azonban, amire nem adnak magyar\u00e1zatot a jogszab\u00e1lyok, vagy ha adnak, azok nem biztos, hogy a legjobb megold\u00e1sra vezetnek. Itt kell seg\u00edts\u00e9g\u00fcl k\u00e9rni a M\u00c9RN\u00d6KI gondolkod\u00e1st. T\u00f3thn\u00e9 Temesi Kinga (kor\u00e1bbi EFB tag) 2021-ben k\u00e9sz\u00fclt \u00edr\u00e1sa megt\u00f6rt\u00e9nt esetet mutat be, lesz\u0171rve bel\u0151le a tanuls\u00e1gokat. A cikk <a href=\"https:\/\/mernokvagyok.hu\/epitesi\/wp-content\/uploads\/2021\/04\/T\u00f3thn\u00e9-Temesi-Kinga-Mit\u0151l-j\u00f3-m\u00e9rn\u00f6k-a-m\u00e9rn\u00f6k-m\u00e9rn\u00f6k-\u00fajs\u00e1g-2018.-decemb....pdf\" target=\"_blank\" rel=\"noreferrer noopener\">ITT<\/a> olvashat\u00f3.<\/p>\n\n\n\n<p><strong>Angol nyelv\u0171 cikkek a m\u00e9rn\u00f6k etik\u00e1val kapcsolatban<\/strong><\/p>\n\n\n\n<p>Sajnos kevesen foglalkoznak a m\u00e9rn\u00f6ks\u00e9g \u00e9s az etika kapcsolat\u00e1val magyar nyelven, holott egyre \u00e9get\u0151bb a fenntarthat\u00f3s\u00e1g, a z\u00f6ld fejl\u0151d\u00e9s, az AI alkalmaz\u00e1sa a m\u00e9rn\u00f6ki tev\u00e9kenys\u00e9gben, emiatt \u00e9rdemes megismerni a nemzetk\u00f6zi irodalmat.<\/p>\n\n\n\n<p>Using case studies in engineering ethics education \u2014 (DA Martin \/ m\u00e1sok) (2021). Ny\u00edlt hozz\u00e1f\u00e9r\u00e9s\u0171 \u00e1ttekint\u00e9s \u00e9s gyakorlati \u00fatmutat\u00f3 esetalap\u00fa oktat\u00e1shoz. <a href=\"https:\/\/pure.tue.nl\/ws\/portalfiles\/portal\/182345800\/22054952.2021.pdf?utm_source=chatgpt.com\" target=\"_blank\" rel=\"noreferrer noopener\">pure.tue.nl<\/a><\/p>\n\n\n\n<p>Updated Principles of Sustainable Engineering \u2014 Glavic et al. (2022). Fenntarthat\u00f3s\u00e1gi alapelvek \u00e9s szakmai etika \u00f6sszekapcsol\u00e1sa (PDF). <a href=\"https:\/\/psecommunity.org\/wp-content\/plugins\/wpor\/includes\/file\/2302\/LAPSE-2023.2346-1v1.pdf?utm_source=chatgpt.com\" target=\"_blank\" rel=\"noreferrer noopener\">psecommunity.org<\/a><\/p>\n\n\n\n<p>Scaffolding Ethics-Focused Methods for Practice Resonance \u2014 (preprint \/ arXiv 2022). M\u00f3dszertani javaslatok: hogyan lehet etikai reflexi\u00f3t be\u00e1gyazni a m\u00e9rn\u00f6ki gyakorlatba. (preprintek \u00e1ltal\u00e1ban let\u00f6lthet\u0151k). <a href=\"https:\/\/pure.tue.nl\/ws\/portalfiles\/portal\/182345800\/22054952.2021.pdf?utm_source=chatgpt.com\" target=\"_blank\" rel=\"noreferrer noopener\">pure.tue.nl+1<\/a><\/p>\n\n\n\n<p>Contribution of artificial intelligence (AI) to construction: opportunities and ethical risks \u2014 Alada\u011f et al. (2024, PDF). AI alkalmaz\u00e1sok \u00e9p\u00edt\u00e9sben, \u00e9s a vel\u00fck j\u00e1r\u00f3 etikai k\u00e9rd\u00e9sek. <a href=\"https:\/\/pdfs.semanticscholar.org\/e152\/087a5a8a1a5b8a5f55469f4a83b4fc81f6f3.pdf?utm_source=chatgpt.com\" target=\"_blank\" rel=\"noreferrer noopener\">Semantic Scholar<\/a><\/p>\n\n\n\n<p>Responsible AI in structural engineering: a framework for\u2026 \u2014 <em>Frontiers \/ Built Environment<\/em> (2024\/2025). Keretrendszer az AI felel\u0151s alkalmaz\u00e1s\u00e1ra (open access PDF). <a href=\"https:\/\/www.frontiersin.org\/journals\/built-environment\/articles\/10.3389\/fbuil.2025.1612575\/pdf?utm_source=chatgpt.com\" target=\"_blank\" rel=\"noreferrer noopener\">Frontiers+1<\/a><\/p>\n\n\n\n<p><\/p>\n","protected":false},"excerpt":{"rendered":"<p>Az MMK I. \u00e9s II. fok\u00fa Etikai-Fegyelmi Bizotts\u00e1ga A magyar \u00e9p\u00edt\u00e9szetr\u0151l sz\u00f3l\u00f3 2023. \u00e9vi C. t\u00f6rv\u00e9ny alapj\u00e1n 2025-t\u0151l az els\u0151fok\u00fa etikai-fegyelmi bizotts\u00e1g imm\u00e1r orsz\u00e1gos feladatk\u00f6rrel m\u0171k\u00f6dik, teh\u00e1t nem a ter\u00fcleti kamar\u00e1k szintj\u00e9n, hanem k\u00f6zpontilag. A ter\u00fcleti kamar\u00e1k deleg\u00e1lnak ragokat az orsz\u00e1gos els\u0151fok\u00fa bizotts\u00e1gba. &nbsp;A Magyar M\u00e9rn\u00f6ki Kamara II. fok\u00fa Etikai-fegyelmi Bizotts\u00e1ga a 2025-\u00f6s tiszt\u00faj\u00edt\u00e1s sor\u00e1n [&hellip;]<\/p>\n","protected":false},"author":871,"featured_media":0,"parent":0,"menu_order":0,"comment_status":"closed","ping_status":"closed","template":"","meta":{"footnotes":""},"class_list":["post-36","page","type-page","status-publish","hentry"],"_links":{"self":[{"href":"https:\/\/mernokvagyok.hu\/epitesi\/wp-json\/wp\/v2\/pages\/36","targetHints":{"allow":["GET"]}}],"collection":[{"href":"https:\/\/mernokvagyok.hu\/epitesi\/wp-json\/wp\/v2\/pages"}],"about":[{"href":"https:\/\/mernokvagyok.hu\/epitesi\/wp-json\/wp\/v2\/types\/page"}],"author":[{"embeddable":true,"href":"https:\/\/mernokvagyok.hu\/epitesi\/wp-json\/wp\/v2\/users\/871"}],"replies":[{"embeddable":true,"href":"https:\/\/mernokvagyok.hu\/epitesi\/wp-json\/wp\/v2\/comments?post=36"}],"version-history":[{"count":9,"href":"https:\/\/mernokvagyok.hu\/epitesi\/wp-json\/wp\/v2\/pages\/36\/revisions"}],"predecessor-version":[{"id":2921,"href":"https:\/\/mernokvagyok.hu\/epitesi\/wp-json\/wp\/v2\/pages\/36\/revisions\/2921"}],"wp:attachment":[{"href":"https:\/\/mernokvagyok.hu\/epitesi\/wp-json\/wp\/v2\/media?parent=36"}],"curies":[{"name":"wp","href":"https:\/\/api.w.org\/{rel}","templated":true}]}}