{"id":35,"date":"2021-01-13T20:26:39","date_gmt":"2021-01-13T20:26:39","guid":{"rendered":"https:\/\/mernokvagyok.hu\/epitesi\/?page_id=35"},"modified":"2025-10-28T08:13:48","modified_gmt":"2025-10-28T08:13:48","slug":"a-tagozat-altal-alapitott-dijak-egyeb-kituntetesek-elismeresek","status":"publish","type":"page","link":"https:\/\/mernokvagyok.hu\/epitesi\/a-tagozat-altal-alapitott-dijak-egyeb-kituntetesek-elismeresek\/","title":{"rendered":"A tagozat \u00e1ltal alap\u00edtott d\u00edjak, egy\u00e9b kit\u00fcntet\u00e9sek, elismer\u00e9sek"},"content":{"rendered":"\n<p>A Tagozat Kardos Andor D\u00edjat alap\u00edtott a tev\u00e9kenys\u00e9gi k\u00f6r\u00e9ben v\u00e9gzett munk\u00e1ja elismer\u00e9s\u00e9re, \u00c9p\u00edt\u00e9si Alkot\u00f3i D\u00edjban r\u00e9szes\u00edti az \u00c9p\u00edt\u0151ipari N\u00edv\u00f3d\u00edjas p\u00e1ly\u00e1zatokon kit\u0171nt egy \u2013 egy kiemelked\u0151 magas \u00e9s m\u00e9ly\u00e9p\u00edt\u0151 felel\u0151s m\u0171szaki vezet\u0151t \u00e9s r\u00e9szt vesz az \u00c9p\u00edt\u0151ipari N\u00edv\u00f3d\u00edj B\u00edr\u00e1l\u00f3 Bizotts\u00e1g munk\u00e1j\u00e1ban.<\/p>\n\n\n\n<p>Az ezekr\u0151l sz\u00f3l\u00f3 r\u00e9szletes ismertet\u00e9s a jelen men\u00fcpont almen\u00fcpontjaiban tal\u00e1lhat\u00f3.<\/p>\n\n\n\n<p><\/p>\n","protected":false},"excerpt":{"rendered":"<p>A Tagozat Kardos Andor D\u00edjat alap\u00edtott a tev\u00e9kenys\u00e9gi k\u00f6r\u00e9ben v\u00e9gzett munk\u00e1ja elismer\u00e9s\u00e9re, \u00c9p\u00edt\u00e9si Alkot\u00f3i D\u00edjban r\u00e9szes\u00edti az \u00c9p\u00edt\u0151ipari N\u00edv\u00f3d\u00edjas p\u00e1ly\u00e1zatokon kit\u0171nt egy \u2013 egy kiemelked\u0151 magas \u00e9s m\u00e9ly\u00e9p\u00edt\u0151 felel\u0151s m\u0171szaki vezet\u0151t \u00e9s r\u00e9szt vesz az \u00c9p\u00edt\u0151ipari N\u00edv\u00f3d\u00edj B\u00edr\u00e1l\u00f3 Bizotts\u00e1g munk\u00e1j\u00e1ban. Az ezekr\u0151l sz\u00f3l\u00f3 r\u00e9szletes ismertet\u00e9s a jelen men\u00fcpont almen\u00fcpontjaiban tal\u00e1lhat\u00f3.<\/p>\n","protected":false},"author":871,"featured_media":0,"parent":0,"menu_order":0,"comment_status":"closed","ping_status":"closed","template":"","meta":{"footnotes":""},"class_list":["post-35","page","type-page","status-publish","hentry"],"_links":{"self":[{"href":"https:\/\/mernokvagyok.hu\/epitesi\/wp-json\/wp\/v2\/pages\/35","targetHints":{"allow":["GET"]}}],"collection":[{"href":"https:\/\/mernokvagyok.hu\/epitesi\/wp-json\/wp\/v2\/pages"}],"about":[{"href":"https:\/\/mernokvagyok.hu\/epitesi\/wp-json\/wp\/v2\/types\/page"}],"author":[{"embeddable":true,"href":"https:\/\/mernokvagyok.hu\/epitesi\/wp-json\/wp\/v2\/users\/871"}],"replies":[{"embeddable":true,"href":"https:\/\/mernokvagyok.hu\/epitesi\/wp-json\/wp\/v2\/comments?post=35"}],"version-history":[{"count":113,"href":"https:\/\/mernokvagyok.hu\/epitesi\/wp-json\/wp\/v2\/pages\/35\/revisions"}],"predecessor-version":[{"id":2872,"href":"https:\/\/mernokvagyok.hu\/epitesi\/wp-json\/wp\/v2\/pages\/35\/revisions\/2872"}],"wp:attachment":[{"href":"https:\/\/mernokvagyok.hu\/epitesi\/wp-json\/wp\/v2\/media?parent=35"}],"curies":[{"name":"wp","href":"https:\/\/api.w.org\/{rel}","templated":true}]}}