{"id":33,"date":"2021-01-13T20:26:39","date_gmt":"2021-01-13T20:26:39","guid":{"rendered":"https:\/\/mernokvagyok.hu\/epitesi\/?page_id=33"},"modified":"2025-10-20T08:18:23","modified_gmt":"2025-10-20T08:18:23","slug":"teruleti-szakcsoportok","status":"publish","type":"page","link":"https:\/\/mernokvagyok.hu\/epitesi\/teruleti-szakcsoportok\/","title":{"rendered":"Ter\u00fcleti szakcsoportok"},"content":{"rendered":"<ul>\n<li><strong>Baranya V\u00e1rmegye<\/strong>\u00a0(eln\u00f6k: dr. Szab\u00f3 \u00c9va Ibolya)<br \/>\n<a href=\"http:\/\/bamernok.hu\/index.php\/2020\/06\/08\/epitesi-szakcsoport\/\" data-wplink-edit=\"true\">http:\/\/bamernok.hu\/index.php\/2020\/06\/08\/epitesi-szakcsoport\/<\/a><\/li>\n<li><strong>B\u00e1cs-Kiskun V\u00e1rmegye<\/strong>\u00a0(eln\u00f6k: Helfrich Salamon)<\/li>\n<li><strong>Budapest \u00e9s Pest V\u00e1rmegye<\/strong> (eln\u00f6k: Moln\u00e1r D\u00e9nes Andr\u00e1s)<\/li>\n<li><strong>Gy\u0151r-Moson-Sopron V\u00e1rmegye<\/strong> (eln\u00f6k: dr. Andor Kriszti\u00e1n, aleln\u00f6k\u00f6k: Dr. Bozsaky D\u00e1vid \u00e9s Cseszn\u00e1k Szabolcs)<br \/>\n<a href=\"http:\/\/mechanika.skk.uni-sopron.hu\/epitesi-szakcsoport\">http:\/\/mechanika.skk.uni-sopron.hu\/epitesi-szakcsoport<\/a><\/li>\n<li><strong>Somogy V\u00e1rmegye <\/strong>(eln\u00f6k Mari\u00e1n G\u00e1bor, tel: 06 30\u00a0500 4451, e-mail: <a href=\"mailto:mariang100@g,mail.com\">mariang100@g,mail.com<\/a>, eln\u00f6ks\u00e9gi tagok: Neuhoffer L\u00e1szl\u00f3 \u00e9s Sp\u00e1nicz J\u00e1nos)<\/li>\n<li><strong>Szabolcs-Szatm\u00e1r V\u00e1rmegye<\/strong>\u00a0(eln\u00f6k: Lengyel Mikl\u00f3s)<\/li>\n<li><strong>Veszpr\u00e9m V\u00e1rmegye<\/strong>\u00a0(eln\u00f6k: K\u00e1ntor Mikl\u00f3s)<\/li>\n<\/ul>\n","protected":false},"excerpt":{"rendered":"<p>Baranya V\u00e1rmegye\u00a0(eln\u00f6k: dr. Szab\u00f3 \u00c9va Ibolya) http:\/\/bamernok.hu\/index.php\/2020\/06\/08\/epitesi-szakcsoport\/ B\u00e1cs-Kiskun V\u00e1rmegye\u00a0(eln\u00f6k: Helfrich Salamon) Budapest \u00e9s Pest V\u00e1rmegye (eln\u00f6k: Moln\u00e1r D\u00e9nes Andr\u00e1s) Gy\u0151r-Moson-Sopron V\u00e1rmegye (eln\u00f6k: dr. Andor Kriszti\u00e1n, aleln\u00f6k\u00f6k: Dr. Bozsaky D\u00e1vid \u00e9s Cseszn\u00e1k Szabolcs) http:\/\/mechanika.skk.uni-sopron.hu\/epitesi-szakcsoport Somogy V\u00e1rmegye (eln\u00f6k Mari\u00e1n G\u00e1bor, tel: 06 30\u00a0500 4451, e-mail: mariang100@g,mail.com, eln\u00f6ks\u00e9gi tagok: Neuhoffer L\u00e1szl\u00f3 \u00e9s Sp\u00e1nicz J\u00e1nos) Szabolcs-Szatm\u00e1r V\u00e1rmegye\u00a0(eln\u00f6k: Lengyel Mikl\u00f3s) [&hellip;]<\/p>\n","protected":false},"author":871,"featured_media":0,"parent":0,"menu_order":0,"comment_status":"closed","ping_status":"closed","template":"","meta":{"footnotes":""},"class_list":["post-33","page","type-page","status-publish","hentry"],"_links":{"self":[{"href":"https:\/\/mernokvagyok.hu\/epitesi\/wp-json\/wp\/v2\/pages\/33","targetHints":{"allow":["GET"]}}],"collection":[{"href":"https:\/\/mernokvagyok.hu\/epitesi\/wp-json\/wp\/v2\/pages"}],"about":[{"href":"https:\/\/mernokvagyok.hu\/epitesi\/wp-json\/wp\/v2\/types\/page"}],"author":[{"embeddable":true,"href":"https:\/\/mernokvagyok.hu\/epitesi\/wp-json\/wp\/v2\/users\/871"}],"replies":[{"embeddable":true,"href":"https:\/\/mernokvagyok.hu\/epitesi\/wp-json\/wp\/v2\/comments?post=33"}],"version-history":[{"count":23,"href":"https:\/\/mernokvagyok.hu\/epitesi\/wp-json\/wp\/v2\/pages\/33\/revisions"}],"predecessor-version":[{"id":2861,"href":"https:\/\/mernokvagyok.hu\/epitesi\/wp-json\/wp\/v2\/pages\/33\/revisions\/2861"}],"wp:attachment":[{"href":"https:\/\/mernokvagyok.hu\/epitesi\/wp-json\/wp\/v2\/media?parent=33"}],"curies":[{"name":"wp","href":"https:\/\/api.w.org\/{rel}","templated":true}]}}