{"id":32,"date":"2021-01-13T20:26:39","date_gmt":"2021-01-13T20:26:39","guid":{"rendered":"https:\/\/mernokvagyok.hu\/epitesi\/?page_id=32"},"modified":"2025-08-31T09:54:29","modified_gmt":"2025-08-31T09:54:29","slug":"szakosztalyok","status":"publish","type":"page","link":"https:\/\/mernokvagyok.hu\/epitesi\/szakosztalyok\/","title":{"rendered":"Szakoszt\u00e1lyok"},"content":{"rendered":"<hr \/>\n<p><strong>Felel\u0151s M\u0171szaki Vezet\u0151k \u00e9s \u00c9p\u00edt\u00e9si M\u0171szaki Ellen\u0151r\u00f6k Szakoszt\u00e1lya &#8211; megb\u00edzott vezet\u0151 Cs\u00e1kai Istv\u00e1n.<\/strong><\/p>\n<hr \/>\n<p><strong>Ter\u00fclet-\u00e9s Telep\u00fcl\u00e9srendez\u00e9si Szakoszt\u00e1ly &#8211; megb\u00edzott vezet\u0151 Hancz\u00e1r Em\u0151ke<br \/><\/strong><strong>A Ter\u00fclet- \u00e9s Telep\u00fcl\u00e9srendez\u00e9si Szakoszt\u00e1ly bemutat\u00e1sa <\/strong><a href=\"https:\/\/mernokvagyok.hu\/epitesi\/wp-content\/uploads\/2021\/04\/A-Ter\u00fcle-\u00e9s-Telep\u00fcl\u00e9srendez\u00e9si-Szakoszt\u00e1ly-bemutat\u00e1sa.pdf\" target=\"_blank\" rel=\"noopener noreferrer\">link<\/a><br \/><strong>A telep\u00fcl\u00e9stervez\u00e9si jogosults\u00e1g felt\u00e9telei<\/strong> <a href=\"https:\/\/mernokvagyok.hu\/epitesi\/wp-content\/uploads\/2021\/04\/A-telep\u00fcl\u00e9stervez\u00e9si-jogosults\u00e1g-felt\u00e9telei.pdf\" target=\"_blank\" rel=\"noopener noreferrer\">link<\/a><br \/>\u00dcgyrend<a href=\"https:\/\/mernokvagyok.hu\/epitesi\/wp-content\/uploads\/2021\/03\/TER\u00dcLET-\u00c9S-TELEP\u00dcL\u00c9SRENDEZ\u00c9SI-SZAKOSZT\u00c1LY-\u00fcgyrend.pdf\" target=\"_blank\" rel=\"noopener noreferrer\"> link<\/a><\/p>\n<hr \/>\n<p>\u00a0<\/p>\n\n\n<p><\/p>\n","protected":false},"excerpt":{"rendered":"<p>Felel\u0151s M\u0171szaki Vezet\u0151k \u00e9s \u00c9p\u00edt\u00e9si M\u0171szaki Ellen\u0151r\u00f6k Szakoszt\u00e1lya &#8211; megb\u00edzott vezet\u0151 Cs\u00e1kai Istv\u00e1n. Ter\u00fclet-\u00e9s Telep\u00fcl\u00e9srendez\u00e9si Szakoszt\u00e1ly &#8211; megb\u00edzott vezet\u0151 Hancz\u00e1r Em\u0151keA Ter\u00fclet- \u00e9s Telep\u00fcl\u00e9srendez\u00e9si Szakoszt\u00e1ly bemutat\u00e1sa linkA telep\u00fcl\u00e9stervez\u00e9si jogosults\u00e1g felt\u00e9telei link\u00dcgyrend link \u00a0<\/p>\n","protected":false},"author":871,"featured_media":0,"parent":0,"menu_order":0,"comment_status":"closed","ping_status":"closed","template":"","meta":{"footnotes":""},"class_list":["post-32","page","type-page","status-publish","hentry"],"_links":{"self":[{"href":"https:\/\/mernokvagyok.hu\/epitesi\/wp-json\/wp\/v2\/pages\/32","targetHints":{"allow":["GET"]}}],"collection":[{"href":"https:\/\/mernokvagyok.hu\/epitesi\/wp-json\/wp\/v2\/pages"}],"about":[{"href":"https:\/\/mernokvagyok.hu\/epitesi\/wp-json\/wp\/v2\/types\/page"}],"author":[{"embeddable":true,"href":"https:\/\/mernokvagyok.hu\/epitesi\/wp-json\/wp\/v2\/users\/871"}],"replies":[{"embeddable":true,"href":"https:\/\/mernokvagyok.hu\/epitesi\/wp-json\/wp\/v2\/comments?post=32"}],"version-history":[{"count":27,"href":"https:\/\/mernokvagyok.hu\/epitesi\/wp-json\/wp\/v2\/pages\/32\/revisions"}],"predecessor-version":[{"id":2794,"href":"https:\/\/mernokvagyok.hu\/epitesi\/wp-json\/wp\/v2\/pages\/32\/revisions\/2794"}],"wp:attachment":[{"href":"https:\/\/mernokvagyok.hu\/epitesi\/wp-json\/wp\/v2\/media?parent=32"}],"curies":[{"name":"wp","href":"https:\/\/api.w.org\/{rel}","templated":true}]}}