{"id":319,"date":"2021-03-07T18:28:14","date_gmt":"2021-03-07T18:28:14","guid":{"rendered":"https:\/\/mernokvagyok.hu\/epitesi\/?page_id=319"},"modified":"2026-01-14T13:01:42","modified_gmt":"2026-01-14T13:01:42","slug":"slider-5","status":"publish","type":"page","link":"https:\/\/mernokvagyok.hu\/epitesi\/slider-5\/","title":{"rendered":"slider-5"},"content":{"rendered":"\n<h2 class=\"wp-block-heading\"><strong>Tomori P\u00e1l h\u00edd\u00a0\u2013 <\/strong>Kalocsa-Paks<\/h2>\n\n\n\n<p>R\u00f6vid ismertet\u00e9s a k\u00e9pen l\u00e1that\u00f3 m\u0171r\u0151l: <a href=\"https:\/\/mernokvagyok.hu\/epitesi\/tomori-pal-hid-kalocsa-paks\/\">Link<\/a><\/p>\n","protected":false},"excerpt":{"rendered":"<p>Tomori P\u00e1l h\u00edd\u00a0\u2013 Kalocsa-Paks R\u00f6vid ismertet\u00e9s a k\u00e9pen l\u00e1that\u00f3 m\u0171r\u0151l: Link<\/p>\n","protected":false},"author":871,"featured_media":0,"parent":0,"menu_order":0,"comment_status":"closed","ping_status":"closed","template":"","meta":{"footnotes":""},"class_list":["post-319","page","type-page","status-publish","hentry"],"_links":{"self":[{"href":"https:\/\/mernokvagyok.hu\/epitesi\/wp-json\/wp\/v2\/pages\/319","targetHints":{"allow":["GET"]}}],"collection":[{"href":"https:\/\/mernokvagyok.hu\/epitesi\/wp-json\/wp\/v2\/pages"}],"about":[{"href":"https:\/\/mernokvagyok.hu\/epitesi\/wp-json\/wp\/v2\/types\/page"}],"author":[{"embeddable":true,"href":"https:\/\/mernokvagyok.hu\/epitesi\/wp-json\/wp\/v2\/users\/871"}],"replies":[{"embeddable":true,"href":"https:\/\/mernokvagyok.hu\/epitesi\/wp-json\/wp\/v2\/comments?post=319"}],"version-history":[{"count":7,"href":"https:\/\/mernokvagyok.hu\/epitesi\/wp-json\/wp\/v2\/pages\/319\/revisions"}],"predecessor-version":[{"id":2966,"href":"https:\/\/mernokvagyok.hu\/epitesi\/wp-json\/wp\/v2\/pages\/319\/revisions\/2966"}],"wp:attachment":[{"href":"https:\/\/mernokvagyok.hu\/epitesi\/wp-json\/wp\/v2\/media?parent=319"}],"curies":[{"name":"wp","href":"https:\/\/api.w.org\/{rel}","templated":true}]}}