{"id":31,"date":"2021-01-13T20:26:39","date_gmt":"2021-01-13T20:26:39","guid":{"rendered":"https:\/\/mernokvagyok.hu\/epitesi\/?page_id=31"},"modified":"2025-10-20T08:16:14","modified_gmt":"2025-10-20T08:16:14","slug":"testuletek-tisztsegviselok","status":"publish","type":"page","link":"https:\/\/mernokvagyok.hu\/epitesi\/testuletek-tisztsegviselok\/","title":{"rendered":"Test\u00fcletek &#8211; Tiszts\u00e9gvisel\u0151k &#8211; K\u00fcld\u00f6ttek"},"content":{"rendered":"<table border=\"0\" cellspacing=\"0\">\n<colgroup width=\"153\"><\/colgroup>\n<colgroup width=\"201\"><\/colgroup>\n<colgroup width=\"140\"><\/colgroup>\n<colgroup width=\"174\"><\/colgroup>\n<colgroup width=\"198\"><\/colgroup>\n<tbody>\n<tr>\n<td colspan=\"5\" align=\"left\" valign=\"middle\" height=\"21\"><b><span style=\"color: #000000\">AZ MMK \u00c9P\u00cdT\u00c9SI TAGOZAT\u00c1NAK ELN\u00d6KS\u00c9GE:<\/span><\/b><\/td>\n<\/tr>\n<tr>\n<td colspan=\"5\" align=\"left\" valign=\"middle\" height=\"21\"><span style=\"color: #000000\">AZ \u00c9P\u00cdT\u00c9SI TAGOZAT ELN\u00d6KS\u00c9GE<\/span><\/td>\n<\/tr>\n<tr>\n<td colspan=\"5\" align=\"left\" valign=\"middle\" height=\"21\"><span style=\"color: #000000\">2023. \u00e1prilis 5-t\u0151l<\/span><\/td>\n<\/tr>\n<tr>\n<td colspan=\"5\" align=\"left\" valign=\"middle\" height=\"21\"><span style=\"color: #000000\">\u00a0<\/span><\/td>\n<\/tr>\n<tr>\n<td align=\"left\" valign=\"bottom\" height=\"21\"><span style=\"color: #000000\">Eln\u00f6k:<\/span><\/td>\n<td align=\"left\" valign=\"middle\"><span style=\"color: #000000\">T\u00f3th P\u00e9ter<\/span><\/td>\n<td align=\"left\" valign=\"middle\"><span style=\"color: #000000\">01-8992, 01-50525<\/span><\/td>\n<td align=\"left\" valign=\"middle\"><span style=\"color: #000000\">Budapest, BPMK<\/span><\/td>\n<td align=\"left\" valign=\"bottom\"><span style=\"color: #000000\">\u00a0<\/span><\/td>\n<\/tr>\n<tr>\n<td align=\"left\" valign=\"middle\" height=\"21\"><span style=\"color: #000000\">Tiszteletbeli eln\u00f6k:<\/span><\/td>\n<td align=\"left\" valign=\"middle\">\u00a0<\/td>\n<td align=\"left\" valign=\"middle\"><span style=\"color: #000000\">\u00a0<\/span><\/td>\n<td align=\"left\" valign=\"middle\"><span style=\"color: #000000\">\u00a0<\/span><\/td>\n<td align=\"left\" valign=\"middle\"><u><span style=\"color: #0563c1\">\u00a0<\/span><\/u><\/td>\n<\/tr>\n<tr>\n<td colspan=\"5\" align=\"left\" valign=\"middle\" height=\"20\"><span style=\"color: #000000\">\u00a0<\/span><\/td>\n<\/tr>\n<tr>\n<td colspan=\"5\" align=\"left\" valign=\"middle\" height=\"21\"><span style=\"color: #000000\">Eln\u00f6ks\u00e9gi tagok<\/span><\/td>\n<\/tr>\n<tr>\n<td align=\"left\" valign=\"middle\" height=\"21\"><span style=\"color: #000000\">sorsz\u00e1m<\/span><\/td>\n<td align=\"left\" valign=\"middle\"><span style=\"color: #000000\">n\u00e9v<\/span><\/td>\n<td align=\"left\" valign=\"middle\"><span style=\"color: #000000\">Kamarai sz\u00e1m<\/span><\/td>\n<td align=\"left\" valign=\"middle\"><span style=\"color: #000000\"> Ter\u00fcleti kamara<\/span><\/td>\n<td align=\"left\" valign=\"middle\"><span style=\"color: #000000\">email c\u00edm<\/span><\/td>\n<\/tr>\n<tr>\n<td align=\"left\" valign=\"middle\" height=\"21\"><span style=\"color: #000000\">1.<\/span><\/td>\n<td align=\"left\" valign=\"middle\"><span style=\"color: #000000\">B\u00e1lint P\u00e9ter<\/span><\/td>\n<td align=\"left\" valign=\"middle\"><span style=\"color: #000000\">01-0867, 01-55570<\/span><\/td>\n<td align=\"left\" valign=\"middle\"><span style=\"color: #000000\">Budapest, BPMK<\/span><\/td>\n<td align=\"left\" valign=\"middle\"><u><span style=\"color: #0563c1\"><a href=\"mailto:balint.p@t-online.hu\">balint.p@t-online.hu<\/a><\/span><\/u><\/td>\n<\/tr>\n<tr>\n<td align=\"left\" valign=\"middle\" height=\"21\"><span style=\"color: #000000\">2. <\/span><\/td>\n<td align=\"left\" valign=\"middle\"><span style=\"color: #000000\">dr. Bozsaky D\u00e1vid<\/span><\/td>\n<td align=\"left\" valign=\"middle\"><span style=\"color: #000000\">08-1107<\/span><\/td>\n<td align=\"left\" valign=\"middle\"><span style=\"color: #000000\">Gy\u0151r-Moson-Sopron<\/span><\/td>\n<td align=\"left\" valign=\"middle\"><u><span style=\"color: #0563c1\"> <a href=\"mailto:bozsaky@ga.sze.hu\" target=\"_blank\" rel=\"noopener\">bozsaky@ga.sze.hu<\/a><\/span><\/u><\/td>\n<\/tr>\n<tr>\n<td align=\"left\" valign=\"middle\" height=\"21\"><span style=\"color: #000000\">3.<\/span><\/td>\n<td align=\"left\" valign=\"middle\"><span style=\"color: #000000\">B\u00f6r\u00f6czffy Istv\u00e1n<\/span><\/td>\n<td align=\"left\" valign=\"middle\"><span style=\"color: #000000\">01-13226, 01-62479<\/span><\/td>\n<td align=\"left\" valign=\"middle\"><span style=\"color: #000000\">Budapest, BPMK<\/span><\/td>\n<td align=\"left\" valign=\"middle\"><u><span style=\"color: #0563c1\"><a href=\"mailto:iroda@boroczffy.hu\">iroda@boroczffy.hu<\/a><\/span><\/u><\/td>\n<\/tr>\n<tr>\n<td align=\"left\" valign=\"middle\" height=\"21\"><span style=\"color: #000000\">4.<\/span><\/td>\n<td align=\"left\" valign=\"middle\"><span style=\"color: #000000\">Brassny\u00f3 L\u00e1szl\u00f3<\/span><\/td>\n<td align=\"left\" valign=\"middle\"><span style=\"color: #000000\">\u00a001-13107<\/span><\/td>\n<td align=\"left\" valign=\"middle\"><span style=\"color: #000000\">Budapest, BPMK<\/span><\/td>\n<td align=\"left\" valign=\"middle\"><u><span style=\"color: #0563c1\"><a href=\"mailto:laszlo@brassnyo.hu\">laszlo@brassnyo.hu<\/a><\/span><\/u><\/td>\n<\/tr>\n<tr>\n<td align=\"left\" valign=\"middle\" height=\"21\"><span style=\"color: #000000\">5.<\/span><\/td>\n<td align=\"left\" valign=\"middle\"><span style=\"color: #000000\">Csermely G\u00e1bor<\/span><\/td>\n<td align=\"left\" valign=\"middle\"><span style=\"color: #000000\">01-13757<\/span><\/td>\n<td align=\"left\" valign=\"middle\"><span style=\"color: #000000\">Budapest, BPMK<\/span><\/td>\n<td align=\"left\" valign=\"middle\"><u><span style=\"color: #0563c1\"><a href=\"mailto:gcsermely58@gmail.com\">gcsermely58@gmail.com<\/a><\/span><\/u><\/td>\n<\/tr>\n<tr>\n<td align=\"left\" valign=\"middle\" height=\"21\"><span style=\"color: #000000\">6.<\/span><\/td>\n<td align=\"left\" valign=\"middle\"><span style=\"color: #000000\">Forg\u00e1cs D\u00e1vid<\/span><\/td>\n<td align=\"left\" valign=\"middle\"><span style=\"color: #000000\">01-14883, 01-66727<\/span><\/td>\n<td align=\"left\" valign=\"middle\"><span style=\"color: #000000\">Budapest, BPMK<\/span><\/td>\n<td align=\"left\" valign=\"middle\"><u><span style=\"color: #0563c1\"><a href=\"mailto:forgacs.david@gmail.com\">forgacs.david@gmail.com<\/a><\/span><\/u><\/td>\n<\/tr>\n<tr>\n<td align=\"left\" valign=\"middle\" height=\"21\"><span style=\"color: #000000\">7.<\/span><\/td>\n<td align=\"left\" valign=\"middle\"><span style=\"color: #000000\">F\u00fcl\u00f6p Kinga<\/span><\/td>\n<td align=\"left\" valign=\"middle\"><span style=\"color: #000000\">11-01111, 11-06229<\/span><\/td>\n<td align=\"left\" valign=\"middle\"><span style=\"color: #000000\">Kom\u00e1rom-Esztergom<\/span><\/td>\n<td align=\"left\" valign=\"middle\"><u><span style=\"color: #0563c1\"> <a href=\"mailto:fulopkingamelinda@gmail.com\" target=\"_blank\" rel=\"noopener\">fulopkingamelinda@gmail.com<\/a><\/span><\/u><\/td>\n<\/tr>\n<tr>\n<td align=\"left\" valign=\"middle\" height=\"21\"><span style=\"color: #000000\">8.<\/span><\/td>\n<td align=\"left\" valign=\"middle\"><span style=\"color: #000000\">Jo\u00f3 Emese Andrea<\/span><\/td>\n<td align=\"left\" valign=\"middle\"><span style=\"color: #000000\">01-16803, 01-64673<\/span><\/td>\n<td align=\"left\" valign=\"middle\"><span style=\"color: #000000\">Budapest, BPMK<\/span><\/td>\n<td align=\"left\" valign=\"middle\"><u><span style=\"color: #0563c1\"><a href=\"mailto:joo.emese.a@gmail.com\">joo.emese.a@gmail.com<\/a><\/span><\/u><\/td>\n<\/tr>\n<tr>\n<td align=\"left\" valign=\"middle\" height=\"21\"><span style=\"color: #000000\">9.<\/span><\/td>\n<td align=\"left\" valign=\"middle\"><span style=\"color: #000000\">dr. Koris K\u00e1lm\u00e1n<\/span><\/td>\n<td align=\"left\" valign=\"middle\"><span style=\"color: #000000\">01-12306, 01-62013<\/span><\/td>\n<td align=\"left\" valign=\"middle\"><span style=\"color: #000000\">Budapest, BPMK<\/span><\/td>\n<td align=\"left\" valign=\"middle\"><u><span style=\"color: #0563c1\"><a href=\"mailto:koris@vbt.bme.hu\">koris@vbt.bme.hu<\/a><\/span><\/u><\/td>\n<\/tr>\n<tr>\n<td align=\"left\" valign=\"middle\" height=\"21\"><span style=\"color: #000000\">10.<\/span><\/td>\n<td align=\"left\" valign=\"middle\"><span style=\"color: #000000\">Magyar J\u00e1nos<\/span><\/td>\n<td align=\"left\" valign=\"middle\"><span style=\"color: #000000\">13-14992, 13-65046<\/span><\/td>\n<td align=\"left\" valign=\"middle\"><span style=\"color: #000000\">Budapest, BPMK<\/span><\/td>\n<td align=\"left\" valign=\"middle\"><u><span style=\"color: #0563c1\"><a href=\"mailto:magyar.janos@hid.hu\">magyar.janos@hid.hu<\/a><\/span><\/u><\/td>\n<\/tr>\n<tr>\n<td align=\"left\" valign=\"middle\" height=\"21\"><span style=\"color: #000000\">11.<\/span><\/td>\n<td align=\"left\" valign=\"middle\"><span style=\"color: #000000\">Moln\u00e1r D\u00e9nes Andr\u00e1s<\/span><\/td>\n<td align=\"left\" valign=\"middle\"><span style=\"color: #000000\">01-0537, 01-61691<\/span><\/td>\n<td align=\"left\" valign=\"middle\"><span style=\"color: #000000\">Budapest, BPMK<\/span><\/td>\n<td align=\"left\" valign=\"middle\"><u><span style=\"color: #0563c1\"><a href=\"mailto:damol@t-online.hu\">damol@t-online.hu<\/a><\/span><\/u><\/td>\n<\/tr>\n<tr>\n<td align=\"left\" valign=\"middle\" height=\"21\"><span style=\"color: #000000\">12.<\/span><\/td>\n<td align=\"left\" valign=\"middle\"><span style=\"color: #000000\">Pl\u00e1jer Tibor<\/span><\/td>\n<td align=\"left\" valign=\"middle\"><span style=\"color: #000000\">01-16171, 01-56927<\/span><\/td>\n<td align=\"left\" valign=\"middle\"><span style=\"color: #000000\">Budapest, BPMK<\/span><\/td>\n<td align=\"left\" valign=\"middle\"><u><span style=\"color: #0563c1\"><a href=\"mailto:plajer1@enternet.hu\">plajer1@enternet.hu<\/a><\/span><\/u><\/td>\n<\/tr>\n<tr>\n<td align=\"left\" valign=\"middle\" height=\"21\"><span style=\"color: #000000\">13.<\/span><\/td>\n<td align=\"left\" valign=\"middle\"><span style=\"color: #000000\">R\u00e9p\u00e1s Bal\u00e1zs<\/span><\/td>\n<td align=\"left\" valign=\"middle\"><span style=\"color: #000000\">02-1063, 02-50861<\/span><\/td>\n<td align=\"left\" valign=\"middle\"><span style=\"color: #000000\">Baranya<\/span><\/td>\n<td align=\"left\" valign=\"middle\"><u><span style=\"color: #0563c1\"> <a href=\"mailto:repasbalazs@r-mernoki.hu\" target=\"_blank\" rel=\"noopener\">repasbalazs@r-mernoki.hu<\/a><\/span><\/u><\/td>\n<\/tr>\n<tr>\n<td align=\"left\" valign=\"middle\" height=\"21\"><span style=\"color: #000000\">14.<\/span><\/td>\n<td align=\"left\" valign=\"middle\"><span style=\"color: #000000\">dr. Szab\u00f3 \u00c9va Ibolya<\/span><\/td>\n<td align=\"left\" valign=\"middle\"><span style=\"color: #000000\">\u00a002-0100, 02-50947<\/span><\/td>\n<td align=\"left\" valign=\"middle\"><span style=\"color: #000000\">Baranya <\/span><\/td>\n<td align=\"left\" valign=\"middle\"><u><span style=\"color: #0563c1\"><a href=\"mailto:szaboe@pmmik.pte.hu\">szaboe@pmmik.pte.hu<\/a><\/span><\/u><\/td>\n<\/tr>\n<tr>\n<td align=\"left\" valign=\"middle\" height=\"21\"><span style=\"color: #000000\">15.<\/span><\/td>\n<td align=\"left\" valign=\"middle\"><span style=\"color: #000000\">W\u00e9ber L\u00e1szl\u00f3<\/span><\/td>\n<td align=\"left\" valign=\"middle\"><span style=\"color: #000000\">01-3992, 01-60185<\/span><\/td>\n<td align=\"left\" valign=\"middle\"><span style=\"color: #000000\">Budapest, BPMK<\/span><\/td>\n<td align=\"left\" valign=\"middle\"><u><span style=\"color: #0563c1\"><a href=\"mailto:wlaszlo@t-online.hu\">wlaszlo@t-online.hu<\/a><\/span><\/u><\/td>\n<\/tr>\n<tr>\n<td align=\"left\" valign=\"middle\" height=\"21\"><span style=\"color: #000000\">16.<\/span><\/td>\n<td align=\"left\" valign=\"middle\"><span style=\"color: #000000\">Zsigmondi Andr\u00e1s<\/span><\/td>\n<td align=\"left\" valign=\"middle\"><span style=\"color: #000000\">01-10010, 01-61632<\/span><\/td>\n<td align=\"left\" valign=\"middle\"><span style=\"color: #000000\">Budapest, BPMK<\/span><\/td>\n<td align=\"left\" valign=\"middle\"><u><span style=\"color: #0563c1\"><a href=\"mailto:zsigmondi.andras@forkid.hu\">zsigmondi.andras@forkid.hu<\/a><\/span><\/u><\/td>\n<\/tr>\n<\/tbody>\n<\/table>\n\n\n<p><strong><br>Szak\u00e9rt\u0151i&nbsp;Test\u00fclet:<\/strong><\/p>\n\n\n\n<p>Eln\u00f6k:<br>B\u00f6r\u00f6czffy Istv\u00e1n<br><br>Tagok:<br>dr. Bozsaky D\u00e1vid<br>Forg\u00e1cs D\u00e1vid<br>Giba Tam\u00e1s<br>dr. Szab\u00f3 \u00c9va Ibolya<\/p>\n\n\n\n<h2 class=\"wp-block-heading\">A tagozat k\u00fcld\u00f6ttjei<\/h2>\n\n\n\n<h3 class=\"wp-block-heading\"><strong>AZ \u00c9P\u00cdT\u00c9SI TAGOZAT AZ MMK K\u00dcLD\u00d6TTGY\u0170L\u00c9S\u00c9BE MEGV\u00c1LASZTOTT K\u00dcLD\u00d6TTEI<\/strong><\/h3>\n\n\n\n<figure class=\"wp-block-table is-style-stripes\"><table><tbody><tr><td><strong>B\u00e1lint P\u00e9ter<\/strong><\/td><td>01-0867<\/td><\/tr><tr><td><strong>B\u00f6r\u00f6czffy Istv\u00e1n<\/strong><\/td><td>0-14278<\/td><\/tr><tr><td><strong>Csermely G\u00e1bor<\/strong><\/td><td>01-4932<\/td><\/tr><tr><td><strong>F\u00fcl\u00f6p Kinga Melinda<\/strong><\/td><td>13-20474<\/td><\/tr><tr><td><strong>Moln\u00e1r D\u00e9nes<\/strong> <strong>Andr\u00e1s<\/strong><\/td><td>01-0537<\/td><\/tr><tr><td><strong>Dr. Szab\u00f3 \u00c9va Ibolya<\/strong><\/td><td>02-0100<\/td><\/tr><tr><td><strong>T\u00f3th P\u00e9ter<\/strong><\/td><td>01-8992<\/td><\/tr><tr><td><strong>W\u00e1gner Ern\u0151<\/strong><\/td><td>14-0198<\/td><\/tr><tr><td><strong>Zsigmondi Andr\u00e1s<\/strong><\/td><td>01-10010<\/td><\/tr><\/tbody><\/table><\/figure>\n\n\n\n<p>A 2025. \u00e9vi Tiszt\u00faj\u00edt\u00f3 K\u00f6zgy\u0171l\u00e9s az \u00c9p\u00edt\u00e9si Tagozat els\u0151dleges tagja k\u00f6z\u00fcl W\u00e1gner Ern\u0151t az MMK eln\u00f6k\u00e9nek, Bocz G\u00e1bort az MMK aleln\u00f6k\u00e9nek, az \u00c9p\u00edt\u00e9si Tagozat eln\u00f6ks\u00e9gi tagjai k\u00f6z\u00fcl W\u00e9ber L\u00e1szl\u00f3t az MMK eln\u00f6ks\u00e9gi tagj\u00e1nak, F\u00fcl\u00f6p Kinga Melind\u00e1t \u00e9s Dr Szab\u00f3 \u00c9v\u00e1t az Etikai \u00e9s Fegyelmi Bizotts\u00e1g tagjainak v\u00e1lasztott\u00e1k meg.<\/p>\n\n\n\n<p>Az \u00c9p\u00edt\u00e9si Tagozat K\u00fcld\u00f6ttgy\u0171l\u00e9s\u00e9be a Ter\u00fcleti Kamar\u00e1k \u00e1ltal deleg\u00e1lt k\u00fcld\u00f6ttek: <a href=\"https:\/\/mernokvagyok.hu\/epitesi\/wp-content\/uploads\/2025\/03\/Az-Epitesi-Tagozat-Kuldottgyulesebe-a-Teruleti-Kamarak-altal-delegalt-kuldottek1.xlsx\" target=\"_blank\" rel=\"noreferrer noopener\">Link<\/a><\/p>\n\n\n\n<p>Egyidej\u0171leg k\u00f6zz\u00e9tessz\u00fck a Hajd\u00fa-Bihar V\u00e1rmegyei M\u00e9rn\u00f6ki Kamara \u00c9p\u00edt\u00e9si Szakcsoportj\u00e1nak \u00fcgyrendj\u00e9t, mely mint\u00e1ul szolg\u00e1lhat a t\u00f6bbi v\u00e1rmegyei kamara r\u00e9sz\u00e9re. <a href=\"https:\/\/mernokvagyok.hu\/epitesi\/wp-content\/uploads\/2024\/08\/Epitesi-Szakcsoport-Ugyrendje_Debrecen.pdf\" target=\"_blank\" rel=\"noreferrer noopener\">Link<\/a><\/p>\n","protected":false},"excerpt":{"rendered":"<p>AZ MMK \u00c9P\u00cdT\u00c9SI TAGOZAT\u00c1NAK ELN\u00d6KS\u00c9GE: AZ \u00c9P\u00cdT\u00c9SI TAGOZAT ELN\u00d6KS\u00c9GE 2023. \u00e1prilis 5-t\u0151l \u00a0 Eln\u00f6k: T\u00f3th P\u00e9ter 01-8992, 01-50525 Budapest, BPMK \u00a0 Tiszteletbeli eln\u00f6k: \u00a0 \u00a0 \u00a0 \u00a0 \u00a0 Eln\u00f6ks\u00e9gi tagok sorsz\u00e1m n\u00e9v Kamarai sz\u00e1m Ter\u00fcleti kamara email c\u00edm 1. B\u00e1lint P\u00e9ter 01-0867, 01-55570 Budapest, BPMK balint.p@t-online.hu 2. dr. Bozsaky D\u00e1vid 08-1107 Gy\u0151r-Moson-Sopron bozsaky@ga.sze.hu 3. B\u00f6r\u00f6czffy [&hellip;]<\/p>\n","protected":false},"author":871,"featured_media":0,"parent":0,"menu_order":0,"comment_status":"closed","ping_status":"closed","template":"","meta":{"footnotes":""},"class_list":["post-31","page","type-page","status-publish","hentry"],"_links":{"self":[{"href":"https:\/\/mernokvagyok.hu\/epitesi\/wp-json\/wp\/v2\/pages\/31","targetHints":{"allow":["GET"]}}],"collection":[{"href":"https:\/\/mernokvagyok.hu\/epitesi\/wp-json\/wp\/v2\/pages"}],"about":[{"href":"https:\/\/mernokvagyok.hu\/epitesi\/wp-json\/wp\/v2\/types\/page"}],"author":[{"embeddable":true,"href":"https:\/\/mernokvagyok.hu\/epitesi\/wp-json\/wp\/v2\/users\/871"}],"replies":[{"embeddable":true,"href":"https:\/\/mernokvagyok.hu\/epitesi\/wp-json\/wp\/v2\/comments?post=31"}],"version-history":[{"count":52,"href":"https:\/\/mernokvagyok.hu\/epitesi\/wp-json\/wp\/v2\/pages\/31\/revisions"}],"predecessor-version":[{"id":2860,"href":"https:\/\/mernokvagyok.hu\/epitesi\/wp-json\/wp\/v2\/pages\/31\/revisions\/2860"}],"wp:attachment":[{"href":"https:\/\/mernokvagyok.hu\/epitesi\/wp-json\/wp\/v2\/media?parent=31"}],"curies":[{"name":"wp","href":"https:\/\/api.w.org\/{rel}","templated":true}]}}