{"id":308,"date":"2021-03-07T17:36:13","date_gmt":"2021-03-07T17:36:13","guid":{"rendered":"https:\/\/mernokvagyok.hu\/epitesi\/?page_id=308"},"modified":"2023-03-19T07:40:16","modified_gmt":"2023-03-19T07:40:16","slug":"e-naplo","status":"publish","type":"page","link":"https:\/\/mernokvagyok.hu\/epitesi\/e-naplo\/","title":{"rendered":"E-NAPL\u00d3"},"content":{"rendered":"<p>Kerekasztal besz\u00e9lget\u00e9s a Felel\u0151s M\u0171szaki Vezet\u00e9s \u00e9s az E-Napl\u00f3 k\u00e9rd\u00e9sk\u00f6r\u00e9ben. r\u00e9szv\u00e9teli lehet\u0151s\u00e9g <a href=\"https:\/\/mernokvagyok.hu\/epitesi\/wp-content\/uploads\/2023\/03\/Tajekoztatas-KEREKASZTALROL-FMV-es-e-naplo-PT2.pdf\" target=\"_blank\" rel=\"noopener\">Link<\/a><\/p>\n<p>\u00a0<\/p>\n<p style=\"text-align: justify\">Az e-napl\u00f3val, az e-napl\u00f3 haszn\u00e1lat\u00e1val kapcsolatosan a gyakorlatban rendre felmer\u00fclnek k\u00e9rd\u00e9sek, probl\u00e9m\u00e1k. Ilyen gyakorlati probl\u00e9mafelvet\u00e9ssel fordult Honlapunkhoz Plajer Tibor, az \u00c9p\u00edt\u00e9si Tagozat eln\u00f6ks\u00e9g\u00e9nek \u00e1lland\u00f3 megh\u00edvott tagja:<br \/><a href=\"https:\/\/mernokvagyok.hu\/epitesi\/wp-content\/uploads\/2021\/05\/Pl\u00e1jer-Tibor-az-\u00c9p\u00edt\u00e9si-Tagozat-eln\u00f6ks\u00e9gi-tagj\u00e1nak-E-napl\u00f3val-kapcsolatos-probl\u00e9mafelvet\u00e9se-.pdf\" target=\"_blank\" rel=\"noopener noreferrer\">Link<\/a><\/p>\n<p>Az \u00c9p\u00edt\u00e9si Tagozat felk\u00e9rte Magyar M\u00e1ria jogi szakokleveles \u00e9p\u00edt\u00e9szm\u00e9rn\u00f6k, \u00e9p\u00edt\u00e9s\u00fcgyi tan\u00e1csad\u00f3t a felvetett probl\u00e9m\u00e1k \u00e9rtelmez\u00e9s\u00e9re \u00e9s v\u00e9lem\u00e9nyez\u00e9s\u00e9re. A t\u00f6bb t\u00e9mak\u00f6rre kiterjed\u0151 probl\u00e9mafelvet\u00e9sre Magyar M\u00e1ria t\u00f6bb lev\u00e9lben fejti ki v\u00e9lem\u00e9ny\u00e9t:<br \/><a href=\"https:\/\/mernokvagyok.hu\/epitesi\/wp-content\/uploads\/2021\/05\/V\u00e1lasz-I.-Pl\u00e1jer-Tibor-probl\u00e9mafelvet\u00e9s\u00e9re.pdf\" target=\"_blank\" rel=\"noopener noreferrer\">V\u00e1lasz I. Mi hat\u00e1rozza meg, hogy kell-e e-\u00e9p\u00edt\u00e9si napl\u00f3t vezetni vagy sem?<\/a><br \/><a href=\"https:\/\/mernokvagyok.hu\/epitesi\/wp-content\/uploads\/2021\/06\/Valasz-II.-Kinek-kell-lehet-az-elektronikus-epites-inaplot-megnyitni_1.pdf\" target=\"_blank\" rel=\"noopener\">V\u00e1lasz II. Kinek kell\/lehet az elektronikus \u00e9p\u00edt\u00e9si napl\u00f3t megnyitni?<\/a><br \/><a href=\"https:\/\/mernokvagyok.hu\/epitesi\/wp-content\/uploads\/2021\/06\/Mikor-van-megnyitva-az-e-epitesi-naplo.pdf\" target=\"_blank\" rel=\"noopener\">V\u00e1lasz III. Mikor van megnyitva az e-\u00e9p\u00edt\u00e9si napl\u00f3?<\/a><br \/><a href=\"https:\/\/mernokvagyok.hu\/epitesi\/wp-content\/uploads\/2021\/06\/Valasz-IV.Egyszeru-bejelentesnel-kell-e-elektronikus-epitesi-naplot-veze....pdf\" target=\"_blank\" rel=\"noopener\">V\u00e1lasz IV. Egyszer\u0171 bejelent\u00e9sn\u00e9l kell-e elektronikus \u00e9p\u00edt\u00e9si napl\u00f3t vezetni?<\/a><br \/><a href=\"https:\/\/mernokvagyok.hu\/epitesi\/wp-content\/uploads\/2021\/06\/Valasz-V.-Hany-naplot-kell-vezetni-.pdf\" target=\"_blank\" rel=\"noopener\">V\u00e1lasz V. H\u00e1ny napl\u00f3t kell vezetni?<\/a><\/p>\n\n\n<p><\/p>\n","protected":false},"excerpt":{"rendered":"<p>Kerekasztal besz\u00e9lget\u00e9s a Felel\u0151s M\u0171szaki Vezet\u00e9s \u00e9s az E-Napl\u00f3 k\u00e9rd\u00e9sk\u00f6r\u00e9ben. r\u00e9szv\u00e9teli lehet\u0151s\u00e9g Link \u00a0 Az e-napl\u00f3val, az e-napl\u00f3 haszn\u00e1lat\u00e1val kapcsolatosan a gyakorlatban rendre felmer\u00fclnek k\u00e9rd\u00e9sek, probl\u00e9m\u00e1k. Ilyen gyakorlati probl\u00e9mafelvet\u00e9ssel fordult Honlapunkhoz Plajer Tibor, az \u00c9p\u00edt\u00e9si Tagozat eln\u00f6ks\u00e9g\u00e9nek \u00e1lland\u00f3 megh\u00edvott tagja:Link Az \u00c9p\u00edt\u00e9si Tagozat felk\u00e9rte Magyar M\u00e1ria jogi szakokleveles \u00e9p\u00edt\u00e9szm\u00e9rn\u00f6k, \u00e9p\u00edt\u00e9s\u00fcgyi tan\u00e1csad\u00f3t a felvetett probl\u00e9m\u00e1k \u00e9rtelmez\u00e9s\u00e9re [&hellip;]<\/p>\n","protected":false},"author":871,"featured_media":0,"parent":0,"menu_order":0,"comment_status":"closed","ping_status":"closed","template":"","meta":{"footnotes":""},"class_list":["post-308","page","type-page","status-publish","hentry"],"_links":{"self":[{"href":"https:\/\/mernokvagyok.hu\/epitesi\/wp-json\/wp\/v2\/pages\/308","targetHints":{"allow":["GET"]}}],"collection":[{"href":"https:\/\/mernokvagyok.hu\/epitesi\/wp-json\/wp\/v2\/pages"}],"about":[{"href":"https:\/\/mernokvagyok.hu\/epitesi\/wp-json\/wp\/v2\/types\/page"}],"author":[{"embeddable":true,"href":"https:\/\/mernokvagyok.hu\/epitesi\/wp-json\/wp\/v2\/users\/871"}],"replies":[{"embeddable":true,"href":"https:\/\/mernokvagyok.hu\/epitesi\/wp-json\/wp\/v2\/comments?post=308"}],"version-history":[{"count":11,"href":"https:\/\/mernokvagyok.hu\/epitesi\/wp-json\/wp\/v2\/pages\/308\/revisions"}],"predecessor-version":[{"id":1739,"href":"https:\/\/mernokvagyok.hu\/epitesi\/wp-json\/wp\/v2\/pages\/308\/revisions\/1739"}],"wp:attachment":[{"href":"https:\/\/mernokvagyok.hu\/epitesi\/wp-json\/wp\/v2\/media?parent=308"}],"curies":[{"name":"wp","href":"https:\/\/api.w.org\/{rel}","templated":true}]}}