{"id":2950,"date":"2026-01-14T12:44:05","date_gmt":"2026-01-14T12:44:05","guid":{"rendered":"https:\/\/mernokvagyok.hu\/epitesi\/?page_id=2950"},"modified":"2026-01-14T12:44:06","modified_gmt":"2026-01-14T12:44:06","slug":"tomori-pal-hid-kalocsa-paks","status":"publish","type":"page","link":"https:\/\/mernokvagyok.hu\/epitesi\/tomori-pal-hid-kalocsa-paks\/","title":{"rendered":"Tomori P\u00e1l h\u00edd \u2013 Kalocsa-Paks"},"content":{"rendered":"\n<div class=\"wp-block-group is-nowrap is-layout-flex wp-container-core-group-is-layout-64989fb1 wp-block-group-is-layout-flex\">\n<figure class=\"wp-block-image size-full is-resized\"><img loading=\"lazy\" decoding=\"async\" width=\"2560\" height=\"1438\" src=\"https:\/\/mernokvagyok.hu\/epitesi\/wp-content\/uploads\/2026\/01\/Tomori-hid-2-scaled.png\" alt=\"\" class=\"wp-image-2951\" style=\"width:460px;height:329px\" srcset=\"https:\/\/mernokvagyok.hu\/epitesi\/wp-content\/uploads\/2026\/01\/Tomori-hid-2-scaled.png 2560w, https:\/\/mernokvagyok.hu\/epitesi\/wp-content\/uploads\/2026\/01\/Tomori-hid-2-300x168.png 300w, https:\/\/mernokvagyok.hu\/epitesi\/wp-content\/uploads\/2026\/01\/Tomori-hid-2-1024x575.png 1024w, https:\/\/mernokvagyok.hu\/epitesi\/wp-content\/uploads\/2026\/01\/Tomori-hid-2-768x431.png 768w, https:\/\/mernokvagyok.hu\/epitesi\/wp-content\/uploads\/2026\/01\/Tomori-hid-2-1536x863.png 1536w, https:\/\/mernokvagyok.hu\/epitesi\/wp-content\/uploads\/2026\/01\/Tomori-hid-2-2048x1150.png 2048w, https:\/\/mernokvagyok.hu\/epitesi\/wp-content\/uploads\/2026\/01\/Tomori-hid-2-830x466.png 830w, https:\/\/mernokvagyok.hu\/epitesi\/wp-content\/uploads\/2026\/01\/Tomori-hid-2-230x129.png 230w, https:\/\/mernokvagyok.hu\/epitesi\/wp-content\/uploads\/2026\/01\/Tomori-hid-2-350x197.png 350w, https:\/\/mernokvagyok.hu\/epitesi\/wp-content\/uploads\/2026\/01\/Tomori-hid-2-480x270.png 480w\" sizes=\"auto, (max-width: 2560px) 100vw, 2560px\" \/><\/figure>\n\n\n\n<p><strong>\u00c9p\u00edttet\u0151: <\/strong>\u00c9p\u00edt\u00e9si \u00e9s K\u00f6zleked\u00e9si Miniszt\u00e9rium<strong><br>Tervez\u0151: <\/strong>C\u00c9H Tervez\u0151, Beruh\u00e1z\u00f3 \u00e9s Fejleszt\u0151 Zrt. (Budapest)<strong><br>Lebonyol\u00edt\u00f3: <\/strong>\u00c9p\u00edt\u00e9si \u00e9s K\u00f6zleked\u00e9si Miniszt\u00e9rium<br><strong>Gener\u00e1lkivitelez\u0151:<\/strong> Duna Aszfalt Zrt. (Tiszak\u00e9cske)<br><strong>Alv\u00e1llalkoz\u00f3k: <\/strong>H\u00edd\u00e9p\u00edt\u0151 Zrt. (Budapest)\u00a0,<br>Steel Millennium Kft. (Budapest),<br>PANNON-FREYSSINET Kft. (Budapest)<\/p>\n<\/div>\n\n\n\n<p><\/p>\n\n\n\n<p><em>A h\u00edd, Magyorsz\u00e1g huszadik Duna-h\u00eddja, \u00faj kapcsolatot teremt a foly\u00f3 k\u00e9t partja k\u00f6z\u00f6tt, \u00f6sszek\u00f6tve a Duna-Tisza K\u00f6z\u00e9t a Dun\u00e1nt\u00fallal. Haszn\u00e1lat\u00e1val 15 percre cs\u00f6kken a menetid\u0151 Kalocsa \u00e9s Paks k\u00f6z\u00f6tt, \u00faj munkaer\u0151piaci \u00e9s logisztikai lehet\u0151s\u00e9geket nyit meg, \u00e9s hozz\u00e1j\u00e1rul a Duna menti t\u00e9rs\u00e9g integr\u00e1ci\u00f3j\u00e1hoz. A h\u00edd egys\u00e9ges megjelen\u00e9s\u0171, letisztult, modern \u00e9p\u00edtm\u00e9ny. A mederh\u00edd parabolikus ki\u00e9kel\u00e9se \u00e9s az extradosed fesz\u00edtett szerkezet karcs\u00fa, eleg\u00e1ns vonalvezet\u00e9st eredm\u00e9nyezett. A k\u00e9tszintes szekr\u00e9nytart\u00f3 \u00e9s a konzolos vasbeton p\u00e1lyalemez vizu\u00e1lisan is kiegyens\u00falyozott, nem uralja a t\u00e1jat, hanem harmonikusan belesimul term\u00e9szetes k\u00f6rnyezet\u00e9be, \u00f6tv\u00f6zi a ferdek\u00e1beles \u00e9s a hagyom\u00e1nyos gerendahidak el\u0151nyeit, lehet\u0151v\u00e9 t\u00e9ve nagyobb t\u00e1maszk\u00f6z\u00f6k \u00e1thidal\u00e1s\u00e1t alacsonyabb pilonmagass\u00e1g mellett. A projekt a r\u00e9sztvev\u0151k p\u00e9ld\u00e1s szakmai egy\u00fcttm\u0171k\u00f6d\u00e9s\u00e9vel val\u00f3sult meg, k\u00fcl\u00f6n \u00e9rdeme, hogy k\u00f6zben kiemelt figyelmet ford\u00edtottak a k\u00f6rnyezetv\u00e9delemre, k\u00fcl\u00f6n\u00f6sen a Duna \u00e9l\u0151vil\u00e1g\u00e1nak meg\u00f3v\u00e1s\u00e1ra.<\/em><\/p>\n","protected":false},"excerpt":{"rendered":"<p>\u00c9p\u00edttet\u0151: \u00c9p\u00edt\u00e9si \u00e9s K\u00f6zleked\u00e9si Miniszt\u00e9riumTervez\u0151: C\u00c9H Tervez\u0151, Beruh\u00e1z\u00f3 \u00e9s Fejleszt\u0151 Zrt. (Budapest)Lebonyol\u00edt\u00f3: \u00c9p\u00edt\u00e9si \u00e9s K\u00f6zleked\u00e9si Miniszt\u00e9riumGener\u00e1lkivitelez\u0151: Duna Aszfalt Zrt. (Tiszak\u00e9cske)Alv\u00e1llalkoz\u00f3k: H\u00edd\u00e9p\u00edt\u0151 Zrt. (Budapest)\u00a0,Steel Millennium Kft. (Budapest),PANNON-FREYSSINET Kft. (Budapest) A h\u00edd, Magyorsz\u00e1g huszadik Duna-h\u00eddja, \u00faj kapcsolatot teremt a foly\u00f3 k\u00e9t partja k\u00f6z\u00f6tt, \u00f6sszek\u00f6tve a Duna-Tisza K\u00f6z\u00e9t a Dun\u00e1nt\u00fallal. Haszn\u00e1lat\u00e1val 15 percre cs\u00f6kken a menetid\u0151 Kalocsa \u00e9s [&hellip;]<\/p>\n","protected":false},"author":4,"featured_media":0,"parent":0,"menu_order":0,"comment_status":"closed","ping_status":"closed","template":"","meta":{"footnotes":""},"class_list":["post-2950","page","type-page","status-publish","hentry"],"_links":{"self":[{"href":"https:\/\/mernokvagyok.hu\/epitesi\/wp-json\/wp\/v2\/pages\/2950","targetHints":{"allow":["GET"]}}],"collection":[{"href":"https:\/\/mernokvagyok.hu\/epitesi\/wp-json\/wp\/v2\/pages"}],"about":[{"href":"https:\/\/mernokvagyok.hu\/epitesi\/wp-json\/wp\/v2\/types\/page"}],"author":[{"embeddable":true,"href":"https:\/\/mernokvagyok.hu\/epitesi\/wp-json\/wp\/v2\/users\/4"}],"replies":[{"embeddable":true,"href":"https:\/\/mernokvagyok.hu\/epitesi\/wp-json\/wp\/v2\/comments?post=2950"}],"version-history":[{"count":1,"href":"https:\/\/mernokvagyok.hu\/epitesi\/wp-json\/wp\/v2\/pages\/2950\/revisions"}],"predecessor-version":[{"id":2952,"href":"https:\/\/mernokvagyok.hu\/epitesi\/wp-json\/wp\/v2\/pages\/2950\/revisions\/2952"}],"wp:attachment":[{"href":"https:\/\/mernokvagyok.hu\/epitesi\/wp-json\/wp\/v2\/media?parent=2950"}],"curies":[{"name":"wp","href":"https:\/\/api.w.org\/{rel}","templated":true}]}}