{"id":2947,"date":"2026-01-14T12:41:37","date_gmt":"2026-01-14T12:41:37","guid":{"rendered":"https:\/\/mernokvagyok.hu\/epitesi\/?page_id=2947"},"modified":"2026-01-14T12:41:38","modified_gmt":"2026-01-14T12:41:38","slug":"sauska-boraszat","status":"publish","type":"page","link":"https:\/\/mernokvagyok.hu\/epitesi\/sauska-boraszat\/","title":{"rendered":"Sauska bor\u00e1szat"},"content":{"rendered":"\n<div class=\"wp-block-group is-nowrap is-layout-flex wp-container-core-group-is-layout-64989fb1 wp-block-group-is-layout-flex\">\n<figure class=\"wp-block-image size-full is-resized\"><img loading=\"lazy\" decoding=\"async\" width=\"2560\" height=\"1440\" src=\"https:\/\/mernokvagyok.hu\/epitesi\/wp-content\/uploads\/2026\/01\/Sausaka-2-scaled.png\" alt=\"\" class=\"wp-image-2948\" style=\"width:460px;height:329px\" srcset=\"https:\/\/mernokvagyok.hu\/epitesi\/wp-content\/uploads\/2026\/01\/Sausaka-2-scaled.png 2560w, https:\/\/mernokvagyok.hu\/epitesi\/wp-content\/uploads\/2026\/01\/Sausaka-2-300x169.png 300w, https:\/\/mernokvagyok.hu\/epitesi\/wp-content\/uploads\/2026\/01\/Sausaka-2-1024x576.png 1024w, https:\/\/mernokvagyok.hu\/epitesi\/wp-content\/uploads\/2026\/01\/Sausaka-2-768x432.png 768w, https:\/\/mernokvagyok.hu\/epitesi\/wp-content\/uploads\/2026\/01\/Sausaka-2-1536x864.png 1536w, https:\/\/mernokvagyok.hu\/epitesi\/wp-content\/uploads\/2026\/01\/Sausaka-2-2048x1152.png 2048w, https:\/\/mernokvagyok.hu\/epitesi\/wp-content\/uploads\/2026\/01\/Sausaka-2-830x467.png 830w, https:\/\/mernokvagyok.hu\/epitesi\/wp-content\/uploads\/2026\/01\/Sausaka-2-230x129.png 230w, https:\/\/mernokvagyok.hu\/epitesi\/wp-content\/uploads\/2026\/01\/Sausaka-2-350x197.png 350w, https:\/\/mernokvagyok.hu\/epitesi\/wp-content\/uploads\/2026\/01\/Sausaka-2-480x270.png 480w\" sizes=\"auto, (max-width: 2560px) 100vw, 2560px\" \/><\/figure>\n\n\n\n<p><strong>\u00c9p\u00edttet\u0151: <\/strong>SAUSKA &amp; T\u00c1RSA Bor\u00e1szati \u00e9s Kereskedelmi Kft. (Dunakeszi)<br><strong>Tervez\u0151: <\/strong>BORD \u00c9p\u00edt\u00e9sz St\u00fadi\u00f3 Kft. (Budapest<br><strong>Lebonyol\u00edt\u00f3: <\/strong>Els\u0151 M\u00e9rn\u00f6ki Iroda Beruh\u00e1z\u00f3 Kft. (Debrecen)<br><strong>Gener\u00e1lkivitelez\u0151: <\/strong>HUN\u00c9P Zrt. \u2013 ART.DOT Kft. (Budapest)<br><strong>Alv\u00e1llalkoz\u00f3k: <\/strong>DRY-TEAM Kft. (Budapest),<br>HAJDU-ALU Zrt. (Debrecen),<br>Ertl Faipari Korl\u00e1tolt Felel\u0151ss\u00e9g\u0171 T\u00e1rsas\u00e1g (Budapest)<\/p>\n<\/div>\n\n\n\n<p><\/p>\n\n\n\n<p><em>A vil\u00e1gh\u00edr\u0171 tokaji borvid\u00e9ken megval\u00f3sult bor\u00e1szat \u00e9p\u00edt\u00e9szeti koncepci\u00f3ja amellett, hogy egyedi \u00e9s karakteres, mintaszer\u0171en belesimul a sz\u0151l\u0151vel betelep\u00edtett domboldalba. Ezt er\u0151s\u00edti a min\u0151s\u00e9gi, term\u00e9szetes anyagok, illetve az intenz\u00edv z\u00f6ldtet\u0151 alkalmaz\u00e1sa is. A k\u00f6nnyed \u00e9p\u00edt\u00e9szeti forma m\u00f6g\u00f6tt kifinomult, r\u00e9szleteiben \u00e1tgondolt magas m\u0171szaki sz\u00ednvonalon megoldott m\u00e9rn\u00f6ki megold\u00e1sok biztos\u00edtj\u00e1k az egyedi t\u00e9r\u00e9lm\u00e9nyt \u00e9s az exkluz\u00edv hat\u00e1st az \u00e9p\u00fclet minden pontj\u00e1n, illetve a bor\u00e1szati technol\u00f3gia m\u0171k\u00f6d\u00e9s\u00e9nek felt\u00e9teleit. A l\u00e9tes\u00edtm\u00e9ny bels\u0151 kialak\u00edt\u00e1s\u00e1t, t\u00e9rszervez\u00e9s\u00e9t ig\u00e9nyes, kimagasl\u00f3 sz\u00ednvonal\u00fa bels\u0151\u00e9p\u00edt\u00e9szet jellemzi. A d\u00e9li t\u00e1jra ny\u00edl\u00f3 teraszok transzparens szerkezetek unik\u00e1lis kapcsolatot ny\u00fajtanak a k\u00f6rnyezettel. Azon szerencs\u00e9s projektek egyike, ahol tal\u00e1lkozik a megrendel\u0151i ig\u00e9nyess\u00e9g, a beruh\u00e1z\u00f3 \u00e1ltal biztos\u00edtott lehet\u0151s\u00e9g az egyedi, fant\u00e1ziad\u00fas \u00e9s st\u00edlusos \u00e9p\u00edt\u00e9szeti \u00e9s bels\u0151\u00e9p\u00edt\u00e9szi \u00f6tletekkel \u00e9s a p\u00e9lda\u00e9rt\u00e9k\u0171 kivitelez\u00e9s magas sz\u00ednvonal\u00fa m\u0171szaki min\u0151s\u00e9ggel.<\/em><\/p>\n","protected":false},"excerpt":{"rendered":"<p>\u00c9p\u00edttet\u0151: SAUSKA &amp; T\u00c1RSA Bor\u00e1szati \u00e9s Kereskedelmi Kft. (Dunakeszi)Tervez\u0151: BORD \u00c9p\u00edt\u00e9sz St\u00fadi\u00f3 Kft. (BudapestLebonyol\u00edt\u00f3: Els\u0151 M\u00e9rn\u00f6ki Iroda Beruh\u00e1z\u00f3 Kft. (Debrecen)Gener\u00e1lkivitelez\u0151: HUN\u00c9P Zrt. \u2013 ART.DOT Kft. (Budapest)Alv\u00e1llalkoz\u00f3k: DRY-TEAM Kft. (Budapest),HAJDU-ALU Zrt. (Debrecen),Ertl Faipari Korl\u00e1tolt Felel\u0151ss\u00e9g\u0171 T\u00e1rsas\u00e1g (Budapest) A vil\u00e1gh\u00edr\u0171 tokaji borvid\u00e9ken megval\u00f3sult bor\u00e1szat \u00e9p\u00edt\u00e9szeti koncepci\u00f3ja amellett, hogy egyedi \u00e9s karakteres, mintaszer\u0171en belesimul a sz\u0151l\u0151vel betelep\u00edtett domboldalba. [&hellip;]<\/p>\n","protected":false},"author":4,"featured_media":0,"parent":0,"menu_order":0,"comment_status":"closed","ping_status":"closed","template":"","meta":{"footnotes":""},"class_list":["post-2947","page","type-page","status-publish","hentry"],"_links":{"self":[{"href":"https:\/\/mernokvagyok.hu\/epitesi\/wp-json\/wp\/v2\/pages\/2947","targetHints":{"allow":["GET"]}}],"collection":[{"href":"https:\/\/mernokvagyok.hu\/epitesi\/wp-json\/wp\/v2\/pages"}],"about":[{"href":"https:\/\/mernokvagyok.hu\/epitesi\/wp-json\/wp\/v2\/types\/page"}],"author":[{"embeddable":true,"href":"https:\/\/mernokvagyok.hu\/epitesi\/wp-json\/wp\/v2\/users\/4"}],"replies":[{"embeddable":true,"href":"https:\/\/mernokvagyok.hu\/epitesi\/wp-json\/wp\/v2\/comments?post=2947"}],"version-history":[{"count":1,"href":"https:\/\/mernokvagyok.hu\/epitesi\/wp-json\/wp\/v2\/pages\/2947\/revisions"}],"predecessor-version":[{"id":2949,"href":"https:\/\/mernokvagyok.hu\/epitesi\/wp-json\/wp\/v2\/pages\/2947\/revisions\/2949"}],"wp:attachment":[{"href":"https:\/\/mernokvagyok.hu\/epitesi\/wp-json\/wp\/v2\/media?parent=2947"}],"curies":[{"name":"wp","href":"https:\/\/api.w.org\/{rel}","templated":true}]}}