{"id":2939,"date":"2026-01-14T12:34:51","date_gmt":"2026-01-14T12:34:51","guid":{"rendered":"https:\/\/mernokvagyok.hu\/epitesi\/?page_id=2939"},"modified":"2026-01-14T12:34:52","modified_gmt":"2026-01-14T12:34:52","slug":"met-arena-szekesfehervar","status":"publish","type":"page","link":"https:\/\/mernokvagyok.hu\/epitesi\/met-arena-szekesfehervar\/","title":{"rendered":"MET Ar\u00e9na \u2013 Sz\u00e9kesfeh\u00e9rv\u00e1r"},"content":{"rendered":"\n<div class=\"wp-block-group is-nowrap is-layout-flex wp-container-core-group-is-layout-64989fb1 wp-block-group-is-layout-flex\">\n<figure class=\"wp-block-image size-full is-resized\"><img loading=\"lazy\" decoding=\"async\" width=\"2560\" height=\"1444\" src=\"https:\/\/mernokvagyok.hu\/epitesi\/wp-content\/uploads\/2026\/01\/MET-2-scaled.png\" alt=\"\" class=\"wp-image-2940\" style=\"width:460px;height:329px\" srcset=\"https:\/\/mernokvagyok.hu\/epitesi\/wp-content\/uploads\/2026\/01\/MET-2-scaled.png 2560w, https:\/\/mernokvagyok.hu\/epitesi\/wp-content\/uploads\/2026\/01\/MET-2-300x169.png 300w, https:\/\/mernokvagyok.hu\/epitesi\/wp-content\/uploads\/2026\/01\/MET-2-1024x577.png 1024w, https:\/\/mernokvagyok.hu\/epitesi\/wp-content\/uploads\/2026\/01\/MET-2-768x433.png 768w, https:\/\/mernokvagyok.hu\/epitesi\/wp-content\/uploads\/2026\/01\/MET-2-1536x866.png 1536w, https:\/\/mernokvagyok.hu\/epitesi\/wp-content\/uploads\/2026\/01\/MET-2-2048x1155.png 2048w, https:\/\/mernokvagyok.hu\/epitesi\/wp-content\/uploads\/2026\/01\/MET-2-830x468.png 830w, https:\/\/mernokvagyok.hu\/epitesi\/wp-content\/uploads\/2026\/01\/MET-2-230x130.png 230w, https:\/\/mernokvagyok.hu\/epitesi\/wp-content\/uploads\/2026\/01\/MET-2-350x197.png 350w, https:\/\/mernokvagyok.hu\/epitesi\/wp-content\/uploads\/2026\/01\/MET-2-480x271.png 480w\" sizes=\"auto, (max-width: 2560px) 100vw, 2560px\" \/><\/figure>\n\n\n\n<p><strong>\u00c9p\u00edttet\u0151: <\/strong>Sz\u00e9kesfeh\u00e9rv\u00e1r V\u00e1rmegyei Jog\u00fa V\u00e1ros \u00d6nkorm\u00e1nyzata<br><strong>Tervez\u0151: <\/strong>Sz\u00e9kesfeh\u00e9rv\u00e1ri V\u00e1rosfejleszt\u00e9si K\u00f6zhaszn\u00fa Nonprofit Kft.<br><strong>Lebonyol\u00edt\u00f3: <\/strong>\u00c9p\u00edt\u00e9si \u00e9s K\u00f6zleked\u00e9si Miniszt\u00e9rium<br><strong>Gener\u00e1lkivitelez\u0151: <\/strong>Market \u00c9p\u00edt\u0151 Zrt. (Budapest)<br><strong>Alv\u00e1llalkoz\u00f3k: \u00a0<\/strong>OKM \u00c9p\u00edt\u0151ipari \u00e9s Szolg\u00e1ltat\u00f3 Kft. (Budapest)<br>Moratus Szerkezet\u00e9p\u00edt\u0151 Kft. (Budapest)<br>Vilati Szerel\u0151 Zrt. (Budapest)<\/p>\n<\/div>\n\n\n\n<p><\/p>\n\n\n\n<p>A nemzetk\u00f6zi szinten is elismert sz\u00e9kesfeh\u00e9rv\u00e1ri egy\u00fcttes, a magyar j\u00e9gkorongsport egyik meghat\u00e1roz\u00f3 alappill\u00e9re m\u00e9lt\u00f3 otthonra tal\u00e1lt az \u00faj multifunkcion\u00e1lis csarnokban. A s\u00fcllyesztett k\u00fczd\u0151t\u00e9ren j\u00e9gmentes rendezv\u00e9nyek eset\u00e9n a j\u00e9gfel\u00fcletet takar\u00f3 burkolattal lehet a j\u00e9g leolvaszt\u00e1sa n\u00e9lk\u00fcl, m\u00e1s nem jeges rendezv\u00e9nyeket lebonyol\u00edtani. A n\u00e9z\u0151t\u00e9r 6000 f\u0151s \u00e9s b\u0151v\u00edthet\u0151. Az ar\u00e9na a v\u00e1rosb\u00f3l k\u00f6nnyen megk\u00f6zel\u00edthet\u0151, az \u00e9p\u00fcletben t\u00e1gas k\u00f6zleked\u0151 terek fogadj\u00e1k az \u00e9rkez\u0151ket, ahol a funkcion\u00e1lisan sz\u00fcks\u00e9ges helyis\u00e9gek \u00e9s terek \u00e1tgondoltan magas min\u0151s\u00e9gi sz\u00ednvonalon ker\u00fcltek kialak\u00edt\u00e1sra. Az \u00e9p\u00fclet eg\u00e9sz\u00e9ben, szerkezeti \u00e9s \u00e9p\u00edt\u00e9szet kialak\u00edt\u00e1s\u00e1val, k\u00f6rnyezetbar\u00e1t, energiahat\u00e9kony megold\u00e1saival, impoz\u00e1ns megjelen\u00e9s\u00e9vel leny\u0171g\u00f6z\u0151 l\u00e9tes\u00edtm\u00e9ny, amely nyitva \u00e1ll a nagyk\u00f6z\u00f6ns\u00e9g el\u0151tt.<\/p>\n","protected":false},"excerpt":{"rendered":"<p>\u00c9p\u00edttet\u0151: Sz\u00e9kesfeh\u00e9rv\u00e1r V\u00e1rmegyei Jog\u00fa V\u00e1ros \u00d6nkorm\u00e1nyzataTervez\u0151: Sz\u00e9kesfeh\u00e9rv\u00e1ri V\u00e1rosfejleszt\u00e9si K\u00f6zhaszn\u00fa Nonprofit Kft.Lebonyol\u00edt\u00f3: \u00c9p\u00edt\u00e9si \u00e9s K\u00f6zleked\u00e9si Miniszt\u00e9riumGener\u00e1lkivitelez\u0151: Market \u00c9p\u00edt\u0151 Zrt. (Budapest)Alv\u00e1llalkoz\u00f3k: \u00a0OKM \u00c9p\u00edt\u0151ipari \u00e9s Szolg\u00e1ltat\u00f3 Kft. (Budapest)Moratus Szerkezet\u00e9p\u00edt\u0151 Kft. (Budapest)Vilati Szerel\u0151 Zrt. (Budapest) A nemzetk\u00f6zi szinten is elismert sz\u00e9kesfeh\u00e9rv\u00e1ri egy\u00fcttes, a magyar j\u00e9gkorongsport egyik meghat\u00e1roz\u00f3 alappill\u00e9re m\u00e9lt\u00f3 otthonra tal\u00e1lt az \u00faj multifunkcion\u00e1lis csarnokban. A s\u00fcllyesztett k\u00fczd\u0151t\u00e9ren j\u00e9gmentes [&hellip;]<\/p>\n","protected":false},"author":4,"featured_media":0,"parent":0,"menu_order":0,"comment_status":"closed","ping_status":"closed","template":"","meta":{"footnotes":""},"class_list":["post-2939","page","type-page","status-publish","hentry"],"_links":{"self":[{"href":"https:\/\/mernokvagyok.hu\/epitesi\/wp-json\/wp\/v2\/pages\/2939","targetHints":{"allow":["GET"]}}],"collection":[{"href":"https:\/\/mernokvagyok.hu\/epitesi\/wp-json\/wp\/v2\/pages"}],"about":[{"href":"https:\/\/mernokvagyok.hu\/epitesi\/wp-json\/wp\/v2\/types\/page"}],"author":[{"embeddable":true,"href":"https:\/\/mernokvagyok.hu\/epitesi\/wp-json\/wp\/v2\/users\/4"}],"replies":[{"embeddable":true,"href":"https:\/\/mernokvagyok.hu\/epitesi\/wp-json\/wp\/v2\/comments?post=2939"}],"version-history":[{"count":1,"href":"https:\/\/mernokvagyok.hu\/epitesi\/wp-json\/wp\/v2\/pages\/2939\/revisions"}],"predecessor-version":[{"id":2941,"href":"https:\/\/mernokvagyok.hu\/epitesi\/wp-json\/wp\/v2\/pages\/2939\/revisions\/2941"}],"wp:attachment":[{"href":"https:\/\/mernokvagyok.hu\/epitesi\/wp-json\/wp\/v2\/media?parent=2939"}],"curies":[{"name":"wp","href":"https:\/\/api.w.org\/{rel}","templated":true}]}}