{"id":2935,"date":"2026-01-14T12:16:03","date_gmt":"2026-01-14T12:16:03","guid":{"rendered":"https:\/\/mernokvagyok.hu\/epitesi\/?page_id=2935"},"modified":"2026-01-14T12:16:04","modified_gmt":"2026-01-14T12:16:04","slug":"kiralyhago-residence","status":"publish","type":"page","link":"https:\/\/mernokvagyok.hu\/epitesi\/kiralyhago-residence\/","title":{"rendered":"Kir\u00e1lyh\u00e1g\u00f3 Residence\u00a0"},"content":{"rendered":"\n<div class=\"wp-block-group is-nowrap is-layout-flex wp-container-core-group-is-layout-64989fb1 wp-block-group-is-layout-flex\">\n<figure class=\"wp-block-image size-full is-resized\"><img loading=\"lazy\" decoding=\"async\" width=\"2560\" height=\"1439\" src=\"https:\/\/mernokvagyok.hu\/epitesi\/wp-content\/uploads\/2026\/01\/kiralyhago-r-2-scaled.png\" alt=\"\" class=\"wp-image-2936\" style=\"width:460px;height:329px\" srcset=\"https:\/\/mernokvagyok.hu\/epitesi\/wp-content\/uploads\/2026\/01\/kiralyhago-r-2-scaled.png 2560w, https:\/\/mernokvagyok.hu\/epitesi\/wp-content\/uploads\/2026\/01\/kiralyhago-r-2-300x169.png 300w, https:\/\/mernokvagyok.hu\/epitesi\/wp-content\/uploads\/2026\/01\/kiralyhago-r-2-1024x576.png 1024w, https:\/\/mernokvagyok.hu\/epitesi\/wp-content\/uploads\/2026\/01\/kiralyhago-r-2-768x432.png 768w, https:\/\/mernokvagyok.hu\/epitesi\/wp-content\/uploads\/2026\/01\/kiralyhago-r-2-1536x864.png 1536w, https:\/\/mernokvagyok.hu\/epitesi\/wp-content\/uploads\/2026\/01\/kiralyhago-r-2-2048x1152.png 2048w, https:\/\/mernokvagyok.hu\/epitesi\/wp-content\/uploads\/2026\/01\/kiralyhago-r-2-830x467.png 830w, https:\/\/mernokvagyok.hu\/epitesi\/wp-content\/uploads\/2026\/01\/kiralyhago-r-2-230x129.png 230w, https:\/\/mernokvagyok.hu\/epitesi\/wp-content\/uploads\/2026\/01\/kiralyhago-r-2-350x197.png 350w, https:\/\/mernokvagyok.hu\/epitesi\/wp-content\/uploads\/2026\/01\/kiralyhago-r-2-480x270.png 480w\" sizes=\"auto, (max-width: 2560px) 100vw, 2560px\" \/><\/figure>\n\n\n\n<p><strong>\u00c9p\u00edttet\u0151:<\/strong> OTP Ingatlan Zrt. (Budapest)<br><strong>Tervez\u0151: <\/strong>Vad\u00e1sz \u00e9s T\u00e1rsai \u00c9p\u00edt\u0151m\u0171v\u00e9sz Kft\u00a0 (Budapest)<br><strong>Lebonyol\u00edt\u00f3: <\/strong>MD\u2019S Consulting Kft. (Budapest)<br><strong>Gener\u00e1lkivitelez\u0151: <\/strong>ETNA Kft. (Budapest)<br><strong>Alv\u00e1llalkoz\u00f3: <\/strong>Bohn M\u00e9ly\u00e9p\u00edt\u0151 Kft. (Budapest)<br><strong>Alv\u00e1llalkoz\u00f3: <\/strong>T\u00f3tok \u00e9s Fiai Kft. (Budapest)<br><strong>Alv\u00e1llalkoz\u00f3: <\/strong>Isogeneral Kft. (Budapest)<\/p>\n<\/div>\n\n\n\n<p><\/p>\n\n\n\n<p>Az egykor \u00fcresen \u00e1ll\u00f3 telekre kor\u00e1bban Makovecz Imre is tervezett h\u00e1zat. A most megval\u00f3sult L alak\u00fa \u00e9p\u00fclett\u00f6mb a Kir\u00e1lyh\u00e1g\u00f3 t\u00e9r z\u00e1rtsor\u00fa \u00e9s a N\u00e9metv\u00f6lgyi \u00fat szabadon \u00e1ll\u00f3 be\u00e9p\u00edt\u00e9s\u00e9t k\u00f6ti \u00f6ssze, \u00edgy hidat k\u00e9pez a k\u00e9t v\u00e1rosi sz\u00f6vet k\u00f6z\u00f6tt A 31 lak\u00e1sos \u00e9p\u00fclet igazi \u00e9rt\u00e9ke t\u00e1gas, z\u00f6ld bels\u0151 udvar\u00e1val, k\u00f6z\u00f6ss\u00e9gi tereivel, h\u00e1romszintes m\u00e9lygar\u00e1zs\u00e1val visszafogott funkcion\u00e1lis megjelen\u00e9s\u00e9vel nem a l\u00e1tv\u00e1nyoss\u00e1g\u00e1ban, hanem az \u00e9lhet\u0151s\u00e9geben \u00e9s a haszn\u00e1lhat\u00f3s\u00e1g\u00e1ban rejlik, melyben a lak\u00f3k \u00e9lhet\u0151 csendes otthonra tal\u00e1lnak.<\/p>\n\n\n\n<p><\/p>\n","protected":false},"excerpt":{"rendered":"<p>\u00c9p\u00edttet\u0151: OTP Ingatlan Zrt. (Budapest)Tervez\u0151: Vad\u00e1sz \u00e9s T\u00e1rsai \u00c9p\u00edt\u0151m\u0171v\u00e9sz Kft\u00a0 (Budapest)Lebonyol\u00edt\u00f3: MD\u2019S Consulting Kft. (Budapest)Gener\u00e1lkivitelez\u0151: ETNA Kft. (Budapest)Alv\u00e1llalkoz\u00f3: Bohn M\u00e9ly\u00e9p\u00edt\u0151 Kft. (Budapest)Alv\u00e1llalkoz\u00f3: T\u00f3tok \u00e9s Fiai Kft. (Budapest)Alv\u00e1llalkoz\u00f3: Isogeneral Kft. (Budapest) Az egykor \u00fcresen \u00e1ll\u00f3 telekre kor\u00e1bban Makovecz Imre is tervezett h\u00e1zat. A most megval\u00f3sult L alak\u00fa \u00e9p\u00fclett\u00f6mb a Kir\u00e1lyh\u00e1g\u00f3 t\u00e9r z\u00e1rtsor\u00fa \u00e9s a N\u00e9metv\u00f6lgyi \u00fat [&hellip;]<\/p>\n","protected":false},"author":4,"featured_media":0,"parent":0,"menu_order":0,"comment_status":"closed","ping_status":"closed","template":"","meta":{"footnotes":""},"class_list":["post-2935","page","type-page","status-publish","hentry"],"_links":{"self":[{"href":"https:\/\/mernokvagyok.hu\/epitesi\/wp-json\/wp\/v2\/pages\/2935","targetHints":{"allow":["GET"]}}],"collection":[{"href":"https:\/\/mernokvagyok.hu\/epitesi\/wp-json\/wp\/v2\/pages"}],"about":[{"href":"https:\/\/mernokvagyok.hu\/epitesi\/wp-json\/wp\/v2\/types\/page"}],"author":[{"embeddable":true,"href":"https:\/\/mernokvagyok.hu\/epitesi\/wp-json\/wp\/v2\/users\/4"}],"replies":[{"embeddable":true,"href":"https:\/\/mernokvagyok.hu\/epitesi\/wp-json\/wp\/v2\/comments?post=2935"}],"version-history":[{"count":1,"href":"https:\/\/mernokvagyok.hu\/epitesi\/wp-json\/wp\/v2\/pages\/2935\/revisions"}],"predecessor-version":[{"id":2937,"href":"https:\/\/mernokvagyok.hu\/epitesi\/wp-json\/wp\/v2\/pages\/2935\/revisions\/2937"}],"wp:attachment":[{"href":"https:\/\/mernokvagyok.hu\/epitesi\/wp-json\/wp\/v2\/media?parent=2935"}],"curies":[{"name":"wp","href":"https:\/\/api.w.org\/{rel}","templated":true}]}}