{"id":2541,"date":"2025-02-09T20:35:57","date_gmt":"2025-02-09T20:35:57","guid":{"rendered":"https:\/\/mernokvagyok.hu\/epitesi\/?page_id=2541"},"modified":"2025-02-09T20:36:01","modified_gmt":"2025-02-09T20:36:01","slug":"jedlik-anyos-gimnazium-budapest-csepel","status":"publish","type":"page","link":"https:\/\/mernokvagyok.hu\/epitesi\/jedlik-anyos-gimnazium-budapest-csepel\/","title":{"rendered":"<strong>Jedlik \u00c1nyos Gimn\u00e1zium, Budapest, Csepel<\/strong>"},"content":{"rendered":"\n<div class=\"wp-block-group is-nowrap is-layout-flex wp-container-core-group-is-layout-64989fb1 wp-block-group-is-layout-flex\">\n<figure class=\"wp-block-image size-full is-resized\"><img loading=\"lazy\" decoding=\"async\" src=\"https:\/\/mernokvagyok.hu\/epitesi\/wp-content\/uploads\/2025\/02\/2.jpg\" alt=\"\" class=\"wp-image-2557\" width=\"398\" height=\"298\" \/><\/figure>\n\n\n\n<p>Tervez\u0151: bim. GROUP Kft. (Budapest)\u00a0<br>Lebonyol\u00edt\u00f3: F\u0150BER Zrt. \u2013 Eng-Land Kft. konzorcium<br>Gener\u00e1lkivitelez\u0151: Laterex \u00c9p\u00edt\u0151 Zrt.\u00a0 (Budapest)<br>Alv\u00e1llalkoz\u00f3: K\u00c9SZ Metaltech Kft. (Kecskem\u00e9t)<br>Alv\u00e1llalkoz\u00f3: Schal-Tech Kft. (Buda\u00f6rs)<br>Alv\u00e1llalkoz\u00f3: Taks\u00e9p Kft. (Budapest)\u00a0<\/p>\n<\/div>\n\n\n\n<p><\/p>\n\n\n\n<p>A csepeli gimn\u00e1zium \u00e1tfog\u00f3 moderniz\u00e1l\u00e1s\u00e1nak fejleszt\u00e9si c\u00e9lja olyan, nemzetk\u00f6zi szinten is kiemelked\u0151 iskola l\u00e9trehoz\u00e1sa volt, amely k\u00e9pes a region\u00e1lis \u00e9s eur\u00f3pai di\u00e1kk\u00f6z\u00f6ss\u00e9g tudom\u00e1nyos- \u00e9s sport\u00e9let\u00e9be bekapcsol\u00f3dni. Ezt a c\u00e9lt el\u00e9rt\u00e9k: a 760 di\u00e1k \u00e9s 70 tan\u00e1r olyan k\u00f6r\u00fclm\u00e9nyeket tudhat mag\u00e1\u00e9nak, amelyek az oktat\u00e1si-nevel\u00e9si szempontokon t\u00falmen\u0151en a t\u00e1gan \u00e9rtelmezett k\u00f6z\u00f6ss\u00e9gi l\u00e9t, a kult\u00fara \u00e9s a sport ir\u00e1nti ig\u00e9nyek aspektusainak kiv\u00e1l\u00f3an megfelel. A r\u00e9gi, megmarad\u00f3, ugyanakkor teljesk\u00f6r\u0171en fel\u00faj\u00edtott \u00e9p\u00fclett\u00f6mb \u00e9s az \u00faj \u00e9p\u00fclet-sz\u00e1rny szerves egys\u00e9get k\u00e9peznek. Az aul\u00e1ban az \u00e9p\u00edt\u00e9szeti t\u00e9rform\u00e1l\u00e1s ragyog\u00f3 m\u0171szaki megold\u00e1sokkal p\u00e1rosul. \u00c9p\u00fcletg\u00e9p\u00e9szeti, \u00e9p\u00fcletvillamoss\u00e1gi megold\u00e1sai korszer\u0171ek, a bels\u0151\u00e9p\u00edt\u00e9szeti megold\u00e1sok, az oktat\u00e1stechnikai eszk\u00f6z\u00f6k magas sz\u00ednvonal\u00faak, a digitaliz\u00e1ci\u00f3 k\u00f6vetelm\u00e9nyeit messzemen\u0151en figyelembe veszik. Az ig\u00e9nyesen megval\u00f3s\u00edtott \u00e9p\u00fcletegy\u00fcttes a k\u00f6zel nyolc\u00e9vtizedes m\u00falt\u00fa gimn\u00e1ziumnak m\u00e9lt\u00f3 otthona lett.<\/p>\n","protected":false},"excerpt":{"rendered":"<p>Tervez\u0151: bim. GROUP Kft. (Budapest)\u00a0Lebonyol\u00edt\u00f3: F\u0150BER Zrt. \u2013 Eng-Land Kft. konzorciumGener\u00e1lkivitelez\u0151: Laterex \u00c9p\u00edt\u0151 Zrt.\u00a0 (Budapest)Alv\u00e1llalkoz\u00f3: K\u00c9SZ Metaltech Kft. (Kecskem\u00e9t)Alv\u00e1llalkoz\u00f3: Schal-Tech Kft. (Buda\u00f6rs)Alv\u00e1llalkoz\u00f3: Taks\u00e9p Kft. (Budapest)\u00a0 A csepeli gimn\u00e1zium \u00e1tfog\u00f3 moderniz\u00e1l\u00e1s\u00e1nak fejleszt\u00e9si c\u00e9lja olyan, nemzetk\u00f6zi szinten is kiemelked\u0151 iskola l\u00e9trehoz\u00e1sa volt, amely k\u00e9pes a region\u00e1lis \u00e9s eur\u00f3pai di\u00e1kk\u00f6z\u00f6ss\u00e9g tudom\u00e1nyos- \u00e9s sport\u00e9let\u00e9be bekapcsol\u00f3dni. Ezt a c\u00e9lt el\u00e9rt\u00e9k: [&hellip;]<\/p>\n","protected":false},"author":871,"featured_media":0,"parent":0,"menu_order":0,"comment_status":"closed","ping_status":"closed","template":"","meta":{"footnotes":""},"class_list":["post-2541","page","type-page","status-publish","hentry"],"_links":{"self":[{"href":"https:\/\/mernokvagyok.hu\/epitesi\/wp-json\/wp\/v2\/pages\/2541","targetHints":{"allow":["GET"]}}],"collection":[{"href":"https:\/\/mernokvagyok.hu\/epitesi\/wp-json\/wp\/v2\/pages"}],"about":[{"href":"https:\/\/mernokvagyok.hu\/epitesi\/wp-json\/wp\/v2\/types\/page"}],"author":[{"embeddable":true,"href":"https:\/\/mernokvagyok.hu\/epitesi\/wp-json\/wp\/v2\/users\/871"}],"replies":[{"embeddable":true,"href":"https:\/\/mernokvagyok.hu\/epitesi\/wp-json\/wp\/v2\/comments?post=2541"}],"version-history":[{"count":1,"href":"https:\/\/mernokvagyok.hu\/epitesi\/wp-json\/wp\/v2\/pages\/2541\/revisions"}],"predecessor-version":[{"id":2558,"href":"https:\/\/mernokvagyok.hu\/epitesi\/wp-json\/wp\/v2\/pages\/2541\/revisions\/2558"}],"wp:attachment":[{"href":"https:\/\/mernokvagyok.hu\/epitesi\/wp-json\/wp\/v2\/media?parent=2541"}],"curies":[{"name":"wp","href":"https:\/\/api.w.org\/{rel}","templated":true}]}}