{"id":2429,"date":"2024-11-20T17:25:41","date_gmt":"2024-11-20T17:25:41","guid":{"rendered":"https:\/\/mernokvagyok.hu\/epitesi\/?page_id=2429"},"modified":"2026-01-14T13:14:23","modified_gmt":"2026-01-14T13:14:23","slug":"epitesi-alkotoi-dij","status":"publish","type":"page","link":"https:\/\/mernokvagyok.hu\/epitesi\/epitesi-alkotoi-dij\/","title":{"rendered":"\u00c9p\u00edt\u00e9si Alkot\u00f3i D\u00edj"},"content":{"rendered":"\n<p><strong>T\u00e1j\u00e9koztat\u00e1s a MAGYAR M\u00c9RN\u00d6KI KAMARA \u00c9P\u00cdT\u00c9SI TAGOZATA \u00e1ltal alap\u00edtott \u00c9P\u00cdT\u00c9S ALKOT\u00d3I <\/strong><strong>D\u00cdJ-r\u00f3l<\/strong><\/p>\n\n\n\n<p>Az MMK \u00c9p\u00edt\u00e9si Tagozata eln\u00f6ks\u00e9ge egyenrang\u00fanak tekinti a tervez\u00e9s \u00e9s a megval\u00f3s\u00edt\u00e1s alkot\u00f3 m\u00e9rn\u00f6ki munk\u00e1j\u00e1t; c\u00e9lul t\u0171zte ki ennek a gondolatnak a mind sz\u00e9lesebb szakmai k\u00f6zv\u00e9lem\u00e9nyben val\u00f3 \u00e9rv\u00e9nyre juttat\u00e1s\u00e1t. Ezen elvnek \u00e9s c\u00e9lnak megfelel\u0151en az MMK \u00c9p\u00edt\u00e9si Tagozata a sikeres \u00e9s jelent\u0151s m\u0171szaki alkot\u00e1sok megval\u00f3s\u00edt\u00e1s\u00e1t ir\u00e1ny\u00edt\u00f3 m\u00e9rn\u00f6k\u00f6k munk\u00e1j\u00e1t<\/p>\n\n\n\n<p><strong>\u00c9P\u00cdT\u00c9SI ALKOT\u00d3I D\u00cdJ<\/strong><\/p>\n\n\n\n<p>kit\u00fcntet\u00e9ssel ismeri el a k\u00f6vetkez\u0151 szab\u00e1lyoz\u00e1si elvek mellett:<\/p>\n\n\n\n<ol class=\"wp-block-list\">\n<li>Az \u00c9p\u00edt\u00e9si Alkot\u00f3i D\u00edj a magas\u00e9p\u00edt\u00e9s \u00e9s a m\u00e9ly\u00e9p\u00edt\u00e9s ter\u00fclet\u00e9n (ide\u00e9rtve az \u00fat-, vas\u00fat\u00e9p\u00edt\u00e9s, a vonalas l\u00e9tes\u00edtm\u00e9nyek \u00e9p\u00edt\u00e9se, \u00e1ltal\u00e1ban az infrastruktur\u00e1lis \u00e9p\u00edt\u00e9s szakter\u00fclet\u00e9t is) \u00e9vente egy alkalommal k\u00e9t szakter\u00fcleten adom\u00e1nyozhat\u00f3. A d\u00edj szem\u00e9lyre sz\u00f3l, kollekt\u00edva vagy munkacsoport r\u00e9sz\u00e9re nem \u00edt\u00e9lhet\u0151 oda;<\/li>\n\n\n\n<li>A kit\u00fcntet\u00e9sre egy-egy kiemelked\u0151 alkot\u00e1s, amely r\u00e9szt vett az adott \u00e9v \u00c9p\u00edt\u0151ipari N\u00edv\u00f3d\u00edj p\u00e1ly\u00e1zat\u00e1n, projektvezet\u0151i, f\u0151-\u00e9p\u00edt\u00e9svezet\u0151i, felel\u0151s m\u0171szaki vezet\u0151i, \u00e9p\u00edt\u00e9svezet\u0151i beoszt\u00e1sban dolgoz\u00f3 m\u00e9rn\u00f6kei jel\u00f6lhet\u0151k, az MMK &#8211; tags\u00e1g nem k\u00f6vetelm\u00e9ny. Az \u00c9p\u00edt\u0151ipari Mesterd\u00edj Alap\u00edtv\u00e1ny keret\u00e9ben m\u0171k\u00f6d\u0151 \u00c9p\u00edt\u0151ipari N\u00edv\u00f3d\u00edj B\u00edr\u00e1l\u00f3 Bizotts\u00e1g minden \u00e9vben e d\u00edjakra jel\u00f6l\u00e9st tesz, melyet az MMK \u00c9p\u00edt\u00e9si Tagozata \u00e1ltal a Bizotts\u00e1gba deleg\u00e1lt tagja terjeszt a tagozat eln\u00f6ks\u00e9ge el\u00e9 \u00e9s hagyat j\u00f3v\u00e1. A D\u00edjak \u00e1tad\u00e1sa az adott \u00e9vi \u00c9p\u00edt\u0151ipari N\u00edv\u00f3d\u00edjak \u00e1tad\u00e1s\u00e1val egyidej\u0171leg t\u00f6rt\u00e9nik.<\/li>\n\n\n\n<li>A d\u00edjaz\u00e1s sor\u00e1n kiz\u00e1r\u00f3 t\u00e9nyez\u0151: az adott l\u00e9tes\u00edtm\u00e9ny megval\u00f3s\u00edt\u00e1sa sor\u00e1n hal\u00e1los \u00fczemi baleset fordult el\u0151, az \u00e9p\u00edt\u00e9s-hat\u00f3s\u00e1gi ellen\u0151rz\u00e9s kir\u00edv\u00f3 szab\u00e1lytalans\u00e1got \u00e1llap\u00edtott meg, a jel\u00f6lt vagy p\u00e1ly\u00e1z\u00f3 d\u00edjaz\u00e1s\u00e1val a munk\u00e1ltat\u00f3ja nem \u00e9rt egyet.<\/li>\n\n\n\n<li>A d\u00edjjal plakett \u00e9s oklev\u00e9l j\u00e1r.<\/li>\n<\/ol>\n\n\n\n<div class=\"wp-block-columns is-layout-flex wp-container-core-columns-is-layout-9d6595d7 wp-block-columns-is-layout-flex\">\n<div class=\"wp-block-column is-layout-flow wp-block-column-is-layout-flow\"><\/div>\n\n\n\n<div class=\"wp-block-column is-layout-flow wp-block-column-is-layout-flow\"><div class=\"wp-block-image\">\n<figure class=\"alignleft size-large\"><a href=\"https:\/\/mernokvagyok.hu\/epitesi\/wp-content\/uploads\/2021\/03\/\u00c9p\u00edt\u00e9si-Alkot\u00f3i-D\u00edj-el\u0151lap-page-001.jpg\"><img loading=\"lazy\" decoding=\"async\" width=\"1242\" height=\"1754\" src=\"https:\/\/mernokvagyok.hu\/epitesi\/wp-content\/uploads\/2021\/03\/\u00c9p\u00edt\u00e9si-Alkot\u00f3i-D\u00edj-el\u0151lap-page-001.jpg\" alt=\"\" class=\"wp-image-867\"\/><\/a><figcaption class=\"wp-element-caption\"> <\/figcaption><\/figure>\n<\/div>\n\n\n<figure class=\"wp-block-image size-large\"><img loading=\"lazy\" decoding=\"async\" width=\"1709\" height=\"1625\" src=\"https:\/\/mernokvagyok.hu\/epitesi\/wp-content\/uploads\/2021\/05\/20210513_103502.jpg\" alt=\"\" class=\"wp-image-1112\"\/><\/figure>\n\n\n\n<figure class=\"wp-block-image size-large\"><img loading=\"lazy\" decoding=\"async\" width=\"3272\" height=\"4482\" src=\"https:\/\/mernokvagyok.hu\/epitesi\/wp-content\/uploads\/2021\/05\/20210513_103600.jpg\" alt=\"\" class=\"wp-image-1113\"\/><\/figure>\n<\/div>\n\n\n\n<div class=\"wp-block-column is-layout-flow wp-block-column-is-layout-flow\"><div class=\"wp-block-image\">\n<figure class=\"alignleft size-large\"><a href=\"https:\/\/mernokvagyok.hu\/epitesi\/wp-content\/uploads\/2021\/03\/Szalai_2-page-001.jpg\"><img loading=\"lazy\" decoding=\"async\" width=\"1275\" height=\"1754\" src=\"https:\/\/mernokvagyok.hu\/epitesi\/wp-content\/uploads\/2021\/03\/Szalai_2-page-001.jpg\" alt=\"\" class=\"wp-image-903\"\/><\/a><figcaption class=\"wp-element-caption\"> <\/figcaption><\/figure>\n<\/div>\n\n\n<figure class=\"wp-block-image size-large\"><img loading=\"lazy\" decoding=\"async\" width=\"1769\" height=\"1758\" src=\"https:\/\/mernokvagyok.hu\/epitesi\/wp-content\/uploads\/2021\/05\/20210513_103449.jpg\" alt=\"\" class=\"wp-image-1111\"\/><\/figure>\n<\/div>\n\n\n\n<div class=\"wp-block-column is-layout-flow wp-block-column-is-layout-flow\"><\/div>\n<\/div>\n\n\n\n<p><strong>A Magyar M\u00e9rn\u00f6ki Kamara \u00c9p\u00edt\u00e9si Tagozata \u00c9p\u00edt\u00e9si Alkot\u00f3i D\u00edjban r\u00e9szes\u00edtette<\/strong><\/p>\n\n\n\n<p><strong>2025. \u00e9vben<\/strong><br><em>Magas\u00e9p\u00edt\u00e9sben<\/em>:<br><strong>V\u00f6r\u00f6s G\u00e1bor \u00e9p\u00edt\u00e9szm\u00e9rn\u00f6k\u00f6t,<\/strong> a Z\u00c1\u00c9V Zrt felel\u0151s m\u0171szaki vezet\u0151j\u00e9t, a Dr. Koltai Jen\u0151 Sportk\u00f6zpont megval\u00f3s\u00edt\u00e1s\u00e1n v\u00e9gzett kiv\u00e1l\u00f3 munk\u00e1j\u00e1\u00e9rt<\/p>\n\n\n\n<p><em>M\u00e9ly\u00e9p\u00edt\u00e9sben<\/em>:<br><strong>Ker\u00e9kgy\u00e1rt\u00f3 Attila okleveles \u00e9p\u00edt\u0151m\u00e9rn\u00f6k\u00f6t,<\/strong> a D\u00f6mper Kft felel\u0151s m\u0171szaki vezet\u0151j\u00e9t, az M85-\u00f6s f\u0151\u00fat Fert\u0151r\u00e1kos csom\u00f3pont \u2013 orsz\u00e1ghat\u00e1r k\u00f6z\u00f6tti k\u00f6zleked\u00e9si \u00e9p\u00edtm\u00e9nyei megval\u00f3s\u00edt\u00e1s\u00e1n v\u00e9gzett kiv\u00e1l\u00f3 munk\u00e1j\u00e1\u00e9rt<\/p>\n\n\n\n<hr class=\"wp-block-separator has-alpha-channel-opacity\"\/>\n\n\n\n<p><strong>2024. \u00e9vben<\/strong><br><em>Magas\u00e9p\u00edt\u00e9sben<\/em>:<br><strong>Liszi Marianna<\/strong> <strong>okleveles \u00e9p\u00edt\u0151m\u00e9rn\u00f6k\u00f6t,<\/strong> a Grabarics \u00c9p\u00edt\u0151ipari Zrt felel\u0151s m\u0171szaki vezet\u0151j\u00e9t, a Nemzeti M\u00e9dia \u00e9s H\u00edrk\u00f6zl\u00e9si Hat\u00f3s\u00e1g \u00dczem\u00e9p\u00fclet\u00e9nek \u00e9p\u00edt\u00e9s\u00e9ben v\u00e9gzett munk\u00e1j\u00e1\u00e9rt<\/p>\n\n\n\n<p><em>M\u00e9ly\u00e9p\u00edt\u00e9sben<\/em>:<br><strong>Varga Bal\u00e1zs okleveles \u00e9p\u00edt\u0151m\u00e9rn\u00f6k\u00f6t,<\/strong> az A-H\u00edd Zrt felel\u0151s m\u0171szaki vezet\u0151j\u00e9t, a budapesti L\u00e1nch\u00edd rekonstrukci\u00f3j\u00e1ban v\u00e9gzett munk\u00e1j\u00e1\u00e9rt<\/p>\n\n\n\n<hr class=\"wp-block-separator has-alpha-channel-opacity\"\/>\n\n\n\n<p><strong>2023. \u00e9vben<\/strong><br><em>Magas\u00e9p\u00edt\u00e9sben<\/em>:<br><strong>Fut\u00f3 Marcell<\/strong> <strong>okleveles \u00e9p\u00edt\u0151m\u00e9rn\u00f6k\u00f6t<\/strong>, a Pedrano Construction Hungary Kft projektvezet\u0151j\u00e9t, a budapesti Budapest One irodah\u00e1z \u00e9p\u00edt\u00e9s\u00e9nek felel\u0151s m\u0171szaki vezet\u0151j\u00e9t<\/p>\n\n\n\n<p><em>M\u00e9ly\u00e9p\u00edt\u00e9sben<\/em>:<br><strong>Visy Gergely<\/strong> <strong>okleveles \u00e9p\u00edt\u00e9szm\u00e9rn\u00f6k\u00f6t,<\/strong> a Strabag \u00c9p\u00edt\u0151ipari Zrt projektvezet\u0151j\u00e9t, a Vajda Real Estate \u00faj dunaf\u00f6ldv\u00e1ri pap\u00edrgy\u00e1ra II. \u00fctem \u00e9p\u00edt\u00e9s\u00e9nek felel\u0151s m\u0171szaki vezet\u0151j\u00e9t.<\/p>\n\n\n\n<hr class=\"wp-block-separator has-alpha-channel-opacity\"\/>\n\n\n\n<p><strong>2022. \u00e9vben<\/strong><br><em>Magas\u00e9p\u00edt\u00e9sben<\/em>:<br><strong>Griecs Andr\u00e1s okleveles \u00e9p\u00edt\u00e9szm\u00e9rn\u00f6k\u00f6t<\/strong>, a DVM Group Kft. projektvezet\u0151j\u00e9t, a budapesti Szervita Square Building \u00e9p\u00edt\u00e9s\u00e9nek felel\u0151s m\u0171szaki vezet\u0151j\u00e9t<\/p>\n\n\n\n<p><em>M\u00e9ly\u00e9p\u00edt\u00e9sben<\/em>:<br><strong>Papp L\u00e1szl\u00f3<\/strong>&nbsp;<strong>okleveles \u00e9p\u00edt\u0151m\u00e9rn\u00f6k\u00f6t,<\/strong> a Duna Aszfalt Zrt projektvezet\u0151j\u00e9t, az M44 Tiszah\u00edd projekt, felel\u0151s m\u0171szaki vezet\u0151j\u00e9t.<\/p>\n\n\n\n<hr class=\"wp-block-separator has-alpha-channel-opacity\"\/>\n\n\n\n<p><strong>2021. \u00e9vben<\/strong><br><em>Magas\u00e9p\u00edt\u00e9sben<\/em>:<br><strong>Veszel\u00e1k P\u00e9ter<\/strong>&nbsp;<strong>okleveles \u00e9p\u00edt\u0151m\u00e9rn\u00f6k\u00f6t,<\/strong> a Market \u00c9p\u00edt\u0151 Zrt projektvezet\u0151j\u00e9t, a budapesti Szabad Gy\u00f6rgy irodah\u00e1z megval\u00f3s\u00edt\u00e1s\u00e1nak sikeres ir\u00e1ny\u00edt\u00f3j\u00e1t<\/p>\n\n\n\n<p><em>M\u00e9ly\u00e9p\u00edt\u00e9sben<\/em>:<br><strong>Nagy S\u00e1ndor<\/strong>&nbsp;<strong>okleveles \u00e9p\u00edt\u0151m\u00e9rn\u00f6k\u00f6t,<\/strong> a West Hungaria Bau projektvezet\u0151j\u00e9t, a budapesti, v\u00e1rosligeti M\u00fazeum M\u00e9lygar\u00e1zs \u00e9p\u00edt\u00e9si munk\u00e1inak sikeres ir\u00e1ny\u00edt\u00f3j\u00e1t<\/p>\n\n\n\n<hr class=\"wp-block-separator has-alpha-channel-opacity\"\/>\n\n\n\n<p><strong>2020. \u00e9vben<\/strong><br><em>Magas\u00e9p\u00edt\u00e9sben<\/em>:<br><strong>Medgyesi B\u00e1lint J\u00e1nost<\/strong>, a Swietelsky Magyarorsz\u00e1g Kft. projektvezet\u0151j\u00e9t a Meininger Hotel kivitelez\u00e9si munk\u00e1i\u00e9rt<\/p>\n\n\n\n<p><em>M\u00e9ly\u00e9p\u00edt\u00e9sben<\/em>:<br><strong>N\u00e9meth R\u00f3bertet<\/strong>, a K\u00c9SZ \u00c9p\u00edt\u0151 \u00e9s Szerel\u0151 Zrt. projektvezet\u0151j\u00e9t a kecskem\u00e9ti Szentgy\u00f6rgyi Dezs\u0151 rep\u00fcl\u0151b\u00e1zis kivitelez\u00e9si munk\u00e1i\u00e9rt<\/p>\n\n\n\n<hr class=\"wp-block-separator has-alpha-channel-opacity\"\/>\n\n\n\n<p><strong>2019. \u00e9vben<\/strong><br><em>Magas\u00e9p\u00edt\u00e9sben<\/em>:<br><strong>Horv\u00e1th Helga Ida<\/strong> <strong>okleveles \u00e9p\u00edt\u0151m\u00e9rn\u00f6k\u00f6t,<\/strong> az Archibona \u00c9p\u00edt\u0151ipari \u00e9s Kereskedelmi \u00e9s Szolg\u00e1ltat\u00f3 Kft. projektvezet\u0151j\u00e9t, a Hegyvid\u00e9ki Kultur\u00e1lis Szalon \u00e9p\u00fclet\u00e9nek felel\u0151s m\u0171szaki vezet\u0151j\u00e9t<\/p>\n\n\n\n<p><em>M\u00e9ly\u00e9p\u00edt\u00e9sben<\/em>:<br><strong>Feczk\u00f3 R\u00f3bert<\/strong> <strong>\u00e9p\u00edt\u0151m\u00e9rn\u00f6k\u00f6t,<\/strong> az A-H\u00edd Zrt. projektvezet\u0151j\u00e9t, az \u00e9rdi Szent Istv\u00e1n \u00fati k\u00f6z\u00fati m\u0171t\u00e1rgyak h\u00eddjainak felel\u0151s m\u0171szaki vezet\u0151j\u00e9t<\/p>\n\n\n\n<hr class=\"wp-block-separator has-alpha-channel-opacity\"\/>\n\n\n\n<p><strong>2018. \u00e9vben<\/strong><br><em>Magas\u00e9p\u00edt\u00e9sben<\/em>:<br><strong>\u00c1prily Kriszti\u00e1n<\/strong> <strong>okleveles \u00e9p\u00edt\u0151m\u00e9rn\u00f6k\u00f6t,<\/strong> a Swietelsky Magyarorsz\u00e1g Kft. projektvezet\u0151j\u00e9t, a szegedi ELI-ALPS Kutat\u00f3k\u00f6zpont megval\u00f3s\u00edt\u00e1s\u00e1nak sikeres ir\u00e1ny\u00edt\u00f3j\u00e1t<\/p>\n\n\n\n<p><em>M\u00e9ly\u00e9p\u00edt\u00e9sben<\/em>:<br><strong>Reichardt Jen\u0151<\/strong> <strong>okleveles \u00e9p\u00edt\u0151m\u00e9rn\u00f6k\u00f6t,<\/strong> a HE-DO Kft. f\u0151-\u00e9p\u00edt\u00e9svezet\u0151j\u00e9t, a 21. sz\u00e1m\u00fa f\u0151\u00fat n\u00e9gy nyoms\u00e1v\u00fas\u00edt\u00e1si munk\u00e1inak sikeres ir\u00e1ny\u00edt\u00f3j\u00e1t<\/p>\n\n\n\n<hr class=\"wp-block-separator has-alpha-channel-opacity\"\/>\n\n\n\n<p><strong>2017. \u00e9vben<br><\/strong><em>Magas\u00e9p\u00edt\u00e9sben<\/em>:<br><strong>Borb\u00e9ly Csaba okleveles \u00e9p\u00edt\u0151m\u00e9rn\u00f6k\u00f6t<\/strong>, a LATEREX \u00c9p\u00edt\u0151 Zrt. f\u0151m\u00e9rn\u00f6k\u00e9t. a BUDAFOKI SZOMSZ\u00c9DOK PIACA felel\u0151s m\u0171szaki vezet\u0151j\u00e9t<\/p>\n\n\n\n<p><em>M\u00e9ly\u00e9p\u00edt\u00e9sben<\/em>:<br><strong>B\u00e1r\u00e1ny L\u00e1szl\u00f3<\/strong> <strong>\u00e9p\u00edt\u0151m\u00e9rn\u00f6k\u00f6t,<\/strong> a K\u00d6TIVI\u00c9P\u2019B Kft. projektvezet\u0151j\u00e9t, a Kisdelta \u00c1rv\u00edzi Sz\u00fcks\u00e9gt\u00e1roz\u00f3 korszer\u0171s\u00edt\u00e9se projekt, felel\u0151s m\u0171szaki vezet\u0151j\u00e9t.<\/p>\n\n\n\n<hr class=\"wp-block-separator has-alpha-channel-opacity\"\/>\n\n\n\n<p><strong>2005. \u00e9vben<\/strong><br><strong>Luk\u00e1cs Zsolt<\/strong> H\u00edd\u00e9p\u00edt\u0151 Zrt:<br><strong>Papp S\u00e1ndor Mih\u00e1ly<\/strong> Vegy\u00e9pszer Zrt:<br><strong>Kis V\u00e1mosi Tam\u00e1s<\/strong> Arcadom Zrt:<br><\/p>\n\n\n\n<hr class=\"wp-block-separator has-alpha-channel-opacity\"\/>\n\n\n\n<p><strong>2006. \u00e9vben<\/strong><br><strong>T\u00f3th P\u00e9ter<\/strong> Kevi\u00e9p Kft.<br><strong>Zeke J\u00e1nos <\/strong>Pyrus- Rumpold Kft.<br><\/p>\n\n\n\n<hr class=\"wp-block-separator has-alpha-channel-opacity\"\/>\n\n\n\n<p><strong>2007. \u00e9vben<\/strong><br><strong>Kasza K\u00e1lm\u00e1n <\/strong>Magyar \u00c9p\u00edt\u0151 Zrt.<br><strong>Magyar J\u00e1nos<\/strong> H\u00edd\u00e9p\u00edt\u0151 Zrt.<br><strong>Gref N\u00e1ndor <\/strong>Maszer Zrt.<br><strong>Szegedi J\u00f3zsef <\/strong>C\u00c9H Kft.<\/p>\n\n\n\n<p><\/p>\n","protected":false},"excerpt":{"rendered":"<p>T\u00e1j\u00e9koztat\u00e1s a MAGYAR M\u00c9RN\u00d6KI KAMARA \u00c9P\u00cdT\u00c9SI TAGOZATA \u00e1ltal alap\u00edtott \u00c9P\u00cdT\u00c9S ALKOT\u00d3I D\u00cdJ-r\u00f3l Az MMK \u00c9p\u00edt\u00e9si Tagozata eln\u00f6ks\u00e9ge egyenrang\u00fanak tekinti a tervez\u00e9s \u00e9s a megval\u00f3s\u00edt\u00e1s alkot\u00f3 m\u00e9rn\u00f6ki munk\u00e1j\u00e1t; c\u00e9lul t\u0171zte ki ennek a gondolatnak a mind sz\u00e9lesebb szakmai k\u00f6zv\u00e9lem\u00e9nyben val\u00f3 \u00e9rv\u00e9nyre juttat\u00e1s\u00e1t. Ezen elvnek \u00e9s c\u00e9lnak megfelel\u0151en az MMK \u00c9p\u00edt\u00e9si Tagozata a sikeres \u00e9s jelent\u0151s m\u0171szaki [&hellip;]<\/p>\n","protected":false},"author":871,"featured_media":0,"parent":0,"menu_order":0,"comment_status":"closed","ping_status":"closed","template":"","meta":{"footnotes":""},"class_list":["post-2429","page","type-page","status-publish","hentry"],"_links":{"self":[{"href":"https:\/\/mernokvagyok.hu\/epitesi\/wp-json\/wp\/v2\/pages\/2429","targetHints":{"allow":["GET"]}}],"collection":[{"href":"https:\/\/mernokvagyok.hu\/epitesi\/wp-json\/wp\/v2\/pages"}],"about":[{"href":"https:\/\/mernokvagyok.hu\/epitesi\/wp-json\/wp\/v2\/types\/page"}],"author":[{"embeddable":true,"href":"https:\/\/mernokvagyok.hu\/epitesi\/wp-json\/wp\/v2\/users\/871"}],"replies":[{"embeddable":true,"href":"https:\/\/mernokvagyok.hu\/epitesi\/wp-json\/wp\/v2\/comments?post=2429"}],"version-history":[{"count":5,"href":"https:\/\/mernokvagyok.hu\/epitesi\/wp-json\/wp\/v2\/pages\/2429\/revisions"}],"predecessor-version":[{"id":2971,"href":"https:\/\/mernokvagyok.hu\/epitesi\/wp-json\/wp\/v2\/pages\/2429\/revisions\/2971"}],"wp:attachment":[{"href":"https:\/\/mernokvagyok.hu\/epitesi\/wp-json\/wp\/v2\/media?parent=2429"}],"curies":[{"name":"wp","href":"https:\/\/api.w.org\/{rel}","templated":true}]}}