{"id":2421,"date":"2024-11-20T17:12:21","date_gmt":"2024-11-20T17:12:21","guid":{"rendered":"https:\/\/mernokvagyok.hu\/epitesi\/?page_id=2421"},"modified":"2025-10-20T08:21:16","modified_gmt":"2025-10-20T08:21:16","slug":"kardos-andor-dij","status":"publish","type":"page","link":"https:\/\/mernokvagyok.hu\/epitesi\/kardos-andor-dij\/","title":{"rendered":"Kardos Andor D\u00edj"},"content":{"rendered":"\n<p><strong>T\u00e1j\u00e9koztat\u00e1s a MAGYAR M\u00c9RN\u00d6KI KAMARA \u00c9P\u00cdT\u00c9SI TAGOZATA \u00e1ltal alap\u00edtott <\/strong><strong>KARDOS ANDOR D\u00cdJ-r\u00f3l<\/strong><\/p>\n\n\n\n<p>A Magyar M\u00e9rn\u00f6ki Kamara \u00c9p\u00edt\u00e9si Tagozata a tev\u00e9kenys\u00e9gi, illetve \u00e9rdekelts\u00e9gi k\u00f6r\u00e9ben v\u00e9gzett kiemelked\u0151 m\u00e9rn\u00f6ki munka elismer\u00e9s\u00e9re KARDOS ANDOR D\u00cdJ -at alap\u00edtott, amelyet a Magyar M\u00e9rn\u00f6ki Kamara Eln\u00f6ks\u00e9ge 2002. december 11-i \u00fcl\u00e9s\u00e9n, 35\/2002. (XII.11.) sz\u00e1m\u00fa hat\u00e1rozat\u00e1val j\u00f3v\u00e1hagyott. A d\u00edj eml\u00e9keztet a m\u00falt sz\u00e1zad sokoldal\u00fa jeles m\u00e9rn\u00f6k\u00e9re \u00e9s iskolateremt\u0151 egy\u00e9nis\u00e9g\u00e9re, Kardos Andor professzorra \u00e9s jelk\u00e9pezni hivatott a kit\u00fcntet\u00e9s n\u00e9vad\u00f3j\u00e1nak szakmai alap\u00e1ll\u00e1s\u00e1t \u00e9s erk\u00f6lcsi felfog\u00e1s\u00e1t, az \u00e9p\u00edt\u00e9s ter\u00fclet\u00e9n tev\u00e9kenyked\u0151 m\u00e9rn\u00f6k elm\u00e9leti \u00e9s gyakorlati tev\u00e9kenys\u00e9g\u00e9nek egys\u00e9g\u00e9t.<\/p>\n\n\n\n<p>A kit\u00fcntet\u00e9s a Magyar M\u00e9rn\u00f6ki Kamara \u00c9p\u00edt\u00e9si Tagozata azon tagjainak adom\u00e1nyozhat\u00f3, akik hosszabb id\u0151szakon kereszt\u00fcl az \u00e9p\u00edt\u00e9si tev\u00e9kenys\u00e9gben kiemelked\u0151 szerepet v\u00e1llaltak, illetve kimagasl\u00f3 egy\u00e9ni teljes\u00edtm\u00e9nyt ny\u00fajtottak a tervez\u00e9s, kivitelez\u00e9s, szak\u00e9rt\u00e9s, oktat\u00e1s, \u00e1ltal\u00e1ban az \u00e9p\u00edt\u00e9si szakter\u00fcleten. \u00c9vente egy d\u00edj adom\u00e1nyozhat\u00f3; esetlegesen t\u00f6bb arra \u00e9rdemes \u00e9s egy\u00fcttesen alkot\u00f3 m\u00e9rn\u00f6k k\u00f6z\u00f6tt a d\u00edj megoszthat\u00f3.<\/p>\n\n\n\n<p>A jel\u00f6l\u00e9si felh\u00edv\u00e1st \u2013 az \u00c9p\u00edt\u00e9si Tagozat Eln\u00f6ks\u00e9ge &#8211; az \u00e9rt\u00e9kel\u00e9s szempontjainak \u00e9s a jel\u00f6l\u00e9s be\u00e9rkez\u00e9si hat\u00e1ridej\u00e9nek k\u00f6zz\u00e9t\u00e9tele mellett minden \u00e9v febru\u00e1r 15-ig &#8211; a M\u00e9rn\u00f6k \u00dajs\u00e1gban \u00e9s a Tagozat honlapj\u00e1n hirdeti meg. A kit\u00fcntet\u00e9sre jel\u00f6lni a felsorolt k\u00f6vetelm\u00e9nyeknek megfelel\u0151 tagt\u00e1rsunkat lehet.<\/p>\n\n\n\n<p>A kit\u00fcntet\u00e9s plakettel, oklev\u00e9llel, valamint p\u00e9nzjutalommal j\u00e1r. A kit\u00fcntet\u00e9st megtestes\u00edt\u0151 plaketten a k\u00f6vetkez\u0151 feliratot kell elhelyezni: MAGYAR M\u00c9RN\u00d6KI KAMARA \u00c9P\u013aT\u00c9SI TAGOZAT KARDOS ANDOR \u2013 D\u013aJ, \u00e9s fel\u00edr\u00e1sra ker\u00fcl a d\u00edjazott neve \u00e9s a kit\u00fcntet\u00e9s \u00e9vsz\u00e1ma is. Az oklev\u00e9l k\u00e9t oldalas mapp\u00e1ban ker\u00fcl \u00e1tad\u00e1sra, egyik oldal\u00e1n Kardos Andor \u00e9letrajz\u00e1t kell ismertetni, a m\u00e1sik oldala tartalmazza a d\u00edjazott nev\u00e9t \u00e9s a kit\u00fcntet\u00e9s id\u0151pontj\u00e1t.<\/p>\n\n\n\n<p>A jel\u00f6ltek k\u00f6z\u00fcl az \u00c9p\u00edt\u00e9si Tagozat Eln\u00f6ks\u00e9ge v\u00e1lasztja ki az adott \u00e9v d\u00edjazottj\u00e1t. A d\u00f6nt\u00e9s-el\u0151k\u00e9sz\u00edt\u00e9st az ezzel el\u0151zetesen megb\u00edzott eln\u00f6ks\u00e9gi tagok v\u00e9gzik. A d\u00edjat oda\u00edt\u00e9l\u0151 eln\u00f6ks\u00e9gi tagok a titkos szavaz\u00e1s sor\u00e1n, a jel\u00f6ltek k\u00f6r\u00e9t t\u00f6bb l\u00e9pcs\u0151ben folyamatosan sz\u0171k\u00edtve, egyszer\u0171 t\u00f6bbs\u00e9ggel hozza meg a d\u00f6nt\u00e9s\u00e9t a d\u00edjazott szem\u00e9ly\u00e9r\u0151l. A d\u00edj oda\u00edt\u00e9l\u00e9s\u00e9n\u00e9l el\u0151nyben r\u00e9szes\u00fcl az a tagt\u00e1rsunk, aki m\u00e9rn\u00f6ki tev\u00e9kenys\u00e9g\u00e9\u00e9rt a megel\u0151z\u0151 h\u00e1rom \u00e9vben \u00e1llami vagy kamarai kit\u00fcntet\u00e9st nem kapott.<\/p>\n\n\n\n<p>A kit\u00fcntet\u00e9st az \u00c9p\u00edt\u00e9si Tagozat Eln\u00f6ks\u00e9ge \u00e9vente, az \u00c9p\u00edt\u0151k Napja rendezv\u00e9nyeihez kapcsol\u00f3dva, \u00fcnnep\u00e9lyes keretek k\u00f6z\u00f6tt adja \u00e1t a d\u00edjazottnak.<\/p>\n\n\n\n<div class=\"wp-block-columns is-layout-flex wp-container-core-columns-is-layout-9d6595d7 wp-block-columns-is-layout-flex\">\n<div class=\"wp-block-column is-layout-flow wp-block-column-is-layout-flow\"><\/div>\n\n\n\n<div class=\"wp-block-column is-layout-flow wp-block-column-is-layout-flow\">\n<figure class=\"wp-block-image size-large\"><a href=\"https:\/\/mernokvagyok.hu\/epitesi\/wp-content\/uploads\/2021\/03\/Kardos-Andor-D\u00edj-el\u0151lap-page-001.jpg\"><img loading=\"lazy\" decoding=\"async\" width=\"1242\" height=\"1754\" src=\"https:\/\/mernokvagyok.hu\/epitesi\/wp-content\/uploads\/2021\/03\/Kardos-Andor-D\u00edj-el\u0151lap-page-001.jpg\" alt=\"\" class=\"wp-image-865\" \/><\/a><\/figure>\n<\/div>\n\n\n\n<div class=\"wp-block-column is-layout-flow wp-block-column-is-layout-flow\">\n<figure class=\"wp-block-image size-large\"><a href=\"https:\/\/mernokvagyok.hu\/epitesi\/wp-content\/uploads\/2021\/03\/Kardos-Andor-D\u00edj-page-001.jpg\"><img loading=\"lazy\" decoding=\"async\" width=\"1242\" height=\"1754\" src=\"https:\/\/mernokvagyok.hu\/epitesi\/wp-content\/uploads\/2021\/03\/Kardos-Andor-D\u00edj-page-001.jpg\" alt=\"\" class=\"wp-image-866\" \/><\/a><\/figure>\n<\/div>\n\n\n\n<div class=\"wp-block-column is-layout-flow wp-block-column-is-layout-flow\"><\/div>\n<\/div>\n\n\n\n<div class=\"wp-block-columns is-layout-flex wp-container-core-columns-is-layout-9d6595d7 wp-block-columns-is-layout-flex\">\n<div class=\"wp-block-column is-layout-flow wp-block-column-is-layout-flow\" style=\"flex-basis:25%\"><\/div>\n\n\n\n<div class=\"wp-block-column is-layout-flow wp-block-column-is-layout-flow\" style=\"flex-basis:50%\">\n<figure class=\"wp-block-image size-large\"><img loading=\"lazy\" decoding=\"async\" width=\"2139\" height=\"4557\" src=\"https:\/\/mernokvagyok.hu\/epitesi\/wp-content\/uploads\/2021\/05\/20210515_100207.jpg\" alt=\"\" class=\"wp-image-1114\" \/><\/figure>\n<\/div>\n\n\n\n<div class=\"wp-block-column is-layout-flow wp-block-column-is-layout-flow\" style=\"flex-basis:25%\"><\/div>\n<\/div>\n\n\n\n<p>2025. \u00e9vben Kardos Andor D\u00edjat kapott: &nbsp;F\u00fcl\u00f6p Kinga Melinda \u00e9p\u00edt\u0151m\u00e9rn\u00f6k \u2013 Budapesti \u00e9s Pest V\u00e1rmegyei M\u00e9rn\u00f6ki Kamara<\/p>\n\n\n\n<p>2024.\u00e9vben Kardos Andor D\u00edjat kapott: Zsigmondi Andr\u00e1s okleveles \u00e9p\u00edt\u0151m\u00e9rn\u00f6k \u2013 Budapesti \u00e9s Pest V\u00e1rmegyei M\u00e9rn\u00f6ki Kamara<\/p>\n\n\n\n<p>2023. \u00e9vben Kardos Andor D\u00edjat kapott:<\/p>\n\n\n\n<p>Hlatky Attila okleveles \u00e9p\u00edt\u0151m\u00e9rn\u00f6k &#8211; Szabolcs-Szatm\u00e1r-Bereg V\u00e1rmegyei M\u00e9rn\u00f6ki Kamara<br>Szerencs\u00e9s Gyula okleveles \u00e9p\u00edt\u0151m\u00e9rn\u00f6k \u2013 Csongr\u00e1d-Csan\u00e1d V\u00e1rmegyei M\u00e9rn\u00f6ki Kamara<\/p>\n\n\n\n<p>A Magyar M\u00e9rn\u00f6ki Kamara \u00c9p\u00edt\u00e9si Tagozat\u00e1nak eln\u00f6ks\u00e9ge a 2021. \u00e9vi \u00c9p\u00edt\u0151k Napja alkalm\u00e1b\u00f3l Kardos Andor D\u00edjat adom\u00e1nyozott <strong>Dr. Kiss Jen\u0151<\/strong> okleveles \u00e9p\u00edt\u00e9szm\u00e9rn\u00f6knek, az MMK \u00c9p\u00edt\u00e9si Tagozat eln\u00f6k\u00e9nek.<\/p>\n\n\n\n<p>2019-be Kardos Andor D\u00edjat kapott: Moln\u00e1r D\u00e9nes Andr\u00e1s okleveles \u00e9p\u00edt\u0151m\u00e9rn\u00f6k &#8211; Budapesti \u00e9s Pest Megyei M\u00e9rn\u00f6ki Kamara<\/p>\n","protected":false},"excerpt":{"rendered":"<p>T\u00e1j\u00e9koztat\u00e1s a MAGYAR M\u00c9RN\u00d6KI KAMARA \u00c9P\u00cdT\u00c9SI TAGOZATA \u00e1ltal alap\u00edtott KARDOS ANDOR D\u00cdJ-r\u00f3l A Magyar M\u00e9rn\u00f6ki Kamara \u00c9p\u00edt\u00e9si Tagozata a tev\u00e9kenys\u00e9gi, illetve \u00e9rdekelts\u00e9gi k\u00f6r\u00e9ben v\u00e9gzett kiemelked\u0151 m\u00e9rn\u00f6ki munka elismer\u00e9s\u00e9re KARDOS ANDOR D\u00cdJ -at alap\u00edtott, amelyet a Magyar M\u00e9rn\u00f6ki Kamara Eln\u00f6ks\u00e9ge 2002. december 11-i \u00fcl\u00e9s\u00e9n, 35\/2002. (XII.11.) sz\u00e1m\u00fa hat\u00e1rozat\u00e1val j\u00f3v\u00e1hagyott. A d\u00edj eml\u00e9keztet a m\u00falt sz\u00e1zad sokoldal\u00fa [&hellip;]<\/p>\n","protected":false},"author":871,"featured_media":0,"parent":0,"menu_order":0,"comment_status":"closed","ping_status":"closed","template":"","meta":{"footnotes":""},"class_list":["post-2421","page","type-page","status-publish","hentry"],"_links":{"self":[{"href":"https:\/\/mernokvagyok.hu\/epitesi\/wp-json\/wp\/v2\/pages\/2421","targetHints":{"allow":["GET"]}}],"collection":[{"href":"https:\/\/mernokvagyok.hu\/epitesi\/wp-json\/wp\/v2\/pages"}],"about":[{"href":"https:\/\/mernokvagyok.hu\/epitesi\/wp-json\/wp\/v2\/types\/page"}],"author":[{"embeddable":true,"href":"https:\/\/mernokvagyok.hu\/epitesi\/wp-json\/wp\/v2\/users\/871"}],"replies":[{"embeddable":true,"href":"https:\/\/mernokvagyok.hu\/epitesi\/wp-json\/wp\/v2\/comments?post=2421"}],"version-history":[{"count":5,"href":"https:\/\/mernokvagyok.hu\/epitesi\/wp-json\/wp\/v2\/pages\/2421\/revisions"}],"predecessor-version":[{"id":2862,"href":"https:\/\/mernokvagyok.hu\/epitesi\/wp-json\/wp\/v2\/pages\/2421\/revisions\/2862"}],"wp:attachment":[{"href":"https:\/\/mernokvagyok.hu\/epitesi\/wp-json\/wp\/v2\/media?parent=2421"}],"curies":[{"name":"wp","href":"https:\/\/api.w.org\/{rel}","templated":true}]}}