{"id":99,"date":"2024-05-14T08:59:00","date_gmt":"2024-05-14T08:59:00","guid":{"rendered":"https:\/\/mernokvagyok.hu\/akusztika\/?page_id=99"},"modified":"2024-09-30T10:51:51","modified_gmt":"2024-09-30T10:51:51","slug":"vezetoseg","status":"publish","type":"page","link":"https:\/\/mernokvagyok.hu\/akusztika\/vezetoseg\/","title":{"rendered":"Vezet\u0151s\u00e9g"},"content":{"rendered":"\n<h3 class=\"wp-block-heading\">Az Akusztikai Tagozat Vezet\u0151s\u00e9ge<\/h3>\n\n\n\n<h4 class=\"wp-block-heading\">Eln\u00f6k<\/h4>\n\n\n\n<p><strong>Dr. Koscs\u00f3 G\u00e1bor<\/strong><br>email: <a href=\"mailto:koscso@elitmernok.hu\">koscso@elitmernok.hu<\/a><br>telefon: +36 20 980 6776<\/p>\n\n\n\n<h4 class=\"wp-block-heading\">Aleln\u00f6k\u00f6k<\/h4>\n\n\n\n<div class=\"wp-block-columns is-layout-flex wp-container-core-columns-is-layout-9d6595d7 wp-block-columns-is-layout-flex\">\n<div class=\"wp-block-column is-layout-flow wp-block-column-is-layout-flow\">\n<p><strong>Alab\u00e1rdos Zsuzsanna<\/strong><br>email: <a href=\"mailto:alabardos.zsuzsanna@gmail.com\">alabardos.zsuzsanna@gmail.com<\/a><\/p>\n<\/div>\n\n\n\n<div class=\"wp-block-column is-layout-flow wp-block-column-is-layout-flow\">\n<p><strong>M\u00e1rkus Mikl\u00f3s<\/strong><br>email: <a href=\"mailto:markusmiklos@fonor.hu\">markusmiklos@fonor.hu<\/a><br>telefon: +36 20 991 3757<\/p>\n<\/div>\n<\/div>\n\n\n\n<h4 class=\"wp-block-heading\">Eln\u00f6ks\u00e9gi tagok<\/h4>\n\n\n\n<div class=\"wp-block-columns is-layout-flex wp-container-core-columns-is-layout-9d6595d7 wp-block-columns-is-layout-flex\">\n<div class=\"wp-block-column is-layout-flow wp-block-column-is-layout-flow\">\n<p><strong>F\u00fcrjes Andor Tam\u00e1s<\/strong><br>email: <a href=\"mailto:furjes.andor@aqrate.hu\">furjes.andor@aqrate.hu<\/a><br>telefon: +36 30 216 5494<\/p>\n<\/div>\n\n\n\n<div class=\"wp-block-column is-layout-flow wp-block-column-is-layout-flow\">\n<p><strong>Horv\u00e1th Zolt\u00e1n<\/strong><br>email: <a href=\"mailto:z.horvath@cdm-stravitec.com\">z.horvath@cdm-stravitec.com<\/a><br>telefon: +36 30 990 2442<\/p>\n<\/div>\n<\/div>\n\n\n\n<p><strong>Ily\u00e9s L\u00e1szl\u00f3<\/strong><br>email: <a href=\"mailto:l.ilyes@95apszis.hu\">l.ilyes@95apszis.hu<\/a><br>telefon: +36 30 467 3646<\/p>\n\n\n\n<h4 class=\"wp-block-heading\">P\u00f3ttag<\/h4>\n\n\n\n<p>Dr. Huszty Csaba Gy\u00f6rgy<br>email: <a href=\"mailto:huszty.csaba@entel.hu\">huszty.csaba@entel.hu<\/a><br>telefon: +36 20 935 0360<\/p>\n\n\n\n<hr class=\"wp-block-separator has-alpha-channel-opacity\" \/>\n\n\n\n<h3 class=\"wp-block-heading\">Az Akusztikai Tagozat Szakmai Gyakorlatot Vizsg\u00e1l\u00f3 Szak\u00e9rt\u0151 Test\u00fclete<\/h3>\n\n\n\n<h4 class=\"wp-block-heading\">Eln\u00f6k<\/h4>\n\n\n\n<p><strong>Csott R\u00f3bert<\/strong><br>email: <a href=\"mailto:rcsott@t-online.hu\">rcsott@t-online.hu<\/a><\/p>\n\n\n\n<h4 class=\"wp-block-heading\">Test\u00fcleti tagok<\/h4>\n\n\n\n<div class=\"wp-block-columns is-layout-flex wp-container-core-columns-is-layout-9d6595d7 wp-block-columns-is-layout-flex\">\n<div class=\"wp-block-column is-layout-flow wp-block-column-is-layout-flow\">\n<p><strong>Borsin\u00e9 Arat\u00f3 \u00c9va<\/strong><br>email: <a href=\"mailto:arato.eva@aratokft.hu\">arato.eva@aratokft.hu<\/a><\/p>\n<\/div>\n\n\n\n<div class=\"wp-block-column is-layout-flow wp-block-column-is-layout-flow\">\n<p><strong>Ily\u00e9s L\u00e1szl\u00f3<\/strong><br>email: <a href=\"mailto:l.ilyes@95apszis.hu\">l.ilyes@95apszis.hu<\/a><br>telefon: +36 30 467 3646<\/p>\n<\/div>\n<\/div>\n\n\n\n<h4 class=\"wp-block-heading\">P\u00f3ttag<\/h4>\n\n\n\n<p><strong>F\u00fcrjes Andor Tam\u00e1s<\/strong><br>email: <a href=\"mailto:furjes.andor@aqrate.hu\">furjes.andor@aqrate.hu<\/a><br>telefon: +36 30 216 5494<\/p>\n\n\n\n<hr class=\"wp-block-separator has-alpha-channel-opacity is-style-wide\" \/>\n\n\n\n<h3 class=\"wp-block-heading\">Kor\u00e1bbi eln\u00f6ks\u00e9gi tagok<\/h3>\n\n\n\n<p><strong>Borsin\u00e9 Arat\u00f3 \u00c9va (eln\u00f6k)<\/strong><br>2024. m\u00e1jus 14-ig<\/p>\n\n\n\n<p><strong>Borsi Gergely<\/strong><br>2024. m\u00e1jus 14-ig<\/p>\n\n\n\n<p><strong>J\u00f3zsa Guszt\u00e1v<\/strong><br>2024. m\u00e1jus 14-ig<\/p>\n\n\n\n<p><strong>Nagy Attila Bal\u00e1zs (aleln\u00f6k)<\/strong><br>2024. m\u00e1jus 14-ig<\/p>\n\n\n\n<p><strong>Bite P\u00e1ln\u00e9 dr. P\u00e1lffy M\u00e1ria<\/strong><br>2022. okt\u00f3ber 10-ig<\/p>\n\n\n\n<p><strong>Augusztinovicz F\u00fcl\u00f6p DSc<\/strong><br>2020. febru\u00e1r 18-ig<\/p>\n","protected":false},"excerpt":{"rendered":"<p>Az Akusztikai Tagozat Vezet\u0151s\u00e9ge Eln\u00f6k Dr. Koscs\u00f3 G\u00e1boremail: koscso@elitmernok.hutelefon: +36 20 980 6776 Aleln\u00f6k\u00f6k Alab\u00e1rdos Zsuzsannaemail: alabardos.zsuzsanna@gmail.com M\u00e1rkus Mikl\u00f3semail: markusmiklos@fonor.hutelefon: +36 20 991 3757 Eln\u00f6ks\u00e9gi tagok F\u00fcrjes Andor Tam\u00e1semail: furjes.andor@aqrate.hutelefon: +36 30 216 5494 Horv\u00e1th Zolt\u00e1nemail: z.horvath@cdm-stravitec.comtelefon: +36 30 990 2442 Ily\u00e9s L\u00e1szl\u00f3email: l.ilyes@95apszis.hutelefon: +36 30 467 3646 P\u00f3ttag Dr. Huszty Csaba Gy\u00f6rgyemail: huszty.csaba@entel.hutelefon: +36 [&hellip;]<\/p>\n","protected":false},"author":1816,"featured_media":0,"parent":0,"menu_order":0,"comment_status":"closed","ping_status":"closed","template":"","meta":{"footnotes":""},"class_list":["post-99","page","type-page","status-publish","hentry"],"_links":{"self":[{"href":"https:\/\/mernokvagyok.hu\/akusztika\/wp-json\/wp\/v2\/pages\/99","targetHints":{"allow":["GET"]}}],"collection":[{"href":"https:\/\/mernokvagyok.hu\/akusztika\/wp-json\/wp\/v2\/pages"}],"about":[{"href":"https:\/\/mernokvagyok.hu\/akusztika\/wp-json\/wp\/v2\/types\/page"}],"author":[{"embeddable":true,"href":"https:\/\/mernokvagyok.hu\/akusztika\/wp-json\/wp\/v2\/users\/1816"}],"replies":[{"embeddable":true,"href":"https:\/\/mernokvagyok.hu\/akusztika\/wp-json\/wp\/v2\/comments?post=99"}],"version-history":[{"count":15,"href":"https:\/\/mernokvagyok.hu\/akusztika\/wp-json\/wp\/v2\/pages\/99\/revisions"}],"predecessor-version":[{"id":904,"href":"https:\/\/mernokvagyok.hu\/akusztika\/wp-json\/wp\/v2\/pages\/99\/revisions\/904"}],"wp:attachment":[{"href":"https:\/\/mernokvagyok.hu\/akusztika\/wp-json\/wp\/v2\/media?parent=99"}],"curies":[{"name":"wp","href":"https:\/\/api.w.org\/{rel}","templated":true}]}}