{"id":486,"date":"2023-09-01T08:55:21","date_gmt":"2023-09-01T08:55:21","guid":{"rendered":"https:\/\/mernokvagyok.hu\/akusztika\/?page_id=486"},"modified":"2024-10-13T11:11:20","modified_gmt":"2024-10-13T11:11:20","slug":"legfrissebb-hireink","status":"publish","type":"page","link":"https:\/\/mernokvagyok.hu\/akusztika\/","title":{"rendered":"Legfrissebb"},"content":{"rendered":"\n<h3 class=\"wp-block-heading\">K\u00f6sz\u00f6nt\u0151<\/h3>\n\n\n\n<p>Tisztelt Akusztikai Tagozat Tagok!<br>Kedves Akusztikus Koll\u00e9g\u00e1k!<\/p>\n\n\n\n<p>Az MMK Akusztikai Tagozat 2024. m\u00e1jus 14-\u00e9n tiszt\u00faj\u00edt\u00f3 taggy\u0171l\u00e9st tartott. A v\u00e1laszt\u00e1s eredm\u00e9nye alapj\u00e1n, az \u00faj eln\u00f6ks\u00e9g tagjai:<\/p>\n\n\n\n<ul class=\"wp-block-list\">\n<li>Eln\u00f6k: Dr. Koscs\u00f3 G\u00e1bor<\/li>\n\n\n\n<li>Aleln\u00f6k\u00f6k: Alab\u00e1rdos Zsuzsanna, M\u00e1rkus Mikl\u00f3s<\/li>\n\n\n\n<li>Tagok: F\u00fcrjes Andor Tam\u00e1s, Horv\u00e1th Zolt\u00e1n, Ily\u00e9s L\u00e1szl\u00f3, p\u00f3ttag: Dr. Huszty Csaba Gy\u00f6rgy<\/li>\n<\/ul>\n\n\n\n<p>A tiszt\u00faj\u00edt\u00f3 taggy\u0171l\u00e9s \u00e9s a szak\u00e9rt\u0151 test\u00fclet d\u00f6nt\u00e9se alapj\u00e1n az \u00faj szakmai gyakorlatot vizsg\u00e1l\u00f3 szak\u00e9rt\u0151 test\u00fclet tagjai:<\/p>\n\n\n\n<ul class=\"wp-block-list\">\n<li>Eln\u00f6k: Csott R\u00f3bert<\/li>\n\n\n\n<li>Tagok: Borsin\u00e9 Arat\u00f3 \u00c9va, Ily\u00e9s L\u00e1szl\u00f3, p\u00f3ttag: F\u00fcrjes Andor Tam\u00e1s<\/li>\n<\/ul>\n\n\n\n<p>Az \u00faj eln\u00f6ks\u00e9g nev\u00e9ben tisztelettel megk\u00f6sz\u00f6nj\u00fck a kor\u00e1bbi eln\u00f6ks\u00e9g, kiemelten Borsin\u00e9 Arat\u00f3 \u00c9va alap\u00edt\u00f3 eln\u00f6k Tagozat \u00e9rdek\u00e9ben v\u00e9gzett \u00e1ldozatos \u00e9s eredm\u00e9nyes munk\u00e1j\u00e1t!<\/p>\n\n\n\n<p>Az \u00faj eln\u00f6ks\u00e9g elk\u00f6telezett akusztikus m\u00e9rn\u00f6ki szakma k\u00e9pviselet\u00e9re, a halad\u00f3 hagyom\u00e1nyok tov\u00e1bbvitel\u00e9re \u00e9s az \u00faj kih\u00edv\u00e1sok teljes\u00edt\u00e9s\u00e9re.<\/p>\n\n\n\n<p>Az eln\u00f6ks\u00e9g nev\u00e9ben \u00fcdv\u00f6zlettel,<\/p>\n\n\n\n<p><strong>dr. Koscs\u00f3 G\u00e1bor<\/strong><br><em>MMK AT eln\u00f6k<\/em><\/p>\n\n\n\n<h3 class=\"wp-block-heading\">B\u00facs\u00faz\u00e1s<\/h3>\n\n\n\n<p>A mai nappal az eln\u00f6ks\u00e9g megb\u00edzat\u00e1sa v\u00e9get \u00e9r. T\u00f6bben a tagozat 2015. \u00e9vi megalakul\u00e1sa \u00f3ta az eln\u00f6ks\u00e9g tagjak\u00e9nt dolgoztunk, \u00edgy ez egy t\u00f6bb mint 8 \u00e9ves korszak lez\u00e1r\u00e1s\u00e1t jelenti.  Sok munk\u00e1t elv\u00e9gezt\u00fcnk, de m\u00e9g mindig rengeteg a teend\u0151. B\u00edzunk benne, hogy a ma megv\u00e1lasztott \u00faj eln\u00f6ks\u00e9gnek siker\u00fcl megval\u00f3s\u00edtania \u00e9s el\u00e9rnie kit\u0171z\u00f6tt c\u00e9ljait, minden tagunk \u00e9s az eg\u00e9sz szakma megel\u00e9ged\u00e9s\u00e9re. K\u00f6sz\u00f6nj\u00fck, hogy eddig dolgozhattunk, az \u00faj eln\u00f6ks\u00e9g munk\u00e1j\u00e1hoz pedig sok sikert \u00e9s er\u0151t k\u00edv\u00e1nunk!<\/p>\n\n\n\n<p class=\"has-text-align-center\"><br>Nagy Attila Bal\u00e1zs<br><em>lek\u00f6sz\u00f6n\u0151 aleln\u00f6k<br>az eln\u00f6ks\u00e9g nev\u00e9ben<\/em><\/p>\n\n\n\n<h3 class=\"wp-block-heading\">Tiszt\u00faj\u00edt\u00f3 taggy\u0171l\u00e9s &#8211; 2024. m\u00e1jus 14., 15:00<\/h3>\n\n\n\n<p>A Magyar M\u00e9rn\u00f6ki Kamara Akusztikai Tagozata 2024. m\u00e1jus 14-\u00e9n 15:00 \u00f3r\u00e1t\u00f3l Tiszt\u00faj\u00edt\u00f3 Taggy\u0171l\u00e9st tart. <\/p>\n\n\n\n<p>Helysz\u00edn: Magyar M\u00e9rn\u00f6ki Kamara 1118 Buda\u00f6rsi \u00fat 125\/A, &nbsp;f\u00f6ldszinti konferenciaterem<\/p>\n\n\n\n<p class=\"has-vivid-purple-color has-text-color\">Megjelen\u00e9setekre felt\u00e9tlen\u00fcl sz\u00e1m\u00edtunk!<\/p>\n\n\n\n<p>A Taggy\u0171l\u00e9ssel kapcsolatos inform\u00e1ci\u00f3kat, h\u00edreket ebben a kiemelt rovatban gy\u0171jtj\u00fck \u00f6ssze. <\/p>\n\n\n\n<p>A taggy\u0171l\u00e9s r\u00e9szletes programj\u00e1t \u00e9s a megh\u00edv\u00f3t \u00e1prilis 29-\u00e9n az MMK k\u00f6zponti titk\u00e1rs\u00e1ga kik\u00fcldte e-mailben. Aki nem kapta meg, k\u00e9rj\u00fck, jelezze ezt a titk\u00e1rs\u00e1gon.<\/p>\n\n\n\n<h3 class=\"wp-block-heading\">Eln\u00f6kjel\u00f6ltek programja<\/h3>\n\n\n\n<p>A h\u00e1rom eln\u00f6kjel\u00f6lt 200-200 sz\u00f3ban foglalta \u00f6ssze a tagozat vezet\u00e9s\u00e9vel kapcsolatos elk\u00e9pzel\u00e9seit.  Az egybeszerkeztett dokumentumot az MMK k\u00f6zponti titk\u00e1rs\u00e1ga e-mailben is elk\u00fcld a tagoknak, de itt is el\u00e9rhet\u0151.<\/p>\n\n\n\n<div class=\"wp-block-file\"><a id=\"wp-block-file--media-45780c66-fe70-4ef3-bff9-f881b34ecbd9\" href=\"https:\/\/mernokvagyok.hu\/akusztika\/wp-content\/uploads\/2024\/05\/Akusztikai-Tagozat-Tisztujitas-2024-Elnokjeloltek-programja.pdf\">Akusztikai-Tagozat-Tisztujitas-2024-Elnokjeloltek-programja<\/a><a href=\"https:\/\/mernokvagyok.hu\/akusztika\/wp-content\/uploads\/2024\/05\/Akusztikai-Tagozat-Tisztujitas-2024-Elnokjeloltek-programja.pdf\" class=\"wp-block-file__button wp-element-button\" download aria-describedby=\"wp-block-file--media-45780c66-fe70-4ef3-bff9-f881b34ecbd9\">Let\u00f6lt\u00e9s<\/a><\/div>\n\n\n\n<h3 class=\"wp-block-heading\">Jel\u00f6ltek list\u00e1ja \u00e9s r\u00f6vid bemutatkoz\u00e1suk<\/h3>\n\n\n\n<div class=\"wp-block-columns is-layout-flex wp-container-core-columns-is-layout-9d6595d7 wp-block-columns-is-layout-flex\">\n<div class=\"wp-block-column is-layout-flow wp-block-column-is-layout-flow\">\n<p>Jel\u00f6ltek list\u00e1ja: <\/p>\n\n\n\n<div class=\"wp-block-file\"><a id=\"wp-block-file--media-ce56da27-0114-43fa-aff8-c2538d735f17\" href=\"https:\/\/mernokvagyok.hu\/akusztika\/wp-content\/uploads\/2024\/04\/Akusztikai-Tagozat-Tisztujitas-2024-Jeloltek_listaja-2.pdf\">Akusztikai-Tagozat-Tisztujitas-2024-Jeloltek_listaja<\/a><a href=\"https:\/\/mernokvagyok.hu\/akusztika\/wp-content\/uploads\/2024\/04\/Akusztikai-Tagozat-Tisztujitas-2024-Jeloltek_listaja-2.pdf\" class=\"wp-block-file__button wp-element-button\" download aria-describedby=\"wp-block-file--media-ce56da27-0114-43fa-aff8-c2538d735f17\">Let\u00f6lt\u00e9s<\/a><\/div>\n\n\n\n<p>Jel\u00f6ltek r\u00f6vid bemutatkoz\u00e1sa<\/p>\n\n\n\n<div class=\"wp-block-file\"><a id=\"wp-block-file--media-ae612146-e431-4a0d-8b10-4df4db832f66\" href=\"https:\/\/mernokvagyok.hu\/akusztika\/wp-content\/uploads\/2024\/04\/Akusztikai-Tagozat-Tisztujitas-2024-Jeloltek-bemutatkozasa.pdf\">Akusztikai-Tagozat-Tisztujitas-2024-Jeloltek-bemutatkozasa<\/a><a href=\"https:\/\/mernokvagyok.hu\/akusztika\/wp-content\/uploads\/2024\/04\/Akusztikai-Tagozat-Tisztujitas-2024-Jeloltek-bemutatkozasa.pdf\" class=\"wp-block-file__button wp-element-button\" download aria-describedby=\"wp-block-file--media-ae612146-e431-4a0d-8b10-4df4db832f66\">Let\u00f6lt\u00e9s<\/a><\/div>\n<\/div>\n<\/div>\n\n\n\n<h3 class=\"wp-block-heading\">A t\u00e9m\u00e1val kapcsolatos bejegyz\u00e9sek<\/h3>\n\n\n<ul class=\"wp-block-latest-posts__list has-dates wp-block-latest-posts\"><li><a class=\"wp-block-latest-posts__post-title\" href=\"https:\/\/mernokvagyok.hu\/akusztika\/tajekoztato-az-akusztikai-tagozat-tisztujitasarol\/\">T\u00e1j\u00e9koztat\u00f3 az Akusztikai Tagozat Tiszt\u00faj\u00edt\u00e1s\u00e1r\u00f3l<\/a><time datetime=\"2024-06-30T20:30:00+00:00\" class=\"wp-block-latest-posts__post-date\">2024.06.30.<\/time><\/li>\n<li><a class=\"wp-block-latest-posts__post-title\" href=\"https:\/\/mernokvagyok.hu\/akusztika\/tisztujito-taggyules\/\">Tiszt\u00faj\u00edt\u00f3 taggy\u0171l\u00e9s<\/a><time datetime=\"2024-04-22T14:55:08+00:00\" class=\"wp-block-latest-posts__post-date\">2024.04.22.<\/time><\/li>\n<li><a class=\"wp-block-latest-posts__post-title\" href=\"https:\/\/mernokvagyok.hu\/akusztika\/tisztujitas-jelolesi-felhivas\/\">Tiszt\u00faj\u00edt\u00e1s, jel\u00f6l\u00e9si felh\u00edv\u00e1s<\/a><time datetime=\"2024-02-21T10:14:43+00:00\" class=\"wp-block-latest-posts__post-date\">2024.02.21.<\/time><\/li>\n<li><a class=\"wp-block-latest-posts__post-title\" href=\"https:\/\/mernokvagyok.hu\/akusztika\/a-valasztasi-bizottsag-levele-az-elsodleges-tagsag-fontossagarol\/\">A v\u00e1laszt\u00e1si bizotts\u00e1g levele az els\u0151dleges tags\u00e1g fontoss\u00e1g\u00e1r\u00f3l<\/a><time datetime=\"2024-02-14T10:38:47+00:00\" class=\"wp-block-latest-posts__post-date\">2024.02.14.<\/time><\/li>\n<\/ul>\n\n\n<p> <\/p>\n\n\n\n<hr class=\"wp-block-separator has-alpha-channel-opacity is-style-wide\" \/>\n\n\n\n<div class=\"wp-block-columns is-layout-flex wp-container-core-columns-is-layout-9d6595d7 wp-block-columns-is-layout-flex\">\n<div class=\"wp-block-column is-layout-flow wp-block-column-is-layout-flow\"><ul class=\"wp-block-latest-posts__list has-dates wp-block-latest-posts\"><li><a class=\"wp-block-latest-posts__post-title\" href=\"https:\/\/mernokvagyok.hu\/akusztika\/akusztikai-szakmai-nap\/\">AKUSZTIKAI SZAKMAI NAP<\/a><time datetime=\"2025-05-05T20:12:00+00:00\" class=\"wp-block-latest-posts__post-date\">2025.05.05.<\/time><\/li>\n<li><a class=\"wp-block-latest-posts__post-title\" href=\"https:\/\/mernokvagyok.hu\/akusztika\/nvh-hungary-2025-konferencia\/\">NVH Hungary 2025 Konferencia<\/a><time datetime=\"2025-02-20T11:22:23+00:00\" class=\"wp-block-latest-posts__post-date\">2025.02.20.<\/time><\/li>\n<li><div class=\"wp-block-latest-posts__featured-image\"><a href=\"https:\/\/mernokvagyok.hu\/akusztika\/epuletakusztikai-kihivasok-es-hibak-nemzetkozi-es-hazai-esetek-miniszimpozium\/\" aria-label=\"\u00c9p\u00fcletakusztikai kih\u00edv\u00e1sok \u00e9s hib\u00e1k: nemzetk\u00f6zi \u00e9s hazai esetek &#8211; Miniszimp\u00f3zium\"><img decoding=\"async\" width=\"300\" height=\"111\" src=\"https:\/\/mernokvagyok.hu\/akusztika\/wp-content\/uploads\/2024\/04\/cimlapkep.png\" class=\"attachment-medium size-medium wp-post-image\" alt=\"\" style=\"\" \/><\/a><\/div><a class=\"wp-block-latest-posts__post-title\" href=\"https:\/\/mernokvagyok.hu\/akusztika\/epuletakusztikai-kihivasok-es-hibak-nemzetkozi-es-hazai-esetek-miniszimpozium\/\">\u00c9p\u00fcletakusztikai kih\u00edv\u00e1sok \u00e9s hib\u00e1k: nemzetk\u00f6zi \u00e9s hazai esetek &#8211; Miniszimp\u00f3zium<\/a><time datetime=\"2024-04-25T22:24:11+00:00\" class=\"wp-block-latest-posts__post-date\">2024.04.25.<\/time><\/li>\n<li><div class=\"wp-block-latest-posts__featured-image\"><a href=\"https:\/\/mernokvagyok.hu\/akusztika\/fenntarthato-konnyuszerkezetek-epiteszeti-es-akusztikai-kihivasai-akusztikai-szakmai-nap\/\" aria-label=\"Fenntarthat\u00f3 k\u00f6nny\u0171szerkezetek \u00e9p\u00edt\u00e9szeti \u00e9s akusztikai kih\u00edv\u00e1sai &#8211; Akusztikai szakmai nap\"><img fetchpriority=\"high\" decoding=\"async\" width=\"300\" height=\"193\" src=\"https:\/\/mernokvagyok.hu\/akusztika\/wp-content\/uploads\/2024\/04\/20230920_Columbus_utca_zeneiskola_0435_kicsi.jpg\" class=\"attachment-medium size-medium wp-post-image\" alt=\"\" style=\"\" \/><\/a><\/div><a class=\"wp-block-latest-posts__post-title\" href=\"https:\/\/mernokvagyok.hu\/akusztika\/fenntarthato-konnyuszerkezetek-epiteszeti-es-akusztikai-kihivasai-akusztikai-szakmai-nap\/\">Fenntarthat\u00f3 k\u00f6nny\u0171szerkezetek \u00e9p\u00edt\u00e9szeti \u00e9s akusztikai kih\u00edv\u00e1sai &#8211; Akusztikai szakmai nap<\/a><time datetime=\"2024-04-25T22:20:53+00:00\" class=\"wp-block-latest-posts__post-date\">2024.04.25.<\/time><\/li>\n<\/ul><\/div>\n\n\n\n<div class=\"wp-block-column is-layout-flow wp-block-column-is-layout-flow\"><ul class=\"wp-block-latest-posts__list wp-block-latest-posts\"><li><a class=\"wp-block-latest-posts__post-title\" href=\"https:\/\/mernokvagyok.hu\/akusztika\/szakmai-tovabbkepzesek-2025\/\">Szakmai tov\u00e1bbk\u00e9pz\u00e9sek 2025<\/a><div class=\"wp-block-latest-posts__post-excerpt\">Tisztelt Tags\u00e1g! 1. Alkalom: 2025. okt\u00f3ber 10. Tagozatunk ebben az \u00e9vben els\u0151 alkalommal okt\u00f3ber 10-\u00e9n szervez szakmai tov\u00e1bbk\u00e9pz\u00e9st, melynek el\u0151ad\u00e1sai a t\u00e9r \u00e9s a hang kapcsolat\u00e1t, a hangos\u00edtott terek akusztikai k\u00e9rd\u00e9seit j\u00e1rj\u00e1k k\u00f6r\u00fcl. C\u00edm: T\u00e9r \u00e9s hang kapcsolata \u2013 hangos\u00edtott terek akusztikai k\u00e9rd\u00e9seiId\u0151pont: 2025. okt\u00f3ber 10. 9:00 &#8211; 14:30Helysz\u00edn: Budapesti \u00e9s Pest V\u00e1rmegyei M\u00e9rn\u00f6ki Kamara, [&hellip;]<\/div><\/li>\n<li><a class=\"wp-block-latest-posts__post-title\" href=\"https:\/\/mernokvagyok.hu\/akusztika\/szakmai-tovabbkepzesek-2024\/\">Szakmai tov\u00e1bbk\u00e9pz\u00e9sek 2024<\/a><div class=\"wp-block-latest-posts__post-excerpt\">MMK Akusztika Tagozat &#8211; Utols\u00f3 m\u00f3dos\u00edt\u00e1s: 2024.10.02. 1. Alkalom: 2024. okt\u00f3ber 10. Tervezett id\u0151pont: 2024. okt\u00f3ber 10. 9:00-15:30Rendezv\u00e9ny jellege: MMK program &#8211; szem\u00e9lyes jelenl\u00e9ttel (szervez\u0151: BPMK \u00e9s Akusztikai Tagozat)Helysz\u00edn: BPMK Irodah\u00e1z (c\u00edm: 1117 Budapest, Kaposv\u00e1r utca 5-7.) Program: A szakmai tov\u00e1bbk\u00e9pz\u00e9si nap f\u0151 t\u00e9m\u00e1ja a k\u00f6nny\u0171szerkezetes \u00e9p\u00fcletekkel, \u00e9p\u00fcletszerkezetekkel kapcsolatos akusztikai feladatok. Az el\u0151ad\u00e1sok a k\u00f6nny\u0171szerkezetes, [&hellip;]<\/div><\/li>\n<\/ul><\/div>\n<\/div>\n\n\n\n<hr class=\"wp-block-separator has-alpha-channel-opacity is-style-wide\" \/>\n\n\n\n<div class=\"wp-block-columns is-layout-flex wp-container-core-columns-is-layout-9d6595d7 wp-block-columns-is-layout-flex\">\n<div class=\"wp-block-column is-layout-flow wp-block-column-is-layout-flow\"><ul class=\"wp-block-latest-posts__list has-dates wp-block-latest-posts\"><li><a class=\"wp-block-latest-posts__post-title\" href=\"https:\/\/mernokvagyok.hu\/akusztika\/valtozasok-a-szabvanyok-allomanyaban-2025-december\/\">V\u00e1ltoz\u00e1sok a szabv\u00e1nyok \u00e1llom\u00e1ny\u00e1ban 2025. december<\/a><time datetime=\"2025-12-21T23:14:00+00:00\" class=\"wp-block-latest-posts__post-date\">2025.12.21.<\/time><\/li>\n<li><a class=\"wp-block-latest-posts__post-title\" href=\"https:\/\/mernokvagyok.hu\/akusztika\/valtozasok-a-jogszabalyok-allomanyaban-a-2025-november-14-es-december-20-kozotti-idoszakban\/\">V\u00e1ltoz\u00e1sok a jogszab\u00e1lyok \u00e1llom\u00e1ny\u00e1ban a 2025 november 14. \u00e9s december 20. k\u00f6z\u00f6tti id\u0151szakban<\/a><time datetime=\"2025-12-21T23:05:00+00:00\" class=\"wp-block-latest-posts__post-date\">2025.12.21.<\/time><\/li>\n<\/ul><\/div>\n\n\n\n<div class=\"wp-block-column is-layout-flow wp-block-column-is-layout-flow\"><ul class=\"wp-block-latest-posts__list has-dates wp-block-latest-posts\"><li><a class=\"wp-block-latest-posts__post-title\" href=\"https:\/\/mernokvagyok.hu\/akusztika\/forian-szabo-peter-gyaszhir\/\">Fori\u00e1n Szab\u00f3 P\u00e9ter gy\u00e1szh\u00edr<\/a><time datetime=\"2025-10-14T19:23:56+00:00\" class=\"wp-block-latest-posts__post-date\">2025.10.14.<\/time><\/li>\n<\/ul><\/div>\n<\/div>\n","protected":false},"excerpt":{"rendered":"<p>K\u00f6sz\u00f6nt\u0151 Tisztelt Akusztikai Tagozat Tagok!Kedves Akusztikus Koll\u00e9g\u00e1k! Az MMK Akusztikai Tagozat 2024. m\u00e1jus 14-\u00e9n tiszt\u00faj\u00edt\u00f3 taggy\u0171l\u00e9st tartott. A v\u00e1laszt\u00e1s eredm\u00e9nye alapj\u00e1n, az \u00faj eln\u00f6ks\u00e9g tagjai: A tiszt\u00faj\u00edt\u00f3 taggy\u0171l\u00e9s \u00e9s a szak\u00e9rt\u0151 test\u00fclet d\u00f6nt\u00e9se alapj\u00e1n az \u00faj szakmai gyakorlatot vizsg\u00e1l\u00f3 szak\u00e9rt\u0151 test\u00fclet tagjai: Az \u00faj eln\u00f6ks\u00e9g nev\u00e9ben tisztelettel megk\u00f6sz\u00f6nj\u00fck a kor\u00e1bbi eln\u00f6ks\u00e9g, kiemelten Borsin\u00e9 Arat\u00f3 \u00c9va [&hellip;]<\/p>\n","protected":false},"author":1159,"featured_media":0,"parent":0,"menu_order":0,"comment_status":"closed","ping_status":"closed","template":"","meta":{"footnotes":""},"class_list":["post-486","page","type-page","status-publish","hentry"],"_links":{"self":[{"href":"https:\/\/mernokvagyok.hu\/akusztika\/wp-json\/wp\/v2\/pages\/486","targetHints":{"allow":["GET"]}}],"collection":[{"href":"https:\/\/mernokvagyok.hu\/akusztika\/wp-json\/wp\/v2\/pages"}],"about":[{"href":"https:\/\/mernokvagyok.hu\/akusztika\/wp-json\/wp\/v2\/types\/page"}],"author":[{"embeddable":true,"href":"https:\/\/mernokvagyok.hu\/akusztika\/wp-json\/wp\/v2\/users\/1159"}],"replies":[{"embeddable":true,"href":"https:\/\/mernokvagyok.hu\/akusztika\/wp-json\/wp\/v2\/comments?post=486"}],"version-history":[{"count":24,"href":"https:\/\/mernokvagyok.hu\/akusztika\/wp-json\/wp\/v2\/pages\/486\/revisions"}],"predecessor-version":[{"id":914,"href":"https:\/\/mernokvagyok.hu\/akusztika\/wp-json\/wp\/v2\/pages\/486\/revisions\/914"}],"wp:attachment":[{"href":"https:\/\/mernokvagyok.hu\/akusztika\/wp-json\/wp\/v2\/media?parent=486"}],"curies":[{"name":"wp","href":"https:\/\/api.w.org\/{rel}","templated":true}]}}