{"id":398,"date":"2023-08-29T00:36:18","date_gmt":"2023-08-29T00:36:18","guid":{"rendered":"https:\/\/mernokvagyok.hu\/akusztika\/?page_id=398"},"modified":"2023-08-29T00:36:20","modified_gmt":"2023-08-29T00:36:20","slug":"szabvanyok_bizottsagok","status":"publish","type":"page","link":"https:\/\/mernokvagyok.hu\/akusztika\/szabvanyok_bizottsagok\/","title":{"rendered":"M\u0171szaki bizotts\u00e1gok \u00e9s munkacsoportok"},"content":{"rendered":"\n<p>A jegyz\u00e9kben r\u00f6viden felt\u00fcntetett bizotts\u00e1gok \u00e9s munkacsoportok teljes elnevez\u00e9se a k\u00f6vetkez\u0151 (2020. december 1. szerinti \u00e1llapot):<\/p>\n\n\n\n<ul class=\"wp-block-list\"><\/ul>\n\n\n\n<ul class=\"wp-block-list\">\n<li>MSZT\/MB 101 Ny\u00edl\u00e1sz\u00e1r\u00f3k<\/li>\n\n\n\n<li>MSZT\/MB 105 H\u0151szigetel\u0151 anyagok \u00e9s term\u00e9kek<\/li>\n\n\n\n<li>MSZT\/MB 109 \u00c9p\u00edt\u00e9szeti akusztika<\/li>\n\n\n\n<li>MSZT\/MB 112 \u00c9p\u00edt\u00e9si \u00fcveg<\/li>\n\n\n\n<li>MSZT\/MB 114 K\u00e9m\u00e9nyek<\/li>\n\n\n\n<li>MSZT\/MCS 118 Gipsz \u00e9s gipszalap\u00fa term\u00e9kek<\/li>\n\n\n\n<li>MSZT\/MB 128 \u00dattartoz\u00e9kok \u00e9s jelz\u00e9sek<\/li>\n\n\n\n<li>MSZT\/MB 132 \u00dat\u00e9p\u00edt\u00e9si anyagok<\/li>\n\n\n\n<li>MSZT\/MCS 209 Munkav\u00e9delem<\/li>\n\n\n\n<li>MSZT\/MCS 302 Vas\u00fat\u00fcgy<\/li>\n\n\n\n<li>MSZT\/MB 314 Felvon\u00f3k \u00e9s mozg\u00f3l\u00e9pcs\u0151k<\/li>\n\n\n\n<li>MSZT\/MB 316 Targonc\u00e1k<\/li>\n\n\n\n<li>MSZT\/MCS 318 Kaz\u00e1nok \u00e9s nyom\u00e1start\u00f3 ed\u00e9nyek<\/li>\n\n\n\n<li>MSZT\/MB 319 \u00c9p\u00edt\u0151- \u00e9s \u00e9p\u00edt\u0151anyagipari g\u00e9pek. Biztons\u00e1g<\/li>\n\n\n\n<li>MSZT\/MCS 321 Szivatty\u00fak<\/li>\n\n\n\n<li>MSZT\/MCS 323 H\u0151ell\u00e1t\u00e1s, f\u0171t\u00e9s- \u00e9s l\u00e9gtechnika<\/li>\n\n\n\n<li>MSZT\/MB 324 Mez\u0151gazdas\u00e1gi \u00e9s erd\u00e9szeti traktorok \u00e9s g\u00e9pek<\/li>\n\n\n\n<li>MSZT\/MB 327 Zaj<\/li>\n\n\n\n<li>MSZT\/MCS 328 Rezg\u00e9s<\/li>\n\n\n\n<li>MSZT\/MCS 335 Textilipari g\u00e9pek biztons\u00e1gtechnik\u00e1ja<\/li>\n\n\n\n<li>MSZT\/MB 339 V\u00edzgazd\u00e1lkod\u00e1s<\/li>\n\n\n\n<li>MSZT\/MB 410 Roncsol\u00e1smentes vizsg\u00e1lat<\/li>\n\n\n\n<li>MSZT\/MCS 505 Pap\u00edr- \u00e9s nyomdaipar<\/li>\n\n\n\n<li>MSZT\/MCS 511 Csomagol\u00e1s<\/li>\n\n\n\n<li>MSZT\/MCS 703 Hullad\u00e9k \u00e9s hullad\u00e9kgazd\u00e1lkod\u00e1s<\/li>\n\n\n\n<li>MSZT\/MB 803 Szabadvezet\u00e9kek l\u00e9tes\u00edt\u00e9se<\/li>\n\n\n\n<li>MSZT\/MB 810 H\u00e1ztart\u00e1si villamos k\u00e9sz\u00fcl\u00e9kek<\/li>\n\n\n\n<li>MSZT\/MB 815 T\u0171zjelz\u0151k<\/li>\n\n\n\n<li>MSZT\/MB 834 F\u00e9nyt\u00e1vk\u00f6zl\u00e9s<\/li>\n\n\n\n<li>MSZT\/MB 835 Villamos forg\u00f3g\u00e9pek<\/li>\n\n\n\n<li>MSZT\/MB 837 Ipari g\u00e9pek biztons\u00e1ga. Villamos szempontok<\/li>\n\n\n\n<li>MSZT MB\/850 Multim\u00e9dia \u00e9s t\u00e1vk\u00f6zl\u00e9s<\/li>\n\n\n\n<li>MSZT\/MB 855 Inform\u00e1ci\u00f3technikai berendez\u00e9sek villamos biztons\u00e1ga<\/li>\n\n\n\n<li>MSZT\/MB 857 Ipari elektronika \u00e9s folyamatir\u00e1ny\u00edt\u00e1s<\/li>\n\n\n\n<li>MSZT\/MB 937 Terminol\u00f3gia, m\u00e1s nyelvi \u00e9s tartalmi forr\u00e1sok<\/li>\n<\/ul>\n","protected":false},"excerpt":{"rendered":"<p>A jegyz\u00e9kben r\u00f6viden felt\u00fcntetett bizotts\u00e1gok \u00e9s munkacsoportok teljes elnevez\u00e9se a k\u00f6vetkez\u0151 (2020. december 1. szerinti \u00e1llapot):<\/p>\n","protected":false},"author":1159,"featured_media":0,"parent":0,"menu_order":0,"comment_status":"closed","ping_status":"closed","template":"","meta":{"footnotes":""},"class_list":["post-398","page","type-page","status-publish","hentry"],"_links":{"self":[{"href":"https:\/\/mernokvagyok.hu\/akusztika\/wp-json\/wp\/v2\/pages\/398","targetHints":{"allow":["GET"]}}],"collection":[{"href":"https:\/\/mernokvagyok.hu\/akusztika\/wp-json\/wp\/v2\/pages"}],"about":[{"href":"https:\/\/mernokvagyok.hu\/akusztika\/wp-json\/wp\/v2\/types\/page"}],"author":[{"embeddable":true,"href":"https:\/\/mernokvagyok.hu\/akusztika\/wp-json\/wp\/v2\/users\/1159"}],"replies":[{"embeddable":true,"href":"https:\/\/mernokvagyok.hu\/akusztika\/wp-json\/wp\/v2\/comments?post=398"}],"version-history":[{"count":1,"href":"https:\/\/mernokvagyok.hu\/akusztika\/wp-json\/wp\/v2\/pages\/398\/revisions"}],"predecessor-version":[{"id":399,"href":"https:\/\/mernokvagyok.hu\/akusztika\/wp-json\/wp\/v2\/pages\/398\/revisions\/399"}],"wp:attachment":[{"href":"https:\/\/mernokvagyok.hu\/akusztika\/wp-json\/wp\/v2\/media?parent=398"}],"curies":[{"name":"wp","href":"https:\/\/api.w.org\/{rel}","templated":true}]}}