{"id":191,"date":"2023-07-28T11:12:20","date_gmt":"2023-07-28T11:12:20","guid":{"rendered":"https:\/\/mernokvagyok.hu\/akusztika\/?page_id=191"},"modified":"2023-07-28T11:25:09","modified_gmt":"2023-07-28T11:25:09","slug":"jogszabalyok-osszefoglalo","status":"publish","type":"page","link":"https:\/\/mernokvagyok.hu\/akusztika\/jogszabalyok-osszefoglalo\/","title":{"rendered":"R\u00f6vid \u00f6sszefoglal\u00f3 a jogszab\u00e1lyok alkalmaz\u00e1s\u00e1r\u00f3l"},"content":{"rendered":"\n<p class=\"has-text-align-center\">\u00a9 Dr. Szak\u00e1cs Gy\u00f6rgy, 2020.<\/p>\n\n\n\n<h4 class=\"wp-block-heading\"><strong>Tartalom a r\u00f6vid \u00f6sszefoglal\u00f3hoz<\/strong><\/h4>\n\n\n\n<p><a href=\"#Fejezet01\">1. A jogszab\u00e1lyok szerepe, helye a m\u0171szaki szab\u00e1lyoz\u00e1sban<\/a><\/p>\n\n\n\n<p><a href=\"#Fejezet02\">2. A magyar jogszab\u00e1lyok rendszere \u00e9s hierarchi\u00e1ja<\/a><\/p>\n\n\n\n<p><a href=\"#Fejezet03\">3. Az eur\u00f3pai jogszab\u00e1lyok rendszere \u00e9s hierarchi\u00e1ja<\/a><\/p>\n\n\n\n<hr class=\"wp-block-separator has-alpha-channel-opacity\" \/>\n\n\n\n<h3 class=\"wp-block-heading\" id=\"Fejezet01\">1. A jogszab\u00e1lyok szerepe, helye a m\u0171szaki szab\u00e1lyoz\u00e1sban<\/h3>\n\n\n\n<p>1994 \u00f3ta a jogszab\u00e1lyok \u00e9s a szabv\u00e1nyok elt\u00e9r\u0151 szerepk\u00f6rt t\u00f6ltenek be, ez\u00e9rt hat\u00e1rozott k\u00fcl\u00f6nbs\u00e9get kell tenni k\u00f6z\u00f6tt\u00fck. B\u00e1r mindk\u00e9t dokumentumt\u00edpus rendeltet\u00e9se a szab\u00e1lyoz\u00e1s, c\u00e9lszer\u0171, ha a m\u0171szaki tartalm\u00fa jogszab\u00e1lyokban els\u0151sorban a legfontosabb \u00e1ltal\u00e1nos elvek, alapvet\u0151 biztons\u00e1gi k\u00f6vetelm\u00e9nyek, tov\u00e1bb\u00e1 a bizony\u00edt\u00e1si \u00e9s enged\u00e9lyez\u00e9si elj\u00e1r\u00e1sok tal\u00e1lhat\u00f3k meg. A szabv\u00e1nyok pedig, t\u00f6bbnyire a m\u0171szaki megval\u00f3s\u00edt\u00e1s konkr\u00e9t \u00e9s r\u00e9szletes szab\u00e1lyait tartalmazz\u00e1k. Ezen a weboldalon a tov\u00e1bbiakban a jogszab\u00e1lyokkal foglalkozunk, a szabv\u00e1nyokr\u00f3l <a href=\"https:\/\/akusztika.mmk.hu\/dokumentumok\/szabvanyok\">itt<\/a> tal\u00e1l inform\u00e1ci\u00f3kat.<\/p>\n\n\n\n<p>A jogszab\u00e1lyok <strong>kidolgoz\u00e1sa<\/strong> \u00e9s k\u00f6zz\u00e9t\u00e9tele \u00e1llami feladat: a t\u00f6rv\u00e9nyeket az Orsz\u00e1ggy\u0171l\u00e9s szavazza meg, a korm\u00e1ny \u00e9s a miniszterek rendeleteket dolgoznak \u00e9s adnak ki. A jogszab\u00e1lyok az\u00e9rt k\u00e9sz\u00fclnek, hogy az \u00e1llamigazgat\u00e1s k\u00f6zvetlen ir\u00e1ny\u00edt\u00e1si eszk\u00f6zeik\u00e9nt szolg\u00e1ljanak.<\/p>\n\n\n\n<p>A jogszab\u00e1lyok kidolgoz\u00e1s\u00e1t a <strong>k\u00f6lts\u00e9gvet\u00e9s<\/strong> finansz\u00edrozza. A jogszab\u00e1lyok alkalmaz\u00e1sa mindig <strong>k\u00f6telez\u0151<\/strong>, f\u00fcggetlen\u00fcl a jogszab\u00e1ly t\u00edpus\u00e1t\u00f3l.<\/p>\n\n\n\n<p>A jogszab\u00e1lyokra <strong>nem terjed ki a szerz\u0151i jogv\u00e9delem<\/strong>. B\u00e1r a jogszab\u00e1lyokban is komoly szellemi alkot\u00f3munka testes\u00fcl meg, a k\u00f6telez\u0151 jelleg miatt a min\u00e9l k\u00f6nnyebb hozz\u00e1f\u00e9r\u00e9s fontosabb, mint a szerz\u0151i jogv\u00e9delem. A jogszab\u00e1lyok eset\u00e9n l\u00e9tezik ingyenes hozz\u00e1jut\u00e1si lehet\u0151s\u00e9g is (pl. az internetr\u0151l let\u00f6lthet\u0151k).<\/p>\n\n\n\n<p>A hazai jogszab\u00e1lyok kereshet\u0151k, majd let\u00f6lthet\u0151k p\u00e9ld\u00e1ul a <a href=\"https:\/\/www.njt.hu\/\" target=\"_blank\" rel=\"noreferrer noopener\">Nemzeti Jogszab\u00e1lyt\u00e1rb\u00f3l<\/a>. Sz\u00e1mos keres\u00e9si lehet\u0151s\u00e9g van. Ha tudjuk melyik jogszab\u00e1lyr\u00f3l van sz\u00f3, az \u00e9v, sorsz\u00e1m, t\u00edpus megad\u00e1s\u00e1val egy\u00e9rtelm\u0171en megtal\u00e1lhat\u00f3 a keresett jogszab\u00e1ly. A \u201emai napon \u00e9rv\u00e9nyes\u201d v\u00e1ltozat mellett \u00e1ltal\u00e1ban m\u00e1s id\u0151\u00e1llapotok is lek\u00e9rdezhet\u0151k.<\/p>\n\n\n\n<p>Az uni\u00f3s jogszab\u00e1lyok magyar nyelven el\u00e9rhet\u0151k \u00e9s let\u00f6lthet\u0151k az \u00fan. <a href=\"https:\/\/eur-lex.europa.eu\/advanced-search-form.html?locale=hu\" target=\"_blank\" rel=\"noreferrer noopener\">EUR-Lex adatb\u00e1zisb\u00f3l<\/a>. Ha az oldal esetleg angolul j\u00f6nne be, a jobb fels\u0151 sarokban \u00e1t lehet v\u00e1ltani magyarra. A r\u00e9szletes keres\u00e9s sor\u00e1n itt is c\u00e9lszer\u0171 az \u00e9v, sorsz\u00e1m, t\u00edpus h\u00e1rmas\u00e1t haszn\u00e1lni, ezek a lehet\u0151s\u00e9gek lejjebb g\u00f6rgetve tal\u00e1lhat\u00f3k meg.<\/p>\n\n\n\n<p>A jogszab\u00e1lyok jegyz\u00e9k\u00e9ben felsorolt jogszab\u00e1lyokn\u00e1l linket adunk meg a jogszab\u00e1ly k\u00f6zvetlen el\u00e9r\u00e9s\u00e9hez.<\/p>\n\n\n\n<hr class=\"wp-block-separator has-alpha-channel-opacity\" \/>\n\n\n\n<h3 class=\"wp-block-heading\" id=\"Fejezet02\">2. A magyar jogszab\u00e1lyok rendszere \u00e9s hierarchi\u00e1ja<\/h3>\n\n\n\n<p>A jogszab\u00e1lyok sz\u00e1mos t\u00edpus\u00e1b\u00f3l csak azt a h\u00e1rmat emelj\u00fck ki, amelyekkel a m\u0171szaki szab\u00e1lyoz\u00e1sban \u00e1ltal\u00e1ban tal\u00e1lkozni szoktunk:<\/p>\n\n\n\n<ul class=\"wp-block-list\">\n<li>a t\u00f6rv\u00e9ny;<\/li>\n\n\n\n<li>a korm\u00e1nyrendelet;<\/li>\n\n\n\n<li>a miniszteri rendelet.<\/li>\n<\/ul>\n\n\n\n<p>Meg kell jegyezni, hogy a korm\u00e1nyhat\u00e1rozat \u2013 szemben a korm\u00e1nyrendelettel \u2013 nem jogszab\u00e1ly. Korm\u00e1nyhat\u00e1rozatot lehet hozni p\u00e9ld\u00e1ul arr\u00f3l, hogy egy adott miniszter meghat\u00e1rozott t\u00e9mak\u00f6rben, el\u0151\u00edrt hat\u00e1rid\u0151ig alkosson miniszteri rendeletet, vagy megl\u00e9v\u0151 jogszab\u00e1lyt meghat\u00e1rozott tartalommal m\u00f3dos\u00edtson.<\/p>\n\n\n\n<p>A jogszab\u00e1lyok hierarchikus rendbe tagoz\u00f3dnak. Als\u00f3bb szint\u0171 jogszab\u00e1ly nem lehet ellent\u00e9tes fels\u0151bb szint\u0171 jogszab\u00e1llyal.<\/p>\n\n\n\n<p>T\u00f6rv\u00e9ny nem lehet ellent\u00e9tes az Alapt\u00f6rv\u00e9nnyel, korm\u00e1nyrendelet nem lehet ellent\u00e9tes t\u00f6rv\u00e9nnyel, a miniszterek rendeletei pedig sem t\u00f6rv\u00e9nnyel, sem korm\u00e1nyrendelettel nem lehetnek ellent\u00e9tesek.<\/p>\n\n\n\n<p>A jogszab\u00e1lyok el\u0151bbi hierarchi\u00e1j\u00e1nak azonban az alkalmaz\u00f3 szakemberek szempontj\u00e1b\u00f3l \u00e1ltal\u00e1ban nincs gyakorlati jelent\u0151s\u00e9ge, mert a jogszab\u00e1ly mindig k\u00f6telez\u0151, f\u00fcggetlen\u00fcl annak szab\u00e1lyoz\u00e1si szintj\u00e9t\u0151l. A jogszab\u00e1lyok logikus, \u00f6sszef\u00fcgg\u0151 rendszert alkotnak, szakszer\u0171 jogalkot\u00e1s eset\u00e9n nem szabad, hogy a k\u00fcl\u00f6nb\u00f6z\u0151 szint\u0171 jogszab\u00e1lyok k\u00f6z\u00f6tt ellentmond\u00e1s legyen. A hierarchi\u00e1t csak akkor kell figyelembe venni, ha m\u00e9gis ellentmond\u00e1st tapasztalunk, ilyen esetben a magasabb szint\u0171 jogszab\u00e1ly a m\u00e9rvad\u00f3, azonos szint\u0171 jogszab\u00e1lyok eset\u00e9n pedig a k\u00e9s\u0151bbi kiad\u00e1s\u00fa.<\/p>\n\n\n\n<p>Az Eur\u00f3pai Uni\u00f3 jogszab\u00e1lyai azonban az EU tag\u00e1llamok jogrendj\u00e9ben \u2013 \u00edgy a magyar jogrendben is \u2013 els\u0151dlegess\u00e9get \u00e9lveznek az Eur\u00f3pai Uni\u00f3 alapszerz\u0151d\u00e9s\u00e9b\u0151l \u00e9s az Eur\u00f3pai Uni\u00f3 B\u00edr\u00f3s\u00e1g\u00e1nak jog\u00e9rtelmez\u00e9s\u00e9b\u0151l k\u00f6vetkez\u0151en.<\/p>\n\n\n\n<hr class=\"wp-block-separator has-alpha-channel-opacity\" \/>\n\n\n\n<h3 class=\"wp-block-heading\" id=\"Fejezet03\">3. Az eur\u00f3pai jogszab\u00e1lyok rendszere \u00e9s hierarchi\u00e1ja<\/h3>\n\n\n\n<p>Az EU alapszerz\u0151d\u00e9s saj\u00e1t jogrendszert h\u00edvott l\u00e9tre, \u00e9s a Szerz\u0151d\u00e9s \u00e9letbel\u00e9p\u00e9s\u00e9vel a k\u00f6z\u00f6ss\u00e9gi jog elemeit a tagorsz\u00e1gok k\u00f6telesek be\u00e9p\u00edteni nemzeti jogrendj\u00fckbe. Ez azt jelenti, hogy a tagorsz\u00e1gok lemondanak a saj\u00e1t orsz\u00e1guk feletti rendelkez\u00e9si jog egy r\u00e9sz\u00e9r\u0151l. Deklar\u00e1lt\u00e1k, hogy a k\u00f6z\u00f6ss\u00e9gi jog el\u0151nyt \u00e9lvez a nemzeti joggal szemben, azaz meg kell v\u00e1ltoztatni minden olyan nemzeti el\u0151\u00edr\u00e1st, amely a k\u00f6z\u00f6ss\u00e9g jogszab\u00e1lyaival ellent\u00e9tes.<\/p>\n\n\n\n<p>Az alapszerz\u0151d\u00e9s szolg\u00e1ltatja a keretet a tag\u00e1llamok szab\u00e1lyoz\u00e1si tev\u00e9kenys\u00e9g\u00e9hez, ez\u00e9rt \u201eels\u0151dleges\u201d jogszab\u00e1lynak nevezik. Az els\u0151dleges joghoz tartoznak az alapszerz\u0151d\u00e9st kieg\u00e9sz\u00edt\u0151, m\u00f3dos\u00edt\u00f3 szerz\u0151d\u00e9sek \u00e9s a csatlakoz\u00e1si szerz\u0151d\u00e9sek.<\/p>\n\n\n\n<p>Az alapszerz\u0151d\u00e9sben megfogalmazott jogk\u00f6r\u00f6kn\u00e9l fogva az Eur\u00f3pai Uni\u00f3 illet\u00e9kes szervei \u00fan. \u201em\u00e1sodlagos\u201d jogszab\u00e1lyokat dolgoznak ki \u00e9s l\u00e9ptetnek hat\u00e1lyba.<\/p>\n\n\n\n<p>A m\u00e1sodlagos jogszab\u00e1lyoknak h\u00e1rom fajt\u00e1ja l\u00e9tezik: <strong>rendelet<\/strong> (regulation), <strong>ir\u00e1nyelv<\/strong> (directive) \u00e9s <strong>hat\u00e1rozat<\/strong> (decision). Ezek azok az uni\u00f3s jogszab\u00e1lyok, amelyekkel a k\u00fcl\u00f6nb\u00f6z\u0151 m\u0171szaki szakter\u00fcletek szab\u00e1lyoz\u00e1sa sor\u00e1n szakemberk\u00e9nt tal\u00e1lkozhatunk, \u00e9s amelyeket napi munk\u00e1nk sor\u00e1n alkalmaznunk kell.<\/p>\n\n\n\n<p>A <strong>rendelet<\/strong> alkalmaz\u00e1sa \u00e1ltal\u00e1nos \u00e9rv\u00e9ny\u0171, teljes eg\u00e9sz\u00e9ben k\u00f6zvetlen\u00fcl k\u00f6telez\u0151 minden tag\u00e1llamban. Ez azt jelenti, hogy a rendelet hat\u00e1lyba l\u00e9p\u00e9sekor automatikusan, k\u00fcl\u00f6n nemzeti jogalkot\u00e1s n\u00e9lk\u00fcl minden egyes tag\u00e1llamban is hat\u00e1lyba l\u00e9p. A rendeletek jogokat \u00e9s k\u00f6telezetts\u00e9geket \u00e1llap\u00edthatnak meg tag\u00e1llamok \u00e9s egy\u00e9nek sz\u00e1m\u00e1ra is.<\/p>\n\n\n\n<p>Az <strong>ir\u00e1nyelv<\/strong> a c\u00edmzett tag\u00e1llamok r\u00e9sz\u00e9re k\u00f6telez\u0151, de csak \u201eaz el\u00e9rni k\u00edv\u00e1nt eredm\u00e9ny\u201d tekintet\u00e9ben. Az ir\u00e1nyelv nem k\u00f6zvetlen hat\u00e1ly\u00fa, hanem a tagorsz\u00e1gokra b\u00edzza az ir\u00e1nyelv bevezet\u00e9s\u00e9nek, honos\u00edt\u00e1s\u00e1nak m\u00f3dj\u00e1t \u2013 nemzeti jogszab\u00e1lyokon kereszt\u00fcl.<\/p>\n\n\n\n<p>A <strong>hat\u00e1rozat<\/strong> teljes eg\u00e9sz\u00e9ben k\u00f6telez\u0151 azokra, akik a c\u00edmzettjei. Egy-egy int\u00e9zm\u00e9nyre vagy tag\u00e1llamra (tag\u00e1llamokra) vonatkoz\u00f3 d\u00f6nt\u00e9s, amely a c\u00edmzettet felsz\u00f3l\u00edtja pl. egyfajta elj\u00e1r\u00e1s k\u00f6vet\u00e9s\u00e9re.<\/p>\n\n\n\n<p>A jogszab\u00e1lyok hierarchi\u00e1j\u00e1ban els\u0151dleges az alapszerz\u0151d\u00e9s, ezt k\u00f6vet\u0151en a ter\u00fcletre vonatkoz\u00f3 rendelet (ha van), majd az ir\u00e1nyelv(ek), tov\u00e1bb\u00e1 a hat\u00e1rozat(ok).<\/p>\n\n\n\n<p>Megjegyezz\u00fck, hogy az \u201eir\u00e1nyelv\u201d kifejez\u00e9ssel nemcsak az uni\u00f3s jogalkot\u00e1s, hanem a szabv\u00e1nyos\u00edt\u00e1s kapcs\u00e1n is tal\u00e1lkozhatunk. A nemzeti szabv\u00e1nyos\u00edt\u00e1sn\u00e1l alacsonyabb hierarchikus szint\u0171, \u00fan. szakmai szabv\u00e1nyos\u00edt\u00e1sban k\u00e9sz\u00fclhetnek \u201eir\u00e1nyelv\u201d, \u201em\u0171szaki ir\u00e1nyelv\u201d elnevez\u00e9s\u0171 dokumentumok, amelyeknek term\u00e9szetesen semmi k\u00f6z\u00fck az uni\u00f3s jogszab\u00e1lyokhoz.<\/p>\n\n\n\n<hr class=\"wp-block-separator has-alpha-channel-opacity\" \/>\n\n\n\n<h4 class=\"wp-block-heading\">Kapcsol\u00f3d\u00f3 anyagok<\/h4>\n\n\n\n<ul class=\"wp-block-list\">\n<li><a href=\"http:\/\/www.njt.hu\/\" target=\"_blank\" rel=\"noreferrer noopener\">http:\/\/www.njt.hu\/<\/a><\/li>\n<\/ul>\n","protected":false},"excerpt":{"rendered":"<p>\u00a9 Dr. Szak\u00e1cs Gy\u00f6rgy, 2020. Tartalom a r\u00f6vid \u00f6sszefoglal\u00f3hoz 1. A jogszab\u00e1lyok szerepe, helye a m\u0171szaki szab\u00e1lyoz\u00e1sban 2. A magyar jogszab\u00e1lyok rendszere \u00e9s hierarchi\u00e1ja 3. Az eur\u00f3pai jogszab\u00e1lyok rendszere \u00e9s hierarchi\u00e1ja 1. A jogszab\u00e1lyok szerepe, helye a m\u0171szaki szab\u00e1lyoz\u00e1sban 1994 \u00f3ta a jogszab\u00e1lyok \u00e9s a szabv\u00e1nyok elt\u00e9r\u0151 szerepk\u00f6rt t\u00f6ltenek be, ez\u00e9rt hat\u00e1rozott k\u00fcl\u00f6nbs\u00e9get kell tenni [&hellip;]<\/p>\n","protected":false},"author":1159,"featured_media":0,"parent":0,"menu_order":0,"comment_status":"closed","ping_status":"closed","template":"","meta":{"footnotes":""},"class_list":["post-191","page","type-page","status-publish","hentry"],"_links":{"self":[{"href":"https:\/\/mernokvagyok.hu\/akusztika\/wp-json\/wp\/v2\/pages\/191","targetHints":{"allow":["GET"]}}],"collection":[{"href":"https:\/\/mernokvagyok.hu\/akusztika\/wp-json\/wp\/v2\/pages"}],"about":[{"href":"https:\/\/mernokvagyok.hu\/akusztika\/wp-json\/wp\/v2\/types\/page"}],"author":[{"embeddable":true,"href":"https:\/\/mernokvagyok.hu\/akusztika\/wp-json\/wp\/v2\/users\/1159"}],"replies":[{"embeddable":true,"href":"https:\/\/mernokvagyok.hu\/akusztika\/wp-json\/wp\/v2\/comments?post=191"}],"version-history":[{"count":7,"href":"https:\/\/mernokvagyok.hu\/akusztika\/wp-json\/wp\/v2\/pages\/191\/revisions"}],"predecessor-version":[{"id":200,"href":"https:\/\/mernokvagyok.hu\/akusztika\/wp-json\/wp\/v2\/pages\/191\/revisions\/200"}],"wp:attachment":[{"href":"https:\/\/mernokvagyok.hu\/akusztika\/wp-json\/wp\/v2\/media?parent=191"}],"curies":[{"name":"wp","href":"https:\/\/api.w.org\/{rel}","templated":true}]}}