{"id":132,"date":"2023-07-28T09:04:20","date_gmt":"2023-07-28T09:04:20","guid":{"rendered":"https:\/\/mernokvagyok.hu\/akusztika\/?page_id=132"},"modified":"2026-01-10T23:13:29","modified_gmt":"2026-01-10T23:13:29","slug":"jogszabalyok","status":"publish","type":"page","link":"https:\/\/mernokvagyok.hu\/akusztika\/jogszabalyok\/","title":{"rendered":"Jogszab\u00e1lyok"},"content":{"rendered":"\n<h3 class=\"wp-block-heading has-text-align-center\">Az akusztika szakter\u00fclet\u00e9re vonatkoz\u00f3, illetve a kapcsol\u00f3d\u00f3 jogszab\u00e1lyok jegyz\u00e9ke<\/h3>\n\n\n\n<p class=\"has-text-align-center\">(2025. december 20. szerinti \u00e1llapot)<\/p>\n\n\n\n<p>A weboldal tartalma a 2020. febru\u00e1r 1-jei \u00e1llapotnak megfelel\u0151en indult el. Ezt k\u00f6vet\u0151en sz\u00e1nd\u00e9kaink szerint havonta \u00e1ltal\u00e1ban egyszer friss\u00edtj\u00fck, mindig a fenti d\u00e1tum jelzi azt az \u00e1llapotot, amelyre vonatkoz\u00f3an az utols\u00f3 friss\u00edt\u00e9s (ellen\u0151rz\u00e9s) megt\u00f6rt\u00e9nt. Ha az el\u0151z\u0151 h\u00f3naphoz k\u00e9pest voltak v\u00e1ltoz\u00e1sok, azokat a <a rel=\"noreferrer noopener\" href=\"https:\/\/mernokvagyok.hu\/akusztika\/jogszabalyok-valtozasa\/\" target=\"_blank\">H\u00edrek \/&nbsp;Jogszab\u00e1lyok v\u00e1ltoz\u00e1sa <\/a>men\u00fcpont alatt l\u00e9v\u0151 dokumentumokban soroljuk fel.<\/p>\n\n\n\n<p>A jegyz\u00e9ket legjobb sz\u00e1nd\u00e9kaink szerint, az elv\u00e1rhat\u00f3 gondoss\u00e1ggal \u00e1ll\u00edtottuk \u00f6ssze, ennek ellen\u00e9re m\u00e9gis el\u0151fordulhatnak kisebb hib\u00e1k, hi\u00e1nyok. Ezek\u00e9rt \u00e9s a teljes m\u00e9rt\u00e9kben folyamatos naprak\u00e9szs\u00e9g\u00e9rt felel\u0151ss\u00e9get nem tudunk v\u00e1llalni. Az I. f\u0151fejezet 1. fejezet\u00e9ben megadott keres\u00e9si lehet\u0151s\u00e9gekkel a dokumentumok leellen\u0151rizhet\u0151k.<\/p>\n\n\n\n<p><a href=\"https:\/\/mernokvagyok.hu\/akusztika\/jogszabalyok-osszefoglalo\/\">I. R\u00f6vid \u00f6sszefoglal\u00f3 a jogszab\u00e1lyok alkalmaz\u00e1s\u00e1r\u00f3l<\/a><\/p>\n\n\n\n<p><a href=\"https:\/\/mernokvagyok.hu\/akusztika\/jogszabalyok_jegyzeke\/\" data-type=\"page\" data-id=\"385\">II. Jogszab\u00e1lyok jegyz\u00e9ke<\/a><\/p>\n","protected":false},"excerpt":{"rendered":"<p>Az akusztika szakter\u00fclet\u00e9re vonatkoz\u00f3, illetve a kapcsol\u00f3d\u00f3 jogszab\u00e1lyok jegyz\u00e9ke (2025. december 20. szerinti \u00e1llapot) A weboldal tartalma a 2020. febru\u00e1r 1-jei \u00e1llapotnak megfelel\u0151en indult el. Ezt k\u00f6vet\u0151en sz\u00e1nd\u00e9kaink szerint havonta \u00e1ltal\u00e1ban egyszer friss\u00edtj\u00fck, mindig a fenti d\u00e1tum jelzi azt az \u00e1llapotot, amelyre vonatkoz\u00f3an az utols\u00f3 friss\u00edt\u00e9s (ellen\u0151rz\u00e9s) megt\u00f6rt\u00e9nt. Ha az el\u0151z\u0151 h\u00f3naphoz k\u00e9pest voltak v\u00e1ltoz\u00e1sok, [&hellip;]<\/p>\n","protected":false},"author":1159,"featured_media":0,"parent":0,"menu_order":0,"comment_status":"closed","ping_status":"closed","template":"","meta":{"footnotes":""},"class_list":["post-132","page","type-page","status-publish","hentry"],"_links":{"self":[{"href":"https:\/\/mernokvagyok.hu\/akusztika\/wp-json\/wp\/v2\/pages\/132","targetHints":{"allow":["GET"]}}],"collection":[{"href":"https:\/\/mernokvagyok.hu\/akusztika\/wp-json\/wp\/v2\/pages"}],"about":[{"href":"https:\/\/mernokvagyok.hu\/akusztika\/wp-json\/wp\/v2\/types\/page"}],"author":[{"embeddable":true,"href":"https:\/\/mernokvagyok.hu\/akusztika\/wp-json\/wp\/v2\/users\/1159"}],"replies":[{"embeddable":true,"href":"https:\/\/mernokvagyok.hu\/akusztika\/wp-json\/wp\/v2\/comments?post=132"}],"version-history":[{"count":32,"href":"https:\/\/mernokvagyok.hu\/akusztika\/wp-json\/wp\/v2\/pages\/132\/revisions"}],"predecessor-version":[{"id":1125,"href":"https:\/\/mernokvagyok.hu\/akusztika\/wp-json\/wp\/v2\/pages\/132\/revisions\/1125"}],"wp:attachment":[{"href":"https:\/\/mernokvagyok.hu\/akusztika\/wp-json\/wp\/v2\/media?parent=132"}],"curies":[{"name":"wp","href":"https:\/\/api.w.org\/{rel}","templated":true}]}}