{"id":130,"date":"2023-07-28T09:04:08","date_gmt":"2023-07-28T09:04:08","guid":{"rendered":"https:\/\/mernokvagyok.hu\/akusztika\/?page_id=130"},"modified":"2023-11-10T11:08:49","modified_gmt":"2023-11-10T11:08:49","slug":"jogosultsagok","status":"publish","type":"page","link":"https:\/\/mernokvagyok.hu\/akusztika\/jogosultsagok\/","title":{"rendered":"Jogosults\u00e1gok"},"content":{"rendered":"<ul class=\"wp-block-latest-posts__list has-dates wp-block-latest-posts\"><li><a class=\"wp-block-latest-posts__post-title\" href=\"https:\/\/mernokvagyok.hu\/akusztika\/egy-evesek-lettek-az-uj-szakertoi-es-tervezoi-jogosultsagok\/\">Egy \u00e9vesek lettek az \u00faj szak\u00e9rt\u0151i \u00e9s tervez\u0151i jogosults\u00e1gok<\/a><time datetime=\"2023-07-28T12:31:42+00:00\" class=\"wp-block-latest-posts__post-date\">2023.07.28.<\/time><\/li>\n<\/ul>","protected":false},"excerpt":{"rendered":"","protected":false},"author":1159,"featured_media":0,"parent":0,"menu_order":0,"comment_status":"closed","ping_status":"closed","template":"","meta":{"footnotes":""},"class_list":["post-130","page","type-page","status-publish","hentry"],"_links":{"self":[{"href":"https:\/\/mernokvagyok.hu\/akusztika\/wp-json\/wp\/v2\/pages\/130","targetHints":{"allow":["GET"]}}],"collection":[{"href":"https:\/\/mernokvagyok.hu\/akusztika\/wp-json\/wp\/v2\/pages"}],"about":[{"href":"https:\/\/mernokvagyok.hu\/akusztika\/wp-json\/wp\/v2\/types\/page"}],"author":[{"embeddable":true,"href":"https:\/\/mernokvagyok.hu\/akusztika\/wp-json\/wp\/v2\/users\/1159"}],"replies":[{"embeddable":true,"href":"https:\/\/mernokvagyok.hu\/akusztika\/wp-json\/wp\/v2\/comments?post=130"}],"version-history":[{"count":2,"href":"https:\/\/mernokvagyok.hu\/akusztika\/wp-json\/wp\/v2\/pages\/130\/revisions"}],"predecessor-version":[{"id":625,"href":"https:\/\/mernokvagyok.hu\/akusztika\/wp-json\/wp\/v2\/pages\/130\/revisions\/625"}],"wp:attachment":[{"href":"https:\/\/mernokvagyok.hu\/akusztika\/wp-json\/wp\/v2\/media?parent=130"}],"curies":[{"name":"wp","href":"https:\/\/api.w.org\/{rel}","templated":true}]}}