{"id":113,"date":"2023-07-28T09:01:07","date_gmt":"2023-07-28T09:01:07","guid":{"rendered":"https:\/\/mernokvagyok.hu\/akusztika\/?page_id=113"},"modified":"2024-09-29T16:42:55","modified_gmt":"2024-09-29T16:42:55","slug":"esemenynaptar","status":"publish","type":"page","link":"https:\/\/mernokvagyok.hu\/akusztika\/esemenynaptar\/","title":{"rendered":"Esem\u00e9nynapt\u00e1r"},"content":{"rendered":"\n<p>Itt a tagozat \u00e9let\u00e9nek esem\u00e9nyei \u00e9s az ahhoz kapcsol\u00f3d\u00f3 besz\u00e1mol\u00f3k, \u00f6sszefoglal\u00f3k, eml\u00e9keztet\u0151k l\u00e1that\u00f3k. Az eln\u00f6ks\u00e9gi \u00fcl\u00e9sekr\u0151l \u00e9s taggy\u0171l\u00e9sekr\u0151l k\u00e9sz\u00fclt hat\u00e1rozatok jegyz\u00e9kei \u00e9s besz\u00e1mol\u00f3k felt\u00f6lt\u00e9se folyamatos. <\/p>\n\n\n\n<p><\/p>\n\n\n<ul class=\"wp-block-latest-posts__list wp-block-latest-posts\"><li><a class=\"wp-block-latest-posts__post-title\" href=\"https:\/\/mernokvagyok.hu\/akusztika\/akusztikai-szakmai-nap\/\">AKUSZTIKAI SZAKMAI NAP<\/a><\/li>\n<li><a class=\"wp-block-latest-posts__post-title\" href=\"https:\/\/mernokvagyok.hu\/akusztika\/elnoksegi-ules-2024-december-5\/\">Eln\u00f6ks\u00e9gi \u00fcl\u00e9s &#8211; 2024. december 5.<\/a><\/li>\n<li><a class=\"wp-block-latest-posts__post-title\" href=\"https:\/\/mernokvagyok.hu\/akusztika\/nvh-hungary-2025-konferencia\/\">NVH Hungary 2025 Konferencia<\/a><\/li>\n<li><a class=\"wp-block-latest-posts__post-title\" href=\"https:\/\/mernokvagyok.hu\/akusztika\/szakmai-tovabbkepzes-2024-oktober-10\/\">Szakmai tov\u00e1bbk\u00e9pz\u00e9s &#8211; 2024. okt\u00f3ber 10.<\/a><\/li>\n<li><a class=\"wp-block-latest-posts__post-title\" href=\"https:\/\/mernokvagyok.hu\/akusztika\/elnoksegi-ules-2024-julius-5\/\">Eln\u00f6ks\u00e9gi \u00fcl\u00e9s &#8211; 2024. j\u00falius 5.<\/a><\/li>\n<li><a class=\"wp-block-latest-posts__post-title\" href=\"https:\/\/mernokvagyok.hu\/akusztika\/elnoksegi-ules-2024-junius-10\/\">Eln\u00f6ks\u00e9gi \u00fcl\u00e9s &#8211; 2024. j\u00fanius 10.<\/a><\/li>\n<li><a class=\"wp-block-latest-posts__post-title\" href=\"https:\/\/mernokvagyok.hu\/akusztika\/szakerto-testulet-ules-2024-junius-6\/\">Szak\u00e9rt\u0151 Test\u00fclet \u00fcl\u00e9s &#8211; 2024. j\u00fanius 6.<\/a><\/li>\n<li><a class=\"wp-block-latest-posts__post-title\" href=\"https:\/\/mernokvagyok.hu\/akusztika\/tajekoztato-az-akusztikai-tagozat-tisztujitasarol\/\">T\u00e1j\u00e9koztat\u00f3 az Akusztikai Tagozat Tiszt\u00faj\u00edt\u00e1s\u00e1r\u00f3l<\/a><\/li>\n<li><a class=\"wp-block-latest-posts__post-title\" href=\"https:\/\/mernokvagyok.hu\/akusztika\/elnoksegi-ules-2024-majus-7\/\">Eln\u00f6ks\u00e9gi \u00fcl\u00e9s \u2013 2024. m\u00e1jus 7.<\/a><\/li>\n<li><a class=\"wp-block-latest-posts__post-title\" href=\"https:\/\/mernokvagyok.hu\/akusztika\/elnoksegi-ules-2024-marcius-6\/\">Eln\u00f6ks\u00e9gi \u00fcl\u00e9s \u2013 2024. m\u00e1rcius 6.<\/a><\/li>\n<li><a class=\"wp-block-latest-posts__post-title\" href=\"https:\/\/mernokvagyok.hu\/akusztika\/epuletakusztikai-kihivasok-es-hibak-nemzetkozi-es-hazai-esetek-miniszimpozium\/\">\u00c9p\u00fcletakusztikai kih\u00edv\u00e1sok \u00e9s hib\u00e1k: nemzetk\u00f6zi \u00e9s hazai esetek &#8211; Miniszimp\u00f3zium<\/a><\/li>\n<li><a class=\"wp-block-latest-posts__post-title\" href=\"https:\/\/mernokvagyok.hu\/akusztika\/fenntarthato-konnyuszerkezetek-epiteszeti-es-akusztikai-kihivasai-akusztikai-szakmai-nap\/\">Fenntarthat\u00f3 k\u00f6nny\u0171szerkezetek \u00e9p\u00edt\u00e9szeti \u00e9s akusztikai kih\u00edv\u00e1sai &#8211; Akusztikai szakmai nap<\/a><\/li>\n<li><a class=\"wp-block-latest-posts__post-title\" href=\"https:\/\/mernokvagyok.hu\/akusztika\/tisztujito-taggyules\/\">Tiszt\u00faj\u00edt\u00f3 taggy\u0171l\u00e9s<\/a><\/li>\n<li><a class=\"wp-block-latest-posts__post-title\" href=\"https:\/\/mernokvagyok.hu\/akusztika\/tisztujitas-jelolesi-felhivas\/\">Tiszt\u00faj\u00edt\u00e1s, jel\u00f6l\u00e9si felh\u00edv\u00e1s<\/a><\/li>\n<li><a class=\"wp-block-latest-posts__post-title\" href=\"https:\/\/mernokvagyok.hu\/akusztika\/a-valasztasi-bizottsag-levele-az-elsodleges-tagsag-fontossagarol\/\">A v\u00e1laszt\u00e1si bizotts\u00e1g levele az els\u0151dleges tags\u00e1g fontoss\u00e1g\u00e1r\u00f3l<\/a><\/li>\n<li><a class=\"wp-block-latest-posts__post-title\" href=\"https:\/\/mernokvagyok.hu\/akusztika\/elnoksegi-ules-2024-januar-15\/\">Eln\u00f6ks\u00e9gi \u00fcl\u00e9s &#8211; 2024. janu\u00e1r 15.<\/a><\/li>\n<li><a class=\"wp-block-latest-posts__post-title\" href=\"https:\/\/mernokvagyok.hu\/akusztika\/elnoksegi-ules-2023-december-6\/\">Eln\u00f6ks\u00e9gi \u00fcl\u00e9s &#8211; 2023. december 6.<\/a><\/li>\n<li><a class=\"wp-block-latest-posts__post-title\" href=\"https:\/\/mernokvagyok.hu\/akusztika\/elnoksegi-ules-2023-oktober-16\/\">Eln\u00f6ks\u00e9gi \u00fcl\u00e9s &#8211; 2023. okt\u00f3ber 16.<\/a><\/li>\n<li><a class=\"wp-block-latest-posts__post-title\" href=\"https:\/\/mernokvagyok.hu\/akusztika\/beszamolo-az-elektromos-legijarmuvek-zaja-konferenciarol\/\">Besz\u00e1mol\u00f3 az Elektromos l\u00e9gij\u00e1rm\u0171vek zaja konferenci\u00e1r\u00f3l<\/a><\/li>\n<li><a class=\"wp-block-latest-posts__post-title\" href=\"https:\/\/mernokvagyok.hu\/akusztika\/beszamolo-nvhh2-2023\/\">Besz\u00e1mol\u00f3 az NVH Hungary konferenci\u00e1r\u00f3l<\/a><\/li>\n<li><a class=\"wp-block-latest-posts__post-title\" href=\"https:\/\/mernokvagyok.hu\/akusztika\/elnoksegi-ules-2023-szeptember-1\/\">Eln\u00f6ks\u00e9gi \u00fcl\u00e9s &#8211; 2023. szeptember 1.<\/a><\/li>\n<li><a class=\"wp-block-latest-posts__post-title\" href=\"https:\/\/mernokvagyok.hu\/akusztika\/elnoksegi-ules-2023-majus-26\/\">Eln\u00f6ks\u00e9gi \u00fcl\u00e9s &#8211; 2023. m\u00e1jus 26.<\/a><\/li>\n<li><a class=\"wp-block-latest-posts__post-title\" href=\"https:\/\/mernokvagyok.hu\/akusztika\/elektromos-legijarmuvek-zaja-nemzetkozi-konferencia-budapesten\/\">Elektromos l\u00e9gij\u00e1rm\u0171vek zaja &#8211; Nemzetk\u00f6zi konferencia Budapesten<\/a><\/li>\n<li><a class=\"wp-block-latest-posts__post-title\" href=\"https:\/\/mernokvagyok.hu\/akusztika\/noise-vibration-and-harshness-conference\/\">Noise, Vibration and Harshness Conference<\/a><\/li>\n<li><a class=\"wp-block-latest-posts__post-title\" href=\"https:\/\/mernokvagyok.hu\/akusztika\/elnoksegi-ules-2023-majus-2\/\">Eln\u00f6ks\u00e9gi \u00fcl\u00e9s &#8211; 2023. m\u00e1jus 2.<\/a><\/li>\n<li><a class=\"wp-block-latest-posts__post-title\" href=\"https:\/\/mernokvagyok.hu\/akusztika\/elnoksegi-ules-2023-februar-28\/\">Eln\u00f6ks\u00e9gi \u00fcl\u00e9s &#8211; 2023. febru\u00e1r 28.<\/a><\/li>\n<li><a class=\"wp-block-latest-posts__post-title\" href=\"https:\/\/mernokvagyok.hu\/akusztika\/elnoksegi-ules-2023-februar-8\/\">Eln\u00f6ks\u00e9gi \u00fcl\u00e9s &#8211; 2023. febru\u00e1r 8.<\/a><\/li>\n<li><a class=\"wp-block-latest-posts__post-title\" href=\"https:\/\/mernokvagyok.hu\/akusztika\/elnoksegi-ules-2022-oktober-10\/\">Eln\u00f6ks\u00e9gi \u00fcl\u00e9s &#8211; 2022. okt\u00f3ber 10.<\/a><\/li>\n<li><a class=\"wp-block-latest-posts__post-title\" href=\"https:\/\/mernokvagyok.hu\/akusztika\/elnoksegi-ules-2022-junius-17\/\">Eln\u00f6ks\u00e9gi \u00fcl\u00e9s &#8211; 2022. j\u00fanius 17.<\/a><\/li>\n<li><a class=\"wp-block-latest-posts__post-title\" href=\"https:\/\/mernokvagyok.hu\/akusztika\/elnoksegi-ules-2022-marcius-9\/\">Eln\u00f6ks\u00e9gi \u00fcl\u00e9s &#8211; 2022. m\u00e1rcius 9.<\/a><\/li>\n<li><a class=\"wp-block-latest-posts__post-title\" href=\"https:\/\/mernokvagyok.hu\/akusztika\/elnoksegi-ules-2022-februar-22\/\">Eln\u00f6ks\u00e9gi \u00fcl\u00e9s &#8211; 2022. febru\u00e1r 22.<\/a><\/li>\n<li><a class=\"wp-block-latest-posts__post-title\" href=\"https:\/\/mernokvagyok.hu\/akusztika\/elnoksegi-ules-2021-december-17\/\">Eln\u00f6ks\u00e9gi \u00fcl\u00e9s &#8211; 2021. december 17.<\/a><\/li>\n<li><a class=\"wp-block-latest-posts__post-title\" href=\"https:\/\/mernokvagyok.hu\/akusztika\/elnoksegi-ules-2021-oktober-1\/\">Eln\u00f6ks\u00e9gi \u00fcl\u00e9s &#8211; 2021. okt\u00f3ber. 1.<\/a><\/li>\n<li><a class=\"wp-block-latest-posts__post-title\" href=\"https:\/\/mernokvagyok.hu\/akusztika\/elnoksegi-ules-2021-majus-25\/\">Eln\u00f6ks\u00e9gi \u00fcl\u00e9s &#8211; 2021. m\u00e1jus 25.<\/a><\/li>\n<li><a class=\"wp-block-latest-posts__post-title\" href=\"https:\/\/mernokvagyok.hu\/akusztika\/elnoksegi-ules-2021-marcius-9\/\">Eln\u00f6ks\u00e9gi \u00fcl\u00e9s &#8211; 2021. m\u00e1rcius 9.<\/a><\/li>\n<li><a class=\"wp-block-latest-posts__post-title\" href=\"https:\/\/mernokvagyok.hu\/akusztika\/elnoksegi-ules-2020-december-1\/\">Eln\u00f6ks\u00e9gi \u00fcl\u00e9s &#8211; 2020. december 1.<\/a><\/li>\n<li><a class=\"wp-block-latest-posts__post-title\" href=\"https:\/\/mernokvagyok.hu\/akusztika\/elnoksegi-ules-2020-oktober-29\/\">Eln\u00f6ks\u00e9gi \u00fcl\u00e9s &#8211; 2020. okt\u00f3ber 29.<\/a><\/li>\n<li><a class=\"wp-block-latest-posts__post-title\" href=\"https:\/\/mernokvagyok.hu\/akusztika\/elnoksegi-ules-2020-marcius-3\/\">Eln\u00f6ks\u00e9gi \u00fcl\u00e9s &#8211; 2020. m\u00e1rcius 3.<\/a><\/li>\n<li><a class=\"wp-block-latest-posts__post-title\" href=\"https:\/\/mernokvagyok.hu\/akusztika\/taggyules-2020-februar-18\/\">Taggy\u0171l\u00e9s &#8211; 2020. febru\u00e1r 18.<\/a><\/li>\n<li><a class=\"wp-block-latest-posts__post-title\" href=\"https:\/\/mernokvagyok.hu\/akusztika\/elnoksegi-ules-2019-november-29\/\">Eln\u00f6ks\u00e9gi \u00fcl\u00e9s &#8211; 2019. november 29.<\/a><\/li>\n<li><a class=\"wp-block-latest-posts__post-title\" href=\"https:\/\/mernokvagyok.hu\/akusztika\/elnoksegi-ules-2019-november-15\/\">Eln\u00f6ks\u00e9gi \u00fcl\u00e9s &#8211; 2019. november 15.<\/a><\/li>\n<li><a class=\"wp-block-latest-posts__post-title\" href=\"https:\/\/mernokvagyok.hu\/akusztika\/elnoksegi-ules-2019-szeptember-30\/\">Eln\u00f6ks\u00e9gi \u00fcl\u00e9s &#8211; 2019. szeptember 30.<\/a><\/li>\n<li><a class=\"wp-block-latest-posts__post-title\" href=\"https:\/\/mernokvagyok.hu\/akusztika\/elnoksegi-ules-2019-julius-17\/\">Eln\u00f6ks\u00e9gi \u00fcl\u00e9s &#8211; 2019. j\u00falius 17.<\/a><\/li>\n<li><a class=\"wp-block-latest-posts__post-title\" href=\"https:\/\/mernokvagyok.hu\/akusztika\/taggyules-2019-februar-26\/\">Taggy\u0171l\u00e9s &#8211; 2019. febru\u00e1r 26.<\/a><\/li>\n<li><a class=\"wp-block-latest-posts__post-title\" href=\"https:\/\/mernokvagyok.hu\/akusztika\/elnoksegi-ules-2018-december-6\/\">Eln\u00f6ks\u00e9gi \u00fcl\u00e9s &#8211; 2018. december 6.<\/a><\/li>\n<li><a class=\"wp-block-latest-posts__post-title\" href=\"https:\/\/mernokvagyok.hu\/akusztika\/elnoksegi-ules-2018-szeptember-25\/\">Eln\u00f6ks\u00e9gi \u00fcl\u00e9s &#8211; 2018. szeptember 25.<\/a><\/li>\n<li><a class=\"wp-block-latest-posts__post-title\" href=\"https:\/\/mernokvagyok.hu\/akusztika\/elnoksegi-ules-2018-junius-19\/\">Eln\u00f6ks\u00e9gi \u00fcl\u00e9s &#8211; 2018. j\u00fanius 19.<\/a><\/li>\n<li><a class=\"wp-block-latest-posts__post-title\" href=\"https:\/\/mernokvagyok.hu\/akusztika\/elnoksegi-ules-2017-december-5\/\">Eln\u00f6ks\u00e9gi \u00fcl\u00e9s &#8211; 2017. december 5.<\/a><\/li>\n<li><a class=\"wp-block-latest-posts__post-title\" href=\"https:\/\/mernokvagyok.hu\/akusztika\/elnoksegi-ules-2017-szeptember-26\/\">Eln\u00f6ks\u00e9gi \u00fcl\u00e9s &#8211; 2017. szeptember 26.<\/a><\/li>\n<li><a class=\"wp-block-latest-posts__post-title\" href=\"https:\/\/mernokvagyok.hu\/akusztika\/elnoksegi-ules-2017-junius-7\/\">Eln\u00f6ks\u00e9gi \u00fcl\u00e9s &#8211; 2017. j\u00fanius 7.<\/a><\/li>\n<li><a class=\"wp-block-latest-posts__post-title\" href=\"https:\/\/mernokvagyok.hu\/akusztika\/elnoksegi-ules-2017-februar-7\/\">Eln\u00f6ks\u00e9gi \u00fcl\u00e9s &#8211; 2017. febru\u00e1r 7.<\/a><\/li>\n<li><a class=\"wp-block-latest-posts__post-title\" href=\"https:\/\/mernokvagyok.hu\/akusztika\/elnoksegi-ules-2016-december-15\/\">Eln\u00f6ks\u00e9gi \u00fcl\u00e9s &#8211; 2016. december 15.<\/a><\/li>\n<li><a class=\"wp-block-latest-posts__post-title\" href=\"https:\/\/mernokvagyok.hu\/akusztika\/elnoksegi-ules-2016-oktober-10\/\">Eln\u00f6ks\u00e9gi \u00fcl\u00e9s &#8211; 2016. okt\u00f3ber 10.<\/a><\/li>\n<li><a class=\"wp-block-latest-posts__post-title\" href=\"https:\/\/mernokvagyok.hu\/akusztika\/elnoksegi-ules-2016-marcius-23\/\">Eln\u00f6ks\u00e9gi \u00fcl\u00e9s &#8211; 2016. m\u00e1rcius 23.<\/a><\/li>\n<\/ul>\n\n\n<p><\/p>\n","protected":false},"excerpt":{"rendered":"<p>Itt a tagozat \u00e9let\u00e9nek esem\u00e9nyei \u00e9s az ahhoz kapcsol\u00f3d\u00f3 besz\u00e1mol\u00f3k, \u00f6sszefoglal\u00f3k, eml\u00e9keztet\u0151k l\u00e1that\u00f3k. Az eln\u00f6ks\u00e9gi \u00fcl\u00e9sekr\u0151l \u00e9s taggy\u0171l\u00e9sekr\u0151l k\u00e9sz\u00fclt hat\u00e1rozatok jegyz\u00e9kei \u00e9s besz\u00e1mol\u00f3k felt\u00f6lt\u00e9se folyamatos.<\/p>\n","protected":false},"author":1159,"featured_media":0,"parent":0,"menu_order":0,"comment_status":"closed","ping_status":"closed","template":"","meta":{"footnotes":""},"class_list":["post-113","page","type-page","status-publish","hentry"],"_links":{"self":[{"href":"https:\/\/mernokvagyok.hu\/akusztika\/wp-json\/wp\/v2\/pages\/113","targetHints":{"allow":["GET"]}}],"collection":[{"href":"https:\/\/mernokvagyok.hu\/akusztika\/wp-json\/wp\/v2\/pages"}],"about":[{"href":"https:\/\/mernokvagyok.hu\/akusztika\/wp-json\/wp\/v2\/types\/page"}],"author":[{"embeddable":true,"href":"https:\/\/mernokvagyok.hu\/akusztika\/wp-json\/wp\/v2\/users\/1159"}],"replies":[{"embeddable":true,"href":"https:\/\/mernokvagyok.hu\/akusztika\/wp-json\/wp\/v2\/comments?post=113"}],"version-history":[{"count":5,"href":"https:\/\/mernokvagyok.hu\/akusztika\/wp-json\/wp\/v2\/pages\/113\/revisions"}],"predecessor-version":[{"id":879,"href":"https:\/\/mernokvagyok.hu\/akusztika\/wp-json\/wp\/v2\/pages\/113\/revisions\/879"}],"wp:attachment":[{"href":"https:\/\/mernokvagyok.hu\/akusztika\/wp-json\/wp\/v2\/media?parent=113"}],"curies":[{"name":"wp","href":"https:\/\/api.w.org\/{rel}","templated":true}]}}