{"id":109,"date":"2023-07-28T09:00:38","date_gmt":"2023-07-28T09:00:38","guid":{"rendered":"https:\/\/mernokvagyok.hu\/akusztika\/?page_id=109"},"modified":"2023-11-10T11:15:09","modified_gmt":"2023-11-10T11:15:09","slug":"tagozati-dokumentumok","status":"publish","type":"page","link":"https:\/\/mernokvagyok.hu\/akusztika\/tagozati-dokumentumok\/","title":{"rendered":"Tagozati dokumentumok"},"content":{"rendered":"\n<p>Az eln\u00f6ks\u00e9gi \u00fcl\u00e9sekr\u0151l, taggy\u0171l\u00e9sekr\u0151l k\u00e9sz\u00fclt besz\u00e1mol\u00f3k a <a href=\"https:\/\/mernokvagyok.hu\/akusztika\/esemenynaptar\/\">H\u00edrek\/Esem\u00e9nynapt\u00e1r<\/a> men\u00fcb\u0151l \u00e9rhet\u0151k el.<\/p>\n\n\n\n<p>A tagozat \u00e1ltal k\u00e9sz\u00edtett kiadv\u00e1nyok, seg\u00e9dletek a <a href=\"https:\/\/mernokvagyok.hu\/akusztika\/kiadvanyok-segedletek\/\">Szolg\u00e1ltat\u00e1sok\/Kiadv\u00e1nyok, seg\u00e9dletek<\/a> men\u00fcben tal\u00e1lhat\u00f3k.<\/p>\n\n\n\n<p>A szabv\u00e1nyok \u00e9s jogszab\u00e1lyok v\u00e1ltoz\u00e1saival kapcsolatos h\u00edrek a H\u00edrek men\u00fc <a href=\"https:\/\/mernokvagyok.hu\/akusztika\/szabvanyok-valtozasa\/\">Szabv\u00e1nyok v\u00e1ltoz\u00e1sa<\/a> \u00e9s <a href=\"https:\/\/mernokvagyok.hu\/akusztika\/jogszabalyok-valtozasa\/\">Jogszab\u00e1lyok v\u00e1ltoz\u00e1sa<\/a> men\u00fcpontjaiban olvashat\u00f3k.<\/p>\n","protected":false},"excerpt":{"rendered":"<p>Az eln\u00f6ks\u00e9gi \u00fcl\u00e9sekr\u0151l, taggy\u0171l\u00e9sekr\u0151l k\u00e9sz\u00fclt besz\u00e1mol\u00f3k a H\u00edrek\/Esem\u00e9nynapt\u00e1r men\u00fcb\u0151l \u00e9rhet\u0151k el. A tagozat \u00e1ltal k\u00e9sz\u00edtett kiadv\u00e1nyok, seg\u00e9dletek a Szolg\u00e1ltat\u00e1sok\/Kiadv\u00e1nyok, seg\u00e9dletek men\u00fcben tal\u00e1lhat\u00f3k. A szabv\u00e1nyok \u00e9s jogszab\u00e1lyok v\u00e1ltoz\u00e1saival kapcsolatos h\u00edrek a H\u00edrek men\u00fc Szabv\u00e1nyok v\u00e1ltoz\u00e1sa \u00e9s Jogszab\u00e1lyok v\u00e1ltoz\u00e1sa men\u00fcpontjaiban olvashat\u00f3k.<\/p>\n","protected":false},"author":1159,"featured_media":0,"parent":0,"menu_order":0,"comment_status":"closed","ping_status":"closed","template":"","meta":{"footnotes":""},"class_list":["post-109","page","type-page","status-publish","hentry"],"_links":{"self":[{"href":"https:\/\/mernokvagyok.hu\/akusztika\/wp-json\/wp\/v2\/pages\/109","targetHints":{"allow":["GET"]}}],"collection":[{"href":"https:\/\/mernokvagyok.hu\/akusztika\/wp-json\/wp\/v2\/pages"}],"about":[{"href":"https:\/\/mernokvagyok.hu\/akusztika\/wp-json\/wp\/v2\/types\/page"}],"author":[{"embeddable":true,"href":"https:\/\/mernokvagyok.hu\/akusztika\/wp-json\/wp\/v2\/users\/1159"}],"replies":[{"embeddable":true,"href":"https:\/\/mernokvagyok.hu\/akusztika\/wp-json\/wp\/v2\/comments?post=109"}],"version-history":[{"count":2,"href":"https:\/\/mernokvagyok.hu\/akusztika\/wp-json\/wp\/v2\/pages\/109\/revisions"}],"predecessor-version":[{"id":627,"href":"https:\/\/mernokvagyok.hu\/akusztika\/wp-json\/wp\/v2\/pages\/109\/revisions\/627"}],"wp:attachment":[{"href":"https:\/\/mernokvagyok.hu\/akusztika\/wp-json\/wp\/v2\/media?parent=109"}],"curies":[{"name":"wp","href":"https:\/\/api.w.org\/{rel}","templated":true}]}}