{"id":103,"date":"2023-07-28T08:59:31","date_gmt":"2023-07-28T08:59:31","guid":{"rendered":"https:\/\/mernokvagyok.hu\/akusztika\/?page_id=103"},"modified":"2023-11-07T21:42:14","modified_gmt":"2023-11-07T21:42:14","slug":"tovabbkepzesek-2","status":"publish","type":"page","link":"https:\/\/mernokvagyok.hu\/akusztika\/tovabbkepzesek-2\/","title":{"rendered":"Tov\u00e1bbk\u00e9pz\u00e9sek"},"content":{"rendered":"\n<h3 class=\"wp-block-heading\"><a href=\"#korabbitovabb\">Kor\u00e1bbi tov\u00e1bbk\u00e9pz\u00e9sek<\/a><\/h3>\n\n\n\n<h3 class=\"wp-block-heading\">Aktu\u00e1lis<\/h3>\n\n\n<ul class=\"wp-block-latest-posts__list has-dates wp-block-latest-posts\"><li><a class=\"wp-block-latest-posts__post-title\" href=\"https:\/\/mernokvagyok.hu\/akusztika\/szakmai-tovabbkepzesek-2025\/\">Szakmai tov\u00e1bbk\u00e9pz\u00e9sek 2025<\/a><time datetime=\"2025-09-03T18:36:55+00:00\" class=\"wp-block-latest-posts__post-date\">2025.09.03.<\/time><div class=\"wp-block-latest-posts__post-excerpt\">Tisztelt Tags\u00e1g! 1. Alkalom: 2025. okt\u00f3ber 10. Tagozatunk ebben az \u00e9vben els\u0151 alkalommal okt\u00f3ber 10-\u00e9n szervez szakmai tov\u00e1bbk\u00e9pz\u00e9st, melynek el\u0151ad\u00e1sai a t\u00e9r \u00e9s a hang kapcsolat\u00e1t, a hangos\u00edtott terek akusztikai k\u00e9rd\u00e9seit j\u00e1rj\u00e1k k\u00f6r\u00fcl. C\u00edm: T\u00e9r \u00e9s hang kapcsolata \u2013 hangos\u00edtott terek akusztikai k\u00e9rd\u00e9seiId\u0151pont: 2025. okt\u00f3ber 10. 9:00 &#8211; 14:30Helysz\u00edn: Budapesti \u00e9s Pest V\u00e1rmegyei M\u00e9rn\u00f6ki Kamara,\u2026 <a class=\"wp-block-latest-posts__read-more\" href=\"https:\/\/mernokvagyok.hu\/akusztika\/szakmai-tovabbkepzesek-2025\/\" rel=\"noopener noreferrer\">Tov\u00e1bbi inform\u00e1ci\u00f3<span class=\"screen-reader-text\">: Szakmai tov\u00e1bbk\u00e9pz\u00e9sek 2025 <\/span><\/a><\/div><\/li>\n<\/ul>\n\n\n<hr class=\"wp-block-separator has-alpha-channel-opacity\" \/>\n\n\n\n<h3 class=\"wp-block-heading\" id=\"korabbitovabb\">Kor\u00e1bbi tov\u00e1bbk\u00e9pz\u00e9sek<\/h3>\n\n\n<ul class=\"wp-block-latest-posts__list wp-block-latest-posts\"><li><a class=\"wp-block-latest-posts__post-title\" href=\"https:\/\/mernokvagyok.hu\/akusztika\/szakmai-tovabbkepzesek-2025\/\">Szakmai tov\u00e1bbk\u00e9pz\u00e9sek 2025<\/a><\/li>\n<li><a class=\"wp-block-latest-posts__post-title\" href=\"https:\/\/mernokvagyok.hu\/akusztika\/szakmai-tovabbkepzesek-2024\/\">Szakmai tov\u00e1bbk\u00e9pz\u00e9sek 2024<\/a><\/li>\n<li><a class=\"wp-block-latest-posts__post-title\" href=\"https:\/\/mernokvagyok.hu\/akusztika\/szakmai-tovabbkepzes-2024-oktober-10\/\">Szakmai tov\u00e1bbk\u00e9pz\u00e9s &#8211; 2024. okt\u00f3ber 10.<\/a><\/li>\n<li><a class=\"wp-block-latest-posts__post-title\" href=\"https:\/\/mernokvagyok.hu\/akusztika\/szakmai-tovabbkepzesek-2023\/\">Szakmai tov\u00e1bbk\u00e9pz\u00e9sek 2023<\/a><\/li>\n<li><a class=\"wp-block-latest-posts__post-title\" href=\"https:\/\/mernokvagyok.hu\/akusztika\/szakmai-tovabbkepzesek-2022\/\">Szakmai tov\u00e1bbk\u00e9pz\u00e9sek 2022<\/a><\/li>\n<li><a class=\"wp-block-latest-posts__post-title\" href=\"https:\/\/mernokvagyok.hu\/akusztika\/szakmai-tovabbkepzesek-2021\/\">Szakmai tov\u00e1bbk\u00e9pz\u00e9sek 2021<\/a><\/li>\n<li><a class=\"wp-block-latest-posts__post-title\" href=\"https:\/\/mernokvagyok.hu\/akusztika\/beszamolo-a-2020-okt-14\/\">R\u00f6vid besz\u00e1mol\u00f3 a 2020. okt\u00f3ber 14-i szakmai tov\u00e1bbk\u00e9pz\u00e9sr\u0151l<\/a><\/li>\n<li><a class=\"wp-block-latest-posts__post-title\" href=\"https:\/\/mernokvagyok.hu\/akusztika\/szakmai-tovabbkepzesek-2020\/\">Szakmai tov\u00e1bbk\u00e9pz\u00e9sek 2020<\/a><\/li>\n<li><a class=\"wp-block-latest-posts__post-title\" href=\"https:\/\/mernokvagyok.hu\/akusztika\/szakmai-tovabbkepzesek-2019\/\">Szakmai tov\u00e1bbk\u00e9pz\u00e9sek 2019<\/a><\/li>\n<li><a class=\"wp-block-latest-posts__post-title\" href=\"https:\/\/mernokvagyok.hu\/akusztika\/szakmai-tovabbkepzesek-2018\/\">Szakmai tov\u00e1bbk\u00e9pz\u00e9sek 2018<\/a><\/li>\n<\/ul>","protected":false},"excerpt":{"rendered":"<p>Kor\u00e1bbi tov\u00e1bbk\u00e9pz\u00e9sek Aktu\u00e1lis Kor\u00e1bbi tov\u00e1bbk\u00e9pz\u00e9sek<\/p>\n","protected":false},"author":1159,"featured_media":0,"parent":0,"menu_order":0,"comment_status":"closed","ping_status":"closed","template":"","meta":{"footnotes":""},"class_list":["post-103","page","type-page","status-publish","hentry"],"_links":{"self":[{"href":"https:\/\/mernokvagyok.hu\/akusztika\/wp-json\/wp\/v2\/pages\/103","targetHints":{"allow":["GET"]}}],"collection":[{"href":"https:\/\/mernokvagyok.hu\/akusztika\/wp-json\/wp\/v2\/pages"}],"about":[{"href":"https:\/\/mernokvagyok.hu\/akusztika\/wp-json\/wp\/v2\/types\/page"}],"author":[{"embeddable":true,"href":"https:\/\/mernokvagyok.hu\/akusztika\/wp-json\/wp\/v2\/users\/1159"}],"replies":[{"embeddable":true,"href":"https:\/\/mernokvagyok.hu\/akusztika\/wp-json\/wp\/v2\/comments?post=103"}],"version-history":[{"count":6,"href":"https:\/\/mernokvagyok.hu\/akusztika\/wp-json\/wp\/v2\/pages\/103\/revisions"}],"predecessor-version":[{"id":560,"href":"https:\/\/mernokvagyok.hu\/akusztika\/wp-json\/wp\/v2\/pages\/103\/revisions\/560"}],"wp:attachment":[{"href":"https:\/\/mernokvagyok.hu\/akusztika\/wp-json\/wp\/v2\/media?parent=103"}],"curies":[{"name":"wp","href":"https:\/\/api.w.org\/{rel}","templated":true}]}}